{"id":2236,"date":"2022-11-04T14:00:00","date_gmt":"2022-11-04T13:00:00","guid":{"rendered":"https:\/\/www.bthuus.de\/%d1%80%d0%be%d0%b1%d0%be%d1%87%d0%b8%d1%85-%d0%bc%d1%96%d1%81%d1%86%d1%8c\/"},"modified":"2023-07-11T12:19:30","modified_gmt":"2023-07-11T10:19:30","slug":"%d1%80%d0%be%d0%b1%d0%be%d1%87%d0%b8%d1%85-%d0%bc%d1%96%d1%81%d1%86%d1%8c","status":"publish","type":"page","link":"https:\/\/www.bthuus.de\/uk\/%d1%80%d0%be%d0%b1%d0%be%d1%87%d0%b8%d1%85-%d0%bc%d1%96%d1%81%d1%86%d1%8c\/","title":{"rendered":"\u0440\u043e\u0431\u043e\u0447\u0438\u0445 \u043c\u0456\u0441\u0446\u044c"},"content":{"rendered":"\n<div class=\"wp-block-group no-padding has-global-color-4-background-color has-background\"><div class=\"wp-block-group__inner-container is-layout-constrained wp-block-group-is-layout-constrained\">\n<h1 class=\"wp-block-heading\">Bliev to Huus \u0448\u0443\u043a\u0430\u0454 \u0447\u0443\u0434\u043e\u0432\u0438\u0445 \u043f\u0440\u0430\u0446\u0456\u0432\u043d\u0438\u043a\u0456\u0432!<\/h1>\n\n\n\n<div style=\"height:25px\" aria-hidden=\"true\" class=\"wp-block-spacer\"><\/div>\n\n\n\n<p>\u0423 \u0432\u0430\u0441 \u0454 \u043a\u0432\u0430\u043b\u0456\u0444\u0456\u043a\u0430\u0446\u0456\u044f, \u043f\u043e\u0432\u2019\u044f\u0437\u0430\u043d\u0430 \u0437 \u0442\u0435\u043c\u043e\u044e? \u0411\u0435\u0437 \u043f\u0440\u043e\u0431\u043b\u0435\u043c. \u041c\u0438 \u0440\u0456\u0437\u043d\u043e\u043c\u0430\u043d\u0456\u0442\u043d\u0430 \u043a\u043e\u043c\u0430\u043d\u0434\u0430 \u0437 \u0440\u0456\u0437\u043d\u0438\u043c \u0434\u043e\u0441\u0432\u0456\u0434\u043e\u043c. \u041d\u0435 \u0441\u043e\u0440\u043e\u043c\u0442\u0435\u0441\u044f \u0437\u0432\u0435\u0440\u0442\u0430\u0442\u0438\u0441\u044f \u0434\u043e \u043d\u0430\u0441.<\/p>\n\n\n\n<h3 class=\"wp-block-heading has-global-color-1-color has-text-color\">\u041a\u043e\u0440\u043e\u0442\u043a\u043e \u043f\u0440\u043e \u043d\u0430\u0439\u0432\u0430\u0436\u043b\u0438\u0432\u0456\u0448\u0456 \u0440\u0435\u0447\u0456:<\/h3>\n\n\n\n<div style=\"height:25px\" aria-hidden=\"true\" class=\"wp-block-spacer\"><\/div>\n\n\n\n<div class=\"wp-block-columns is-layout-flex wp-container-core-columns-is-layout-9d6595d7 wp-block-columns-is-layout-flex\">\n<div class=\"wp-block-column kachel has-global-color-6-background-color has-background is-layout-flow wp-block-column-is-layout-flow\" data-aos=\"fade-right\" data-aos-duration=\"500\" data-aos-once=\"true\">\n<h4 class=\"wp-block-heading has-global-color-1-color has-text-color\">1. \u041e\u043f\u043b\u0430\u0442\u0430 \u0437\u0430 \u0442\u0430\u0440\u0438\u0444\u0430\u043c\u0438<\/h4>\n\n\n\n<p>\u041c\u0438 \u043d\u0430\u0434\u0430\u0454\u043c\u043e \u0432\u0435\u043b\u0438\u043a\u043e\u0433\u043e \u0437\u043d\u0430\u0447\u0435\u043d\u043d\u044f \u043e\u043f\u043b\u0430\u0442\u0456 \u043f\u0440\u0430\u0446\u0456 \u043d\u0430\u0448\u0438\u0445 \u043f\u0440\u0430\u0446\u0456\u0432\u043d\u0438\u043a\u0456\u0432 \u0437\u0433\u0456\u0434\u043d\u043e \u0437 \u043a\u043e\u043b\u0435\u043a\u0442\u0438\u0432\u043d\u0438\u043c \u0434\u043e\u0433\u043e\u0432\u043e\u0440\u043e\u043c.<\/p>\n<\/div>\n\n\n\n<div class=\"wp-block-column kachel has-global-color-6-background-color has-background is-layout-flow wp-block-column-is-layout-flow\" data-aos=\"fade-left\" data-aos-delay=\"500\" data-aos-duration=\"500\" data-aos-once=\"true\">\n<h4 class=\"wp-block-heading has-global-color-1-color has-text-color\">2. \u0410\u0432\u0442\u043e\u043c\u043e\u0431\u0456\u043b\u044c \u043f\u0440\u0438\u0432\u0430\u0442\u043d\u043e\u0433\u043e \u043a\u043e\u0440\u0438\u0441\u0442\u0443\u0432\u0430\u043d\u043d\u044f \u0437\u0432\u0435\u0440\u0445\u0443<\/h4>\n\n\n\n<p>\u0417 \u0434\u043e\u043c\u0443 \u0434\u043e \u043a\u043e\u043c\u043f\u0430\u043d\u0456\u0457, \u0449\u043e\u0431 \u043f\u043e\u0442\u0456\u043c \u043f\u0440\u043e\u0434\u043e\u0432\u0436\u0438\u0442\u0438 \u043d\u0430 \u043c\u0430\u0448\u0438\u043d\u0456. \u041a\u043e\u0440\u043e\u0442\u0448\u0438\u0439 \u0448\u043b\u044f\u0445 \u0447\u0430\u0441\u0442\u043e \u0454 \u043a\u0440\u0430\u0449\u0438\u043c \u2013 \u0434\u043b\u044f \u0432\u0441\u0456\u0445. \u041e\u0441\u044c \u0447\u043e\u043c\u0443 \u043d\u0430\u0448\u0456 \u0441\u043f\u0456\u0432\u0440\u043e\u0431\u0456\u0442\u043d\u0438\u043a\u0438 \u0437\u0430\u0437\u0432\u0438\u0447\u0430\u0439 \u043c\u043e\u0436\u0443\u0442\u044c \u0431\u0440\u0430\u0442\u0438 \u0437 \u0441\u043e\u0431\u043e\u044e \u0441\u043b\u0443\u0436\u0431\u043e\u0432\u0438\u0439 \u0430\u0432\u0442\u043e\u043c\u043e\u0431\u0456\u043b\u044c \u0434\u043e\u0434\u043e\u043c\u0443 \u0434\u043e\u0440\u043e\u0433\u043e\u044e \u043d\u0430 \u0440\u043e\u0431\u043e\u0442\u0443. \u0417\u0430\u0441\u0442\u043e\u0441\u043e\u0432\u0443\u0454\u0442\u044c\u0441\u044f \u043f\u0440\u0430\u0432\u0438\u043b\u043e 1% (\u0434\u043b\u044f \u0435\u043b\u0435\u043a\u0442\u0440\u043e\u043a\u0430\u0440\u0456\u0432 0,25%)<\/p>\n<\/div>\n<\/div>\n\n\n\n<div class=\"wp-block-columns is-layout-flex wp-container-core-columns-is-layout-9d6595d7 wp-block-columns-is-layout-flex\">\n<div class=\"wp-block-column kachel has-global-color-6-background-color has-background is-layout-flow wp-block-column-is-layout-flow\" data-aos=\"fade-right\" data-aos-duration=\"500\" data-aos-once=\"true\">\n<h4 class=\"wp-block-heading has-global-color-1-color has-text-color\">3. \u0414\u0456\u0442\u0438 \u0434\u043b\u044f \u043d\u0430\u0441 &#8211; \u0446\u0435 \u0441\u0432\u044f\u0442\u0435 \/ \u0441\u0443\u043c\u0456\u0441\u043d\u0456\u0441\u0442\u044c \u0440\u043e\u0431\u043e\u0442\u0438 \u0456 \u0441\u0456\u043c&#8217;\u0457<\/h4>\n\n\n\n<p>\u0423 \u043d\u0430\u0448\u0456\u0439 \u0430\u043c\u0431\u0443\u043b\u0430\u0442\u043e\u0440\u043d\u0456\u0439 \u0441\u043b\u0443\u0436\u0431\u0456 \u043c\u0438 \u0440\u0430\u0434\u0456, \u044f\u043a\u0449\u043e \u0443 \u0432\u0430\u0441 \u0454 \u0434\u0456\u0442\u0438, \u0456 \u043f\u0440\u0430\u0433\u043d\u0435\u043c\u043e \u0433\u043d\u0443\u0447\u043a\u043e \u0430\u0434\u0430\u043f\u0442\u0443\u0432\u0430\u0442\u0438 \u0432\u0430\u0448 \u0440\u043e\u0431\u043e\u0447\u0438\u0439 \u0447\u0430\u0441 \u0434\u043e \u0432\u0430\u0448\u0438\u0445 \u0441\u0456\u043c\u0435\u0439\u043d\u0438\u0445 \u043e\u0431\u0441\u0442\u0430\u0432\u0438\u043d.<\/p>\n<\/div>\n\n\n\n<div class=\"wp-block-column kachel has-global-color-6-background-color has-background is-layout-flow wp-block-column-is-layout-flow\" data-aos=\"fade-left\" data-aos-duration=\"500\" data-aos-once=\"true\">\n<h4 class=\"wp-block-heading has-global-color-1-color has-text-color\" style=\"text-transform:none\">4. \u0411\u0435\u0437 \u043f\u043e\u0434\u0432\u0456\u0439\u043d\u0438\u0445 \u043f\u043e\u0441\u043b\u0443\u0433<\/h4>\n\n\n\n<p>\u041c\u0438 \u0437\u043d\u0430\u0454\u043c\u043e, \u044f\u043a \u0432\u0438\u0441\u043d\u0430\u0436\u043b\u0438\u0432\u0430 \u043f\u043e\u0434\u0432\u0456\u0439\u043d\u0430 \u0440\u043e\u0431\u043e\u0442\u0430. \u041e\u0441\u044c \u0447\u043e\u043c\u0443 \u043c\u0438 \u043d\u0430\u043c\u0430\u0433\u0430\u0454\u043c\u043e\u0441\u044f \u0443\u043d\u0438\u043a\u0430\u0442\u0438 \u043f\u043e\u0434\u0432\u0456\u0439\u043d\u0438\u0445 \u043e\u0431\u043e\u0432\u2019\u044f\u0437\u043a\u0456\u0432, \u043d\u0430\u0441\u043a\u0456\u043b\u044c\u043a\u0438 \u0446\u0435 \u043c\u043e\u0436\u043b\u0438\u0432\u043e, \u0449\u043e\u0431 \u0434\u0430\u0442\u0438 \u043c\u043e\u0436\u043b\u0438\u0432\u0456\u0441\u0442\u044c \u043d\u0430\u0448\u0438\u043c \u0441\u043f\u0456\u0432\u0440\u043e\u0431\u0456\u0442\u043d\u0438\u043a\u0430\u043c \u0434\u043e\u0441\u044f\u0433\u0442\u0438 \u0445\u043e\u0440\u043e\u0448\u043e\u0433\u043e \u0431\u0430\u043b\u0430\u043d\u0441\u0443 \u043c\u0456\u0436 \u0440\u043e\u0431\u043e\u0442\u043e\u044e \u0442\u0430 \u0436\u0438\u0442\u0442\u044f\u043c. \u041e\u0434\u043d\u0430\u043a \u0432\u0456\u0434\u043e\u043c\u0456 \u0432\u0438\u043d\u044f\u0442\u043a\u0438, \u044f\u043a\u0456 \u043f\u0456\u0434\u0442\u0432\u0435\u0440\u0434\u0436\u0443\u044e\u0442\u044c \u043f\u0440\u0430\u0432\u0438\u043b\u043e, \u0456 \u0432 \u0440\u0456\u0434\u043a\u0456\u0441\u043d\u0438\u0445 \u0432\u0438\u043f\u0430\u0434\u043a\u0430\u0445 \u043c\u043e\u0436\u0435 \u0431\u0443\u0442\u0438 \u043f\u043e\u0434\u0432\u0456\u0439\u043d\u0435 \u043c\u0438\u0442\u043e.<\/p>\n<\/div>\n<\/div>\n\n\n\n<div class=\"wp-block-columns is-layout-flex wp-container-core-columns-is-layout-9d6595d7 wp-block-columns-is-layout-flex\">\n<div class=\"wp-block-column kachel has-global-color-6-background-color has-background is-layout-flow wp-block-column-is-layout-flow\" data-aos=\"fade-right\" data-aos-duration=\"500\" data-aos-once=\"true\">\n<h4 class=\"wp-block-heading has-global-color-1-color has-text-color\">5. \u0425\u043e\u0440\u043e\u0448\u0456 \u043c\u043e\u0436\u043b\u0438\u0432\u043e\u0441\u0442\u0456 \u043d\u0430\u0432\u0447\u0430\u043d\u043d\u044f \u0442\u0430 \u043f\u043e\u0434\u0430\u043b\u044c\u0448\u043e\u0457 \u043e\u0441\u0432\u0456\u0442\u0438<\/h4>\n\n\n\n<p>\u0423 \u043d\u0430\u0448\u0456\u0439 \u0430\u043c\u0431\u0443\u043b\u0430\u0442\u043e\u0440\u043d\u0456\u0439 \u0441\u043b\u0443\u0436\u0431\u0456 \u043c\u0435\u0434\u0441\u0435\u0441\u0442\u0435\u0440 \u043c\u0438 \u043f\u0440\u043e\u043f\u043e\u043d\u0443\u0454\u043c\u043e \u0448\u0438\u0440\u043e\u043a\u0438\u0439 \u0441\u043f\u0435\u043a\u0442\u0440 \u043c\u043e\u0436\u043b\u0438\u0432\u043e\u0441\u0442\u0435\u0439 \u0434\u043b\u044f \u043f\u043e\u0434\u0430\u043b\u044c\u0448\u043e\u0433\u043e \u043d\u0430\u0432\u0447\u0430\u043d\u043d\u044f. \u0426\u0435 \u043d\u0430\u0432\u0447\u0430\u043d\u043d\u044f \u043f\u0430\u043b\u0456\u0430\u0442\u0438\u0432\u043d\u043e\u0457 \u0434\u043e\u043f\u043e\u043c\u043e\u0433\u0438, \u0440\u0456\u0447\u043d\u0438\u0439 \u043f\u043b\u0430\u043d \u043d\u0430\u0432\u0447\u0430\u043d\u043d\u044f \u0442\u0430 \u043f\u043e\u043f\u0443\u043b\u044f\u0440\u043d\u0456 \u043a\u0443\u0440\u0441\u0438 \u043f\u0435\u0440\u0448\u043e\u0457 \u0434\u043e\u043f\u043e\u043c\u043e\u0433\u0438 \u0437 \u043f\u0440\u0430\u043a\u0442\u0438\u0447\u043d\u0438\u043c\u0438 \u0432\u043f\u0440\u0430\u0432\u0430\u043c\u0438. \u041a\u0440\u0456\u043c \u0442\u043e\u0433\u043e, \u043c\u0438 \u0442\u0430\u043a\u043e\u0436 \u043f\u0440\u043e\u043f\u043e\u043d\u0443\u0454\u043c\u043e \u043d\u0430\u0432\u0447\u0430\u043b\u044c\u043d\u0456 \u043e\u043d\u043b\u0430\u0439\u043d-\u043a\u0443\u0440\u0441\u0438, \u044f\u043a\u0456 \u043c\u043e\u0436\u043d\u0430 \u043f\u0440\u043e\u0439\u0442\u0438 \u0432\u0434\u043e\u043c\u0430.<\/p>\n<\/div>\n\n\n\n<div class=\"wp-block-column kachel has-global-color-6-background-color has-background is-layout-flow wp-block-column-is-layout-flow\" data-aos=\"fade-left\" data-aos-duration=\"500\" data-aos-once=\"true\">\n<h4 class=\"wp-block-heading has-global-color-1-color has-text-color\" style=\"text-transform:none\">6. \u0412\u0438\u0441\u043e\u043a\u0456 \u0441\u043e\u0446\u0456\u0430\u043b\u044c\u043d\u0456 \u043d\u0430\u0432\u0438\u0447\u043a\u0438, \u0432\u0434\u044f\u0447\u043d\u0430 \u0441\u043f\u0456\u0432\u043f\u0440\u0430\u0446\u044f \u0442\u0430 \u0432\u0456\u0434\u043a\u0440\u0438\u0442\u0435 \u0441\u043f\u0456\u043b\u043a\u0443\u0432\u0430\u043d\u043d\u044f<\/h4>\n\n\n\n<p>\u041c\u0438 \u0437\u043e\u0441\u0435\u0440\u0435\u0434\u0436\u0435\u043d\u0456 \u043d\u0430 \u0432\u0456\u0434\u043a\u0440\u0438\u0442\u043e\u043c\u0443 \u0441\u043f\u0456\u043b\u043a\u0443\u0432\u0430\u043d\u043d\u0456, \u0432\u0438\u0441\u043e\u043a\u0438\u0445 \u0441\u043e\u0446\u0456\u0430\u043b\u044c\u043d\u0438\u0445 \u043d\u0430\u0432\u0438\u0447\u043a\u0430\u0445 \u0456 \u0432\u0434\u044f\u0447\u043d\u0456\u0439 \u0441\u043f\u0456\u0432\u043f\u0440\u0430\u0446\u0456. \u041c\u0438 \u043d\u0430\u0434\u0430\u0454\u043c\u043e \u0432\u0435\u043b\u0438\u043a\u043e\u0433\u043e \u0437\u043d\u0430\u0447\u0435\u043d\u043d\u044f \u0432\u0456\u0434\u043a\u0440\u0438\u0442\u043e\u043c\u0443 \u0432\u0438\u0441\u043b\u0443\u0445\u043e\u0432\u0443\u0432\u0430\u043d\u043d\u044e \u043f\u0440\u043e\u0431\u043b\u0435\u043c \u0456 \u0441\u043f\u0440\u0438\u044f\u043d\u043d\u044e \u0432\u0434\u044f\u0447\u043d\u043e\u043c\u0443 \u0441\u043f\u0456\u043b\u043a\u0443\u0432\u0430\u043d\u043d\u044e \u0432 \u0443\u0441\u0456\u0439 \u043a\u043e\u043c\u0430\u043d\u0434\u0456.<\/p>\n<\/div>\n<\/div>\n\n\n\n<div class=\"wp-block-columns is-layout-flex wp-container-core-columns-is-layout-9d6595d7 wp-block-columns-is-layout-flex\">\n<div class=\"wp-block-column kachel has-global-color-6-background-color has-background is-layout-flow wp-block-column-is-layout-flow\" data-aos=\"fade-right\" data-aos-duration=\"500\" data-aos-once=\"true\">\n<h4 class=\"wp-block-heading has-global-color-1-color has-text-color\">7. \u0421\u0438\u043b\u044c\u043d\u0438\u0439 \u043a\u043e\u043c\u0430\u043d\u0434\u043d\u0438\u0439 \u0434\u0443\u0445<\/h4>\n\n\n\n<p>\u0423 \u043d\u0430\u0448\u0456\u0439 \u043a\u043e\u043c\u0430\u043d\u0434\u0456 \u0454 \u0441\u0438\u043b\u044c\u043d\u0435 \u043f\u043e\u0447\u0443\u0442\u0442\u044f \u0454\u0434\u043d\u043e\u0441\u0442\u0456. \u041d\u0430\u043f\u0440\u0438\u043a\u043b\u0430\u0434, \u043c\u0438 \u0441\u0432\u044f\u0442\u043a\u0443\u0454\u043c\u043e \u043f\u0440\u043e\u0449\u0430\u043d\u043d\u044f \u0437 \u0434\u0430\u0432\u043d\u0456\u043c \u043a\u043e\u043b\u0435\u0433\u043e\u044e, \u044f\u043a\u0438\u0439 \u0440\u0430\u0437\u043e\u043c \u0439\u0434\u0435 \u043d\u0430 \u043f\u0435\u043d\u0441\u0456\u044e, \u0456 \u043f\u0456\u0434\u0442\u0440\u0438\u043c\u0443\u0454\u043c\u043e \u043e\u0434\u0438\u043d \u043e\u0434\u043d\u043e\u0433\u043e, \u0437\u043c\u0456\u043d\u044e\u044e\u0447\u0438 \u0430\u0431\u043e \u0437\u043c\u0456\u043d\u044e\u044e\u0447\u0438 \u0437\u043c\u0456\u043d\u0438. \u041c\u0438 \u0442\u0430\u043a\u043e\u0436 \u043f\u0440\u0438\u0434\u0456\u043b\u044f\u0454\u043c\u043e \u0434\u043e\u0441\u0442\u0430\u0442\u043d\u044c\u043e \u0447\u0430\u0441\u0443 \u0434\u043b\u044f \u0440\u0435\u0442\u0435\u043b\u044c\u043d\u043e\u0433\u043e \u043d\u0430\u0432\u0447\u0430\u043d\u043d\u044f \u043d\u043e\u0432\u0438\u0445 \u0441\u043f\u0456\u0432\u0440\u043e\u0431\u0456\u0442\u043d\u0438\u043a\u0456\u0432 \u0443 \u043a\u043e\u043c\u0430\u043d\u0434\u0456, \u0449\u043e\u0431 \u0437\u0430\u0431\u0435\u0437\u043f\u0435\u0447\u0438\u0442\u0438 \u043f\u043b\u0430\u0432\u043d\u0438\u0439 \u0441\u0442\u0430\u0440\u0442.<\/p>\n<\/div>\n\n\n\n<div class=\"wp-block-column kachel has-global-color-6-background-color has-background is-layout-flow wp-block-column-is-layout-flow\" data-aos=\"fade-left\" data-aos-duration=\"500\" data-aos-once=\"true\">\n<h4 class=\"wp-block-heading has-global-color-1-color has-text-color\">8. \u041c\u0438 \u0442\u0440\u0435\u043d\u0443\u0454\u043c\u043e\u0441\u044f!<\/h4>\n\n\n\n<p>\u0423 \u0441\u043f\u0456\u0432\u043f\u0440\u0430\u0446\u0456 \u0437\u0456 \u0448\u043a\u043e\u043b\u0430\u043c\u0438-\u043f\u0430\u0440\u0442\u043d\u0435\u0440\u0430\u043c\u0438 \u043c\u0438 \u043f\u0440\u043e\u043f\u043e\u043d\u0443\u0454\u043c\u043e \u0434\u043e\u0431\u0440\u0435 \u043e\u0431\u0491\u0440\u0443\u043d\u0442\u043e\u0432\u0430\u043d\u0443 \u0437\u0430\u0433\u0430\u043b\u044c\u043d\u0443 \u043f\u0456\u0434\u0433\u043e\u0442\u043e\u0432\u043a\u0443 \u043c\u0435\u0434\u0441\u0435\u0441\u0442\u0435\u0440, \u0449\u043e\u0431 \u0441\u0442\u0430\u0442\u0438 \u0441\u043f\u0435\u0446\u0456\u0430\u043b\u0456\u0441\u0442\u043e\u043c \u043c\u0435\u0434\u0441\u0435\u0441\u0442\u0440\u0438. \u041d\u0430\u0448\u0456 \u0432\u0456\u0434\u0434\u0430\u043d\u0456 \u043f\u0440\u0430\u043a\u0442\u0438\u0447\u043d\u0456 \u0456\u043d\u0441\u0442\u0440\u0443\u043a\u0442\u043e\u0440\u0438 \u043f\u0456\u0434\u0442\u0440\u0438\u043c\u0443\u044e\u0442\u044c \u0441\u043b\u0443\u0445\u0430\u0447\u0456\u0432 \u043d\u0430 \u0435\u0442\u0430\u043f\u0430\u0445 \u043f\u0440\u0430\u043a\u0442\u0438\u0447\u043d\u043e\u0457 \u043f\u0456\u0434\u0433\u043e\u0442\u043e\u0432\u043a\u0438 \u0442\u0430 \u0437\u0430\u0431\u0435\u0437\u043f\u0435\u0447\u0443\u044e\u0442\u044c \u043f\u0440\u043e\u0444\u0435\u0441\u0456\u0439\u043d\u0443 \u043f\u0456\u0434\u0442\u0440\u0438\u043c\u043a\u0443 \u043d\u0430 \u0448\u043b\u044f\u0445\u0443 \u0434\u043e \u0443\u0441\u043f\u0456\u0448\u043d\u043e\u0433\u043e \u0437\u0430\u0432\u0435\u0440\u0448\u0435\u043d\u043d\u044f. \u0417 \u043d\u0430\u043c\u0438 \u0432\u0438 \u043c\u0430\u0454\u0442\u0435 \u043c\u043e\u0436\u043b\u0438\u0432\u0456\u0441\u0442\u044c \u043f\u0440\u043e\u0439\u0442\u0438 \u043d\u0430\u0434\u0456\u0439\u043d\u0435 \u043d\u0430\u0432\u0447\u0430\u043d\u043d\u044f \u0432 \u0441\u043f\u0440\u0438\u044f\u0442\u043b\u0438\u0432\u043e\u043c\u0443 \u0442\u0430 \u043a\u043e\u043c\u0430\u043d\u0434\u043d\u043e-\u043e\u0440\u0456\u0454\u043d\u0442\u043e\u0432\u0430\u043d\u043e\u043c\u0443 \u0441\u0435\u0440\u0435\u0434\u043e\u0432\u0438\u0449\u0456.<\/p>\n<\/div>\n<\/div>\n<\/div><\/div>\n\n<div class=\"wp-block-group no-padding has-global-color-4-background-color has-background\"><div class=\"wp-block-group__inner-container is-layout-constrained wp-block-group-is-layout-constrained\">\n<h2 class=\"wp-block-heading\">\u0417\u0430\u0440\u0430\u0437 \u0443 \u043d\u0430\u0441 \u0432\u0456\u0434\u043a\u0440\u0438\u0442\u0456 \u043d\u0430\u0441\u0442\u0443\u043f\u043d\u0456 \u0432\u0430\u043a\u0430\u043d\u0441\u0456\u0457:<\/h2>\n\n\n\n<div class=\"wp-block-query is-layout-flow wp-block-query-is-layout-flow\">\n<div class=\"wp-block-group has-global-color-6-background-color has-background\"><div class=\"wp-block-group__inner-container is-layout-flow wp-block-group-is-layout-flow\"><ul class=\"is-flex-container columns-2 wp-block-post-template is-layout-flow wp-block-post-template-is-layout-flow\"><li class=\"wp-block-post post-3259 stellenangebote type-stellenangebote status-publish hentry infinite-scroll-item\">\n<h2 class=\"wp-block-post-title\"><a href=\"https:\/\/www.bthuus.de\/uk\/stellenangebote\/%d1%81%d0%b5%d1%81%d1%82%d1%80%d0%b8%d0%bd%d1%81%d1%8c%d0%ba%d0%b8%d0%b9-%d1%81%d0%bf%d0%b5%d1%86%d1%96%d0%b0%d0%bb%d1%96%d1%81%d1%82-%d0%bc-%d0%b6-%d0%b4-2\/\" target=\"_self\" >\u0421\u0435\u0441\u0442\u0440\u0438\u043d\u0441\u044c\u043a\u0438\u0439 \u0441\u043f\u0435\u0446\u0456\u0430\u043b\u0456\u0441\u0442 (\u043c\/\u0436\/\u0434)<\/a><\/h2>\n\n\n\n<div class=\"wp-block-post-excerpt\"><p class=\"wp-block-post-excerpt__excerpt\">\u041c\u0438 \u0431\u0443\u0434\u0435\u043c\u043e \u0440\u0430\u0434\u0456, \u044f\u043a\u0449\u043e \u0432\u0438 \u0437\u0430\u0446\u0456\u043a\u0430\u0432\u043b\u0435\u043d\u0456 \u0432 \u043f\u0456\u0434\u0442\u0440\u0438\u043c\u0446\u0456 \u043d\u0430\u0448\u043e\u0457 \u0447\u0443\u0434\u043e\u0432\u043e\u0457 \u043a\u043e\u043c\u0430\u043d\u0434\u0438 \u044f\u043a \u043c\u0435\u0434\u0441\u0435\u0441\u0442\u0440\u0430 (\u043c\/\u0436\/\u0434). \u041f\u043e\u0434\u0430\u0439\u0442\u0435 \u0437\u0430\u044f\u0432\u043a\u0443 \u043e\u043d\u043b\u0430\u0439\u043d, \u0435\u043b\u0435\u043a\u0442\u0440\u043e\u043d\u043d\u043e\u044e \u043f\u043e\u0448\u0442\u043e\u044e \u0430\u0431\u043e \u0442\u0435\u043b\u0435\u0444\u043e\u043d\u043e\u043c.<\/p><p class=\"wp-block-post-excerpt__more-text\"><a class=\"wp-block-post-excerpt__more-link\" href=\"https:\/\/www.bthuus.de\/uk\/stellenangebote\/%d1%81%d0%b5%d1%81%d1%82%d1%80%d0%b8%d0%bd%d1%81%d1%8c%d0%ba%d0%b8%d0%b9-%d1%81%d0%bf%d0%b5%d1%86%d1%96%d0%b0%d0%bb%d1%96%d1%81%d1%82-%d0%bc-%d0%b6-%d0%b4-2\/\">\u2192 <strong>\u0414\u0456\u0437\u043d\u0430\u0439\u0442\u0435\u0441\u044f \u0431\u0456\u043b\u044c\u0448\u0435 \u0442\u0430 \u043f\u043e\u0434\u0430\u0439\u0442\u0435 \u0437\u0430\u044f\u0432\u043a\u0443 \u043e\u043d\u043b\u0430\u0439\u043d<\/strong><\/a><\/p><\/div>\n<\/li><li class=\"wp-block-post post-3003 stellenangebote type-stellenangebote status-publish hentry infinite-scroll-item\">\n<h2 class=\"wp-block-post-title\"><a href=\"https:\/\/www.bthuus.de\/uk\/stellenangebote\/%d0%bf%d0%be%d0%bc%d1%96%d1%87%d0%bd%d0%b8%d0%ba-%d0%bc%d0%b5%d0%b4%d1%81%d0%b5%d1%81%d1%82%d1%80%d0%b8-%d0%bc-%d0%b6-%d0%b4-2\/\" target=\"_self\" >\u041f\u043e\u043c\u0456\u0447\u043d\u0438\u043a \u043c\u0435\u0434\u0441\u0435\u0441\u0442\u0440\u0438 (\u043c\/\u0436\/\u0434)<\/a><\/h2>\n\n\n\n<div class=\"wp-block-post-excerpt\"><p class=\"wp-block-post-excerpt__excerpt\">\u041f\u0440\u043e \u043d\u0430\u0441 Unser ambulantes Pflegeteam Bliev to Huus gibt es seit mittlerweile fast 30 Jahren in Kiel. In dieser Zeit haben wir bereits sehr viel wertvolle Erfahrungen im Umgang mit unseren Kunden \u2013 aber auch im Umgang untereinander im Team \u2013 sammeln k\u00f6nnen. Uns liegt sehr viel an einem verst\u00e4ndnisvollen Umgang auf Augenh\u00f6he und wir<\/p><p class=\"wp-block-post-excerpt__more-text\"><a class=\"wp-block-post-excerpt__more-link\" href=\"https:\/\/www.bthuus.de\/uk\/stellenangebote\/%d0%bf%d0%be%d0%bc%d1%96%d1%87%d0%bd%d0%b8%d0%ba-%d0%bc%d0%b5%d0%b4%d1%81%d0%b5%d1%81%d1%82%d1%80%d0%b8-%d0%bc-%d0%b6-%d0%b4-2\/\">\u2192 <strong>\u0414\u0456\u0437\u043d\u0430\u0439\u0442\u0435\u0441\u044f \u0431\u0456\u043b\u044c\u0448\u0435 \u0442\u0430 \u043f\u043e\u0434\u0430\u0439\u0442\u0435 \u0437\u0430\u044f\u0432\u043a\u0443 \u043e\u043d\u043b\u0430\u0439\u043d<\/strong><\/a><\/p><\/div>\n<\/li><li class=\"wp-block-post post-2614 stellenangebote type-stellenangebote status-publish hentry infinite-scroll-item\">\n<h2 class=\"wp-block-post-title\"><a href=\"https:\/\/www.bthuus.de\/uk\/stellenangebote\/%d0%bf%d0%be%d0%bc%d1%96%d1%87%d0%bd%d0%b8%d0%ba-%d0%bc%d0%b5%d0%b4%d1%81%d0%b5%d1%81%d1%82%d1%80%d0%b8-%d0%bc-%d0%b6-%d0%b4\/\" target=\"_self\" >\u041f\u043e\u043c\u0456\u0447\u043d\u0438\u043a \u043c\u0435\u0434\u0441\u0435\u0441\u0442\u0440\u0438 (\u043c\/\u0436\/\u0434)<\/a><\/h2>\n\n\n\n<div class=\"wp-block-post-excerpt\"><p class=\"wp-block-post-excerpt__excerpt\">\u041f\u0440\u043e \u043d\u0430\u0441 \u041d\u0430\u0448\u0430 \u043a\u043e\u043c\u0430\u043d\u0434\u0430 \u0430\u043c\u0431\u0443\u043b\u0430\u0442\u043e\u0440\u043d\u043e\u0457 \u0434\u043e\u043f\u043e\u043c\u043e\u0433\u0438 Bliev to Huus \u043f\u0440\u0430\u0446\u044e\u0454 \u0432 \u041a\u0456\u043b\u0456 \u0442\u0430 \u0411\u0440\u0435\u0434\u0435\u043d\u0431\u0435\u043a\u0443 \u0432\u0436\u0435 28 \u0440\u043e\u043a\u0456\u0432. \u0417\u0430 \u0446\u0456 28 \u0440\u043e\u043a\u0456\u0432 \u043c\u0438 \u0432\u0436\u0435 \u0437\u043c\u043e\u0433\u043b\u0438 \u043e\u0442\u0440\u0438\u043c\u0430\u0442\u0438 \u0431\u0430\u0433\u0430\u0442\u043e \u0446\u0456\u043d\u043d\u043e\u0433\u043e \u0434\u043e\u0441\u0432\u0456\u0434\u0443 \u0443 \u0441\u043f\u0456\u043b\u043a\u0443\u0432\u0430\u043d\u043d\u0456 \u0437 \u043d\u0430\u0448\u0438\u043c\u0438 \u043a\u043b\u0456\u0454\u043d\u0442\u0430\u043c\u0438, \u0430 \u0442\u0430\u043a\u043e\u0436 \u0443 \u0441\u043f\u0456\u043b\u043a\u0443\u0432\u0430\u043d\u043d\u0456 \u043e\u0434\u0438\u043d \u0437 \u043e\u0434\u043d\u0438\u043c \u0443 \u043a\u043e\u043c\u0430\u043d\u0434\u0456. \u0420\u043e\u0437\u0443\u043c\u0456\u043d\u043d\u044f \u043b\u0456\u043a\u0443\u0432\u0430\u043d\u043d\u044f \u043d\u0430 \u0440\u0456\u0432\u043d\u0456 \u043e\u0447\u0435\u0439 \u0434\u0443\u0436\u0435 \u0432\u0430\u0436\u043b\u0438\u0432\u0435 \u0434\u043b\u044f \u043d\u0430\u0441, \u0456 \u043c\u0438 \u0431\u0443\u0434\u0435\u043c\u043e \u0440\u0430\u0434\u0456,<\/p><p class=\"wp-block-post-excerpt__more-text\"><a class=\"wp-block-post-excerpt__more-link\" href=\"https:\/\/www.bthuus.de\/uk\/stellenangebote\/%d0%bf%d0%be%d0%bc%d1%96%d1%87%d0%bd%d0%b8%d0%ba-%d0%bc%d0%b5%d0%b4%d1%81%d0%b5%d1%81%d1%82%d1%80%d0%b8-%d0%bc-%d0%b6-%d0%b4\/\">\u2192 <strong>\u0414\u0456\u0437\u043d\u0430\u0439\u0442\u0435\u0441\u044f \u0431\u0456\u043b\u044c\u0448\u0435 \u0442\u0430 \u043f\u043e\u0434\u0430\u0439\u0442\u0435 \u0437\u0430\u044f\u0432\u043a\u0443 \u043e\u043d\u043b\u0430\u0439\u043d<\/strong><\/a><\/p><\/div>\n<\/li><\/ul><\/div><\/div>\n<\/div>\n<\/div><\/div>\n","protected":false},"excerpt":{"rendered":"<p>Bliev to Huus \u0448\u0443\u043a\u0430\u0454 \u0447\u0443\u0434\u043e\u0432\u0438\u0445 \u043f\u0440\u0430\u0446\u0456\u0432\u043d\u0438\u043a\u0456\u0432! \u0423 \u0432\u0430\u0441 \u0454 \u043a\u0432\u0430\u043b\u0456\u0444\u0456\u043a\u0430\u0446\u0456\u044f, \u043f\u043e\u0432\u2019\u044f\u0437\u0430\u043d\u0430 \u0437 \u0442\u0435\u043c\u043e\u044e? \u0411\u0435\u0437 \u043f\u0440\u043e\u0431\u043b\u0435\u043c. \u041c\u0438 \u0440\u0456\u0437\u043d\u043e\u043c\u0430\u043d\u0456\u0442\u043d\u0430 \u043a\u043e\u043c\u0430\u043d\u0434\u0430 \u0437 \u0440\u0456\u0437\u043d\u0438\u043c \u0434\u043e\u0441\u0432\u0456\u0434\u043e\u043c. \u041d\u0435 \u0441\u043e\u0440\u043e\u043c\u0442\u0435\u0441\u044f \u0437\u0432\u0435\u0440\u0442\u0430\u0442\u0438\u0441\u044f \u0434\u043e \u043d\u0430\u0441. \u041a\u043e\u0440\u043e\u0442\u043a\u043e \u043f\u0440\u043e \u043d\u0430\u0439\u0432\u0430\u0436\u043b\u0438\u0432\u0456\u0448\u0456 \u0440\u0435\u0447\u0456: 1. \u041e\u043f\u043b\u0430\u0442\u0430 \u0437\u0430 \u0442\u0430\u0440\u0438\u0444\u0430\u043c\u0438 \u041c\u0438 \u043d\u0430\u0434\u0430\u0454\u043c\u043e \u0432\u0435\u043b\u0438\u043a\u043e\u0433\u043e \u0437\u043d\u0430\u0447\u0435\u043d\u043d\u044f \u043e\u043f\u043b\u0430\u0442\u0456 \u043f\u0440\u0430\u0446\u0456 \u043d\u0430\u0448\u0438\u0445 \u043f\u0440\u0430\u0446\u0456\u0432\u043d\u0438\u043a\u0456\u0432 \u0437\u0433\u0456\u0434\u043d\u043e \u0437 \u043a\u043e\u043b\u0435\u043a\u0442\u0438\u0432\u043d\u0438\u043c \u0434\u043e\u0433\u043e\u0432\u043e\u0440\u043e\u043c. 2. \u0410\u0432\u0442\u043e\u043c\u043e\u0431\u0456\u043b\u044c \u043f\u0440\u0438\u0432\u0430\u0442\u043d\u043e\u0433\u043e \u043a\u043e\u0440\u0438\u0441\u0442\u0443\u0432\u0430\u043d\u043d\u044f \u0437\u0432\u0435\u0440\u0445\u0443 \u0417 \u0434\u043e\u043c\u0443 \u0434\u043e \u043a\u043e\u043c\u043f\u0430\u043d\u0456\u0457, &#8230; <\/p>\n<p class=\"read-more-container\"><a title=\"\u0440\u043e\u0431\u043e\u0447\u0438\u0445 \u043c\u0456\u0441\u0446\u044c\" class=\"read-more button\" href=\"https:\/\/www.bthuus.de\/uk\/%d1%80%d0%be%d0%b1%d0%be%d1%87%d0%b8%d1%85-%d0%bc%d1%96%d1%81%d1%86%d1%8c\/#more-2236\" aria-label=\"\u0414\u043e\u043a\u043b\u0430\u0434\u043d\u0456\u0448\u0435 \u043f\u0440\u043e \u0440\u043e\u0431\u043e\u0447\u0438\u0445 \u043c\u0456\u0441\u0446\u044c\">\u0414\u043e\u043a\u043b\u0430\u0434\u043d\u0456\u0448\u0435<\/a><\/p>\n","protected":false},"author":1,"featured_media":0,"parent":0,"menu_order":0,"comment_status":"closed","ping_status":"closed","template":"","meta":{"iawp_total_views":0,"footnotes":""},"class_list":{"0":"post-2236","1":"page","2":"type-page","3":"status-publish","5":"infinite-scroll-item"},"jetpack_sharing_enabled":true,"_links":{"self":[{"href":"https:\/\/www.bthuus.de\/uk\/wp-json\/wp\/v2\/pages\/2236","targetHints":{"allow":["GET"]}}],"collection":[{"href":"https:\/\/www.bthuus.de\/uk\/wp-json\/wp\/v2\/pages"}],"about":[{"href":"https:\/\/www.bthuus.de\/uk\/wp-json\/wp\/v2\/types\/page"}],"author":[{"embeddable":true,"href":"https:\/\/www.bthuus.de\/uk\/wp-json\/wp\/v2\/users\/1"}],"replies":[{"embeddable":true,"href":"https:\/\/www.bthuus.de\/uk\/wp-json\/wp\/v2\/comments?post=2236"}],"version-history":[{"count":0,"href":"https:\/\/www.bthuus.de\/uk\/wp-json\/wp\/v2\/pages\/2236\/revisions"}],"wp:attachment":[{"href":"https:\/\/www.bthuus.de\/uk\/wp-json\/wp\/v2\/media?parent=2236"}],"curies":[{"name":"wp","href":"https:\/\/api.w.org\/{rel}","templated":true}]}}