{"id":2230,"date":"2022-11-04T14:51:25","date_gmt":"2022-11-04T13:51:25","guid":{"rendered":"https:\/\/www.bthuus.de\/baski\/"},"modified":"2023-07-11T12:19:30","modified_gmt":"2023-07-11T10:19:30","slug":"baski","status":"publish","type":"page","link":"https:\/\/www.bthuus.de\/tr\/baski\/","title":{"rendered":"bask\u0131"},"content":{"rendered":"\n<div class=\"wp-block-group has-global-color-6-background-color has-background\"><div class=\"wp-block-group__inner-container is-layout-constrained wp-block-group-is-layout-constrained\">\n<h2 class=\"wp-block-heading\">Bliev to Huus &#8211; ayakta tedavi ekibi<\/h2>\n\n\n\n<p>Genel M\u00fcd\u00fcr: Michael Burkel<br\/>Saarbr\u00fcckenstrasse 179<br\/>24113 Kiel<\/p>\n\n\n\n<p>Tel 0431 647 3730<br\/>Faks 0431 647 3731<br\/><a href=\"mailto:info@bthuus.de\">info@bthuus.de<\/a><\/p>\n\n\n\n<h2 class=\"wp-block-heading\">Feragatname<\/h2>\n\n\n\n<p>Bu web sitesinde verilen bilgiler dikkatlice kontrol edilmi\u015ftir ve d\u00fczenli olarak g\u00fcncellenmektedir. Ancak, t\u00fcm bilgilerin her zaman eksiksiz, do\u011fru ve g\u00fcncel oldu\u011fu konusunda hi\u00e7bir garanti verilemez. Bu, \u00f6zellikle do\u011frudan veya dolayl\u0131 olarak at\u0131fta bulunulan di\u011fer web sitelerine yap\u0131lan t\u00fcm ba\u011flant\u0131lar (&#8220;ba\u011flant\u0131lar&#8221;) i\u00e7in ge\u00e7erlidir. T\u00fcm bilgiler \u00f6nceden bildirilmeksizin de\u011fi\u015ftirilebilir, kald\u0131r\u0131labilir veya eklemeler yap\u0131labilir.<\/p>\n\n\n\n<h2 class=\"wp-block-heading\">Sol<\/h2>\n\n\n\n<p>Hamburg B\u00f6lge Mahkemesi, 12 May\u0131s 1998 tarihli karar\u0131na g\u00f6re, bir sayfaya ba\u011flant\u0131 eklenmesiyle, orada yer alan i\u00e7erikten de sorumlu tutulabilece\u011fine karar vermi\u015ftir. B\u00f6lge mahkemesine g\u00f6re, bu sorumlulu\u011fun kabul edilmesi ancak ki\u015finin bu i\u00e7erikten a\u00e7\u0131k\u00e7a ayr\u0131lmas\u0131yla ortadan kald\u0131r\u0131labilir. Bu web sitesi, \u0130nternet&#8217;teki di\u011fer i\u00e7eri\u011fe ba\u011flant\u0131lar i\u00e7erir. Bu ba\u011flant\u0131lar i\u00e7in a\u015fa\u011f\u0131dakiler ge\u00e7erlidir: Ba\u011flant\u0131 verilen sayfalar\u0131n\/i\u00e7eri\u011fin tasar\u0131m\u0131 ve i\u00e7eri\u011fi \u00fczerinde hi\u00e7bir etkimizin olmad\u0131\u011f\u0131n\u0131 a\u00e7\u0131k\u00e7a vurgular\u0131z. Bu nedenle, bu web sitesindeki t\u00fcm ba\u011flant\u0131l\u0131 sayfalardaki t\u00fcm i\u00e7erikten a\u00e7\u0131k\u00e7a uzakla\u015f\u0131yoruz. Bu beyan, bu web sitesinin ba\u011flant\u0131lar\u0131n veya afi\u015flerin harici i\u00e7eri\u011fe at\u0131fta bulundu\u011fu t\u00fcm sayfalar\u0131 i\u00e7in ge\u00e7erlidir.<\/p>\n<\/div><\/div>\n","protected":false},"excerpt":{"rendered":"<p>Bliev to Huus &#8211; ayakta tedavi ekibi Genel M\u00fcd\u00fcr: Michael BurkelSaarbr\u00fcckenstrasse 17924113 Kiel Tel 0431 647 3730Faks 0431 647 3731info@bthuus.de Feragatname Bu web sitesinde verilen bilgiler dikkatlice kontrol edilmi\u015ftir ve d\u00fczenli olarak g\u00fcncellenmektedir. Ancak, t\u00fcm bilgilerin her zaman eksiksiz, do\u011fru ve g\u00fcncel oldu\u011fu konusunda hi\u00e7bir garanti verilemez. Bu, \u00f6zellikle do\u011frudan veya dolayl\u0131 olarak at\u0131fta bulunulan &#8230; <\/p>\n<p class=\"read-more-container\"><a title=\"bask\u0131\" class=\"read-more button\" href=\"https:\/\/www.bthuus.de\/tr\/baski\/#more-2230\" aria-label=\"Read more about bask\u0131\">Read more<\/a><\/p>\n","protected":false},"author":1,"featured_media":0,"parent":0,"menu_order":0,"comment_status":"closed","ping_status":"closed","template":"","meta":{"iawp_total_views":4,"footnotes":""},"class_list":{"0":"post-2230","1":"page","2":"type-page","3":"status-publish","5":"infinite-scroll-item"},"jetpack_sharing_enabled":true,"_links":{"self":[{"href":"https:\/\/www.bthuus.de\/tr\/wp-json\/wp\/v2\/pages\/2230","targetHints":{"allow":["GET"]}}],"collection":[{"href":"https:\/\/www.bthuus.de\/tr\/wp-json\/wp\/v2\/pages"}],"about":[{"href":"https:\/\/www.bthuus.de\/tr\/wp-json\/wp\/v2\/types\/page"}],"author":[{"embeddable":true,"href":"https:\/\/www.bthuus.de\/tr\/wp-json\/wp\/v2\/users\/1"}],"replies":[{"embeddable":true,"href":"https:\/\/www.bthuus.de\/tr\/wp-json\/wp\/v2\/comments?post=2230"}],"version-history":[{"count":0,"href":"https:\/\/www.bthuus.de\/tr\/wp-json\/wp\/v2\/pages\/2230\/revisions"}],"wp:attachment":[{"href":"https:\/\/www.bthuus.de\/tr\/wp-json\/wp\/v2\/media?parent=2230"}],"curies":[{"name":"wp","href":"https:\/\/api.w.org\/{rel}","templated":true}]}}