{"id":2219,"date":"2022-11-04T14:00:00","date_gmt":"2022-11-04T13:00:00","guid":{"rendered":"https:\/\/www.bthuus.de\/meslekler\/"},"modified":"2023-07-11T12:19:30","modified_gmt":"2023-07-11T10:19:30","slug":"meslekler","status":"publish","type":"page","link":"https:\/\/www.bthuus.de\/tr\/meslekler\/","title":{"rendered":"Meslekler"},"content":{"rendered":"\n<div class=\"wp-block-group no-padding has-global-color-4-background-color has-background\"><div class=\"wp-block-group__inner-container is-layout-constrained wp-block-group-is-layout-constrained\">\n<h1 class=\"wp-block-heading\">Bliev to Huus harika \u00e7al\u0131\u015fanlar ar\u0131yor!<\/h1>\n\n\n\n<div style=\"height:25px\" aria-hidden=\"true\" class=\"wp-block-spacer\"><\/div>\n\n\n\n<p>Konuyla ilgili yeterlili\u011finiz var m\u0131? Sorun de\u011fil. Biz bir\u00e7ok farkl\u0131 ge\u00e7mi\u015fe sahip farkl\u0131 bir ekibiz. Bizimle ileti\u015fime ge\u00e7mekten \u00e7ekinmeyin.<\/p>\n\n\n\n<h3 class=\"wp-block-heading has-global-color-1-color has-text-color\">\u00d6zetle en \u00f6nemli \u015feyler:<\/h3>\n\n\n\n<div style=\"height:25px\" aria-hidden=\"true\" class=\"wp-block-spacer\"><\/div>\n\n\n\n<div class=\"wp-block-columns is-layout-flex wp-container-core-columns-is-layout-9d6595d7 wp-block-columns-is-layout-flex\">\n<div class=\"wp-block-column kachel has-global-color-6-background-color has-background is-layout-flow wp-block-column-is-layout-flow\" data-aos=\"fade-right\" data-aos-duration=\"500\" data-aos-once=\"true\">\n<h4 class=\"wp-block-heading has-global-color-1-color has-text-color\">1. Tarifeye dayal\u0131 \u00f6deme<\/h4>\n\n\n\n<p>\u00c7al\u0131\u015fanlar\u0131m\u0131z\u0131n toplu i\u015f s\u00f6zle\u015fmesine g\u00f6re \u00fccretlendirilmesine b\u00fcy\u00fck \u00f6nem veriyoruz.<\/p>\n<\/div>\n\n\n\n<div class=\"wp-block-column kachel has-global-color-6-background-color has-background is-layout-flow wp-block-column-is-layout-flow\" data-aos=\"fade-left\" data-aos-delay=\"500\" data-aos-duration=\"500\" data-aos-once=\"true\">\n<h4 class=\"wp-block-heading has-global-color-1-color has-text-color\">2. \u00dcstte \u00f6zel kullan\u0131ml\u0131 araba<\/h4>\n\n\n\n<p>Evden \u015firkete, oradan da arabayla devam edebilirsiniz. Daha k\u0131sa olan yol genellikle daha iyi olan yoldur &#8211; herkes i\u00e7in. Bu nedenle \u00e7al\u0131\u015fanlar\u0131m\u0131z i\u015fe giderken genellikle \u015firket arabas\u0131n\u0131 yanlar\u0131nda g\u00f6t\u00fcrebilmektedir. %1 kural\u0131 ge\u00e7erlidir (elektrikli arabalar i\u00e7in %0,25)<\/p>\n<\/div>\n<\/div>\n\n\n\n<div class=\"wp-block-columns is-layout-flex wp-container-core-columns-is-layout-9d6595d7 wp-block-columns-is-layout-flex\">\n<div class=\"wp-block-column kachel has-global-color-6-background-color has-background is-layout-flow wp-block-column-is-layout-flow\" data-aos=\"fade-right\" data-aos-duration=\"500\" data-aos-once=\"true\">\n<h4 class=\"wp-block-heading has-global-color-1-color has-text-color\">3. \u00c7ocuklar bizim i\u00e7in kutsald\u0131r \/ i\u015f ve aile uyumu<\/h4>\n\n\n\n<p>Ayakta bak\u0131m hizmetimizde \u00e7ocu\u011funuz varsa mutlu oluyoruz ve \u00e7al\u0131\u015fma saatlerinizi aile durumunuza g\u00f6re esnek bir \u015fekilde uyarlamaya \u00e7al\u0131\u015f\u0131yoruz.<\/p>\n<\/div>\n\n\n\n<div class=\"wp-block-column kachel has-global-color-6-background-color has-background is-layout-flow wp-block-column-is-layout-flow\" data-aos=\"fade-left\" data-aos-duration=\"500\" data-aos-once=\"true\">\n<h4 class=\"wp-block-heading has-global-color-1-color has-text-color\" style=\"text-transform:none\">4. \u00c7ift servis yok<\/h4>\n\n\n\n<p>\u00c7ift g\u00f6revin ne kadar yorucu oldu\u011funu biliyoruz. Bu nedenle, \u00e7al\u0131\u015fanlar\u0131m\u0131za i\u015f ve ya\u015fam aras\u0131nda iyi bir denge sa\u011flamak i\u00e7in m\u00fcmk\u00fcn oldu\u011funca \u00e7ifte g\u00f6revden ka\u00e7\u0131nmaya \u00e7al\u0131\u015f\u0131yoruz. Bununla birlikte, istisnalar\u0131n kural\u0131 do\u011frulad\u0131\u011f\u0131 bilinmektedir ve nadir durumlarda \u00e7ifte g\u00f6rev olabilir.<\/p>\n<\/div>\n<\/div>\n\n\n\n<div class=\"wp-block-columns is-layout-flex wp-container-core-columns-is-layout-9d6595d7 wp-block-columns-is-layout-flex\">\n<div class=\"wp-block-column kachel has-global-color-6-background-color has-background is-layout-flow wp-block-column-is-layout-flow\" data-aos=\"fade-right\" data-aos-duration=\"500\" data-aos-once=\"true\">\n<h4 class=\"wp-block-heading has-global-color-1-color has-text-color\">5. \u0130yi e\u011fitim ve ileri e\u011fitim f\u0131rsatlar\u0131<\/h4>\n\n\n\n<p>Ayakta hem\u015firelik hizmetimizde, \u00e7ok \u00e7e\u015fitli ileri e\u011fitim f\u0131rsatlar\u0131 sunuyoruz. Bunlar aras\u0131nda palyatif bak\u0131m e\u011fitimi, y\u0131ll\u0131k e\u011fitim plan\u0131 ve uygulamal\u0131 al\u0131\u015ft\u0131rmalar i\u00e7eren pop\u00fcler ilk yard\u0131m kurslar\u0131 yer al\u0131r. Ayr\u0131ca, evden rahatl\u0131kla tamamlanabilecek \u00e7evrimi\u00e7i e\u011fitim kurslar\u0131 da sunuyoruz.<\/p>\n<\/div>\n\n\n\n<div class=\"wp-block-column kachel has-global-color-6-background-color has-background is-layout-flow wp-block-column-is-layout-flow\" data-aos=\"fade-left\" data-aos-duration=\"500\" data-aos-once=\"true\">\n<h4 class=\"wp-block-heading has-global-color-1-color has-text-color\" style=\"text-transform:none\">6. Y\u00fcksek sosyal beceriler, takdir edici i\u015fbirli\u011fi ve a\u00e7\u0131k ileti\u015fim<\/h4>\n\n\n\n<p>A\u00e7\u0131k ileti\u015fime, y\u00fcksek sosyal becerilere ve takdire \u015fayan i\u015fbirli\u011fine odaklan\u0131yoruz. Sorunlara kulak vermeye ve ekip genelinde minnettar ileti\u015fimi te\u015fvik etmeye b\u00fcy\u00fck \u00f6nem veriyoruz.<\/p>\n<\/div>\n<\/div>\n\n\n\n<div class=\"wp-block-columns is-layout-flex wp-container-core-columns-is-layout-9d6595d7 wp-block-columns-is-layout-flex\">\n<div class=\"wp-block-column kachel has-global-color-6-background-color has-background is-layout-flow wp-block-column-is-layout-flow\" data-aos=\"fade-right\" data-aos-duration=\"500\" data-aos-once=\"true\">\n<h4 class=\"wp-block-heading has-global-color-1-color has-text-color\">7. G\u00fc\u00e7l\u00fc tak\u0131m ruhu<\/h4>\n\n\n\n<p>Ekibimizde g\u00fc\u00e7l\u00fc bir birliktelik duygusu var. \u00d6rne\u011fin, uzun s\u00fcredir birlikte emekli olan bir meslekta\u015f\u0131m\u0131z\u0131n vedas\u0131n\u0131 kutluyoruz ve vardiyalar\u0131 doldurarak veya de\u011fi\u015ftirerek birbirimize destek oluyoruz. Sorunsuz bir ba\u015flang\u0131\u00e7 \u200b\u200bsa\u011flamak i\u00e7in ekipteki yeni \u00e7al\u0131\u015fanlara kapsaml\u0131 e\u011fitim i\u00e7in de yeterli zaman ay\u0131r\u0131yoruz.<\/p>\n<\/div>\n\n\n\n<div class=\"wp-block-column kachel has-global-color-6-background-color has-background is-layout-flow wp-block-column-is-layout-flow\" data-aos=\"fade-left\" data-aos-duration=\"500\" data-aos-once=\"true\">\n<h4 class=\"wp-block-heading has-global-color-1-color has-text-color\">8. Antrenman yap\u0131yoruz!<\/h4>\n\n\n\n<p>Ortak okullarla i\u015fbirli\u011fi i\u00e7inde, hem\u015firelik uzman\u0131 olmak i\u00e7in sa\u011flam temelli genel hem\u015firelik e\u011fitimi sunuyoruz. \u00d6zel pratik e\u011fitmenlerimiz, pratik e\u011fitim a\u015famalar\u0131nda kursiyerleri destekler ve ba\u015far\u0131l\u0131 bir \u015fekilde tamamlama yolunda profesyonel destek sa\u011flar. Bizimle, destekleyici ve ekip odakl\u0131 bir ortamda sa\u011flam e\u011fitimi tamamlama f\u0131rsat\u0131na sahipsiniz.<\/p>\n<\/div>\n<\/div>\n<\/div><\/div>\n\n<div class=\"wp-block-group no-padding has-global-color-4-background-color has-background\"><div class=\"wp-block-group__inner-container is-layout-constrained wp-block-group-is-layout-constrained\">\n<h2 class=\"wp-block-heading\">\u015eu anda a\u015fa\u011f\u0131daki a\u00e7\u0131k pozisyonlar\u0131m\u0131z var:<\/h2>\n\n\n\n<div class=\"wp-block-query is-layout-flow wp-block-query-is-layout-flow\">\n<div class=\"wp-block-group has-global-color-6-background-color has-background\"><div class=\"wp-block-group__inner-container is-layout-flow wp-block-group-is-layout-flow\"><ul class=\"is-flex-container columns-2 wp-block-post-template is-layout-flow wp-block-post-template-is-layout-flow\"><li class=\"wp-block-post post-3258 stellenangebote type-stellenangebote status-publish hentry infinite-scroll-item\">\n<h2 class=\"wp-block-post-title\"><a href=\"https:\/\/www.bthuus.de\/tr\/stellenangebote\/hemsirelik-uzmani-e-k-d-2\/\" target=\"_self\" >Hem\u015firelik uzman\u0131 (e\/k\/d)<\/a><\/h2>\n\n\n\n<div class=\"wp-block-post-excerpt\"><p class=\"wp-block-post-excerpt__excerpt\">Bir hem\u015firelik uzman\u0131 (e\/k\/d) olarak harika ekibimizi desteklemekle ilgilenirseniz \u00e7ok seviniriz. \u00c7evrimi\u00e7i, e-posta veya telefonla ba\u015fvurun.<\/p><p class=\"wp-block-post-excerpt__more-text\"><a class=\"wp-block-post-excerpt__more-link\" href=\"https:\/\/www.bthuus.de\/tr\/stellenangebote\/hemsirelik-uzmani-e-k-d-2\/\">\u2192 <strong>Daha fazlas\u0131n\u0131 \u00f6\u011frenin ve \u00e7evrimi\u00e7i ba\u015fvurun<\/strong><\/a><\/p><\/div>\n<\/li><li class=\"wp-block-post post-3002 stellenangebote type-stellenangebote status-publish hentry infinite-scroll-item\">\n<h2 class=\"wp-block-post-title\"><a href=\"https:\/\/www.bthuus.de\/tr\/stellenangebote\/hemsire-yardimcisi-e-k-d-2\/\" target=\"_self\" >Hem\u015fire yard\u0131mc\u0131s\u0131 (e\/k\/d)<\/a><\/h2>\n\n\n\n<div class=\"wp-block-post-excerpt\"><p class=\"wp-block-post-excerpt__excerpt\">Hakk\u0131m\u0131zda Unser ambulantes Pflegeteam Bliev to Huus gibt es seit mittlerweile fast 30 Jahren in Kiel. In dieser Zeit haben wir bereits sehr viel wertvolle Erfahrungen im Umgang mit unseren Kunden \u2013 aber auch im Umgang untereinander im Team \u2013 sammeln k\u00f6nnen. Uns liegt sehr viel an einem verst\u00e4ndnisvollen Umgang auf Augenh\u00f6he und wir w\u00fcrden<\/p><p class=\"wp-block-post-excerpt__more-text\"><a class=\"wp-block-post-excerpt__more-link\" href=\"https:\/\/www.bthuus.de\/tr\/stellenangebote\/hemsire-yardimcisi-e-k-d-2\/\">\u2192 <strong>Daha fazlas\u0131n\u0131 \u00f6\u011frenin ve \u00e7evrimi\u00e7i ba\u015fvurun<\/strong><\/a><\/p><\/div>\n<\/li><li class=\"wp-block-post post-2612 stellenangebote type-stellenangebote status-publish hentry infinite-scroll-item\">\n<h2 class=\"wp-block-post-title\"><a href=\"https:\/\/www.bthuus.de\/tr\/stellenangebote\/hemsire-yardimcisi-e-k-d\/\" target=\"_self\" >Hem\u015fire yard\u0131mc\u0131s\u0131 (e\/k\/d)<\/a><\/h2>\n\n\n\n<div class=\"wp-block-post-excerpt\"><p class=\"wp-block-post-excerpt__excerpt\">Hakk\u0131m\u0131zda Ayakta tedavi ekibimiz Bliev to Huus, 28 y\u0131ld\u0131r Kiel ve Bredenbek&#8217;te. Bu 28 y\u0131lda, m\u00fc\u015fterilerimizle ili\u015fkilerde ve ayn\u0131 zamanda ekipte birbirimizle ili\u015fkilerde \u00e7ok de\u011ferli deneyimler kazanmay\u0131 ba\u015fard\u0131k. Tedaviyi g\u00f6z seviyesinde anlamak bizim i\u00e7in \u00e7ok \u00f6nemlidir ve bir hem\u015firelik uzman\u0131 (e\/k\/d) olarak harika ekibimizi desteklemekle ilgileniyorsan\u0131z \u00e7ok seviniriz. Klinikten farkl\u0131 olarak, bizimle sabit bir hasta<\/p><p class=\"wp-block-post-excerpt__more-text\"><a class=\"wp-block-post-excerpt__more-link\" href=\"https:\/\/www.bthuus.de\/tr\/stellenangebote\/hemsire-yardimcisi-e-k-d\/\">\u2192 <strong>Daha fazlas\u0131n\u0131 \u00f6\u011frenin ve \u00e7evrimi\u00e7i ba\u015fvurun<\/strong><\/a><\/p><\/div>\n<\/li><\/ul><\/div><\/div>\n<\/div>\n<\/div><\/div>\n","protected":false},"excerpt":{"rendered":"<p>Bliev to Huus harika \u00e7al\u0131\u015fanlar ar\u0131yor! Konuyla ilgili yeterlili\u011finiz var m\u0131? Sorun de\u011fil. Biz bir\u00e7ok farkl\u0131 ge\u00e7mi\u015fe sahip farkl\u0131 bir ekibiz. Bizimle ileti\u015fime ge\u00e7mekten \u00e7ekinmeyin. \u00d6zetle en \u00f6nemli \u015feyler: 1. Tarifeye dayal\u0131 \u00f6deme \u00c7al\u0131\u015fanlar\u0131m\u0131z\u0131n toplu i\u015f s\u00f6zle\u015fmesine g\u00f6re \u00fccretlendirilmesine b\u00fcy\u00fck \u00f6nem veriyoruz. 2. \u00dcstte \u00f6zel kullan\u0131ml\u0131 araba Evden \u015firkete, oradan da arabayla devam edebilirsiniz. Daha &#8230; <\/p>\n<p class=\"read-more-container\"><a title=\"Meslekler\" class=\"read-more button\" href=\"https:\/\/www.bthuus.de\/tr\/meslekler\/#more-2219\" aria-label=\"Read more about Meslekler\">Read more<\/a><\/p>\n","protected":false},"author":1,"featured_media":0,"parent":0,"menu_order":0,"comment_status":"closed","ping_status":"closed","template":"","meta":{"iawp_total_views":9,"footnotes":""},"class_list":{"0":"post-2219","1":"page","2":"type-page","3":"status-publish","5":"infinite-scroll-item"},"jetpack_sharing_enabled":true,"_links":{"self":[{"href":"https:\/\/www.bthuus.de\/tr\/wp-json\/wp\/v2\/pages\/2219","targetHints":{"allow":["GET"]}}],"collection":[{"href":"https:\/\/www.bthuus.de\/tr\/wp-json\/wp\/v2\/pages"}],"about":[{"href":"https:\/\/www.bthuus.de\/tr\/wp-json\/wp\/v2\/types\/page"}],"author":[{"embeddable":true,"href":"https:\/\/www.bthuus.de\/tr\/wp-json\/wp\/v2\/users\/1"}],"replies":[{"embeddable":true,"href":"https:\/\/www.bthuus.de\/tr\/wp-json\/wp\/v2\/comments?post=2219"}],"version-history":[{"count":0,"href":"https:\/\/www.bthuus.de\/tr\/wp-json\/wp\/v2\/pages\/2219\/revisions"}],"wp:attachment":[{"href":"https:\/\/www.bthuus.de\/tr\/wp-json\/wp\/v2\/media?parent=2219"}],"curies":[{"name":"wp","href":"https:\/\/api.w.org\/{rel}","templated":true}]}}