{"id":2211,"date":"2022-08-26T13:38:49","date_gmt":"2022-08-26T11:38:49","guid":{"rendered":"https:\/\/www.bthuus.de\/veri-korumasi\/"},"modified":"2023-07-11T12:19:37","modified_gmt":"2023-07-11T10:19:37","slug":"veri-korumasi","status":"publish","type":"page","link":"https:\/\/www.bthuus.de\/tr\/veri-korumasi\/","title":{"rendered":"Veri korumas\u0131"},"content":{"rendered":"\n<p>A\u015fa\u011f\u0131da, web sitemizi kullan\u0131rken ki\u015fisel verilerin toplanmas\u0131 ve i\u015flenmesi hakk\u0131nda sizi bilgilendiriyoruz.<\/p>\n\n<h2 class=\"wp-block-heading\">1. Genel bilgiler ve zorunlu bilgiler<\/h2>\n\n<p>veri korumas\u0131<br\/>Bu sayfalar\u0131n operat\u00f6rleri, verilerinizin korunmas\u0131n\u0131 \u00e7ok ciddiye almaktad\u0131r. Ki\u015fisel verilerinizi gizli bir \u015fekilde ve yasal veri koruma d\u00fczenlemelerine ve bu veri koruma beyan\u0131na uygun olarak ele al\u0131yoruz.<\/p>\n\n<p>\u0130nternetteki veri aktar\u0131m\u0131n\u0131n (\u00f6rn. e-posta ile ileti\u015fim kurarken) g\u00fcvenlik a\u00e7\u0131klar\u0131 olabilece\u011fini belirtmek isteriz. Verilerin \u00fc\u00e7\u00fcnc\u00fc \u015fah\u0131slar\u0131n eri\u015fimine kar\u015f\u0131 tam olarak korunmas\u0131 m\u00fcmk\u00fcn de\u011fildir.<\/p>\n\n<p>Sorumlu kurulu\u015f hakk\u0131nda not<br\/>Bu web sitesinde veri i\u015flemeden sorumlu kurum:<\/p>\n\n<p>Ayakta tedavi ekibi &#8211; Bliev&#8217;den Huus&#8217;a<br\/>Michael Burkel<\/p>\n\n<p>Telefon: 0431-6473730<br\/>Faks: 0431-6473731<br\/>E-posta: <a href=\"mailto:info@bthuus.de\">info@bthuus.de<\/a><\/p>\n\n<p><strong>Veri koruma g\u00f6revlimizle ilgili not<\/strong><br\/>Bir \u015firket veri koruma g\u00f6revlisi atad\u0131k. Veri koruma sorumlumuza a\u015fa\u011f\u0131daki ileti\u015fim bilgilerinden ula\u015fabilirsiniz:<\/p>\n\n<p>Veri Koruma G\u00f6revlisi<br\/>Torben Vulriede<br\/>Klopstockstr. 11<br\/>24103 Kiel<br\/>Telefon: 0431-64748448<br\/>E-posta: <a href=\"mailto:mail@dsb-nord.de\">mail@dsb-nord.de<\/a><br\/><a href=\"http:\/\/www.datenschutzbeauftragter-in-norddeutschland.de\/\">www.datenschutzbeauftragter-in-norddeutschland.de<\/a><\/p>\n\n<h2 class=\"wp-block-heading\">2. Haklar\u0131n\u0131z<\/h2>\n\n<p>Y\u00fcr\u00fcrl\u00fckteki veri koruma yasas\u0131na g\u00f6re, \u00f6zellikle AB Genel Veri Koruma Y\u00f6netmeli\u011fine (GDPR) g\u00f6re, ki\u015fisel verilerinizin i\u015flenmesiyle ilgili olarak sorumlu ki\u015fi kar\u015f\u0131s\u0131nda geni\u015f veri sahibi haklar\u0131n\u0131z vard\u0131r ve bu haklar hakk\u0131nda bizim de yapabilece\u011fimiz a\u015fa\u011f\u0131da sizi bilgilendirmek istiyorum. Hakk\u0131n var:<\/p>\n\n<ul class=\"wp-block-list\">\n<li>GDPR Madde 15 uyar\u0131nca taraf\u0131m\u0131zca i\u015flenen ki\u015fisel verileriniz hakk\u0131nda bilgi talep etmek. \u00d6zellikle, i\u015fleme ama\u00e7lar\u0131, ki\u015fisel verilerin kategorileri, verilerinizin if\u015fa edildi\u011fi veya edilece\u011fi al\u0131c\u0131 kategorileri, planlanan saklama s\u00fcresi, d\u00fczeltme, silme, i\u015flemenin k\u0131s\u0131tlanmas\u0131 hakk\u0131n\u0131n varl\u0131\u011f\u0131 hakk\u0131nda bilgi alabilirsiniz. veya itiraz, bir \u015fikayet hakk\u0131n\u0131n varl\u0131\u011f\u0131, bizden toplanmad\u0131ysa verilerinizin kayna\u011f\u0131n\u0131 talep etme ve profil olu\u015fturma ve gerekirse ayr\u0131nt\u0131lar\u0131 hakk\u0131nda anlaml\u0131 bilgiler dahil olmak \u00fczere otomatik karar vermenin varl\u0131\u011f\u0131;<\/li>\n\n\n\n<li>Madde 16 GDPR uyar\u0131nca, taraf\u0131m\u0131zca saklanan yanl\u0131\u015f veya eksik ki\u015fisel verilerin d\u00fczeltilmesini derhal talep etme;<\/li>\n\n\n\n<li>GDPR Madde 17 uyar\u0131nca, taraf\u0131m\u0131zca saklanan ki\u015fisel verilerinizin, ifade ve bilgi edinme hakk\u0131n\u0131n kullan\u0131lmas\u0131, yasal bir y\u00fck\u00fcml\u00fcl\u00fc\u011f\u00fcn yerine getirilmesi, kamu yarar\u0131 nedenleriyle i\u015flenmesi gerekli olmad\u0131k\u00e7a veya iddia edilmedik\u00e7e silinmesini talep etmek, yasal iddialar\u0131 kullanmak veya savunmak gereklidir;<\/li>\n\n\n\n<li>Madde 18 GDPR uyar\u0131nca ki\u015fisel verilerinizin i\u015flenmesinin k\u0131s\u0131tlanmas\u0131n\u0131 talep etmek i\u00e7in verilerin do\u011frulu\u011funa itiraz ederseniz, i\u015fleme yasa d\u0131\u015f\u0131d\u0131r, ancak silmeyi reddedersiniz ve art\u0131k verilere ihtiyac\u0131m\u0131z kalmaz, ancak bunlar\u0131 yasal iddialarda bulunmak, bunlar\u0131 uygulamak veya savunmak veya GDPR Madde 21 uyar\u0131nca i\u015flemeye itiraz etmek;<\/li>\n\n\n\n<li>GDPR Madde 20 uyar\u0131nca, bize sa\u011flad\u0131\u011f\u0131n\u0131z ki\u015fisel verilerinizi yap\u0131land\u0131r\u0131lm\u0131\u015f, ortak ve makine taraf\u0131ndan okunabilir bir bi\u00e7imde almak veya ba\u015fka bir sorumluya iletilmesini talep etmek;<\/li>\n\n\n\n<li>Madde 7 paragraf\u0131na g\u00f6re. 3 GDPR&#8217;ye g\u00f6re, bize verdi\u011finiz izni istedi\u011finiz zaman iptal edebilirsiniz. Sonu\u00e7 olarak, gelecekte bu onaya dayal\u0131 olarak veri i\u015flemeye devam etmemize art\u0131k izin verilmiyor ve<\/li>\n\n\n\n<li>77 GDPR uyar\u0131nca bir denetim makam\u0131na \u015fikayette bulunmak. Kural olarak, her zaman ikamet etti\u011finiz veya \u00e7al\u0131\u015ft\u0131\u011f\u0131n\u0131z yerin veya \u015firket merkezimizin denetim makam\u0131yla ileti\u015fime ge\u00e7ebilirsiniz. Denetim makamlar\u0131n\u0131n bir listesi ve ileti\u015fim bilgileri a\u015fa\u011f\u0131daki ba\u011flant\u0131da bulunabilir:<br\/><a href=\"https:\/\/www.bfdi.bund.de\/DE\/Infothek\/Anschriften_Links\/anschriften_links-node.html\">https:\/\/www.bfdi.bund.de\/DE\/Infothek\/Anschriften_Links\/anschriften_links-node.html<\/a> .<\/li>\n\n\n\n<li>Ki\u015fisel verileriniz, 6. maddenin 6. f\u0131kras\u0131 uyar\u0131nca me\u015fru menfaatlere dayan\u0131yorsa. 1 sayfa 1 litre f DSGVO i\u015flenirse, ki\u015fisel verilerinizin DSGVO Madde 21 uyar\u0131nca i\u015flenmesine, bunun i\u00e7in \u00f6zel durumunuzdan kaynaklanan nedenlerin olmas\u0131 veya itiraz\u0131n do\u011frudan reklama y\u00f6nelik olmas\u0131 kayd\u0131yla itiraz etme hakk\u0131n\u0131z vard\u0131r. \u0130kinci durumda, belirli bir durum belirtmeden uygulayaca\u011f\u0131m\u0131z genel bir itiraz hakk\u0131n\u0131z vard\u0131r. Cayma veya itiraz hakk\u0131n\u0131z\u0131 kullanmak istiyorsan\u0131z <a href=\"mailto:info@bthuus.de\">info@bthuus.de<\/a> adresine bir e-posta g\u00f6ndermeniz yeterlidir.<\/li>\n<\/ul>\n\n<h2 class=\"wp-block-heading\">3. Web sitemizi ziyaret ederken veri toplama<\/h2>\n\n<p><strong>a) Sunucu g\u00fcnl\u00fck dosyalar\u0131<\/strong><br\/>Web sitemizi kulland\u0131\u011f\u0131n\u0131zda, taray\u0131c\u0131n\u0131z\u0131n sunucumuza iletti\u011fi ki\u015fisel verileri (sunucu g\u00fcnl\u00fck dosyalar\u0131 olarak adland\u0131r\u0131l\u0131r) topluyoruz. Web sitemizi ziyaret etti\u011finizde, web sitemizi size g\u00f6stermemiz ve istikrar ve g\u00fcvenli\u011fi sa\u011flamam\u0131z i\u00e7in teknik olarak gerekli olan a\u015fa\u011f\u0131daki verileri topluyoruz:<\/p>\n\n<ul class=\"wp-block-list\">\n<li>IP adresi<\/li>\n\n\n\n<li>Talebin tarihi ve saati<\/li>\n\n\n\n<li>Greenwich Ortalama Saatine (GMT) g\u00f6re saat dilimi fark\u0131<\/li>\n\n\n\n<li>\u0130ste\u011fin i\u00e7eri\u011fi (belirli sayfa)<\/li>\n\n\n\n<li>Eri\u015fim Durumu\/HTTP Durum Kodu<\/li>\n\n\n\n<li>aktar\u0131lan veri miktar\u0131<\/li>\n\n\n\n<li>Talebin geldi\u011fi web sitesi<\/li>\n\n\n\n<li>taray\u0131c\u0131lar<\/li>\n\n\n\n<li>\u0130\u015fletim sistemi ve aray\u00fcz\u00fc<\/li>\n\n\n\n<li>Taray\u0131c\u0131 yaz\u0131l\u0131m\u0131 dili ve s\u00fcr\u00fcm\u00fc.<\/li>\n<\/ul>\n\n<p>Veri i\u015flemenin yasal dayana\u011f\u0131, Madde 6 paragraf 1&#8217;dir. 1 sayfa 1 litre GDPR. Me\u015fru menfaatimiz, yukar\u0131da belirtilen veri toplama ama\u00e7lar\u0131ndan kaynaklanmaktad\u0131r. Toplanan verileri hi\u00e7bir ko\u015fulda \u015fahs\u0131n\u0131z hakk\u0131nda sonu\u00e7lar \u00e7\u0131karmak i\u00e7in kullanmay\u0131z.<\/p>\n\n<p><strong>b) e-posta ile ileti\u015fim<\/strong><br\/>Bizimle e-posta yoluyla ileti\u015fime ge\u00e7erseniz, sa\u011flad\u0131\u011f\u0131n\u0131z veriler (e-posta adresiniz, muhtemelen ad\u0131n\u0131z ve telefon numaran\u0131z veya sa\u011flad\u0131\u011f\u0131n\u0131z di\u011fer veriler), sorular\u0131n\u0131z\u0131 yan\u0131tlamak i\u00e7in taraf\u0131m\u0131zca saklanacakt\u0131r. Bu ba\u011flamda ortaya \u00e7\u0131kan verileri, saklama art\u0131k gerekli olmad\u0131\u011f\u0131nda sileriz veya yasal saklama y\u00fck\u00fcml\u00fcl\u00fckleri varsa i\u015flemeyi k\u0131s\u0131tlar\u0131z. Bizimle ileti\u015fime ge\u00e7mek amac\u0131yla veri i\u015fleme, Madde 6 Paragraf 1&#8217;e uygun olarak ger\u00e7ekle\u015fir. 1 sayfa 1 litre g\u00f6n\u00fcll\u00fc olarak verdi\u011finiz onaya dayal\u0131 bir GDPR.<\/p>\n\n<p><strong>ileti\u015fim formu<\/strong><\/p>\n\n<p>\u00c7evrimi\u00e7i ileti\u015fim formumuzu kullanman\u0131n bir par\u00e7as\u0131 olarak, kapsam\u0131 giri\u015f maskesinden g\u00f6r\u00fclebilen belirli ki\u015fisel veriler toplan\u0131r. Bu veriler, yaln\u0131zca talebinizi yan\u0131tlamak veya ileti\u015fim ve ilgili teknik y\u00f6netim olu\u015fturmak amac\u0131yla saklan\u0131r ve kullan\u0131l\u0131r. Bu verilerin i\u015flenmesinin yasal dayana\u011f\u0131, talebinizi Madde 6 paragraf 1 uyar\u0131nca yan\u0131tlamaya y\u00f6nelik me\u015fru menfaatimizdir. 1 litre GDPR. \u0130rtibat\u0131n\u0131z bir s\u00f6zle\u015fme yapmay\u0131 hedefliyorsa, i\u015fleme i\u00e7in ek yasal dayanak Madde 6 paragraf 1&#8217;dir. 1 litre b GDPR. Talebiniz i\u015flendikten sonra verileriniz silinecektir. Aksi y\u00f6nde bir yasal saklama y\u00fck\u00fcml\u00fcl\u00fc\u011f\u00fc bulunmamak kayd\u0131yla, s\u00f6z konusu olgular\u0131n nihai olarak a\u00e7\u0131kl\u0131\u011fa kavu\u015fturuldu\u011fu ko\u015fullardan anla\u015f\u0131labiliyorsa bu b\u00f6yledir. Web sitemizdeki t\u00fcm ileti\u015fim formlar\u0131, tahsis ve veri ekonomisi ilkelerini kar\u015f\u0131lamaktad\u0131r. Yaln\u0131zca e-posta adresi zorunlu bir aland\u0131r ve sizinle ileti\u015fim kurmak i\u00e7in kullan\u0131l\u0131r. Di\u011fer t\u00fcm alanlar iste\u011fe ba\u011fl\u0131 bilgilerdir.<\/p>\n\n<h2 class=\"wp-block-heading\">4. Veri Payla\u015f\u0131m\u0131<\/h2>\n\n<p>Ki\u015fisel verileriniz, a\u015fa\u011f\u0131da belirtilen veya bu veri koruma beyan\u0131nda belirtilen ama\u00e7lar d\u0131\u015f\u0131nda \u00fc\u00e7\u00fcnc\u00fc ki\u015filere aktar\u0131lmayacakt\u0131r. Ki\u015fisel verilerinizi yaln\u0131zca a\u015fa\u011f\u0131daki durumlarda \u00fc\u00e7\u00fcnc\u00fc taraflara aktar\u0131r\u0131z:<\/p>\n\n<ul class=\"wp-block-list\">\n<li>Madde 6 paragraf\u0131na g\u00f6re. 1 sayfa 1 litre bir GDPR, a\u00e7\u0131k onay vermi\u015fse,<\/li>\n\n\n\n<li>Madde 6 paragraf\u0131na g\u00f6re transfer 1 sayfa 1 litre f DSGVO&#8217;nun yasal hak taleplerini ileri s\u00fcrmesi, kullanmas\u0131 veya savunmas\u0131 gerekir ve verilerinizi if\u015fa etmemek konusunda a\u011f\u0131r basan me\u015fru menfaatiniz oldu\u011funu varsaymak i\u00e7in hi\u00e7bir neden yoktur,<\/li>\n\n\n\n<li>Madde 6 paragraf\u0131na g\u00f6re transfer i\u00e7in olmas\u0131 durumunda. 1 sayfa 1 litre c DSGVO yasal bir zorunluluktur, ayr\u0131ca<\/li>\n\n\n\n<li>buna yasal olarak izin verilir ve Madde 6 paragraf 1&#8217;e g\u00f6re. 1 sayfa 1 litre b GDPR, sizinle olan s\u00f6zle\u015fmeye dayal\u0131 ili\u015fkilerin i\u015flenmesi i\u00e7in gereklidir.<\/li>\n<\/ul>\n\n<h2 class=\"wp-block-heading\">5. Veri G\u00fcvenli\u011fi<\/h2>\n\n<p>Bu site, g\u00fcvenlik nedenleriyle ve i\u00e7erik aktar\u0131m\u0131n\u0131 korumak i\u00e7in SSL veya TLS \u015fifrelemesi kullan\u0131r. \u015eifreli bir ba\u011flant\u0131y\u0131, taray\u0131c\u0131n\u0131n adres sat\u0131r\u0131n\u0131n &#8220;http:\/\/&#8221;den &#8220;https:\/\/&#8221;ye de\u011fi\u015fmesinden ve taray\u0131c\u0131 sat\u0131r\u0131n\u0131zdaki kilit simgesinden anlayabilirsiniz. SSL veya TLS \u015fifreleme etkinle\u015ftirilirse, iletilen verilerin \u00fc\u00e7\u00fcnc\u00fc \u015fah\u0131slar taraf\u0131ndan okunmas\u0131 olas\u0131 de\u011fildir.<\/p>\n\n<h2 class=\"wp-block-heading\">6. De\u011fi\u015fiklik yapma hakk\u0131 sakl\u0131d\u0131r<\/h2>\n\n<p>L\u00fctfen bu veri koruma beyan\u0131n\u0131 y\u00fcr\u00fcrl\u00fckteki yasalara uygun olarak zaman zaman uyarlama veya de\u011fi\u015ftirme hakk\u0131n\u0131 sakl\u0131 tuttu\u011fumuzu unutmay\u0131n.<\/p>\n\n<p><strong>Durum: Temmuz 2018<\/strong><\/p>\n\n<p>Kaynak:<br\/>Veri Koruma G\u00f6revlisi<br\/>Torben Vulriede<br\/>Hamburg karayolu 4<br\/>24114 Kiel<br\/>Telefon: 0431-64748448<br\/>E-posta: <a href=\"mailto:mail@dsb-nord.de\">mail@dsb-nord.de<\/a><br\/><a href=\"http:\/\/www.datenschutzbeauftragter-in-norddeutschland.de\/\">www.datenschutzbeauftragter-in-norddeutschland.de<\/a><\/p>\n","protected":false},"excerpt":{"rendered":"<p>A\u015fa\u011f\u0131da, web sitemizi kullan\u0131rken ki\u015fisel verilerin toplanmas\u0131 ve i\u015flenmesi hakk\u0131nda sizi bilgilendiriyoruz. 1. Genel bilgiler ve zorunlu bilgiler veri korumas\u0131Bu sayfalar\u0131n operat\u00f6rleri, verilerinizin korunmas\u0131n\u0131 \u00e7ok ciddiye almaktad\u0131r. Ki\u015fisel verilerinizi gizli bir \u015fekilde ve yasal veri koruma d\u00fczenlemelerine ve bu veri koruma beyan\u0131na uygun olarak ele al\u0131yoruz. \u0130nternetteki veri aktar\u0131m\u0131n\u0131n (\u00f6rn. e-posta ile ileti\u015fim kurarken) g\u00fcvenlik &#8230; <\/p>\n<p class=\"read-more-container\"><a title=\"Veri korumas\u0131\" class=\"read-more button\" href=\"https:\/\/www.bthuus.de\/tr\/veri-korumasi\/#more-2211\" aria-label=\"Read more about Veri korumas\u0131\">Read more<\/a><\/p>\n","protected":false},"author":1,"featured_media":0,"parent":0,"menu_order":0,"comment_status":"closed","ping_status":"closed","template":"","meta":{"iawp_total_views":0,"footnotes":""},"class_list":{"0":"post-2211","1":"page","2":"type-page","3":"status-publish","5":"infinite-scroll-item"},"jetpack_sharing_enabled":true,"_links":{"self":[{"href":"https:\/\/www.bthuus.de\/tr\/wp-json\/wp\/v2\/pages\/2211","targetHints":{"allow":["GET"]}}],"collection":[{"href":"https:\/\/www.bthuus.de\/tr\/wp-json\/wp\/v2\/pages"}],"about":[{"href":"https:\/\/www.bthuus.de\/tr\/wp-json\/wp\/v2\/types\/page"}],"author":[{"embeddable":true,"href":"https:\/\/www.bthuus.de\/tr\/wp-json\/wp\/v2\/users\/1"}],"replies":[{"embeddable":true,"href":"https:\/\/www.bthuus.de\/tr\/wp-json\/wp\/v2\/comments?post=2211"}],"version-history":[{"count":0,"href":"https:\/\/www.bthuus.de\/tr\/wp-json\/wp\/v2\/pages\/2211\/revisions"}],"wp:attachment":[{"href":"https:\/\/www.bthuus.de\/tr\/wp-json\/wp\/v2\/media?parent=2211"}],"curies":[{"name":"wp","href":"https:\/\/api.w.org\/{rel}","templated":true}]}}