{"id":2139,"date":"2023-01-08T17:01:32","date_gmt":"2023-01-08T16:01:32","guid":{"rendered":"https:\/\/www.bthuus.de\/hizmetlerimiz\/palyatif-bakim\/"},"modified":"2023-07-11T12:06:11","modified_gmt":"2023-07-11T10:06:11","slug":"palyatif-bakim","status":"publish","type":"page","link":"https:\/\/www.bthuus.de\/tr\/hizmetlerimiz\/palyatif-bakim\/","title":{"rendered":"palyatif bak\u0131m"},"content":{"rendered":"\n<div class=\"wp-block-group has-global-color-6-background-color has-background\"><div class=\"wp-block-group__inner-container is-layout-constrained wp-block-group-is-layout-constrained\">\n<h2 class=\"wp-block-heading\">\u00f6l\u00fcmden bahsedebilirsin<\/h2>\n\n\n\n<p>Ad\u0131m\u0131z &#8220;Bliev to Huus&#8221;, &#8220;evde kal&#8221; anlam\u0131na geliyor.  <strong>1994 y\u0131l\u0131ndan bu yana ekibimizin en \u00f6nemli kayg\u0131lar\u0131ndan biri \u00f6ld\u00fc\u011f\u00fcn\u00fczde size veya sevdiklerinize tan\u0131d\u0131k bir ortamda e\u015flik etmek olmu\u015ftur.<\/strong>  Elbette bunun i\u00e7in iyi ve kapsaml\u0131 bir \u015fekilde e\u011fitildik.<\/p>\n\n\n\n<p>L\u00fctfen bizimle ileti\u015fime ge\u00e7in. O zaman size ki\u015fisel olarak tavsiyede bulunaca\u011f\u0131z ve evde onurlu bir \u015fekilde \u00f6lmenin t\u00fcm olas\u0131l\u0131klar\u0131 hakk\u0131nda sizinle konu\u015faca\u011f\u0131z.<\/p>\n\n\n\n<p>Michael Burkel (hem\u015firelik servis m\u00fcd\u00fcr\u00fc)<\/p>\n\n\n\n<div class=\"wp-block-buttons is-layout-flex wp-block-buttons-is-layout-flex\">\n<div class=\"wp-block-button has-custom-width wp-block-button__width-100\"><a class=\"wp-block-button__link wp-element-button\" href=\"https:\/\/www.bthuus.de\/tr\/genel-ayakta-palyatif-bakim-aapv\/\" style=\"border-radius:0px\">Genel Ayakta Palyatif Bak\u0131m (AAPV)<\/a><\/div>\n\n\n\n<div class=\"wp-block-button has-custom-width wp-block-button__width-100\"><a class=\"wp-block-button__link wp-element-button\" href=\"https:\/\/www.bthuus.de\/tr\/uzmanlasmis-ayakta-palyatif-bakim-sapv\/\" style=\"border-radius:0px\">Uzmanla\u015fm\u0131\u015f ayakta palyatif bak\u0131m (SAPV)<\/a><\/div>\n<\/div>\n<\/div><\/div>\n\n<div style=\"height:50px\" aria-hidden=\"true\" class=\"wp-block-spacer no-mobile\"><\/div>\n\n<div class=\"wp-block-group has-global-color-6-background-color has-background\"><div class=\"wp-block-group__inner-container is-layout-constrained wp-block-group-is-layout-constrained\">\n<h2 class=\"wp-block-heading\">Palyatif bak\u0131m &#8211; nedir bu?<\/h2>\n\n\n\n<p>&#8220;Palyatif&#8221; kelimesi, &#8220;\u00f6rtmek&#8221; veya &#8220;\u00f6rtmek&#8221; anlam\u0131na gelen Latince &#8220;palliare&#8221; kelimesinden t\u00fcretilmi\u015ftir. Palyatif, Latince&#8217;den gelir ve &#8220;yat\u0131\u015ft\u0131r\u0131c\u0131&#8221; anlam\u0131na gelir. Bu terim <strong>, tedavi edilemeyen hastal\u0131klar\u0131 ve s\u0131n\u0131rl\u0131 ya\u015fam beklentisi olan hastalar\u0131n ya\u015fam kalitesini iyile\u015ftirme \u00e7abalar\u0131n\u0131<\/strong> ifade eder. Palyatif bak\u0131m kapsam\u0131nda sadece fiziksel \u015fikayetler de\u011fil, <strong>psikososyal stres<\/strong> ve <strong>manevi ihtiya\u00e7lar<\/strong> da dikkate al\u0131n\u0131r. Ayr\u0131ca hastan\u0131n ki\u015fisel \u00e7evresi de bak\u0131ma dahil edilir. Palyatif bak\u0131m\u0131n amac\u0131, stres yaratan fakt\u00f6rleri hafifletmek ve hastan\u0131n <strong>tan\u0131d\u0131k bir \u00e7evrede m\u00fcmk\u00fcn oldu\u011funca ba\u011f\u0131ms\u0131z ya\u015famas\u0131n\u0131 ve \u00f6lmesini<\/strong> sa\u011flamakt\u0131r.<\/p>\n\n\n\n<p>Geleneksel ayakta hasta bak\u0131m\u0131n\u0131n aksine palyatif bak\u0131m\u0131n \u00f6nemli bir \u00f6zelli\u011fi <strong>, \u00f6zel nitelikli bak\u0131m personelinin \u00f6rn. B. akrabalar, doktorlar veya psikologlar<\/strong> .<\/p>\n\n\n\n<p>Kiel&#8217;de genel ve uzmanla\u015fm\u0131\u015f ayakta palyatif bak\u0131m konusunda uzmanla\u015fm\u0131\u015f bir ayakta tedavi hizmeti olarak, ilerleyici, tedavisi olmayan bir hastal\u0131\u011f\u0131 olan hastalar\u0131n bak\u0131m\u0131nda \u00f6nemli bir rol oynayabilir ve tan\u0131d\u0131k ev ortam\u0131nda m\u00fcmk\u00fcn oldu\u011fu kadar uzun s\u00fcre evlerinde kalmalar\u0131na yard\u0131mc\u0131 olabiliriz.<\/p>\n<\/div><\/div>\n\n<div style=\"height:25px\" aria-hidden=\"true\" class=\"wp-block-spacer\"><\/div>\n\n<div data-aos-delay=\"1000\" data-aos-duration=\"1500\" data-aos-once=\"true\" data-aos=\"fade-up\" class=\"wp-block-group has-global-color-6-background-color has-background\"><div class=\"wp-block-group__inner-container is-layout-constrained wp-block-group-is-layout-constrained\">\n<h2 class=\"wp-block-heading\">Yard\u0131m etmekten mutluluk duyar\u0131z!<\/h2>\n\n\n\n<p>Kapsaml\u0131 g\u00f6r\u00fc\u015fmelerden sonra, <strong>ihtiya\u00e7lar\u0131n\u0131za en uygun \u015fekilde uyarlanm\u0131\u015f<\/strong> , sizinle birlikte <strong>bireysel bir konsept<\/strong> \u00fczerinde \u00e7al\u0131\u015faca\u011f\u0131z.<\/p>\n\n\n\n<p>Ayakta tedavi a\u00e7\u0131s\u0131ndan <strong>birbirini tan\u0131mak i\u00e7in yap\u0131lan ki\u015fisel g\u00f6r\u00fc\u015fme<\/strong> vazge\u00e7ilmezdir. Bizimle bir konu\u015fma ayarlamaktan \u00e7ekinmeyin!<\/p>\n\n\n\n<div class=\"wp-block-buttons is-layout-flex wp-block-buttons-is-layout-flex\">\n<div class=\"wp-block-button has-custom-width wp-block-button__width-100\"><a class=\"wp-block-button__link wp-element-button\" href=\"tel:04316473730\" style=\"border-radius:0px\" target=\"_blank\" rel=\"noreferrer noopener\">\u2192 ara<\/a><\/div>\n\n\n\n<div class=\"wp-block-button has-custom-width wp-block-button__width-100\"><a class=\"wp-block-button__link wp-element-button\" href=\"https:\/\/www.bthuus.de\/tr\/temas-etmek\/#formular\" style=\"border-radius:0px\">ileti\u015fim formu<\/a><\/div>\n\n\n\n<div class=\"wp-block-button has-custom-width wp-block-button__width-100\"><a class=\"wp-block-button__link wp-element-button\" href=\"mailto:info@bthuus.de\" style=\"border-radius:0px\" target=\"_blank\" rel=\"noreferrer noopener\">\u2192 Bir e-posta yaz\u0131n<\/a><\/div>\n<\/div>\n<\/div><\/div>\n","protected":false},"excerpt":{"rendered":"<p>\u00f6l\u00fcmden bahsedebilirsin Ad\u0131m\u0131z &#8220;Bliev to Huus&#8221;, &#8220;evde kal&#8221; anlam\u0131na geliyor. 1994 y\u0131l\u0131ndan bu yana ekibimizin en \u00f6nemli kayg\u0131lar\u0131ndan biri \u00f6ld\u00fc\u011f\u00fcn\u00fczde size veya sevdiklerinize tan\u0131d\u0131k bir ortamda e\u015flik etmek olmu\u015ftur. Elbette bunun i\u00e7in iyi ve kapsaml\u0131 bir \u015fekilde e\u011fitildik. L\u00fctfen bizimle ileti\u015fime ge\u00e7in. O zaman size ki\u015fisel olarak tavsiyede bulunaca\u011f\u0131z ve evde onurlu bir \u015fekilde \u00f6lmenin &#8230; <\/p>\n<p class=\"read-more-container\"><a title=\"palyatif bak\u0131m\" class=\"read-more button\" href=\"https:\/\/www.bthuus.de\/tr\/hizmetlerimiz\/palyatif-bakim\/#more-2139\" aria-label=\"Read more about palyatif bak\u0131m\">Read more<\/a><\/p>\n","protected":false},"author":1,"featured_media":0,"parent":1797,"menu_order":0,"comment_status":"closed","ping_status":"closed","template":"","meta":{"iawp_total_views":26,"footnotes":""},"class_list":{"0":"post-2139","1":"page","2":"type-page","3":"status-publish","5":"infinite-scroll-item"},"jetpack_sharing_enabled":true,"_links":{"self":[{"href":"https:\/\/www.bthuus.de\/tr\/wp-json\/wp\/v2\/pages\/2139","targetHints":{"allow":["GET"]}}],"collection":[{"href":"https:\/\/www.bthuus.de\/tr\/wp-json\/wp\/v2\/pages"}],"about":[{"href":"https:\/\/www.bthuus.de\/tr\/wp-json\/wp\/v2\/types\/page"}],"author":[{"embeddable":true,"href":"https:\/\/www.bthuus.de\/tr\/wp-json\/wp\/v2\/users\/1"}],"replies":[{"embeddable":true,"href":"https:\/\/www.bthuus.de\/tr\/wp-json\/wp\/v2\/comments?post=2139"}],"version-history":[{"count":0,"href":"https:\/\/www.bthuus.de\/tr\/wp-json\/wp\/v2\/pages\/2139\/revisions"}],"up":[{"embeddable":true,"href":"https:\/\/www.bthuus.de\/tr\/wp-json\/wp\/v2\/pages\/1797"}],"wp:attachment":[{"href":"https:\/\/www.bthuus.de\/tr\/wp-json\/wp\/v2\/media?parent=2139"}],"curies":[{"name":"wp","href":"https:\/\/api.w.org\/{rel}","templated":true}]}}