{"id":2082,"date":"2022-12-10T13:19:51","date_gmt":"2022-12-10T12:19:51","guid":{"rendered":"https:\/\/www.bthuus.de\/uzmanlasmis-ayakta-palyatif-bakim-sapv\/"},"modified":"2023-07-11T12:05:45","modified_gmt":"2023-07-11T10:05:45","slug":"uzmanlasmis-ayakta-palyatif-bakim-sapv","status":"publish","type":"page","link":"https:\/\/www.bthuus.de\/tr\/hizmetlerimiz\/palyatif-bakim\/uzmanlasmis-ayakta-palyatif-bakim-sapv\/","title":{"rendered":"Uzmanla\u015fm\u0131\u015f ayakta palyatif bak\u0131m (SAPV)"},"content":{"rendered":"\n<div class=\"wp-block-group has-global-color-6-background-color has-background\"><div class=\"wp-block-group__inner-container is-layout-constrained wp-block-group-is-layout-constrained\">\n<p><strong>Ayakta \u00f6zel palyatif bak\u0131m (SAPV),<\/strong> ilerleyici, tedavi edilemez bir hastal\u0131\u011f\u0131 olan ki\u015filere y\u00f6nelik, bu hastalar\u0131n ya\u015fam kalitelerini ve esenliklerini iyile\u015ftirmek amac\u0131yla uzmanla\u015fm\u0131\u015f bir bak\u0131m t\u00fcr\u00fcd\u00fcr. SAPV hizmetleri doktorlar, hem\u015fireler, psikologlar ve di\u011fer uzmanlardan olu\u015fan disiplinler aras\u0131 bir ekip taraf\u0131ndan sunulur ve hastan\u0131n bireysel ihtiya\u00e7lar\u0131na g\u00f6re \u015fekillendirilir.<\/p>\n\n\n\n<p><strong><a rel=\"noreferrer noopener\" href=\"https:\/\/www.sapv-team-kiel.de\/\" data-type=\"URL\" data-id=\"https:\/\/www.sapv-team-kiel.de\/\" target=\"_blank\">SAPV Team Kiel&#8217;in<\/a> \u00f6zel olarak nitelikli bir i\u015fbirli\u011fi orta\u011f\u0131y\u0131z<\/strong> ve ayr\u0131ca sevdiklerinizle <strong>\u00f6l\u00fcmc\u00fcl bak\u0131m<\/strong> ve <strong>yas \u00e7al\u0131\u015fmas\u0131<\/strong> sunuyoruz.<\/p>\n<\/div><\/div>\n\n<div style=\"height:50px\" aria-hidden=\"true\" class=\"wp-block-spacer no-mobile\"><\/div>\n\n<div class=\"wp-block-group has-global-color-6-background-color has-background\"><div class=\"wp-block-group__inner-container is-layout-constrained wp-block-group-is-layout-constrained\">\n<h2 class=\"wp-block-heading\">Ayakta palyatif bak\u0131m (SAPV) neleri i\u00e7erir?<\/h2>\n\n\n\n<p>Ayakta \u00f6zel palyatif bak\u0131m (SAPV), ilerleyici, tedavisi m\u00fcmk\u00fcn olmayan bir hastal\u0131\u011f\u0131 olan hastalar ve yak\u0131nlar\u0131 i\u00e7in kapsaml\u0131 bak\u0131m ve deste\u011fi i\u00e7erir. Bunlar, di\u011ferlerinin yan\u0131 s\u0131ra \u015funlar\u0131 i\u00e7erir:<\/p>\n\n\n\n<ul class=\"wp-block-list\">\n<li><strong>A\u011fr\u0131 Y\u00f6netimi<\/strong> : SAPV&#8217;nin \u00f6nemli bir y\u00f6n\u00fc a\u011fr\u0131n\u0131n giderilmesidir. SAPV ekibi, a\u011fr\u0131 kesici ila\u00e7 uygulayarak ve a\u011fr\u0131 y\u00f6netimi planlar\u0131 olu\u015fturarak yard\u0131mc\u0131 olabilir.<\/li>\n\n\n\n<li><strong>Semptom Kontrol\u00fc<\/strong> : SAPV&#8217;nin bir di\u011fer odak noktas\u0131 mide bulant\u0131s\u0131, kusma, nefes almada zorluk veya kab\u0131zl\u0131k gibi semptomlar\u0131 kontrol etmektir. SAPV ekibi, ila\u00e7 uygulayarak veya gastrik t\u00fcpler veya \u00fcriner kateterler yerle\u015ftirmek gibi palyatif \u00f6nlemler uygulayarak hedefe y\u00f6nelik yard\u0131m sa\u011flayabilir.<\/li>\n\n\n\n<li><strong>Psikolojik ve duygusal destek<\/strong> : SAPV&#8217;nin \u00f6nemli bir par\u00e7as\u0131 da hasta ve yak\u0131nlar\u0131n\u0131n psikolojik ve duygusal deste\u011fidir. SAPV ekibi burada \u00f6rne\u011fin konu\u015farak ve dinleyerek \u00f6nemli bir rol oynayabilir.<\/li>\n\n\n\n<li><strong>Yak\u0131nlar\u0131 i\u00e7in dan\u0131\u015fmanl\u0131k ve destek<\/strong> : SAPV, hasta yak\u0131nlar\u0131n\u0131 sevdiklerinin bak\u0131m\u0131 ve bak\u0131m\u0131 konusunda destekler ve onlara tavsiye ve destek sunar.<\/li>\n\n\n\n<li><strong>Dar\u00fclaceze bak\u0131m\u0131<\/strong> : SAPV, hastalar\u0131 hayatlar\u0131n\u0131n son evresinde desteklemek i\u00e7in dar\u00fclaceze bak\u0131m\u0131 da sunabilir.<\/li>\n<\/ul>\n\n\n\n<p>\u00d6zel ayakta palyatif bak\u0131m (SAPV) sa\u011fl\u0131k sigortas\u0131 \u015firketleri taraf\u0131ndan finanse edilir ve hastalar i\u00e7in \u00fccretsizdir. SAPV&#8217;ye kat\u0131l\u0131m bir doktor taraf\u0131ndan ba\u015flat\u0131l\u0131r ve genellikle sa\u011fl\u0131k sigortas\u0131 \u015firketinin onay\u0131n\u0131 gerektirir. SAPV genellikle evde veya bir ayakta tedavi tesisinde ger\u00e7ekle\u015fir.<\/p>\n<\/div><\/div>\n\n<div style=\"height:50px\" aria-hidden=\"true\" class=\"wp-block-spacer no-mobile\"><\/div>\n\n<div class=\"wp-block-group has-global-color-6-background-color has-background\"><div class=\"wp-block-group__inner-container is-layout-constrained wp-block-group-is-layout-constrained\">\n<h2 class=\"wp-block-heading\">Ayakta palyatif bak\u0131m (SAPV) kimlere y\u00f6neliktir?<\/h2>\n\n\n\n<p>Ayakta \u00f6zel palyatif bak\u0131m (SAPV) <strong>, \u00f6zellikle karma\u015f\u0131k ihtiya\u00e7lar\u0131 ve semptomlar\u0131 olan ve kapsaml\u0131 palyatif bak\u0131m gerektiren ilerlemi\u015f, tedavi edilemeyen hastal\u0131\u011f\u0131 olan hastalara<\/strong> y\u00f6neliktir. SAPV, hasta ve yak\u0131nlar\u0131n\u0131n ya\u015fam kalitelerini art\u0131rmay\u0131 ve m\u00fcmk\u00fcn oldu\u011funca ba\u011f\u0131ms\u0131z ya\u015famalar\u0131n\u0131 ve \u00f6lmelerini sa\u011flamay\u0131 ama\u00e7l\u0131yor.<\/p>\n\n\n\n<p>SAPV, doktorlar, hem\u015fireler, psikologlar ve sosyal hizmet uzmanlar\u0131ndan olu\u015fan disiplinler aras\u0131 bir ekip taraf\u0131ndan sa\u011flanan \u00f6zel bir ayakta palyatif bak\u0131m bi\u00e7imidir. Genel olarak SAPV, <a href=\"https:\/\/www.bthuus.de\/tr\/genel-ayakta-palyatif-bakim-aapv\/\" data-type=\"page\" data-id=\"56\">genel ayakta palyatif bak\u0131mdan (AAPV)<\/a> daha kapsaml\u0131 palyatif bak\u0131m gerektiren, \u00f6zellikle karma\u015f\u0131k ihtiya\u00e7lar\u0131 ve semptomlar\u0131 olan hastalar\u0131 hedefler. Bir hasta i\u00e7in hangi palyatif bak\u0131m\u0131n uygun oldu\u011funa dair karar, hastan\u0131n bireysel ihtiya\u00e7lar\u0131 ve semptomlar\u0131na g\u00f6re doktor taraf\u0131ndan verilir.<\/p>\n<\/div><\/div>\n\n<div style=\"height:50px\" aria-hidden=\"true\" class=\"wp-block-spacer no-mobile\"><\/div>\n\n<div class=\"wp-block-group has-global-color-6-background-color has-background\"><div class=\"wp-block-group__inner-container is-layout-constrained wp-block-group-is-layout-constrained\">\n<h2 class=\"wp-block-heading\">Ayakta hasta bak\u0131m hizmeti Bliev to Huus Kiel ve Bredenbek&#8217;te hangi hizmetleri sunuyor?<\/h2>\n\n\n\n<p>\u00d6zel ayakta palyatif bak\u0131m\u0131n (SAPV) bir par\u00e7as\u0131 olarak, genellikle a\u015fa\u011f\u0131daki hizmetleri sunuyoruz:<\/p>\n\n\n\n<ul class=\"wp-block-list\">\n<li>A\u011fr\u0131 ve di\u011fer rahats\u0131zl\u0131klar\u0131n semptomatik tedavisi<\/li>\n\n\n\n<li>ila\u00e7lar\u0131n ve di\u011fer terapilerin uygulanmas\u0131<\/li>\n\n\n\n<li>Bak\u0131m<\/li>\n\n\n\n<li>Kendi kendine yeterlilik ve g\u00fcnl\u00fck ya\u015fam i\u00e7in destek<\/li>\n\n\n\n<li>Hastal\u0131kla ileti\u015fim ve m\u00fccadelede destek<\/li>\n\n\n\n<li>Akrabalar i\u00e7in dan\u0131\u015fmanl\u0131k ve destek<\/li>\n\n\n\n<li>Tedavi eden hekimler ve di\u011fer kat\u0131l\u0131mc\u0131lar ile koordinasyon ve i\u015fbirli\u011fi<\/li>\n<\/ul>\n\n\n\n<p>Hasta ve yak\u0131nlar\u0131n\u0131n bireysel ihtiya\u00e7 ve isteklerine ba\u011fl\u0131 olarak, \u00f6rne\u011fin psikolojik veya sosyal destek \u015feklinde ba\u015fka hizmetler de sunulabilir.<\/p>\n\n\n\n<p>Uzun y\u0131llara dayanan deneyimimiz nedeniyle, <strong>hastan\u0131n \u00f6zerkli\u011fi<\/strong> ve <strong>birbirimizle a\u00e7\u0131k ileti\u015fim<\/strong> bizim i\u00e7in \u00f6zellikle \u00f6nemlidir!<\/p>\n\n\n\n<p>En b\u00fcy\u00fck g\u00fcc\u00fcm\u00fcz\u00fc <strong>, hastalar\u0131m\u0131z\u0131n ve ailelerinin bireysel ihtiya\u00e7lar\u0131na g\u00f6re bu uyarlamada<\/strong> g\u00f6r\u00fcyoruz.<\/p>\n\n\n\n<p><strong>Ekibinde, \u00f6zellikle genel ve uzmanla\u015fm\u0131\u015f ayakta palyatif bak\u0131m i\u00e7in kalifiye hem\u015firelere<\/strong> sahip olmaktan \u00e7ok mutluyuz.<\/p>\n<\/div><\/div>\n\n<div style=\"height:50px\" aria-hidden=\"true\" class=\"wp-block-spacer no-mobile\"><\/div>\n\n<div class=\"wp-block-group has-global-color-6-background-color has-background\"><div class=\"wp-block-group__inner-container is-layout-constrained wp-block-group-is-layout-constrained\">\n<h2 class=\"wp-block-heading\">Ayakta palyatif bak\u0131m nas\u0131l \u00e7al\u0131\u015f\u0131r?<\/h2>\n\n\n\n<p>SAPV, ileri hastal\u0131\u011f\u0131 olan hastalar\u0131n ihtiya\u00e7lar\u0131na g\u00f6re \u00f6zel olarak uyarlanm\u0131\u015f, doktorlar, hem\u015fireler, psikologlar ve sosyal hizmet uzmanlar\u0131ndan olu\u015fan disiplinler aras\u0131 bir ekip taraf\u0131ndan y\u00fcr\u00fct\u00fcl\u00fcr. Bak\u0131m hem evde hem de dar\u00fclaceze veya palyatif bak\u0131m \u00fcnitesi gibi bir ayakta tedavi tesisinde sa\u011flanabilir.<\/p>\n\n\n\n<p>SAPV, a\u011fr\u0131 ve di\u011fer rahats\u0131zl\u0131klar\u0131n semptomatik tedavisine, \u00f6z bak\u0131m deste\u011fine ve hasta ve yak\u0131nlar\u0131 i\u00e7in psikolojik ve sosyal deste\u011fe odaklan\u0131r. Ama\u00e7, hastalar\u0131n ve ailelerinin ya\u015fam kalitesini art\u0131rmak ve tan\u0131d\u0131k bir \u00e7evrede m\u00fcmk\u00fcn oldu\u011funca ba\u011f\u0131ms\u0131z ya\u015famalar\u0131n\u0131 ve \u00f6lmelerini sa\u011flamakt\u0131r.<\/p>\n<\/div><\/div>\n\n<div style=\"height:50px\" aria-hidden=\"true\" class=\"wp-block-spacer no-mobile\"><\/div>\n\n<div class=\"wp-block-group has-global-color-6-background-color has-background\"><div class=\"wp-block-group__inner-container is-layout-constrained wp-block-group-is-layout-constrained\">\n<h2 class=\"wp-block-heading\">s\u0131k\u00e7a Sorulan Sorular<\/h2>\n\n\n<div class=\"saswp-faq-block-section\"><ol style=\"list-style-type:none\"><li style=\"list-style-type: none\"><h4 class=\"\">Was ist die SAPV?<\/h4><p class=\"saswp-faq-answer-text\">Die SAPV ist eine spezialisierte Form der ambulanten Palliativversorgung, die sich an Patient:innen mit fortgeschrittener, nicht heilbarer Erkrankung richtet.<\/p><li style=\"list-style-type: none\"><h4 class=\"\">Wie wird die SAPV finanziert?<\/h4><p class=\"saswp-faq-answer-text\">Die SAPV wird von den Krankenkassen finanziert und ist f\u00fcr die Patient:innen kostenfrei.<\/p><li style=\"list-style-type: none\"><h4 class=\"\">Welche Leistungen werden in der SAPV angeboten?<\/h4><p class=\"saswp-faq-answer-text\">In der SAPV werden umfassende Leistungen angeboten, wie zum Beispiel: Schmerztherapie, Symptomkontrolle, Psychologische Unterst\u00fctzung, Beratung und Unterst\u00fctzung von Angeh\u00f6rigen, Hospizliche Betreuung.<br><\/p><li style=\"list-style-type: none\"><h4 class=\"\">Wer kann in die SAPV aufgenommen werden?<\/h4><p class=\"saswp-faq-answer-text\">In die SAPV k\u00f6nnen Patient:innen mit fortgeschrittener, nicht heilbarer Erkrankung aufgenommen werden, die palliative Versorgung ben\u00f6tigen. Die Aufnahme in die SAPV wird von einer \u00c4rztin, oder einem Arzt veranlasst und bedarf in der Regel einer Zustimmung der Krankenkasse.<\/p><li style=\"list-style-type: none\"><h4 class=\"\">Wo findet die SAPV statt?<\/h4><p class=\"saswp-faq-answer-text\">Die SAPV findet in der Regel zu Hause oder in einer ambulanten Einrichtung statt. In manchen F\u00e4llen kann die SAPV auch in einem Hospiz oder einer Klinik durchgef\u00fchrt werden.<\/p><li style=\"list-style-type: none\"><h4 class=\"\">Was unterscheidet die SAPV von der AAPV?<\/h4><p class=\"saswp-faq-answer-text\">Die SAPV wird von einem interdisziplin\u00e4ren Team aus \u00c4rzt:innen, Pflegekr\u00e4ften, Psycholog:innen und Sozialarbeiter:innen durchgef\u00fchrt und bietet ein umfassendes Angebot an Leistungen wie Schmerztherapie, Symptomkontrolle und psychologische Unterst\u00fctzung. Speziell qualifiziertes Fachpersonal des ambulanten Pflegedienstes und \u00e4rztliches Fachpersonal sind 24h erreichbar.<br><br><\/p><\/ul><\/div><\/div><\/div>\n\n<div style=\"height:50px\" aria-hidden=\"true\" class=\"wp-block-spacer no-mobile\"><\/div>\n\n<div data-aos-delay=\"1000\" data-aos-duration=\"1500\" data-aos-once=\"true\" data-aos=\"fade-up\" class=\"wp-block-group has-global-color-6-background-color has-background\"><div class=\"wp-block-group__inner-container is-layout-constrained wp-block-group-is-layout-constrained\">\n<h2 class=\"wp-block-heading\">Yard\u0131m etmekten mutluluk duyar\u0131z!<\/h2>\n\n\n\n<p>Kapsaml\u0131 g\u00f6r\u00fc\u015fmelerden sonra, <strong>ihtiya\u00e7lar\u0131n\u0131za en uygun \u015fekilde uyarlanm\u0131\u015f<\/strong> , sizinle birlikte <strong>bireysel bir konsept<\/strong> \u00fczerinde \u00e7al\u0131\u015faca\u011f\u0131z.<\/p>\n\n\n\n<p>Ayakta tedavi a\u00e7\u0131s\u0131ndan <strong>birbirini tan\u0131mak i\u00e7in yap\u0131lan ki\u015fisel g\u00f6r\u00fc\u015fme<\/strong> vazge\u00e7ilmezdir. Bizimle bir konu\u015fma ayarlamaktan \u00e7ekinmeyin!<\/p>\n\n\n\n<div class=\"wp-block-buttons is-layout-flex wp-block-buttons-is-layout-flex\">\n<div class=\"wp-block-button has-custom-width wp-block-button__width-100\"><a class=\"wp-block-button__link wp-element-button\" href=\"tel:04316473730\" style=\"border-radius:0px\" target=\"_blank\" rel=\"noreferrer noopener\">\u2192 ara<\/a><\/div>\n\n\n\n<div class=\"wp-block-button has-custom-width wp-block-button__width-100\"><a class=\"wp-block-button__link wp-element-button\" href=\"https:\/\/www.bthuus.de\/tr\/temas-etmek\/#formular\" style=\"border-radius:0px\">ileti\u015fim formu<\/a><\/div>\n\n\n\n<div class=\"wp-block-button has-custom-width wp-block-button__width-100\"><a class=\"wp-block-button__link wp-element-button\" href=\"mailto:info@bthuus.de\" style=\"border-radius:0px\" target=\"_blank\" rel=\"noreferrer noopener\">\u2192 Bir e-posta yaz\u0131n<\/a><\/div>\n<\/div>\n<\/div><\/div>\n","protected":false},"excerpt":{"rendered":"<p>Ayakta \u00f6zel palyatif bak\u0131m (SAPV), ilerleyici, tedavi edilemez bir hastal\u0131\u011f\u0131 olan ki\u015filere y\u00f6nelik, bu hastalar\u0131n ya\u015fam kalitelerini ve esenliklerini iyile\u015ftirmek amac\u0131yla uzmanla\u015fm\u0131\u015f bir bak\u0131m t\u00fcr\u00fcd\u00fcr. SAPV hizmetleri doktorlar, hem\u015fireler, psikologlar ve di\u011fer uzmanlardan olu\u015fan disiplinler aras\u0131 bir ekip taraf\u0131ndan sunulur ve hastan\u0131n bireysel ihtiya\u00e7lar\u0131na g\u00f6re \u015fekillendirilir. SAPV Team Kiel&#8217;in \u00f6zel olarak nitelikli bir i\u015fbirli\u011fi orta\u011f\u0131y\u0131z &#8230; <\/p>\n<p class=\"read-more-container\"><a title=\"Uzmanla\u015fm\u0131\u015f ayakta palyatif bak\u0131m (SAPV)\" class=\"read-more button\" href=\"https:\/\/www.bthuus.de\/tr\/hizmetlerimiz\/palyatif-bakim\/uzmanlasmis-ayakta-palyatif-bakim-sapv\/#more-2082\" aria-label=\"Read more about Uzmanla\u015fm\u0131\u015f ayakta palyatif bak\u0131m (SAPV)\">Read more<\/a><\/p>\n","protected":false},"author":1,"featured_media":0,"parent":2139,"menu_order":0,"comment_status":"closed","ping_status":"closed","template":"","meta":{"iawp_total_views":11,"footnotes":""},"class_list":{"0":"post-2082","1":"page","2":"type-page","3":"status-publish","5":"infinite-scroll-item"},"jetpack_sharing_enabled":true,"_links":{"self":[{"href":"https:\/\/www.bthuus.de\/tr\/wp-json\/wp\/v2\/pages\/2082","targetHints":{"allow":["GET"]}}],"collection":[{"href":"https:\/\/www.bthuus.de\/tr\/wp-json\/wp\/v2\/pages"}],"about":[{"href":"https:\/\/www.bthuus.de\/tr\/wp-json\/wp\/v2\/types\/page"}],"author":[{"embeddable":true,"href":"https:\/\/www.bthuus.de\/tr\/wp-json\/wp\/v2\/users\/1"}],"replies":[{"embeddable":true,"href":"https:\/\/www.bthuus.de\/tr\/wp-json\/wp\/v2\/comments?post=2082"}],"version-history":[{"count":0,"href":"https:\/\/www.bthuus.de\/tr\/wp-json\/wp\/v2\/pages\/2082\/revisions"}],"up":[{"embeddable":true,"href":"https:\/\/www.bthuus.de\/tr\/wp-json\/wp\/v2\/pages\/2139"}],"wp:attachment":[{"href":"https:\/\/www.bthuus.de\/tr\/wp-json\/wp\/v2\/media?parent=2082"}],"curies":[{"name":"wp","href":"https:\/\/api.w.org\/{rel}","templated":true}]}}