{"id":2029,"date":"2022-11-04T14:56:13","date_gmt":"2022-11-04T13:56:13","guid":{"rendered":"https:\/\/www.bthuus.de\/genel-ayakta-palyatif-bakim-aapv\/"},"modified":"2023-07-11T12:05:29","modified_gmt":"2023-07-11T10:05:29","slug":"genel-ayakta-palyatif-bakim-aapv","status":"publish","type":"page","link":"https:\/\/www.bthuus.de\/tr\/hizmetlerimiz\/palyatif-bakim\/genel-ayakta-palyatif-bakim-aapv\/","title":{"rendered":"Genel Ayakta Palyatif Bak\u0131m (AAPV)"},"content":{"rendered":"\n<div class=\"wp-block-group has-global-color-6-background-color has-background\"><div class=\"wp-block-group__inner-container is-layout-constrained wp-block-group-is-layout-constrained\">\n<p><strong>Genel ayakta palyatif bak\u0131m (AAPV)<\/strong> , \u00f6zellikle kendi evlerinde ya\u015famak isteyen a\u011f\u0131r hastalar i\u00e7in sa\u011fl\u0131k hizmetlerinin \u00f6nemli bir par\u00e7as\u0131d\u0131r. AAPV <strong>, ilerlemi\u015f, tedavi edilemeyen hastal\u0131\u011f\u0131 olan hastalar\u0131<\/strong> hedefleyen \u00f6zel bir ayakta tedavi \u015feklidir. AAPV, hastalar\u0131n ve ailelerinin ya\u015fam kalitesini iyile\u015ftirmeyi ve m\u00fcmk\u00fcn oldu\u011funca ba\u011f\u0131ms\u0131z ya\u015famalar\u0131n\u0131 sa\u011flamay\u0131 ama\u00e7lamaktad\u0131r.<\/p>\n\n\n\n<p>AAPV&#8217;ye ek olarak, sevdiklerinizle <strong>ya\u015fam sonu bak\u0131m\u0131<\/strong> ve <strong>yas \u00e7al\u0131\u015fmas\u0131<\/strong> da sunuyoruz.<\/p>\n<\/div><\/div>\n\n<div style=\"height:50px\" aria-hidden=\"true\" class=\"wp-block-spacer no-mobile\"><\/div>\n\n<div class=\"wp-block-group has-global-color-6-background-color has-background\"><div class=\"wp-block-group__inner-container is-layout-constrained wp-block-group-is-layout-constrained\">\n<h2 class=\"wp-block-heading\">Genel ayakta palyatif bak\u0131m (AAPV) neleri i\u00e7erir?<\/h2>\n\n\n\n<p>Ayakta genel palyatif bak\u0131m (AAPV) <strong>, ilerleyici, tedavi edilemez bir hastal\u0131\u011f\u0131 ve s\u0131n\u0131rl\u0131 bir ya\u015fam beklentisi olan hastalar i\u00e7in t\u0131bbi, hem\u015firelik, psikolojik ve sosyal bak\u0131m\u0131<\/strong> i\u00e7erir. AAPV&#8217;nin amac\u0131, hasta ve yak\u0131nlar\u0131n\u0131n ya\u015fam kalitesini art\u0131rmak ve tan\u0131d\u0131k bir \u00e7evrede m\u00fcmk\u00fcn oldu\u011funca ba\u011f\u0131ms\u0131z ya\u015famalar\u0131n\u0131 ve \u00f6lmelerini sa\u011flamakt\u0131r. AAPV evde veya dar\u00fclaceze veya palyatif bak\u0131m \u00fcnitesi gibi bir ayakta tedavi tesisinde sunulabilir. Bak\u0131m doktorlar, hem\u015fireler, psikologlar ve sosyal hizmet uzmanlar\u0131ndan olu\u015fan disiplinler aras\u0131 bir ekip taraf\u0131ndan sa\u011flanmaktad\u0131r. AAPV, a\u011fr\u0131 ve di\u011fer rahats\u0131zl\u0131klar\u0131n semptomatik tedavisinin yan\u0131 s\u0131ra hastalar ve aileleri i\u00e7in psikolojik ve sosyal deste\u011fi i\u00e7erebilir.<\/p>\n<\/div><\/div>\n\n<div style=\"height:50px\" aria-hidden=\"true\" class=\"wp-block-spacer no-mobile\"><\/div>\n\n<div class=\"wp-block-group has-global-color-6-background-color has-background\"><div class=\"wp-block-group__inner-container is-layout-constrained wp-block-group-is-layout-constrained\">\n<h2 class=\"wp-block-heading\">Genel ayakta palyatif bak\u0131m (AAPV) kimlere y\u00f6neliktir?<\/h2>\n\n\n\n<p>Ayakta genel palyatif bak\u0131m (AAPV), palyatif bak\u0131ma ihtiya\u00e7 duyan ilerlemi\u015f, tedavi edilemeyen hastal\u0131\u011f\u0131 olan hastalara y\u00f6neliktir.<\/p>\n<\/div><\/div>\n\n<div style=\"height:50px\" aria-hidden=\"true\" class=\"wp-block-spacer no-mobile\"><\/div>\n\n<div class=\"wp-block-group has-global-color-6-background-color has-background\"><div class=\"wp-block-group__inner-container is-layout-constrained wp-block-group-is-layout-constrained\">\n<h2 class=\"wp-block-heading\">Ayakta hasta bak\u0131m hizmeti Bliev to Huus Kiel ve Bredenbek&#8217;te hangi hizmetleri sunuyor?<\/h2>\n\n\n\n<p>Ayakta hem\u015firelik servisi, AAPV \u00e7er\u00e7evesinde hastalar\u0131n bak\u0131m ve deste\u011finden sorumludur. AAPV kapsam\u0131nda evde bak\u0131m hizmeti olarak sa\u011flayabilece\u011fimiz baz\u0131 hizmet \u00f6rnekleri:<\/p>\n\n\n\n<ul class=\"wp-block-list\">\n<li><strong>Temel bak\u0131m<\/strong> : Hastalar\u0131n y\u0131kama, giyinme ve ki\u015fisel bak\u0131m gibi temel bak\u0131mlar\u0131n\u0131 \u00fcstleniyoruz.<\/li>\n\n\n\n<li><strong>A\u011fr\u0131 tedavisi<\/strong> : Hastalar\u0131n a\u011fr\u0131 kesici ila\u00e7 almas\u0131na yard\u0131mc\u0131 oluyoruz ve onlara a\u011fr\u0131y\u0131 nas\u0131l giderecekleri konusunda ipu\u00e7lar\u0131 veriyoruz.<\/li>\n\n\n\n<li><strong>Semptom Kontrol\u00fc<\/strong> : Hastalar\u0131n mide bulant\u0131s\u0131, kusma ve nefes darl\u0131\u011f\u0131 gibi semptomlar\u0131 kontrol etmelerine destek olabiliriz.<\/li>\n\n\n\n<li><strong>Yak\u0131nlara destek<\/strong> : Hasta yak\u0131nlar\u0131na, sevdiklerinin bak\u0131m\u0131 ve bak\u0131m\u0131 konusunda dan\u0131\u015fmanl\u0131k ve destek sunuyoruz.<\/li>\n<\/ul>\n\n\n\n<p>Kiel ve Bredenbek&#8217;teki Bliev to Huus ayakta hasta bak\u0131m hizmetinde, \u00f6zellikle genel ve uzmanla\u015fm\u0131\u015f ayakta palyatif bak\u0131m i\u00e7in, ekibimizde <strong>kalifiye hem\u015firelere<\/strong> sahip olmaktan \u00e7ok mutluyuz.<\/p>\n<\/div><\/div>\n\n<div style=\"height:50px\" aria-hidden=\"true\" class=\"wp-block-spacer no-mobile\"><\/div>\n\n<div class=\"wp-block-group has-global-color-6-background-color has-background\"><div class=\"wp-block-group__inner-container is-layout-constrained wp-block-group-is-layout-constrained\">\n<h2 class=\"wp-block-heading\">Genel ayakta palyatif bak\u0131m nas\u0131l \u00e7al\u0131\u015f\u0131r?<\/h2>\n\n\n\n<p>Genel olarak, genel ayakta palyatif bak\u0131m \u015fu \u015fekilde ilerler:<\/p>\n\n\n\n<ol class=\"wp-block-list\">\n<li>AAPV, ilerlemi\u015f, tedavisi olmayan bir hastal\u0131\u011f\u0131 olan bir hasta palyatif bak\u0131m gerektirdi\u011finde bir doktor taraf\u0131ndan ba\u015flat\u0131l\u0131r.<\/li>\n\n\n\n<li>Doktor, sa\u011fl\u0131k sigortas\u0131 \u015firketine AAPV i\u00e7in bir ba\u015fvuruda bulunur. Sa\u011fl\u0131k sigortas\u0131 \u015firketi ba\u015fvuruyu kontrol eder ve AAPV&#8217;yi finanse edip etmeyece\u011fine karar verir.<\/li>\n\n\n\n<li>Ba\u015fvuru onaylan\u0131rsa doktor, hem\u015fire ve di\u011fer profesyonellerden olu\u015fan bir AAPV ekibi kurulacakt\u0131r.<\/li>\n\n\n\n<li>AAPV ekibi, hastay\u0131 evde veya ayakta tedavi merkezinde ziyaret eder ve a\u011fr\u0131 y\u00f6netimi, semptom kontrol\u00fc ve psikolojik destek gibi kapsaml\u0131 hizmetler sunar.<\/li>\n\n\n\n<li>AAPV ekibi, bireysel bir tedavi plan\u0131 geli\u015ftirmek i\u00e7in hasta ve ailesiyle yak\u0131n i\u015fbirli\u011fi i\u00e7inde \u00e7al\u0131\u015f\u0131r.<\/li>\n\n\n\n<li>AAPV, hastan\u0131n ihtiyac\u0131 oldu\u011fu s\u00fcrece s\u00fcrer. Hastan\u0131n gereksinimleri de\u011fi\u015firse veya hasta \u00f6l\u00fcrse AAPV sonland\u0131r\u0131l\u0131r.<\/li>\n<\/ol>\n\n\n\n<p>Ayakta palyatif bak\u0131m\u0131n iki bi\u00e7imi oldu\u011funa dikkat etmek \u00f6nemlidir: genel ayakta palyatif bak\u0131m (AAPV) ve <a href=\"https:\/\/www.bthuus.de\/leistungen\/spezialisierte-ambulante-paillativversorgung-sapv\/\" data-type=\"page\" data-id=\"375\">\u00f6zel ayakta palyatif bak\u0131m (SAPV)<\/a> . SAPV, \u00f6zellikle karma\u015f\u0131k ihtiya\u00e7lar\u0131 ve semptomlar\u0131 olan hastalar\u0131 hedefleyen AAPV&#8217;nin daha belirgin ve kapsaml\u0131 bir \u015feklidir. Bir hasta i\u00e7in hangi AAPV formunun uygun oldu\u011funa dair karar, hastan\u0131n bireysel ihtiya\u00e7lar\u0131 ve semptomlar\u0131na g\u00f6re doktor taraf\u0131ndan verilir.<\/p>\n<\/div><\/div>\n\n<div style=\"height:50px\" aria-hidden=\"true\" class=\"wp-block-spacer no-mobile\"><\/div>\n\n<div class=\"wp-block-group has-global-color-6-background-color has-background\"><div class=\"wp-block-group__inner-container is-layout-constrained wp-block-group-is-layout-constrained\">\n<h2 class=\"wp-block-heading\">s\u0131k\u00e7a Sorulan Sorular<\/h2>\n\n\n<div class=\"saswp-faq-block-section\"><ol style=\"list-style-type:none\"><li style=\"list-style-type: none\"><h4 class=\"\">Was ist die AAPV?<\/h4><p class=\"saswp-faq-answer-text\">Die AAPV ist eine spezialisierte Form der ambulanten Medizin, die sich an Patient:innen mit fortgeschrittener, nicht heilbarer Erkrankung richtet. Ziel der AAPV ist es, die Lebensqualit\u00e4t von Patient:innen und ihren Angeh\u00f6rigen zu verbessern und ihnen ein m\u00f6glichst selbstbestimmtes Leben und Sterben zu erm\u00f6glichen.<\/p><li style=\"list-style-type: none\"><h4 class=\"\">Wo findet die AAPV statt?<\/h4><p class=\"saswp-faq-answer-text\">Die AAPV findet in der Regel zu Hause oder in einer ambulanten Einrichtung statt. In manchen F\u00e4llen kann die AAPV auch in einem Hospiz oder einer Klinik durchgef\u00fchrt werden.<\/p><li style=\"list-style-type: none\"><h4 class=\"\">Welche Leistungen werden in der AAPV angeboten?<\/h4><p class=\"saswp-faq-answer-text\">In der AAPV werden umfassende Leistungen angeboten, wie zum Beispiel: Schmerztherapie, Symptomkontrolle, psychologische Unterst\u00fctzung, Beratung und Unterst\u00fctzung von Angeh\u00f6rigen, Hospizliche Betreuung<\/p><li style=\"list-style-type: none\"><h4 class=\"\">Wer kann in die AAPV aufgenommen werden?<\/h4><p class=\"saswp-faq-answer-text\">In die AAPV k\u00f6nnen Patient:innen mit fortgeschrittener, nicht heilbarer Erkrankung aufgenommen werden, die palliative Versorgung ben\u00f6tigen. Die Aufnahme in die AAPV wird von einem Arzt veranlasst und bedarf in der Regel einer Zustimmung der Krankenkasse.<\/p><li style=\"list-style-type: none\"><h4 class=\"\">Wie wird die AAPV finanziert?<\/h4><p class=\"saswp-faq-answer-text\">Die AAPV wird von den Krankenkassen finanziert und ist f\u00fcr die Patient:innen kostenfrei.<\/p><li style=\"list-style-type: none\"><h4 class=\"\">Was ist der Unterschied zwischen AAPV und SAPV?<\/h4><p class=\"saswp-faq-answer-text\">Der wesentliche Unterschied zwischen der AAPV und der SAPV besteht darin, dass die SAPV eine spezialisierte Form der ambulanten Palliativversorgung ist, die sich an Patient:innen mit besonders komplexen Bed\u00fcrfnissen und Symptomen richtet. W\u00e4hrend bei der AAPV die eigene Haus\u00e4rztin oder der eigene Hausarzt verantwortlich ist, ist bei der SAPV eine spezielle \u00c4rztin oder ein spezieller Arzt aus dem SAPV-Team verantwortlich. SAPV umfasst einen deutlich h\u00f6heren Leistungsumfang samt 24h Erreichbarkeit der speziell qualifizierten Pfleger und des \u00e4rztlichen Fachpersonals.<br><\/p><\/ul><\/div><\/div><\/div>\n\n<div style=\"height:50px\" aria-hidden=\"true\" class=\"wp-block-spacer no-mobile\"><\/div>\n\n<div data-aos-delay=\"1000\" data-aos-duration=\"1500\" data-aos-once=\"true\" data-aos=\"fade-up\" class=\"wp-block-group has-global-color-6-background-color has-background\"><div class=\"wp-block-group__inner-container is-layout-constrained wp-block-group-is-layout-constrained\">\n<h2 class=\"wp-block-heading\">Yard\u0131m etmekten mutluluk duyar\u0131z!<\/h2>\n\n\n\n<p>Kapsaml\u0131 g\u00f6r\u00fc\u015fmelerden sonra, <strong>ihtiya\u00e7lar\u0131n\u0131za en uygun \u015fekilde uyarlanm\u0131\u015f<\/strong> , sizinle birlikte <strong>bireysel bir konsept<\/strong> \u00fczerinde \u00e7al\u0131\u015faca\u011f\u0131z.<\/p>\n\n\n\n<p>Ayakta tedavi a\u00e7\u0131s\u0131ndan <strong>birbirini tan\u0131mak i\u00e7in yap\u0131lan ki\u015fisel g\u00f6r\u00fc\u015fme<\/strong> vazge\u00e7ilmezdir. Bizimle bir konu\u015fma ayarlamaktan \u00e7ekinmeyin!<\/p>\n\n\n\n<div class=\"wp-block-buttons is-layout-flex wp-block-buttons-is-layout-flex\">\n<div class=\"wp-block-button has-custom-width wp-block-button__width-100\"><a class=\"wp-block-button__link wp-element-button\" href=\"tel:04316473730\" style=\"border-radius:0px\" target=\"_blank\" rel=\"noreferrer noopener\">\u2192 ara<\/a><\/div>\n\n\n\n<div class=\"wp-block-button has-custom-width wp-block-button__width-100\"><a class=\"wp-block-button__link wp-element-button\" href=\"https:\/\/www.bthuus.de\/tr\/temas-etmek\/#formular\" style=\"border-radius:0px\">ileti\u015fim formu<\/a><\/div>\n\n\n\n<div class=\"wp-block-button has-custom-width wp-block-button__width-100\"><a class=\"wp-block-button__link wp-element-button\" href=\"mailto:info@bthuus.de\" style=\"border-radius:0px\" target=\"_blank\" rel=\"noreferrer noopener\">\u2192 Bir e-posta yaz\u0131n<\/a><\/div>\n<\/div>\n<\/div><\/div>\n","protected":false},"excerpt":{"rendered":"<p>Genel ayakta palyatif bak\u0131m (AAPV) , \u00f6zellikle kendi evlerinde ya\u015famak isteyen a\u011f\u0131r hastalar i\u00e7in sa\u011fl\u0131k hizmetlerinin \u00f6nemli bir par\u00e7as\u0131d\u0131r. AAPV , ilerlemi\u015f, tedavi edilemeyen hastal\u0131\u011f\u0131 olan hastalar\u0131 hedefleyen \u00f6zel bir ayakta tedavi \u015feklidir. AAPV, hastalar\u0131n ve ailelerinin ya\u015fam kalitesini iyile\u015ftirmeyi ve m\u00fcmk\u00fcn oldu\u011funca ba\u011f\u0131ms\u0131z ya\u015famalar\u0131n\u0131 sa\u011flamay\u0131 ama\u00e7lamaktad\u0131r. AAPV&#8217;ye ek olarak, sevdiklerinizle ya\u015fam sonu bak\u0131m\u0131 ve &#8230; <\/p>\n<p class=\"read-more-container\"><a title=\"Genel Ayakta Palyatif Bak\u0131m (AAPV)\" class=\"read-more button\" href=\"https:\/\/www.bthuus.de\/tr\/hizmetlerimiz\/palyatif-bakim\/genel-ayakta-palyatif-bakim-aapv\/#more-2029\" aria-label=\"Read more about Genel Ayakta Palyatif Bak\u0131m (AAPV)\">Read more<\/a><\/p>\n","protected":false},"author":1,"featured_media":0,"parent":2139,"menu_order":0,"comment_status":"closed","ping_status":"closed","template":"","meta":{"iawp_total_views":10,"footnotes":""},"class_list":{"0":"post-2029","1":"page","2":"type-page","3":"status-publish","5":"infinite-scroll-item"},"jetpack_sharing_enabled":true,"_links":{"self":[{"href":"https:\/\/www.bthuus.de\/tr\/wp-json\/wp\/v2\/pages\/2029","targetHints":{"allow":["GET"]}}],"collection":[{"href":"https:\/\/www.bthuus.de\/tr\/wp-json\/wp\/v2\/pages"}],"about":[{"href":"https:\/\/www.bthuus.de\/tr\/wp-json\/wp\/v2\/types\/page"}],"author":[{"embeddable":true,"href":"https:\/\/www.bthuus.de\/tr\/wp-json\/wp\/v2\/users\/1"}],"replies":[{"embeddable":true,"href":"https:\/\/www.bthuus.de\/tr\/wp-json\/wp\/v2\/comments?post=2029"}],"version-history":[{"count":0,"href":"https:\/\/www.bthuus.de\/tr\/wp-json\/wp\/v2\/pages\/2029\/revisions"}],"up":[{"embeddable":true,"href":"https:\/\/www.bthuus.de\/tr\/wp-json\/wp\/v2\/pages\/2139"}],"wp:attachment":[{"href":"https:\/\/www.bthuus.de\/tr\/wp-json\/wp\/v2\/media?parent=2029"}],"curies":[{"name":"wp","href":"https:\/\/api.w.org\/{rel}","templated":true}]}}