{"id":2114,"date":"2023-01-04T14:33:44","date_gmt":"2023-01-04T13:33:44","guid":{"rendered":"https:\/\/www.bthuus.de\/o-nas\/nasi-partnerzy\/"},"modified":"2023-07-11T12:05:46","modified_gmt":"2023-07-11T10:05:46","slug":"nasi-partnerzy","status":"publish","type":"page","link":"https:\/\/www.bthuus.de\/pl\/ueber-uns\/nasi-partnerzy\/","title":{"rendered":"Nasi partnerzy"},"content":{"rendered":"\n<div class=\"wp-block-group has-global-color-6-background-color has-background\"><div class=\"wp-block-group__inner-container is-layout-constrained wp-block-group-is-layout-constrained\">\n<h2 class=\"wp-block-heading\">opieka paliatywna<\/h2>\n\n\n\n<div class=\"wp-block-media-text is-stacked-on-mobile is-vertically-aligned-center\" style=\"grid-template-columns:25% auto\"><figure class=\"wp-block-media-text__media\"><a href=\"https:\/\/www.sapv-team-kiel.de\/\" target=\"_blank\" rel=\"noreferrer noopener\"><img loading=\"lazy\" decoding=\"async\" width=\"250\" height=\"90\" src=\"https:\/\/www.bthuus.de\/wp-content\/uploads\/2023\/01\/SAPV_Spezialisierte_Ambulante_Palliative-Versorgung_Kiel_und_Umgebung-1.png\" alt=\"\" class=\"wp-image-905 size-full\"\/><\/a><\/figure><div class=\"wp-block-media-text__content\">\n<h5 class=\"wp-block-heading\">SAPV Specjalistyczna ambulatoryjna opieka paliatywna<\/h5>\n\n\n\n<p>Jako ambulatoryjna s\u0142u\u017cba piel\u0119gniarska jeste\u015bmy partnerem do wsp\u00f3\u0142pracy <a rel=\"noreferrer noopener\" href=\"https:\/\/www.sapv-team-kiel.de\/\" data-type=\"URL\" data-id=\"https:\/\/www.sapv-team-kiel.de\/\" target=\"_blank\">zespo\u0142u SAPV w Kilonii<\/a> . Cz\u0119\u015b\u0107 naszego zespo\u0142u pomy\u015blnie uko\u0144czy\u0142a dodatkow\u0105 kwalifikacj\u0119 \u201eOpieka paliatywna dla piel\u0119gniarek\u201d \u2013 certyfikowan\u0105 przez <a rel=\"noreferrer noopener\" href=\"https:\/\/www.dgpalliativmedizin.de\/\" data-type=\"URL\" data-id=\"https:\/\/www.dgpalliativmedizin.de\/\" target=\"_blank\">Niemieckie Towarzystwo Medycyny Paliatywnej<\/a> .<\/p>\n<\/div><\/div>\n\n\n\n<div class=\"wp-block-media-text is-stacked-on-mobile is-vertically-aligned-center\" style=\"grid-template-columns:25% auto\"><figure class=\"wp-block-media-text__media\"><a href=\"https:\/\/www.hpvsh.de\/\" target=\"_blank\" rel=\"noreferrer noopener\"><img loading=\"lazy\" decoding=\"async\" width=\"346\" height=\"131\" src=\"https:\/\/www.bthuus.de\/wp-content\/uploads\/2023\/01\/HPVSH_Logo.png\" alt=\"\" class=\"wp-image-910 size-full\" srcset=\"https:\/\/www.bthuus.de\/wp-content\/uploads\/2023\/01\/HPVSH_Logo.png 346w, https:\/\/www.bthuus.de\/wp-content\/uploads\/2023\/01\/HPVSH_Logo-300x114.png 300w\" sizes=\"auto, (max-width: 346px) 100vw, 346px\" \/><\/a><\/figure><div class=\"wp-block-media-text__content\">\n<h5 class=\"wp-block-heading\">Stowarzyszenie Hospicj\u00f3w i Opieki Paliatywnej<br\/>Zarejestrowane stowarzyszenie Szlezwika-Holsztynu<\/h5>\n\n\n\n<p>Jeste\u015bmy <a href=\"https:\/\/www.hpvsh.de\/hilfsangebote\/bliev-to-huus-ambulantes-pflegeteam-kiel-und-bredenbek\" data-type=\"URL\" data-id=\"https:\/\/www.hpvsh.de\/hilfsangebote\/bliev-to-huus-ambulantes-pflegeteam-kiel-und-bredenbek\" target=\"_blank\" rel=\"noreferrer noopener\">cz\u0142onkiem HPVSH<\/a><\/p>\n<\/div><\/div>\n<\/div><\/div>\n\n<div style=\"height:50px\" aria-hidden=\"true\" class=\"wp-block-spacer no-mobile\"><\/div>\n\n<div class=\"wp-block-group has-global-color-6-background-color has-background\"><div class=\"wp-block-group__inner-container is-layout-constrained wp-block-group-is-layout-constrained\">\n<h2 class=\"wp-block-heading\">sklepy z artyku\u0142ami medycznymi<\/h2>\n\n\n\n<div class=\"wp-block-media-text is-stacked-on-mobile is-vertically-aligned-center\" style=\"grid-template-columns:25% auto\"><figure class=\"wp-block-media-text__media\"><a href=\"https:\/\/www.hausderhilfe.de\/\" target=\"_blank\" rel=\"noreferrer noopener\"><img loading=\"lazy\" decoding=\"async\" width=\"400\" height=\"75\" src=\"https:\/\/www.bthuus.de\/wp-content\/uploads\/2022\/12\/Haus_der_Hilfe.webp\" alt=\"Sanit\u00e4tshaus Haus der Hilfe Logo\" class=\"wp-image-369 size-medium\" srcset=\"https:\/\/www.bthuus.de\/wp-content\/uploads\/2022\/12\/Haus_der_Hilfe.webp 400w, https:\/\/www.bthuus.de\/wp-content\/uploads\/2022\/12\/Haus_der_Hilfe-300x56.webp 300w\" sizes=\"auto, (max-width: 400px) 100vw, 400px\" \/><\/a><\/figure><div class=\"wp-block-media-text__content\">\n<h5 class=\"wp-block-heading\">Medyczny dom pomocy<\/h5>\n\n\n\n<p><a rel=\"noreferrer noopener\" href=\"https:\/\/www.hausderhilfe.de\/\" data-type=\"URL\" data-id=\"https:\/\/www.hausderhilfe.de\/\" target=\"_blank\">Sklep z zaopatrzeniem medycznym Haus der Hilfe<\/a> wspiera nas w zaopatrzeniu naszych pacjent\u00f3w w produkty medyczne i pomoce. Wsp\u00f3\u0142praca ze sklepem z zaopatrzeniem medycznym s\u0142u\u017cy lepszej i ci\u0105g\u0142ej opiece naszych pacjent\u00f3w.<\/p>\n<\/div><\/div>\n\n\n\n<div class=\"wp-block-media-text is-stacked-on-mobile is-vertically-aligned-center\" style=\"grid-template-columns:25% auto\"><figure class=\"wp-block-media-text__media\"><a href=\"https:\/\/kurda.de\/\" target=\"_blank\" rel=\"noreferrer noopener\"><img loading=\"lazy\" decoding=\"async\" width=\"400\" height=\"80\" src=\"https:\/\/www.bthuus.de\/wp-content\/uploads\/2023\/01\/Sanitaetshaus-Kurda-Logo.png\" alt=\"\" class=\"wp-image-764 size-medium\" srcset=\"https:\/\/www.bthuus.de\/wp-content\/uploads\/2023\/01\/Sanitaetshaus-Kurda-Logo.png 400w, https:\/\/www.bthuus.de\/wp-content\/uploads\/2023\/01\/Sanitaetshaus-Kurda-Logo-300x60.png 300w\" sizes=\"auto, (max-width: 400px) 100vw, 400px\" \/><\/a><\/figure><div class=\"wp-block-media-text__content\">\n<h5 class=\"wp-block-heading\">Sklep z artyku\u0142ami medycznymi Kurda<\/h5>\n<\/div><\/div>\n\n\n\n<div style=\"height:25px\" aria-hidden=\"true\" class=\"wp-block-spacer\"><\/div>\n\n\n\n<div class=\"wp-block-media-text is-stacked-on-mobile is-vertically-aligned-center\" style=\"grid-template-columns:25% auto\"><figure class=\"wp-block-media-text__media\"><a href=\"https:\/\/www.assmann-kiel.de\/\" target=\"_blank\" rel=\"noreferrer noopener\"><img loading=\"lazy\" decoding=\"async\" width=\"400\" height=\"82\" src=\"https:\/\/www.bthuus.de\/wp-content\/uploads\/2023\/01\/Assmann_Logo_Kiel.png\" alt=\"\" class=\"wp-image-765 size-medium\" srcset=\"https:\/\/www.bthuus.de\/wp-content\/uploads\/2023\/01\/Assmann_Logo_Kiel.png 400w, https:\/\/www.bthuus.de\/wp-content\/uploads\/2023\/01\/Assmann_Logo_Kiel-300x62.png 300w\" sizes=\"auto, (max-width: 400px) 100vw, 400px\" \/><\/a><\/figure><div class=\"wp-block-media-text__content\">\n<h5 class=\"wp-block-heading\">Asman Kiel<\/h5>\n<\/div><\/div>\n<\/div><\/div>\n\n<div style=\"height:50px\" aria-hidden=\"true\" class=\"wp-block-spacer no-mobile\"><\/div>\n\n<div class=\"wp-block-group has-global-color-6-background-color has-background\"><div class=\"wp-block-group__inner-container is-layout-constrained wp-block-group-is-layout-constrained\">\n<h2 class=\"wp-block-heading\">apteki<\/h2>\n\n\n\n<div class=\"wp-block-media-text is-stacked-on-mobile is-vertically-aligned-center\" style=\"grid-template-columns:25% auto\"><figure class=\"wp-block-media-text__media\"><a href=\"https:\/\/www.plazaapotheke.de\/\" target=\"_blank\" rel=\"noreferrer noopener\"><img loading=\"lazy\" decoding=\"async\" width=\"500\" height=\"151\" src=\"https:\/\/www.bthuus.de\/wp-content\/uploads\/2022\/12\/Apotheke_im_Plaza.webp\" alt=\"\" class=\"wp-image-365 size-medium\" srcset=\"https:\/\/www.bthuus.de\/wp-content\/uploads\/2022\/12\/Apotheke_im_Plaza.webp 500w, https:\/\/www.bthuus.de\/wp-content\/uploads\/2022\/12\/Apotheke_im_Plaza-300x91.webp 300w\" sizes=\"auto, (max-width: 500px) 100vw, 500px\" \/><\/a><\/figure><div class=\"wp-block-media-text__content\">\n<h5 class=\"wp-block-heading\">Apteka Plaza<\/h5>\n\n\n\n<p><a rel=\"noreferrer noopener\" href=\"https:\/\/www.plazaapotheke.de\/\" data-type=\"URL\" data-id=\"https:\/\/www.plazaapotheke.de\/\" target=\"_blank\">Plaza Apotheke<\/a> jest naszym niezawodnym partnerem w zakresie pozyskiwania lek\u00f3w do podawania lek\u00f3w w ramach opieki ambulatoryjnej.<\/p>\n<\/div><\/div>\n\n\n\n<div class=\"wp-block-media-text is-stacked-on-mobile is-vertically-aligned-center\" style=\"grid-template-columns:25% auto\"><figure class=\"wp-block-media-text__media\"><a href=\"https:\/\/apotheke-kiel.de\/\" target=\"_blank\" rel=\"noreferrer noopener\"><img loading=\"lazy\" decoding=\"async\" width=\"1024\" height=\"341\" src=\"https:\/\/www.bthuus.de\/wp-content\/uploads\/2023\/01\/Apotheke_Ruedel-1024x341.webp\" alt=\"\" class=\"wp-image-768 size-medium\" srcset=\"https:\/\/www.bthuus.de\/wp-content\/uploads\/2023\/01\/Apotheke_Ruedel-1024x341.webp 1024w, https:\/\/www.bthuus.de\/wp-content\/uploads\/2023\/01\/Apotheke_Ruedel-300x100.webp 300w, https:\/\/www.bthuus.de\/wp-content\/uploads\/2023\/01\/Apotheke_Ruedel-768x256.webp 768w, https:\/\/www.bthuus.de\/wp-content\/uploads\/2023\/01\/Apotheke_Ruedel-jpg.webp 1500w\" sizes=\"auto, (max-width: 1024px) 100vw, 1024px\" \/><\/a><\/figure><div class=\"wp-block-media-text__content\">\n<h5 class=\"wp-block-heading\">pakowa\u0107 apteki<\/h5>\n<\/div><\/div>\n\n\n\n<div style=\"height:25px\" aria-hidden=\"true\" class=\"wp-block-spacer\"><\/div>\n\n\n\n<div class=\"wp-block-media-text is-stacked-on-mobile is-vertically-aligned-center\" style=\"grid-template-columns:25% auto\"><figure class=\"wp-block-media-text__media\"><a href=\"https:\/\/www.roland-apotheke-kiel.de\/\" target=\"_blank\" rel=\"noreferrer noopener\"><img loading=\"lazy\" decoding=\"async\" width=\"408\" height=\"200\" src=\"https:\/\/www.bthuus.de\/wp-content\/uploads\/2023\/01\/Roland_Apotheke_Kiel.png\" alt=\"\" class=\"wp-image-761 size-medium\" srcset=\"https:\/\/www.bthuus.de\/wp-content\/uploads\/2023\/01\/Roland_Apotheke_Kiel.png 408w, https:\/\/www.bthuus.de\/wp-content\/uploads\/2023\/01\/Roland_Apotheke_Kiel-300x147.png 300w\" sizes=\"auto, (max-width: 408px) 100vw, 408px\" \/><\/a><\/figure><div class=\"wp-block-media-text__content\">\n<h5 class=\"wp-block-heading\">Apteka Rolanda<\/h5>\n<\/div><\/div>\n<\/div><\/div>\n\n<div style=\"height:50px\" aria-hidden=\"true\" class=\"wp-block-spacer no-mobile\"><\/div>\n\n<div class=\"wp-block-group has-global-color-6-background-color has-background\"><div class=\"wp-block-group__inner-container is-layout-constrained wp-block-group-is-layout-constrained\">\n<h2 class=\"wp-block-heading\">Ponad i poza<\/h2>\n\n\n\n<div class=\"wp-block-media-text is-stacked-on-mobile is-vertically-aligned-center\" style=\"grid-template-columns:25% auto\"><figure class=\"wp-block-media-text__media\"><a href=\"http:\/\/wischhof.com\/index.html\" target=\"_blank\" rel=\"noreferrer noopener\"><img loading=\"lazy\" decoding=\"async\" width=\"243\" height=\"90\" src=\"https:\/\/www.bthuus.de\/wp-content\/uploads\/2022\/12\/Wischhof_frisches-_aus_Sehestedt-jpg.webp\" alt=\"Wischhof Sehestedt\" class=\"wp-image-368 size-full\"\/><\/a><\/figure><div class=\"wp-block-media-text__content\">\n<h5 class=\"wp-block-heading\">Wischhof Sehestedt<\/h5>\n\n\n\n<p><a rel=\"noreferrer noopener\" href=\"http:\/\/wischhof.com\/index.html\" data-type=\"URL\" data-id=\"http:\/\/wischhof.com\/index.html\" target=\"_blank\">Wischhof<\/a> zaopatruje nas raz w tygodniu w \u015bwie\u017ce ekologiczne owoce i warzywa z regionu do biura.<\/p>\n<\/div><\/div>\n\n\n\n<div class=\"wp-block-media-text is-stacked-on-mobile is-vertically-aligned-center\" style=\"grid-template-columns:25% auto\"><figure class=\"wp-block-media-text__media\"><img loading=\"lazy\" decoding=\"async\" width=\"858\" height=\"755\" src=\"https:\/\/www.bthuus.de\/wp-content\/uploads\/2022\/11\/Logo-Kaffeekueste-4c.webp\" alt=\"Logo Laboe wybrze\u017ca kawy\" class=\"wp-image-139 size-medium\" srcset=\"https:\/\/www.bthuus.de\/wp-content\/uploads\/2022\/11\/Logo-Kaffeekueste-4c.webp 858w, https:\/\/www.bthuus.de\/wp-content\/uploads\/2022\/11\/Logo-Kaffeekueste-4c-300x264.webp 300w, https:\/\/www.bthuus.de\/wp-content\/uploads\/2022\/11\/Logo-Kaffeekueste-4c-768x676.webp 768w\" sizes=\"auto, (max-width: 858px) 100vw, 858px\" \/><\/figure><div class=\"wp-block-media-text__content\">\n<h5 class=\"wp-block-heading\">Prywatna palarnia Kaffeekueste Laboe GmbH<\/h5>\n\n\n\n<p>Do naszego biura dostarczamy kaw\u0119 z <a rel=\"noreferrer noopener\" href=\"https:\/\/kaffeekueste.de\/\" data-type=\"URL\" data-id=\"https:\/\/kaffeekueste.de\/\" target=\"_blank\">prywatnej palarni Kaffeekueste w Laboe<\/a> . Dzi\u0119ki dostawom Zero Waste unikamy plastikowych odpad\u00f3w i niepotrzebnych odpad\u00f3w. Dodatkowo jest to kawa Fairtrade z certyfikatem ekologicznym. Cieszymy si\u0119, \u017ce znale\u017ali\u015bmy partnera w Kaffeekueste Laboe, dla kt\u00f3rego zr\u00f3wnowa\u017cony rozw\u00f3j jest tak samo wa\u017cny jak cz\u0119\u015b\u0107 filozofii korporacyjnej.<\/p>\n<\/div><\/div>\n\n\n\n<div class=\"wp-block-media-text is-stacked-on-mobile is-vertically-aligned-center\" style=\"grid-template-columns:25% auto\"><figure class=\"wp-block-media-text__media\"><a href=\"https:\/\/www.sueverkruep.de\/\" target=\"_blank\" rel=\"noreferrer noopener\"><img loading=\"lazy\" decoding=\"async\" width=\"1024\" height=\"299\" src=\"https:\/\/www.bthuus.de\/wp-content\/uploads\/2023\/01\/Sueverkruep_Logo_rgb_meta_mit_Claim_v01_RZ-1024x299.png\" alt=\"\" class=\"wp-image-904 size-medium\" srcset=\"https:\/\/www.bthuus.de\/wp-content\/uploads\/2023\/01\/Sueverkruep_Logo_rgb_meta_mit_Claim_v01_RZ-1024x299.png 1024w, https:\/\/www.bthuus.de\/wp-content\/uploads\/2023\/01\/Sueverkruep_Logo_rgb_meta_mit_Claim_v01_RZ-300x88.png 300w, https:\/\/www.bthuus.de\/wp-content\/uploads\/2023\/01\/Sueverkruep_Logo_rgb_meta_mit_Claim_v01_RZ-768x224.png 768w, https:\/\/www.bthuus.de\/wp-content\/uploads\/2023\/01\/Sueverkruep_Logo_rgb_meta_mit_Claim_v01_RZ.png 1134w\" sizes=\"auto, (max-width: 1024px) 100vw, 1024px\" \/><\/a><\/figure><div class=\"wp-block-media-text__content\">\n<h5 class=\"wp-block-heading\">Salon samochodowy S\u00fcverkr\u00fcp<\/h5>\n\n\n\n<p>Znale\u017ali\u015bmy lojalnego partnera w <a href=\"https:\/\/www.sueverkruep.de\/\" data-type=\"URL\" data-id=\"https:\/\/www.sueverkruep.de\/\" target=\"_blank\" rel=\"noreferrer noopener\">Autohaus S\u00fcverkr\u00fcp,<\/a> kt\u00f3ry zapewnia niezb\u0119dny stopie\u0144 zr\u00f3wnowa\u017conego rozwoju i przewidywania w naszej flocie. Niezale\u017cnie od tego, czy jest to hybryda, czy czysto elektryczna, r\u00f3wnowaga klimatyczna nie jest dla nas bez znaczenia. Szef korzysta teraz z naszego roweru e-cargo, aby pokonywa\u0107 wi\u0119kszo\u015b\u0107 podr\u00f3\u017cy, kiedy tylko jest to mo\u017cliwe.<\/p>\n<\/div><\/div>\n<\/div><\/div>\n\n<div style=\"height:50px\" aria-hidden=\"true\" class=\"wp-block-spacer no-mobile\"><\/div>\n\n<div class=\"wp-block-group has-global-color-6-background-color has-background\"><div class=\"wp-block-group__inner-container is-layout-constrained wp-block-group-is-layout-constrained\">\n<h2 class=\"wp-block-heading\">sponsoring<\/h2>\n\n\n\n<div class=\"wp-block-media-text is-stacked-on-mobile is-vertically-aligned-center\" style=\"grid-template-columns:25% auto\"><figure class=\"wp-block-media-text__media\"><img loading=\"lazy\" decoding=\"async\" width=\"500\" height=\"500\" src=\"https:\/\/www.bthuus.de\/wp-content\/uploads\/2023\/01\/Logo_Bredenbek_Felde.png\" alt=\"\" class=\"wp-image-823 size-full\" srcset=\"https:\/\/www.bthuus.de\/wp-content\/uploads\/2023\/01\/Logo_Bredenbek_Felde.png 500w, https:\/\/www.bthuus.de\/wp-content\/uploads\/2023\/01\/Logo_Bredenbek_Felde-300x300.png 300w, https:\/\/www.bthuus.de\/wp-content\/uploads\/2023\/01\/Logo_Bredenbek_Felde-150x150.png 150w\" sizes=\"auto, (max-width: 500px) 100vw, 500px\" \/><\/figure><div class=\"wp-block-media-text__content\">\n<h5 class=\"wp-block-heading\"><a href=\"http:\/\/www.tusfelde.de\/index.php\/sport\/fussball\">SG<\/a> Felde\/Bredenbeck<\/h5>\n\n\n\n<p>Jeste\u015bmy sponsorem koszulkowym m\u0119skiej dru\u017cyny pi\u0142karskiej SG Felde\/Bredenbek.<\/p>\n<\/div><\/div>\n<\/div><\/div>\n","protected":false},"excerpt":{"rendered":"<p>opieka paliatywna SAPV Specjalistyczna ambulatoryjna opieka paliatywna Jako ambulatoryjna s\u0142u\u017cba piel\u0119gniarska jeste\u015bmy partnerem do wsp\u00f3\u0142pracy zespo\u0142u SAPV w Kilonii . Cz\u0119\u015b\u0107 naszego zespo\u0142u pomy\u015blnie uko\u0144czy\u0142a dodatkow\u0105 kwalifikacj\u0119 \u201eOpieka paliatywna dla piel\u0119gniarek\u201d \u2013 certyfikowan\u0105 przez Niemieckie Towarzystwo Medycyny Paliatywnej . Stowarzyszenie Hospicj\u00f3w i Opieki PaliatywnejZarejestrowane stowarzyszenie Szlezwika-Holsztynu Jeste\u015bmy cz\u0142onkiem HPVSH sklepy z artyku\u0142ami medycznymi Medyczny dom &#8230; <\/p>\n<p class=\"read-more-container\"><a title=\"Nasi partnerzy\" class=\"read-more button\" href=\"https:\/\/www.bthuus.de\/pl\/ueber-uns\/nasi-partnerzy\/#more-2114\" aria-label=\"Dowiedz si\u0119 wi\u0119cej o Nasi partnerzy\">Czytaj dalej<\/a><\/p>\n","protected":false},"author":1,"featured_media":0,"parent":1820,"menu_order":0,"comment_status":"closed","ping_status":"closed","template":"","meta":{"iawp_total_views":3,"footnotes":""},"class_list":{"0":"post-2114","1":"page","2":"type-page","3":"status-publish","5":"infinite-scroll-item"},"jetpack_sharing_enabled":true,"_links":{"self":[{"href":"https:\/\/www.bthuus.de\/pl\/wp-json\/wp\/v2\/pages\/2114","targetHints":{"allow":["GET"]}}],"collection":[{"href":"https:\/\/www.bthuus.de\/pl\/wp-json\/wp\/v2\/pages"}],"about":[{"href":"https:\/\/www.bthuus.de\/pl\/wp-json\/wp\/v2\/types\/page"}],"author":[{"embeddable":true,"href":"https:\/\/www.bthuus.de\/pl\/wp-json\/wp\/v2\/users\/1"}],"replies":[{"embeddable":true,"href":"https:\/\/www.bthuus.de\/pl\/wp-json\/wp\/v2\/comments?post=2114"}],"version-history":[{"count":0,"href":"https:\/\/www.bthuus.de\/pl\/wp-json\/wp\/v2\/pages\/2114\/revisions"}],"up":[{"embeddable":true,"href":"https:\/\/www.bthuus.de\/pl\/wp-json\/wp\/v2\/pages\/1820"}],"wp:attachment":[{"href":"https:\/\/www.bthuus.de\/pl\/wp-json\/wp\/v2\/media?parent=2114"}],"curies":[{"name":"wp","href":"https:\/\/api.w.org\/{rel}","templated":true}]}}