{"id":2106,"date":"2022-12-10T13:19:51","date_gmt":"2022-12-10T12:19:51","guid":{"rendered":"https:\/\/www.bthuus.de\/specjalistyczna-ambulatoryjna-opieka-paliatywna-sapv\/"},"modified":"2023-07-11T12:06:47","modified_gmt":"2023-07-11T10:06:47","slug":"specjalistyczna-ambulatoryjna-opieka-paliatywna-sapv","status":"publish","type":"page","link":"https:\/\/www.bthuus.de\/pl\/nasze-uslugi\/opieka-paliatywna\/specjalistyczna-ambulatoryjna-opieka-paliatywna-sapv\/","title":{"rendered":"Specjalistyczna ambulatoryjna opieka paliatywna (SAPV)"},"content":{"rendered":"\n<div class=\"wp-block-group has-global-color-6-background-color has-background\"><div class=\"wp-block-group__inner-container is-layout-constrained wp-block-group-is-layout-constrained\">\n<p><strong>Specjalistyczna ambulatoryjna opieka paliatywna (SAPV)<\/strong> to specjalistyczny rodzaj opieki skierowany do os\u00f3b z post\u0119puj\u0105c\u0105, nieuleczaln\u0105 chorob\u0105, maj\u0105cy na celu popraw\u0119 jako\u015bci \u017cycia i samopoczucia tych pacjent\u00f3w. Us\u0142ugi SAPV oferowane s\u0105 przez interdyscyplinarny zesp\u00f3\u0142 lekarzy, piel\u0119gniarek, psycholog\u00f3w i innych specjalist\u00f3w i s\u0105 dostosowane do indywidualnych potrzeb pacjenta.<\/p>\n\n\n\n<p>Jeste\u015bmy <strong>specjalnie wykwalifikowanym partnerem do wsp\u00f3\u0142pracy <a rel=\"noreferrer noopener\" href=\"https:\/\/www.sapv-team-kiel.de\/\" data-type=\"URL\" data-id=\"https:\/\/www.sapv-team-kiel.de\/\" target=\"_blank\">SAPV Team Kiel<\/a><\/strong> , a tak\u017ce oferujemy <strong>opiek\u0119 terminaln\u0105<\/strong> i <strong>prac\u0119 w \u017ca\u0142obie<\/strong> z bliskimi.<\/p>\n<\/div><\/div>\n\n<div style=\"height:50px\" aria-hidden=\"true\" class=\"wp-block-spacer no-mobile\"><\/div>\n\n<div class=\"wp-block-group has-global-color-6-background-color has-background\"><div class=\"wp-block-group__inner-container is-layout-constrained wp-block-group-is-layout-constrained\">\n<h2 class=\"wp-block-heading\">Co obejmuje specjalistyczna ambulatoryjna opieka paliatywna (SAPV)?<\/h2>\n\n\n\n<p>Specjalistyczna ambulatoryjna opieka paliatywna (SAPV) obejmuje kompleksow\u0105 opiek\u0119 i wsparcie dla pacjent\u00f3w z post\u0119puj\u0105c\u0105, nieuleczaln\u0105 chorob\u0105 i ich bliskich. Nale\u017c\u0105 do nich mi\u0119dzy innymi:<\/p>\n\n\n\n<ul class=\"wp-block-list\">\n<li><strong>Zarz\u0105dzanie b\u00f3lem<\/strong> : Wa\u017cnym aspektem SAPV jest \u0142agodzenie b\u00f3lu. Zesp\u00f3\u0142 SAPV mo\u017ce pom\u00f3c, podaj\u0105c leki przeciwb\u00f3lowe i tworz\u0105c plany leczenia b\u00f3lu.<\/li>\n\n\n\n<li><strong>Kontrola objaw\u00f3w<\/strong> : Innym celem SAPV jest kontrolowanie objaw\u00f3w, takich jak nudno\u015bci, wymioty, trudno\u015bci w oddychaniu lub zaparcia. Zesp\u00f3\u0142 SAPV mo\u017ce zapewni\u0107 ukierunkowan\u0105 pomoc poprzez podawanie lek\u00f3w lub przeprowadzanie dzia\u0142a\u0144 paliatywnych, takich jak zak\u0142adanie sond \u017co\u0142\u0105dkowych lub cewnik\u00f3w moczowych.<\/li>\n\n\n\n<li><strong>Wsparcie psychologiczne i emocjonalne<\/strong> : Istotn\u0105 cz\u0119\u015bci\u0105 SAPV jest r\u00f3wnie\u017c wsparcie psychologiczne i emocjonalne pacjent\u00f3w i ich bliskich. Zesp\u00f3\u0142 SAPV mo\u017ce tu odegra\u0107 wa\u017cn\u0105 rol\u0119, na przyk\u0142ad m\u00f3wi\u0105c i s\u0142uchaj\u0105c.<\/li>\n\n\n\n<li><strong>Doradztwo i wsparcie dla krewnych<\/strong> : SAPV wspiera krewnych pacjent\u00f3w w opiece i opiece nad ich bliskimi oraz oferuje im porady i wsparcie.<\/li>\n\n\n\n<li><strong>Opieka hospicyjna<\/strong> : SAPV mo\u017ce r\u00f3wnie\u017c oferowa\u0107 opiek\u0119 hospicyjn\u0105, aby wspiera\u0107 pacjent\u00f3w w ostatniej fazie \u017cycia.<\/li>\n<\/ul>\n\n\n\n<p>Specjalistyczna ambulatoryjna opieka paliatywna (SAPV) jest finansowana przez kasy chorych i jest bezp\u0142atna dla pacjent\u00f3w. W\u0142\u0105czenie do SAPV jest inicjowane przez lekarza i zwykle wymaga zgody kasy chorych. SAPV zwykle odbywa si\u0119 w domu lub w plac\u00f3wce ambulatoryjnej.<\/p>\n<\/div><\/div>\n\n<div style=\"height:50px\" aria-hidden=\"true\" class=\"wp-block-spacer no-mobile\"><\/div>\n\n<div class=\"wp-block-group has-global-color-6-background-color has-background\"><div class=\"wp-block-group__inner-container is-layout-constrained wp-block-group-is-layout-constrained\">\n<h2 class=\"wp-block-heading\">Do kogo kierowana jest specjalistyczna ambulatoryjna opieka paliatywna (SAPV)?<\/h2>\n\n\n\n<p>Specjalistyczna ambulatoryjna opieka paliatywna (SAPV) skierowana jest do <strong>pacjent\u00f3w z zaawansowan\u0105, nieuleczaln\u0105 chorob\u0105, kt\u00f3rzy maj\u0105 szczeg\u00f3lnie z\u0142o\u017cone potrzeby i objawy oraz wymagaj\u0105 kompleksowej opieki paliatywnej<\/strong> . Celem SAPV jest poprawa jako\u015bci \u017cycia pacjent\u00f3w i ich bliskich oraz umo\u017cliwienie im jak najbardziej niezale\u017cnego \u017cycia i \u015bmierci.<\/p>\n\n\n\n<p>SAPV to specjalistyczna forma ambulatoryjnej opieki paliatywnej \u015bwiadczona przez interdyscyplinarny zesp\u00f3\u0142 lekarzy, piel\u0119gniarek, psycholog\u00f3w i pracownik\u00f3w socjalnych. Og\u00f3lnie rzecz bior\u0105c, SAPV jest skierowany do pacjent\u00f3w ze szczeg\u00f3lnie z\u0142o\u017conymi potrzebami i objawami, kt\u00f3rzy wymagaj\u0105 bardziej kompleksowej opieki paliatywnej ni\u017c <a href=\"https:\/\/www.bthuus.de\/pl\/nasze-uslugi\/opieka-paliatywna\/ogolna-ambulatoryjna-opieka-paliatywna-aapv\/\" data-type=\"page\" data-id=\"56\">og\u00f3lna ambulatoryjna opieka paliatywna (AAPV)<\/a> . Decyzj\u0119 o tym, jaka forma opieki paliatywnej jest w\u0142a\u015bciwa dla pacjenta, podejmuje lekarz na podstawie indywidualnych potrzeb i objaw\u00f3w pacjenta.<\/p>\n<\/div><\/div>\n\n<div style=\"height:50px\" aria-hidden=\"true\" class=\"wp-block-spacer no-mobile\"><\/div>\n\n<div class=\"wp-block-group has-global-color-6-background-color has-background\"><div class=\"wp-block-group__inner-container is-layout-constrained wp-block-group-is-layout-constrained\">\n<h2 class=\"wp-block-heading\">Jakie us\u0142ugi oferuje ambulatoryjna opieka piel\u0119gniarska Bliev to Huus w Kilonii i Bredenbek?<\/h2>\n\n\n\n<p>W ramach specjalistycznej ambulatoryjnej opieki paliatywnej (SAPV) zasadniczo oferujemy nast\u0119puj\u0105ce us\u0142ugi:<\/p>\n\n\n\n<ul class=\"wp-block-list\">\n<li>Objawowe leczenie b\u00f3lu i innych dolegliwo\u015bci<\/li>\n\n\n\n<li>podawanie lek\u00f3w i innych terapii<\/li>\n\n\n\n<li>Opieka<\/li>\n\n\n\n<li>Wsparcie w samodzielno\u015bci i \u017cyciu codziennym<\/li>\n\n\n\n<li>Wsparcie w komunikacji i radzeniu sobie z chorob\u0105<\/li>\n\n\n\n<li>Poradnictwo i wsparcie dla bliskich<\/li>\n\n\n\n<li>Koordynacja i wsp\u00f3\u0142praca z lekarzami prowadz\u0105cymi i innymi uczestnikami<\/li>\n<\/ul>\n\n\n\n<p>W zale\u017cno\u015bci od indywidualnych potrzeb i \u017cycze\u0144 pacjenta i jego bliskich, oferowane mog\u0105 by\u0107 r\u00f3wnie\u017c inne us\u0142ugi, np. w formie wsparcia psychologicznego lub socjalnego.<\/p>\n\n\n\n<p>Ze wzgl\u0119du na nasze wieloletnie do\u015bwiadczenie <strong>autonomia pacjenta<\/strong> i <strong>otwarta komunikacja mi\u0119dzy sob\u0105<\/strong> s\u0105 dla nas szczeg\u00f3lnie wa\u017cne!<\/p>\n\n\n\n<p>Nasz\u0105 najwi\u0119ksz\u0105 si\u0142\u0119 upatrujemy w tym <strong>dostosowaniu do indywidualnych potrzeb naszych pacjent\u00f3w i ich rodzin<\/strong> .<\/p>\n\n\n\n<p>Cieszymy si\u0119, \u017ce <strong>w jego zespole s\u0105 wykwalifikowane piel\u0119gniarki, zw\u0142aszcza w ambulatoryjnej opiece paliatywnej og\u00f3lnej i specjalistycznej<\/strong> .<\/p>\n<\/div><\/div>\n\n<div style=\"height:50px\" aria-hidden=\"true\" class=\"wp-block-spacer no-mobile\"><\/div>\n\n<div class=\"wp-block-group has-global-color-6-background-color has-background\"><div class=\"wp-block-group__inner-container is-layout-constrained wp-block-group-is-layout-constrained\">\n<h2 class=\"wp-block-heading\">Jak dzia\u0142a specjalistyczna ambulatoryjna opieka paliatywna?<\/h2>\n\n\n\n<p>SAPV prowadzony jest przez interdyscyplinarny zesp\u00f3\u0142 lekarzy, piel\u0119gniarek, psycholog\u00f3w i pracownik\u00f3w socjalnych, kt\u00f3ry jest specjalnie dostosowany do potrzeb pacjent\u00f3w z zaawansowan\u0105 chorob\u0105. Opieka mo\u017ce by\u0107 \u015bwiadczona zar\u00f3wno w domu, jak iw plac\u00f3wce ambulatoryjnej, takiej jak hospicjum czy oddzia\u0142 opieki paliatywnej.<\/p>\n\n\n\n<p>SAPV koncentruje si\u0119 na objawowym leczeniu b\u00f3lu i innych dolegliwo\u015bci, wsparciu w samoobs\u0142udze oraz wsparciu psychologiczno-spo\u0142ecznym dla pacjent\u00f3w i ich bliskich. Celem jest poprawa jako\u015bci \u017cycia pacjent\u00f3w i ich rodzin oraz umo\u017cliwienie im jak najbardziej niezale\u017cnego \u017cycia i umierania w znanym otoczeniu.<\/p>\n<\/div><\/div>\n\n<div style=\"height:50px\" aria-hidden=\"true\" class=\"wp-block-spacer no-mobile\"><\/div>\n\n<div class=\"wp-block-group has-global-color-6-background-color has-background\"><div class=\"wp-block-group__inner-container is-layout-constrained wp-block-group-is-layout-constrained\">\n<h2 class=\"wp-block-heading\">Cz\u0119sto Zadawane Pytania<\/h2>\n\n\n<div class=\"saswp-faq-block-section\"><ol style=\"list-style-type:none\"><li style=\"list-style-type: none\"><h4 class=\"\">Was ist die SAPV?<\/h4><p class=\"saswp-faq-answer-text\">Die SAPV ist eine spezialisierte Form der ambulanten Palliativversorgung, die sich an Patient:innen mit fortgeschrittener, nicht heilbarer Erkrankung richtet.<\/p><li style=\"list-style-type: none\"><h4 class=\"\">Wie wird die SAPV finanziert?<\/h4><p class=\"saswp-faq-answer-text\">Die SAPV wird von den Krankenkassen finanziert und ist f\u00fcr die Patient:innen kostenfrei.<\/p><li style=\"list-style-type: none\"><h4 class=\"\">Welche Leistungen werden in der SAPV angeboten?<\/h4><p class=\"saswp-faq-answer-text\">In der SAPV werden umfassende Leistungen angeboten, wie zum Beispiel: Schmerztherapie, Symptomkontrolle, Psychologische Unterst\u00fctzung, Beratung und Unterst\u00fctzung von Angeh\u00f6rigen, Hospizliche Betreuung.<br><\/p><li style=\"list-style-type: none\"><h4 class=\"\">Wer kann in die SAPV aufgenommen werden?<\/h4><p class=\"saswp-faq-answer-text\">In die SAPV k\u00f6nnen Patient:innen mit fortgeschrittener, nicht heilbarer Erkrankung aufgenommen werden, die palliative Versorgung ben\u00f6tigen. Die Aufnahme in die SAPV wird von einer \u00c4rztin, oder einem Arzt veranlasst und bedarf in der Regel einer Zustimmung der Krankenkasse.<\/p><li style=\"list-style-type: none\"><h4 class=\"\">Wo findet die SAPV statt?<\/h4><p class=\"saswp-faq-answer-text\">Die SAPV findet in der Regel zu Hause oder in einer ambulanten Einrichtung statt. In manchen F\u00e4llen kann die SAPV auch in einem Hospiz oder einer Klinik durchgef\u00fchrt werden.<\/p><li style=\"list-style-type: none\"><h4 class=\"\">Was unterscheidet die SAPV von der AAPV?<\/h4><p class=\"saswp-faq-answer-text\">Die SAPV wird von einem interdisziplin\u00e4ren Team aus \u00c4rzt:innen, Pflegekr\u00e4ften, Psycholog:innen und Sozialarbeiter:innen durchgef\u00fchrt und bietet ein umfassendes Angebot an Leistungen wie Schmerztherapie, Symptomkontrolle und psychologische Unterst\u00fctzung. Speziell qualifiziertes Fachpersonal des ambulanten Pflegedienstes und \u00e4rztliches Fachpersonal sind 24h erreichbar.<br><br><\/p><\/ul><\/div><\/div><\/div>\n\n<div style=\"height:50px\" aria-hidden=\"true\" class=\"wp-block-spacer no-mobile\"><\/div>\n\n<div data-aos-delay=\"1000\" data-aos-duration=\"1500\" data-aos-once=\"true\" data-aos=\"fade-up\" class=\"wp-block-group has-global-color-6-background-color has-background\"><div class=\"wp-block-group__inner-container is-layout-constrained wp-block-group-is-layout-constrained\">\n<h2 class=\"wp-block-heading\">Ch\u0119tnie pomo\u017cemy!<\/h2>\n\n\n\n<p>Po obszernych dyskusjach opracujemy z Pa\u0144stwem <strong>indywidualn\u0105 koncepcj\u0119<\/strong> , kt\u00f3ra b\u0119dzie <strong>optymalnie dostosowana do Pa\u0144stwa potrzeb<\/strong> .<\/p>\n\n\n\n<p><strong>Osobiste spotkanie w celu wzajemnego poznania<\/strong> jest niezast\u0105pione w przypadku opieki ambulatoryjnej. Zapraszamy do um\u00f3wienia si\u0119 z nami na rozmow\u0119!<\/p>\n\n\n\n<div class=\"wp-block-buttons is-layout-flex wp-block-buttons-is-layout-flex\">\n<div class=\"wp-block-button has-custom-width wp-block-button__width-100\"><a class=\"wp-block-button__link wp-element-button\" href=\"tel:04316473730\" style=\"border-radius:0px\" target=\"_blank\" rel=\"noreferrer noopener\">\u2192 Zadzwo\u0144<\/a><\/div>\n\n\n\n<div class=\"wp-block-button has-custom-width wp-block-button__width-100\"><a class=\"wp-block-button__link wp-element-button\" href=\"https:\/\/www.bthuus.de\/pl\/kontakt\/#formular\" style=\"border-radius:0px\">Aby skontaktowa\u0107 si\u0119 z formularzem<\/a><\/div>\n\n\n\n<div class=\"wp-block-button has-custom-width wp-block-button__width-100\"><a class=\"wp-block-button__link wp-element-button\" href=\"mailto:info@bthuus.de\" style=\"border-radius:0px\" target=\"_blank\" rel=\"noreferrer noopener\">\u2192 Napisz e-mail<\/a><\/div>\n<\/div>\n<\/div><\/div>\n","protected":false},"excerpt":{"rendered":"<p>Specjalistyczna ambulatoryjna opieka paliatywna (SAPV) to specjalistyczny rodzaj opieki skierowany do os\u00f3b z post\u0119puj\u0105c\u0105, nieuleczaln\u0105 chorob\u0105, maj\u0105cy na celu popraw\u0119 jako\u015bci \u017cycia i samopoczucia tych pacjent\u00f3w. Us\u0142ugi SAPV oferowane s\u0105 przez interdyscyplinarny zesp\u00f3\u0142 lekarzy, piel\u0119gniarek, psycholog\u00f3w i innych specjalist\u00f3w i s\u0105 dostosowane do indywidualnych potrzeb pacjenta. Jeste\u015bmy specjalnie wykwalifikowanym partnerem do wsp\u00f3\u0142pracy SAPV Team Kiel &#8230; <\/p>\n<p class=\"read-more-container\"><a title=\"Specjalistyczna ambulatoryjna opieka paliatywna (SAPV)\" class=\"read-more button\" href=\"https:\/\/www.bthuus.de\/pl\/nasze-uslugi\/opieka-paliatywna\/specjalistyczna-ambulatoryjna-opieka-paliatywna-sapv\/#more-2106\" aria-label=\"Dowiedz si\u0119 wi\u0119cej o Specjalistyczna ambulatoryjna opieka paliatywna (SAPV)\">Czytaj dalej<\/a><\/p>\n","protected":false},"author":1,"featured_media":0,"parent":2135,"menu_order":0,"comment_status":"closed","ping_status":"closed","template":"","meta":{"iawp_total_views":46,"footnotes":""},"class_list":{"0":"post-2106","1":"page","2":"type-page","3":"status-publish","5":"infinite-scroll-item"},"jetpack_sharing_enabled":true,"_links":{"self":[{"href":"https:\/\/www.bthuus.de\/pl\/wp-json\/wp\/v2\/pages\/2106","targetHints":{"allow":["GET"]}}],"collection":[{"href":"https:\/\/www.bthuus.de\/pl\/wp-json\/wp\/v2\/pages"}],"about":[{"href":"https:\/\/www.bthuus.de\/pl\/wp-json\/wp\/v2\/types\/page"}],"author":[{"embeddable":true,"href":"https:\/\/www.bthuus.de\/pl\/wp-json\/wp\/v2\/users\/1"}],"replies":[{"embeddable":true,"href":"https:\/\/www.bthuus.de\/pl\/wp-json\/wp\/v2\/comments?post=2106"}],"version-history":[{"count":0,"href":"https:\/\/www.bthuus.de\/pl\/wp-json\/wp\/v2\/pages\/2106\/revisions"}],"up":[{"embeddable":true,"href":"https:\/\/www.bthuus.de\/pl\/wp-json\/wp\/v2\/pages\/2135"}],"wp:attachment":[{"href":"https:\/\/www.bthuus.de\/pl\/wp-json\/wp\/v2\/media?parent=2106"}],"curies":[{"name":"wp","href":"https:\/\/api.w.org\/{rel}","templated":true}]}}