{"id":2007,"date":"2022-11-04T14:56:13","date_gmt":"2022-11-04T13:56:13","guid":{"rendered":"https:\/\/www.bthuus.de\/ogolna-ambulatoryjna-opieka-paliatywna-aapv\/"},"modified":"2023-07-11T12:06:45","modified_gmt":"2023-07-11T10:06:45","slug":"ogolna-ambulatoryjna-opieka-paliatywna-aapv","status":"publish","type":"page","link":"https:\/\/www.bthuus.de\/pl\/nasze-uslugi\/opieka-paliatywna\/ogolna-ambulatoryjna-opieka-paliatywna-aapv\/","title":{"rendered":"Og\u00f3lna ambulatoryjna opieka paliatywna (AAPV)"},"content":{"rendered":"\n<div class=\"wp-block-group has-global-color-6-background-color has-background\"><div class=\"wp-block-group__inner-container is-layout-constrained wp-block-group-is-layout-constrained\">\n<p><strong>Og\u00f3lna ambulatoryjna opieka paliatywna (AAPV)<\/strong> jest wa\u017cn\u0105 cz\u0119\u015bci\u0105 opieki zdrowotnej, zw\u0142aszcza dla os\u00f3b ci\u0119\u017cko chorych, kt\u00f3re chc\u0105 mieszka\u0107 we w\u0142asnych domach. AAPV to specjalistyczna forma medycyny ambulatoryjnej skierowana do <strong>pacjent\u00f3w z zaawansowan\u0105, nieuleczaln\u0105 chorob\u0105<\/strong> . AAPV ma na celu popraw\u0119 jako\u015bci \u017cycia pacjent\u00f3w i ich rodzin oraz umo\u017cliwienie im jak najbardziej niezale\u017cnego \u017cycia.<\/p>\n\n\n\n<p>Opr\u00f3cz AAPV oferujemy r\u00f3wnie\u017c <strong>opiek\u0119 u schy\u0142ku \u017cycia<\/strong> i <strong>prac\u0119 w \u017ca\u0142obie<\/strong> z bliskimi.<\/p>\n<\/div><\/div>\n\n<div style=\"height:50px\" aria-hidden=\"true\" class=\"wp-block-spacer no-mobile\"><\/div>\n\n<div class=\"wp-block-group has-global-color-6-background-color has-background\"><div class=\"wp-block-group__inner-container is-layout-constrained wp-block-group-is-layout-constrained\">\n<h2 class=\"wp-block-heading\">Co obejmuje og\u00f3lna ambulatoryjna opieka paliatywna (AAPV)?<\/h2>\n\n\n\n<p>Og\u00f3lna ambulatoryjna opieka paliatywna (AAPV) obejmuje <strong>opiek\u0119 lekarsk\u0105, piel\u0119gniarsk\u0105, psychologiczn\u0105 i socjaln\u0105 nad pacjentami z post\u0119puj\u0105c\u0105, nieuleczaln\u0105 chorob\u0105 i ograniczon\u0105 przewidywan\u0105 d\u0142ugo\u015bci\u0105 \u017cycia<\/strong> . Celem AAPV jest poprawa jako\u015bci \u017cycia pacjent\u00f3w i ich bliskich oraz umo\u017cliwienie im jak najbardziej niezale\u017cnego \u017cycia i \u015bmierci w znajomym otoczeniu. AAPV mo\u017ce by\u0107 oferowane w domu lub w plac\u00f3wce ambulatoryjnej, takiej jak hospicjum lub oddzia\u0142 opieki paliatywnej. Opiek\u0119 sprawuje interdyscyplinarny zesp\u00f3\u0142 lekarzy, piel\u0119gniarek, psycholog\u00f3w i pracownik\u00f3w socjalnych. AAPV mo\u017ce obejmowa\u0107 leczenie objawowe b\u00f3lu i innych dolegliwo\u015bci oraz wsparcie psychologiczne i spo\u0142eczne dla pacjent\u00f3w i ich rodzin.<\/p>\n<\/div><\/div>\n\n<div style=\"height:50px\" aria-hidden=\"true\" class=\"wp-block-spacer no-mobile\"><\/div>\n\n<div class=\"wp-block-group has-global-color-6-background-color has-background\"><div class=\"wp-block-group__inner-container is-layout-constrained wp-block-group-is-layout-constrained\">\n<h2 class=\"wp-block-heading\">Do kogo kierowana jest og\u00f3lna ambulatoryjna opieka paliatywna (AAPV)?<\/h2>\n\n\n\n<p>Og\u00f3lna ambulatoryjna opieka paliatywna (AAPV) skierowana jest do pacjent\u00f3w z zaawansowan\u0105, nieuleczaln\u0105 chorob\u0105, kt\u00f3rzy wymagaj\u0105 opieki paliatywnej.<\/p>\n<\/div><\/div>\n\n<div style=\"height:50px\" aria-hidden=\"true\" class=\"wp-block-spacer no-mobile\"><\/div>\n\n<div class=\"wp-block-group has-global-color-6-background-color has-background\"><div class=\"wp-block-group__inner-container is-layout-constrained wp-block-group-is-layout-constrained\">\n<h2 class=\"wp-block-heading\">Jakie us\u0142ugi oferuje ambulatoryjna opieka piel\u0119gniarska Bliev to Huus w Kilonii i Bredenbek?<\/h2>\n\n\n\n<p>Ambulatoryjna s\u0142u\u017cba piel\u0119gniarska jest odpowiedzialna za opiek\u0119 i wsparcie pacjent\u00f3w w ramach AAPV. Oto kilka przyk\u0142ad\u00f3w us\u0142ug, kt\u00f3re mo\u017cemy \u015bwiadczy\u0107 w ramach opieki domowej w ramach AAPV:<\/p>\n\n\n\n<ul class=\"wp-block-list\">\n<li><strong>Opieka podstawowa<\/strong> : Przejmujemy podstawowe czynno\u015bci piel\u0119gnacyjne nad pacjentem, takie jak mycie, ubieranie i higiena osobista.<\/li>\n\n\n\n<li><strong>Terapia b\u00f3lu<\/strong> : Pomagamy pacjentom przyjmowa\u0107 leki przeciwb\u00f3lowe i udzielamy wskaz\u00f3wek, jak z\u0142agodzi\u0107 b\u00f3l.<\/li>\n\n\n\n<li><strong>Kontrola objaw\u00f3w<\/strong> : Mo\u017cemy wspiera\u0107 pacjent\u00f3w w kontrolowaniu objaw\u00f3w, takich jak nudno\u015bci, wymioty i duszno\u015b\u0107.<\/li>\n\n\n\n<li><strong>Wsparcie dla bliskich<\/strong> : Oferujemy porady i wsparcie dla bliskich pacjent\u00f3w w opiece i opiece nad bliskimi.<\/li>\n<\/ul>\n\n\n\n<p>W ambulatorium Bliev to Huus w Kilonii i Bredenbek jeste\u015bmy bardzo szcz\u0119\u015bliwi, \u017ce mamy w naszym zespole <strong>wykwalifikowane piel\u0119gniarki<\/strong> , zw\u0142aszcza w zakresie og\u00f3lnej i specjalistycznej ambulatoryjnej opieki paliatywnej.<\/p>\n<\/div><\/div>\n\n<div style=\"height:50px\" aria-hidden=\"true\" class=\"wp-block-spacer no-mobile\"><\/div>\n\n<div class=\"wp-block-group has-global-color-6-background-color has-background\"><div class=\"wp-block-group__inner-container is-layout-constrained wp-block-group-is-layout-constrained\">\n<h2 class=\"wp-block-heading\">Jak dzia\u0142a og\u00f3lna ambulatoryjna opieka paliatywna?<\/h2>\n\n\n\n<p>Og\u00f3lnie rzecz bior\u0105c, og\u00f3lna ambulatoryjna opieka paliatywna przebiega w nast\u0119puj\u0105cy spos\u00f3b:<\/p>\n\n\n\n<ol class=\"wp-block-list\">\n<li>AAPV jest inicjowane przez lekarza, gdy pacjent z zaawansowan\u0105, nieuleczaln\u0105 chorob\u0105 wymaga opieki paliatywnej.<\/li>\n\n\n\n<li>Lekarz sk\u0142ada wniosek o AAPV do kasy chorych. Zak\u0142ad ubezpiecze\u0144 zdrowotnych sprawdza wniosek i decyduje, czy sfinansowa\u0107 AAPV.<\/li>\n\n\n\n<li>Je\u015bli wniosek zostanie zatwierdzony, zostanie powo\u0142any zesp\u00f3\u0142 AAPV sk\u0142adaj\u0105cy si\u0119 z lekarzy, piel\u0119gniarek i innych specjalist\u00f3w.<\/li>\n\n\n\n<li>Zesp\u00f3\u0142 AAPV odwiedza pacjenta w domu lub w plac\u00f3wce ambulatoryjnej i \u015bwiadczy kompleksowe us\u0142ugi, takie jak leczenie b\u00f3lu, kontrola objaw\u00f3w i wsparcie psychologiczne.<\/li>\n\n\n\n<li>Zesp\u00f3\u0142 AAPV \u015bci\u015ble wsp\u00f3\u0142pracuje z pacjentem i jego rodzin\u0105 w celu opracowania indywidualnego planu leczenia.<\/li>\n\n\n\n<li>AAPV trwa tak d\u0142ugo, jak potrzebuje tego pacjent. Je\u015bli potrzeby pacjenta ulegn\u0105 zmianie lub je\u015bli pacjent umrze, AAPV zostanie zako\u0144czone.<\/li>\n<\/ol>\n\n\n\n<p>Nale\u017cy zauwa\u017cy\u0107, \u017ce istniej\u0105 dwie formy ambulatoryjnej opieki paliatywnej: og\u00f3lna ambulatoryjna opieka paliatywna (AAPV) i <a href=\"https:\/\/www.bthuus.de\/leistungen\/spezialisierte-ambulante-paillativversorgung-sapv\/\" data-type=\"page\" data-id=\"375\">specjalistyczna ambulatoryjna opieka paliatywna (SAPV)<\/a> . SAPV jest bardziej wyra\u017an\u0105 i wszechstronn\u0105 form\u0105 AAPV, kt\u00f3ra jest skierowana do pacjent\u00f3w ze szczeg\u00f3lnie z\u0142o\u017conymi potrzebami i objawami. Decyzj\u0119, kt\u00f3ra forma AAPV jest odpowiednia dla pacjenta, podejmuje lekarz na podstawie indywidualnych potrzeb i objaw\u00f3w pacjenta.<\/p>\n<\/div><\/div>\n\n<div style=\"height:50px\" aria-hidden=\"true\" class=\"wp-block-spacer no-mobile\"><\/div>\n\n<div class=\"wp-block-group has-global-color-6-background-color has-background\"><div class=\"wp-block-group__inner-container is-layout-constrained wp-block-group-is-layout-constrained\">\n<h2 class=\"wp-block-heading\">Cz\u0119sto Zadawane Pytania<\/h2>\n\n\n<div class=\"saswp-faq-block-section\"><ol style=\"list-style-type:none\"><li style=\"list-style-type: none\"><h4 class=\"\">Was ist die AAPV?<\/h4><p class=\"saswp-faq-answer-text\">Die AAPV ist eine spezialisierte Form der ambulanten Medizin, die sich an Patient:innen mit fortgeschrittener, nicht heilbarer Erkrankung richtet. Ziel der AAPV ist es, die Lebensqualit\u00e4t von Patient:innen und ihren Angeh\u00f6rigen zu verbessern und ihnen ein m\u00f6glichst selbstbestimmtes Leben und Sterben zu erm\u00f6glichen.<\/p><li style=\"list-style-type: none\"><h4 class=\"\">Wo findet die AAPV statt?<\/h4><p class=\"saswp-faq-answer-text\">Die AAPV findet in der Regel zu Hause oder in einer ambulanten Einrichtung statt. In manchen F\u00e4llen kann die AAPV auch in einem Hospiz oder einer Klinik durchgef\u00fchrt werden.<\/p><li style=\"list-style-type: none\"><h4 class=\"\">Welche Leistungen werden in der AAPV angeboten?<\/h4><p class=\"saswp-faq-answer-text\">In der AAPV werden umfassende Leistungen angeboten, wie zum Beispiel: Schmerztherapie, Symptomkontrolle, psychologische Unterst\u00fctzung, Beratung und Unterst\u00fctzung von Angeh\u00f6rigen, Hospizliche Betreuung<\/p><li style=\"list-style-type: none\"><h4 class=\"\">Wer kann in die AAPV aufgenommen werden?<\/h4><p class=\"saswp-faq-answer-text\">In die AAPV k\u00f6nnen Patient:innen mit fortgeschrittener, nicht heilbarer Erkrankung aufgenommen werden, die palliative Versorgung ben\u00f6tigen. Die Aufnahme in die AAPV wird von einem Arzt veranlasst und bedarf in der Regel einer Zustimmung der Krankenkasse.<\/p><li style=\"list-style-type: none\"><h4 class=\"\">Wie wird die AAPV finanziert?<\/h4><p class=\"saswp-faq-answer-text\">Die AAPV wird von den Krankenkassen finanziert und ist f\u00fcr die Patient:innen kostenfrei.<\/p><li style=\"list-style-type: none\"><h4 class=\"\">Was ist der Unterschied zwischen AAPV und SAPV?<\/h4><p class=\"saswp-faq-answer-text\">Der wesentliche Unterschied zwischen der AAPV und der SAPV besteht darin, dass die SAPV eine spezialisierte Form der ambulanten Palliativversorgung ist, die sich an Patient:innen mit besonders komplexen Bed\u00fcrfnissen und Symptomen richtet. W\u00e4hrend bei der AAPV die eigene Haus\u00e4rztin oder der eigene Hausarzt verantwortlich ist, ist bei der SAPV eine spezielle \u00c4rztin oder ein spezieller Arzt aus dem SAPV-Team verantwortlich. SAPV umfasst einen deutlich h\u00f6heren Leistungsumfang samt 24h Erreichbarkeit der speziell qualifizierten Pfleger und des \u00e4rztlichen Fachpersonals.<br><\/p><\/ul><\/div><\/div><\/div>\n\n<div style=\"height:50px\" aria-hidden=\"true\" class=\"wp-block-spacer no-mobile\"><\/div>\n\n<div data-aos-delay=\"1000\" data-aos-duration=\"1500\" data-aos-once=\"true\" data-aos=\"fade-up\" class=\"wp-block-group has-global-color-6-background-color has-background\"><div class=\"wp-block-group__inner-container is-layout-constrained wp-block-group-is-layout-constrained\">\n<h2 class=\"wp-block-heading\">Ch\u0119tnie pomo\u017cemy!<\/h2>\n\n\n\n<p>Po obszernych dyskusjach opracujemy z Pa\u0144stwem <strong>indywidualn\u0105 koncepcj\u0119<\/strong> , kt\u00f3ra b\u0119dzie <strong>optymalnie dostosowana do Pa\u0144stwa potrzeb<\/strong> .<\/p>\n\n\n\n<p><strong>Osobiste spotkanie w celu wzajemnego poznania<\/strong> jest niezast\u0105pione w przypadku opieki ambulatoryjnej. Zapraszamy do um\u00f3wienia si\u0119 z nami na rozmow\u0119!<\/p>\n\n\n\n<div class=\"wp-block-buttons is-layout-flex wp-block-buttons-is-layout-flex\">\n<div class=\"wp-block-button has-custom-width wp-block-button__width-100\"><a class=\"wp-block-button__link wp-element-button\" href=\"tel:04316473730\" style=\"border-radius:0px\" target=\"_blank\" rel=\"noreferrer noopener\">\u2192 Zadzwo\u0144<\/a><\/div>\n\n\n\n<div class=\"wp-block-button has-custom-width wp-block-button__width-100\"><a class=\"wp-block-button__link wp-element-button\" href=\"https:\/\/www.bthuus.de\/pl\/kontakt\/#formular\" style=\"border-radius:0px\">Aby skontaktowa\u0107 si\u0119 z formularzem<\/a><\/div>\n\n\n\n<div class=\"wp-block-button has-custom-width wp-block-button__width-100\"><a class=\"wp-block-button__link wp-element-button\" href=\"mailto:info@bthuus.de\" style=\"border-radius:0px\" target=\"_blank\" rel=\"noreferrer noopener\">\u2192 Napisz e-mail<\/a><\/div>\n<\/div>\n<\/div><\/div>\n","protected":false},"excerpt":{"rendered":"<p>Og\u00f3lna ambulatoryjna opieka paliatywna (AAPV) jest wa\u017cn\u0105 cz\u0119\u015bci\u0105 opieki zdrowotnej, zw\u0142aszcza dla os\u00f3b ci\u0119\u017cko chorych, kt\u00f3re chc\u0105 mieszka\u0107 we w\u0142asnych domach. AAPV to specjalistyczna forma medycyny ambulatoryjnej skierowana do pacjent\u00f3w z zaawansowan\u0105, nieuleczaln\u0105 chorob\u0105 . AAPV ma na celu popraw\u0119 jako\u015bci \u017cycia pacjent\u00f3w i ich rodzin oraz umo\u017cliwienie im jak najbardziej niezale\u017cnego \u017cycia. Opr\u00f3cz AAPV &#8230; <\/p>\n<p class=\"read-more-container\"><a title=\"Og\u00f3lna ambulatoryjna opieka paliatywna (AAPV)\" class=\"read-more button\" href=\"https:\/\/www.bthuus.de\/pl\/nasze-uslugi\/opieka-paliatywna\/ogolna-ambulatoryjna-opieka-paliatywna-aapv\/#more-2007\" aria-label=\"Dowiedz si\u0119 wi\u0119cej o Og\u00f3lna ambulatoryjna opieka paliatywna (AAPV)\">Czytaj dalej<\/a><\/p>\n","protected":false},"author":1,"featured_media":0,"parent":2135,"menu_order":0,"comment_status":"closed","ping_status":"closed","template":"","meta":{"iawp_total_views":14,"footnotes":""},"class_list":{"0":"post-2007","1":"page","2":"type-page","3":"status-publish","5":"infinite-scroll-item"},"jetpack_sharing_enabled":true,"_links":{"self":[{"href":"https:\/\/www.bthuus.de\/pl\/wp-json\/wp\/v2\/pages\/2007","targetHints":{"allow":["GET"]}}],"collection":[{"href":"https:\/\/www.bthuus.de\/pl\/wp-json\/wp\/v2\/pages"}],"about":[{"href":"https:\/\/www.bthuus.de\/pl\/wp-json\/wp\/v2\/types\/page"}],"author":[{"embeddable":true,"href":"https:\/\/www.bthuus.de\/pl\/wp-json\/wp\/v2\/users\/1"}],"replies":[{"embeddable":true,"href":"https:\/\/www.bthuus.de\/pl\/wp-json\/wp\/v2\/comments?post=2007"}],"version-history":[{"count":0,"href":"https:\/\/www.bthuus.de\/pl\/wp-json\/wp\/v2\/pages\/2007\/revisions"}],"up":[{"embeddable":true,"href":"https:\/\/www.bthuus.de\/pl\/wp-json\/wp\/v2\/pages\/2135"}],"wp:attachment":[{"href":"https:\/\/www.bthuus.de\/pl\/wp-json\/wp\/v2\/media?parent=2007"}],"curies":[{"name":"wp","href":"https:\/\/api.w.org\/{rel}","templated":true}]}}