{"id":1917,"date":"2022-11-04T14:43:13","date_gmt":"2022-11-04T13:43:13","guid":{"rendered":"https:\/\/www.bthuus.de\/nasze-uslugi\/uslugi-domowe\/"},"modified":"2023-07-11T12:04:42","modified_gmt":"2023-07-11T10:04:42","slug":"uslugi-domowe","status":"publish","type":"page","link":"https:\/\/www.bthuus.de\/pl\/nasze-uslugi\/uslugi-domowe\/","title":{"rendered":"us\u0142ugi domowe"},"content":{"rendered":"\n<div class=\"wp-block-group has-global-color-6-background-color has-background\"><div class=\"wp-block-group__inner-container is-layout-constrained wp-block-group-is-layout-constrained\">\n<p>Nasz dzia\u0142 sprz\u0105tania z przyjemno\u015bci\u0105 wykona dla Ciebie nast\u0119puj\u0105ce czynno\u015bci:<\/p>\n\n\n\n<h2 class=\"wp-block-heading\">sprz\u0105tanie mieszkania<\/h2>\n\n\n\n<p>Obejmuje to sprz\u0105tanie pod\u0142\u00f3g, mebli, okien, \u0142azienek i kuchni oraz \u015bcielenie \u0142\u00f3\u017cek.<\/p>\n\n\n\n<h2 class=\"wp-block-heading\">Pranie prania\/odzie\u017cy<\/h2>\n\n\n\n<p>Obejmuje to dzielenie i sortowanie tekstyli\u00f3w, pranie, wieszanie ich, prasowanie, reperowanie i sortowanie ubra\u0144 w szafie oraz \u015bcielenie \u0142\u00f3\u017cek.<\/p>\n\n\n\n<h2 class=\"wp-block-heading\">Zakupy<\/h2>\n\n\n\n<p>Zakupy obejmuj\u0105 r\u00f3wnie\u017c planowanie zakup\u00f3w w zakresie zaopatrzenia w \u017cywno\u015b\u0107, \u015brodki czysto\u015bci i produkty do piel\u0119gnacji cia\u0142a.<\/p>\n\n\n\n<h2 class=\"wp-block-heading\">Kucharz<\/h2>\n\n\n\n<p>Gotowanie obejmuje przygotowywanie i przygotowywanie sk\u0142adnik\u00f3w posi\u0142k\u00f3w oraz uk\u0142adanie jad\u0142ospisu pod k\u0105tem prawid\u0142owego od\u017cywiania z uwzgl\u0119dnieniem wieku i warunk\u00f3w \u017cycia.<\/p>\n\n\n\n<h2 class=\"wp-block-heading\">Towarzyszenie lekarzowi \/ us\u0142ugi podr\u00f3\u017cne<\/h2>\n\n\n\n<p>Nasz zakres us\u0142ug domowych obejmuje r\u00f3wnie\u017c wyjazdy do lekarza lub inne us\u0142ugi turystyczne.<\/p>\n\n\n\n<p>Z tych us\u0142ug mo\u017cna korzysta\u0107 w ramach opieki, jako us\u0142ugi pomocy zgodnie z \u00a7 45b SGB XI lub jako us\u0142ugi prywatne.<\/p>\n<\/div><\/div>\n\n<div style=\"height:50px\" aria-hidden=\"true\" class=\"wp-block-spacer no-mobile\"><\/div>\n\n<div data-aos-delay=\"1000\" data-aos-duration=\"1500\" data-aos-once=\"true\" data-aos=\"fade-up\" class=\"wp-block-group has-global-color-6-background-color has-background\"><div class=\"wp-block-group__inner-container is-layout-constrained wp-block-group-is-layout-constrained\">\n<h2 class=\"wp-block-heading\">Ch\u0119tnie pomo\u017cemy!<\/h2>\n\n\n\n<p>Po obszernych dyskusjach opracujemy z Pa\u0144stwem <strong>indywidualn\u0105 koncepcj\u0119<\/strong> , kt\u00f3ra b\u0119dzie <strong>optymalnie dostosowana do Pa\u0144stwa potrzeb<\/strong> .<\/p>\n\n\n\n<p><strong>Osobiste spotkanie w celu wzajemnego poznania<\/strong> jest niezast\u0105pione w przypadku opieki ambulatoryjnej. Zapraszamy do um\u00f3wienia si\u0119 z nami na rozmow\u0119!<\/p>\n\n\n\n<div class=\"wp-block-buttons is-layout-flex wp-block-buttons-is-layout-flex\">\n<div class=\"wp-block-button has-custom-width wp-block-button__width-100\"><a class=\"wp-block-button__link wp-element-button\" href=\"tel:04316473730\" style=\"border-radius:0px\" target=\"_blank\" rel=\"noreferrer noopener\">\u2192 Zadzwo\u0144<\/a><\/div>\n\n\n\n<div class=\"wp-block-button has-custom-width wp-block-button__width-100\"><a class=\"wp-block-button__link wp-element-button\" href=\"https:\/\/www.bthuus.de\/pl\/kontakt\/#formular\" style=\"border-radius:0px\">Aby skontaktowa\u0107 si\u0119 z formularzem<\/a><\/div>\n\n\n\n<div class=\"wp-block-button has-custom-width wp-block-button__width-100\"><a class=\"wp-block-button__link wp-element-button\" href=\"mailto:info@bthuus.de\" style=\"border-radius:0px\" target=\"_blank\" rel=\"noreferrer noopener\">\u2192 Napisz e-mail<\/a><\/div>\n<\/div>\n<\/div><\/div>\n","protected":false},"excerpt":{"rendered":"<p>Nasz dzia\u0142 sprz\u0105tania z przyjemno\u015bci\u0105 wykona dla Ciebie nast\u0119puj\u0105ce czynno\u015bci: sprz\u0105tanie mieszkania Obejmuje to sprz\u0105tanie pod\u0142\u00f3g, mebli, okien, \u0142azienek i kuchni oraz \u015bcielenie \u0142\u00f3\u017cek. Pranie prania\/odzie\u017cy Obejmuje to dzielenie i sortowanie tekstyli\u00f3w, pranie, wieszanie ich, prasowanie, reperowanie i sortowanie ubra\u0144 w szafie oraz \u015bcielenie \u0142\u00f3\u017cek. Zakupy Zakupy obejmuj\u0105 r\u00f3wnie\u017c planowanie zakup\u00f3w w zakresie zaopatrzenia w &#8230; <\/p>\n<p class=\"read-more-container\"><a title=\"us\u0142ugi domowe\" class=\"read-more button\" href=\"https:\/\/www.bthuus.de\/pl\/nasze-uslugi\/uslugi-domowe\/#more-1917\" aria-label=\"Dowiedz si\u0119 wi\u0119cej o us\u0142ugi domowe\">Czytaj dalej<\/a><\/p>\n","protected":false},"author":1,"featured_media":0,"parent":1761,"menu_order":0,"comment_status":"closed","ping_status":"closed","template":"","meta":{"iawp_total_views":5,"footnotes":""},"class_list":{"0":"post-1917","1":"page","2":"type-page","3":"status-publish","5":"infinite-scroll-item"},"jetpack_sharing_enabled":true,"_links":{"self":[{"href":"https:\/\/www.bthuus.de\/pl\/wp-json\/wp\/v2\/pages\/1917","targetHints":{"allow":["GET"]}}],"collection":[{"href":"https:\/\/www.bthuus.de\/pl\/wp-json\/wp\/v2\/pages"}],"about":[{"href":"https:\/\/www.bthuus.de\/pl\/wp-json\/wp\/v2\/types\/page"}],"author":[{"embeddable":true,"href":"https:\/\/www.bthuus.de\/pl\/wp-json\/wp\/v2\/users\/1"}],"replies":[{"embeddable":true,"href":"https:\/\/www.bthuus.de\/pl\/wp-json\/wp\/v2\/comments?post=1917"}],"version-history":[{"count":0,"href":"https:\/\/www.bthuus.de\/pl\/wp-json\/wp\/v2\/pages\/1917\/revisions"}],"up":[{"embeddable":true,"href":"https:\/\/www.bthuus.de\/pl\/wp-json\/wp\/v2\/pages\/1761"}],"wp:attachment":[{"href":"https:\/\/www.bthuus.de\/pl\/wp-json\/wp\/v2\/media?parent=1917"}],"curies":[{"name":"wp","href":"https:\/\/api.w.org\/{rel}","templated":true}]}}