{"id":1874,"date":"2022-11-04T14:41:45","date_gmt":"2022-11-04T13:41:45","guid":{"rendered":"https:\/\/www.bthuus.de\/nasze-uslugi\/uslugi-pielegniarskie\/"},"modified":"2023-07-11T12:04:25","modified_gmt":"2023-07-11T10:04:25","slug":"uslugi-pielegniarskie","status":"publish","type":"page","link":"https:\/\/www.bthuus.de\/pl\/nasze-uslugi\/uslugi-pielegniarskie\/","title":{"rendered":"us\u0142ugi piel\u0119gniarskie"},"content":{"rendered":"\n<div class=\"wp-block-group has-global-color-6-background-color has-background\"><div class=\"wp-block-group__inner-container is-layout-constrained wp-block-group-is-layout-constrained\">\n<h2 class=\"wp-block-heading\">\u015awiadczenia z tytu\u0142u opieki d\u0142ugoterminowej (SGB XI)<\/h2>\n\n\n\n<p>\u015awiadczone s\u0105 przez nas jako \u015bwiadczenia opieku\u0144cze rzeczowe w postaci tzw. kompleks\u00f3w us\u0142ugowych.<br\/>Nale\u017c\u0105 do nich na przyk\u0142ad:<\/p>\n\n\n\n<ul class=\"wp-block-list\">\n<li>higiena osobista<\/li>\n\n\n\n<li>mobilizacja<\/li>\n\n\n\n<li>przygotowywanie posi\u0142k\u00f3w<\/li>\n\n\n\n<li>sprz\u0105tanie mieszkania<\/li>\n\n\n\n<li>Zadania opieki zgodnie z \u00a7 37 ust. 3 SGB XI<\/li>\n<\/ul>\n<\/div><\/div>\n\n<div style=\"height:50px\" aria-hidden=\"true\" class=\"wp-block-spacer no-mobile\"><\/div>\n\n<div class=\"wp-block-group has-global-color-6-background-color has-background\"><div class=\"wp-block-group__inner-container is-layout-constrained wp-block-group-is-layout-constrained\">\n<h2 class=\"wp-block-heading\">\u015awiadczenia z ubezpieczenia zdrowotnego (SGB V)<\/h2>\n\n\n\n<p>Nale\u017c\u0105 do nich na przyk\u0142ad:<\/p>\n\n\n\n<ul class=\"wp-block-list\">\n<li>Zak\u0142adanie i zdejmowanie medycznych po\u0144czoch uciskowych<\/li>\n\n\n\n<li>zastrzyki przepisane przez lekarza<\/li>\n\n\n\n<li>podawanie lek\u00f3w<\/li>\n\n\n\n<li>Przygotowanie apteczki<\/li>\n\n\n\n<li>zmiana opatrunku<\/li>\n<\/ul>\n\n\n\n<p>Ustawowe ubezpieczenie zdrowotne (GKV) oferuje r\u00f3\u017cne us\u0142ugi w ramach opieki ambulatoryjnej, kt\u00f3re s\u0105 uregulowane w \u00a7 37 kodeksu ubezpiecze\u0144 spo\u0142ecznych V (SGB V). To zawiera:<\/p>\n\n\n\n<ul class=\"wp-block-list\">\n<li><strong>Opieka piel\u0119gniarska<\/strong> : Jest to opieka nad osobami wymagaj\u0105cymi opieki i pomocy w \u017cyciu codziennym. Obejmuje to np. podstawow\u0105 opiek\u0119 (np. piel\u0119gnacja cia\u0142a, od\u017cywianie) oraz prace domowe.<\/li>\n\n\n\n<li><strong>Opieka zast\u0119pcza<\/strong> : Te \u015bwiadczenia s\u0105 przeznaczone dla os\u00f3b, kt\u00f3re s\u0105 uzale\u017cnione od wsparcia opiekuna ze wzgl\u0119du na potrzeb\u0119 opieki i kt\u00f3re tymczasowo nie s\u0105 w stanie otrzyma\u0107 tego wsparcia, na przyk\u0142ad z powodu niemo\u017cno\u015bci przybycia opiekuna.<\/li>\n\n\n\n<li><strong>Opieka kr\u00f3tkoterminowa<\/strong> : \u015awiadczenia te s\u0105 przeznaczone dla os\u00f3b, kt\u00f3re musz\u0105 zosta\u0107 czasowo umieszczone w plac\u00f3wce opieku\u0144czej, na przyk\u0142ad z powodu braku mo\u017cliwo\u015bci opieki domowej lub konieczno\u015bci rehabilitacji.<\/li>\n\n\n\n<li><strong>Opieka domowa<\/strong> : Us\u0142ugi te obejmuj\u0105 opiek\u0119 nad chorymi w domu przez wykwalifikowane piel\u0119gniarki, takie jak piel\u0119gniarstwo, opatrywanie ran, zastrzyki i infuzje.<\/li>\n<\/ul>\n\n\n\n<p>Istniej\u0105 jednak r\u00f3wnie\u017c us\u0142ugi, kt\u00f3re nie s\u0105 obj\u0119te GKV, takie jak koszty pomocy piel\u0119gniarskich, kt\u00f3re nie s\u0105 konieczne z medycznego punktu widzenia.<\/p>\n<\/div><\/div>\n\n<div style=\"height:50px\" aria-hidden=\"true\" class=\"wp-block-spacer no-mobile\"><\/div>\n\n<div class=\"wp-block-group has-global-color-6-background-color has-background\"><div class=\"wp-block-group__inner-container is-layout-constrained wp-block-group-is-layout-constrained\">\n<h2 class=\"wp-block-heading\">Pakiet us\u0142ug<\/h2>\n\n\n\n<p>Opr\u00f3cz wymienionych \u015bwiadcze\u0144 piel\u0119gnacyjnych oferujemy r\u00f3wnie\u017c pakiet us\u0142ug uzupe\u0142niaj\u0105cych.<br\/>Ten pakiet us\u0142ug obejmuje np.:<\/p>\n\n\n\n<ul class=\"wp-block-list\">\n<li>Zakup lek\u00f3w<\/li>\n\n\n\n<li>Komunikacja z lekarzami<\/li>\n<\/ul>\n<\/div><\/div>\n\n<div style=\"height:50px\" aria-hidden=\"true\" class=\"wp-block-spacer no-mobile\"><\/div>\n\n<div class=\"wp-block-group has-global-color-6-background-color has-background\"><div class=\"wp-block-group__inner-container is-layout-constrained wp-block-group-is-layout-constrained\">\n<h2 class=\"wp-block-heading\">domowy system alarmowy<\/h2>\n\n\n\n<p>Domowy system powiadamiania ratunkowego to <strong>us\u0142uga zewn\u0119trzna<\/strong> , kt\u00f3r\u0105 ch\u0119tnie zorganizujemy.<\/p>\n\n\n\n<p>Chcia\u0142by\u015b \u017cy\u0107 bezpiecznie w swoim domowym \u015brodowisku &#8211; pomimo staro\u015bci, choroby czy niepe\u0142nosprawno\u015bci?<br\/>Cz\u0142onek Twojej rodziny powinien r\u00f3wnie\u017c podczas Twojej nieobecno\u015bci \u2013 np. B. b\u0119d\u0105c na wakacjach \u2013 masz mo\u017cliwo\u015b\u0107 wezwania pomocy w nag\u0142ym wypadku?<br\/>Dzi\u0119ki <a rel=\"noreferrer noopener\" href=\"https:\/\/www.mebo.de\/\" data-type=\"URL\" data-id=\"https:\/\/www.mebo.de\/\" target=\"_blank\">wewn\u0119trznemu telefonowi alarmowemu MEBO Sicherheit<\/a> zyskujesz bezpiecze\u0144stwo i obs\u0142ug\u0119.<br\/>Centrum kontroli us\u0142ug jest czynne 24 godziny na dob\u0119 i powiadamia nas, je\u015bli wykonano po\u0142\u0105czenie alarmowe i potrzebna jest pomoc.<\/p>\n\n\n\n<p>Wewn\u0119trzny telefon alarmowy MEBO Sicherheit to <strong>oferta niezale\u017cna od naszego ca\u0142odobowego serwisu telefonicznego<\/strong> poza godzinami pracy biura.<\/p>\n<\/div><\/div>\n\n<div style=\"height:50px\" aria-hidden=\"true\" class=\"wp-block-spacer no-mobile\"><\/div>\n\n<div data-aos-delay=\"1000\" data-aos-duration=\"1500\" data-aos-once=\"true\" data-aos=\"fade-up\" class=\"wp-block-group has-global-color-6-background-color has-background\"><div class=\"wp-block-group__inner-container is-layout-constrained wp-block-group-is-layout-constrained\">\n<h2 class=\"wp-block-heading\">Ch\u0119tnie pomo\u017cemy!<\/h2>\n\n\n\n<p>Po obszernych dyskusjach opracujemy z Pa\u0144stwem <strong>indywidualn\u0105 koncepcj\u0119<\/strong> , kt\u00f3ra b\u0119dzie <strong>optymalnie dostosowana do Pa\u0144stwa potrzeb<\/strong> .<\/p>\n\n\n\n<p><strong>Osobiste spotkanie w celu wzajemnego poznania<\/strong> jest niezast\u0105pione w przypadku opieki ambulatoryjnej. Zapraszamy do um\u00f3wienia si\u0119 z nami na rozmow\u0119!<\/p>\n\n\n\n<div class=\"wp-block-buttons is-layout-flex wp-block-buttons-is-layout-flex\">\n<div class=\"wp-block-button has-custom-width wp-block-button__width-100\"><a class=\"wp-block-button__link wp-element-button\" href=\"tel:04316473730\" style=\"border-radius:0px\" target=\"_blank\" rel=\"noreferrer noopener\">\u2192 Zadzwo\u0144<\/a><\/div>\n\n\n\n<div class=\"wp-block-button has-custom-width wp-block-button__width-100\"><a class=\"wp-block-button__link wp-element-button\" href=\"https:\/\/www.bthuus.de\/pl\/kontakt\/#formular\" style=\"border-radius:0px\">Aby skontaktowa\u0107 si\u0119 z formularzem<\/a><\/div>\n\n\n\n<div class=\"wp-block-button has-custom-width wp-block-button__width-100\"><a class=\"wp-block-button__link wp-element-button\" href=\"mailto:info@bthuus.de\" style=\"border-radius:0px\" target=\"_blank\" rel=\"noreferrer noopener\">\u2192 Napisz e-mail<\/a><\/div>\n<\/div>\n<\/div><\/div>\n\n<p><\/p>\n","protected":false},"excerpt":{"rendered":"<p>\u015awiadczenia z tytu\u0142u opieki d\u0142ugoterminowej (SGB XI) \u015awiadczone s\u0105 przez nas jako \u015bwiadczenia opieku\u0144cze rzeczowe w postaci tzw. kompleks\u00f3w us\u0142ugowych.Nale\u017c\u0105 do nich na przyk\u0142ad: \u015awiadczenia z ubezpieczenia zdrowotnego (SGB V) Nale\u017c\u0105 do nich na przyk\u0142ad: Ustawowe ubezpieczenie zdrowotne (GKV) oferuje r\u00f3\u017cne us\u0142ugi w ramach opieki ambulatoryjnej, kt\u00f3re s\u0105 uregulowane w \u00a7 37 kodeksu ubezpiecze\u0144 spo\u0142ecznych &#8230; <\/p>\n<p class=\"read-more-container\"><a title=\"us\u0142ugi piel\u0119gniarskie\" class=\"read-more button\" href=\"https:\/\/www.bthuus.de\/pl\/nasze-uslugi\/uslugi-pielegniarskie\/#more-1874\" aria-label=\"Dowiedz si\u0119 wi\u0119cej o us\u0142ugi piel\u0119gniarskie\">Czytaj dalej<\/a><\/p>\n","protected":false},"author":1,"featured_media":0,"parent":1761,"menu_order":0,"comment_status":"closed","ping_status":"closed","template":"","meta":{"iawp_total_views":20,"footnotes":""},"class_list":{"0":"post-1874","1":"page","2":"type-page","3":"status-publish","5":"infinite-scroll-item"},"jetpack_sharing_enabled":true,"_links":{"self":[{"href":"https:\/\/www.bthuus.de\/pl\/wp-json\/wp\/v2\/pages\/1874","targetHints":{"allow":["GET"]}}],"collection":[{"href":"https:\/\/www.bthuus.de\/pl\/wp-json\/wp\/v2\/pages"}],"about":[{"href":"https:\/\/www.bthuus.de\/pl\/wp-json\/wp\/v2\/types\/page"}],"author":[{"embeddable":true,"href":"https:\/\/www.bthuus.de\/pl\/wp-json\/wp\/v2\/users\/1"}],"replies":[{"embeddable":true,"href":"https:\/\/www.bthuus.de\/pl\/wp-json\/wp\/v2\/comments?post=1874"}],"version-history":[{"count":0,"href":"https:\/\/www.bthuus.de\/pl\/wp-json\/wp\/v2\/pages\/1874\/revisions"}],"up":[{"embeddable":true,"href":"https:\/\/www.bthuus.de\/pl\/wp-json\/wp\/v2\/pages\/1761"}],"wp:attachment":[{"href":"https:\/\/www.bthuus.de\/pl\/wp-json\/wp\/v2\/media?parent=1874"}],"curies":[{"name":"wp","href":"https:\/\/api.w.org\/{rel}","templated":true}]}}