{"id":2133,"date":"2023-01-08T17:01:32","date_gmt":"2023-01-08T16:01:32","guid":{"rendered":"https:\/\/www.bthuus.de\/xizmeten-me\/lenerina-paliative\/"},"modified":"2023-07-11T12:05:58","modified_gmt":"2023-07-11T10:05:58","slug":"lenerina-paliative","status":"publish","type":"page","link":"https:\/\/www.bthuus.de\/ku\/xizmeten-me\/lenerina-paliative\/","title":{"rendered":"l\u00ean\u00ear\u00eena paliative"},"content":{"rendered":"\n<div class=\"wp-block-group has-global-color-6-background-color has-background\"><div class=\"wp-block-group__inner-container is-layout-constrained wp-block-group-is-layout-constrained\">\n<h2 class=\"wp-block-heading\">H\u00fbn dikarin behsa mirin\u00ea bikin<\/h2>\n\n\n\n<p>Nav\u00ea me &#8220;Bliev to Huus&#8221; t\u00ea wateya &#8220;li mal\u00ea bim\u00eene&#8221;.  <strong>Ji sala 1994-an vir ve, yek ji gir\u00eengtir\u00een xem\u00ean t\u00eem\u00ea me ew e ku gava h\u00fbn bimirin bi we an hezkiriy\u00ean we re li haw\u00eerdora nas bikin.<\/strong>  B\u00ea guman em ji bo v\u00ea yek\u00ea ba\u015f \u00fb berfireh hatine perwerde kirin.<\/p>\n\n\n\n<p>Ji kerema xwe bi me re t\u00eakil\u00ee daynin. W\u00ea hing\u00ea em \u00ea we bi kesane \u015f\u00eeret bikin \u00fb bi we re li ser hem\u00ee \u00eemkan\u00ean mirina bi r\u00fbmet li mal\u00ea bi we re bipeyivin.<\/p>\n\n\n\n<p>Michael Burkel (r\u00eaveber\u00ea kar\u00fbbar\u00ea hem\u015f\u00eere)<\/p>\n\n\n\n<div class=\"wp-block-buttons is-layout-flex wp-block-buttons-is-layout-flex\">\n<div class=\"wp-block-button has-custom-width wp-block-button__width-100\"><a class=\"wp-block-button__link wp-element-button\" href=\"https:\/\/www.bthuus.de\/ku\/lenerina-palliatif-a-derveyi-gisti-aapv\/\" style=\"border-radius:0px\">L\u00ean\u00ear\u00eena Palliat\u00eef a Dervey\u00ee Gi\u015ft\u00ee (AAPV)<\/a><\/div>\n\n\n\n<div class=\"wp-block-button has-custom-width wp-block-button__width-100\"><a class=\"wp-block-button__link wp-element-button\" href=\"https:\/\/www.bthuus.de\/ku\/lenerina-palliatif-a-derveyi-nexwesiya-pispor-sapv\/\" style=\"border-radius:0px\">L\u00ean\u00ear\u00eena palliat\u00eef a dervey\u00ee nexwe\u015fiya pispor (SAPV)<\/a><\/div>\n<\/div>\n<\/div><\/div>\n\n<div style=\"height:50px\" aria-hidden=\"true\" class=\"wp-block-spacer no-mobile\"><\/div>\n\n<div class=\"wp-block-group has-global-color-6-background-color has-background\"><div class=\"wp-block-group__inner-container is-layout-constrained wp-block-group-is-layout-constrained\">\n<h2 class=\"wp-block-heading\">L\u00ean\u00ear\u00eena paliative &#8211; ew \u00e7i ye?<\/h2>\n\n\n\n<p>Peyva &#8220;palliative&#8221; ji &#8220;palliare&#8221; ya lat\u00een\u00ee, ku t\u00ea wateya &#8220;p\u00ea\u00e7andin&#8221; an &#8220;p\u00ea\u00e7andin&#8221; hatiye wergirtin. Palliative ji lat\u00een\u00ee t\u00ea \u00fb t\u00ea wateya &#8220;h\u00ea\u015fk\u00ea\u015f&#8221;. Ev t\u00eageh <strong>hewl\u00ean ji bo ba\u015ftirkirina kal\u00eeteya jiyana nexwe\u015f\u00ean bi nexwe\u015fiy\u00ean b\u00eaderman \u00fb bendewariya jiyan\u00ea ya bis\u00eenor<\/strong> vedib\u00eaje. Di \u00e7ar\u00e7oveya l\u00ean\u00ear\u00eena paliat\u00eef de, ne ten\u00ea giliy\u00ean la\u015f\u00ee, <strong>stresa ps\u00eekoloj\u00eek<\/strong> \u00fb <strong>hewcedariy\u00ean giyan\u00ee<\/strong> j\u00ee t\u00eane hesibandin. Wek\u00ee din, haw\u00eerdora kesane ya nexwe\u015f di nav l\u00ean\u00ear\u00een\u00ea de ye. Armanc\u00ean l\u00eanih\u00ear\u00eena paliat\u00eef ew e ku faktor\u00ean stres\u00ea sivik bike \u00fb r\u00ea bide nexwe\u015f ku <strong>bi qas\u00ee ku gengaz be li derdor\u00ean nas serbixwe bij\u00ee \u00fb bimire<\/strong> .<\/p>\n\n\n\n<p>Taybetmendiyek gir\u00eeng a l\u00eanih\u00ear\u00eena paliat\u00eef berevaj\u00ee l\u00eanih\u00ear\u00eena dervey\u00ee nexwe\u015fan a kevne\u015fop\u00ee, bi taybet\u00ee <strong>hevkariya n\u00eaz\u00eek a xebatkar\u00ean hem\u015f\u00eere y\u00ean pispor \u00ean pispor e, m\u00eenak\u00ee. B. xizm, bij\u00eejk an ps\u00eekolog<\/strong> .<\/p>\n\n\n\n<p>Wek\u00ee kar\u00fbbarek l\u00eanih\u00ear\u00eena dervey\u00ee nexwe\u015fxan\u00ea li Kiel-\u00ea ku di l\u00eanih\u00ear\u00eena paliat\u00eef a gi\u015ft\u00ee \u00fb pispor a dervey\u00ee nexwe\u015fxan\u00ea de pispor e, em dikarin di l\u00eanih\u00ear\u00eena nexwe\u015f\u00ean bi nexwe\u015fiyek p\u00ea\u015fkeft\u00ee, b\u00eaderman de rolek gir\u00eeng bil\u00eezin \u00fb ji wan re bibin al\u00eekar ku heya ku gengaz be j\u00eengeh\u00ea naskir\u00ee y\u00ea mal\u00ea li mala xwe bim\u00eenin.<\/p>\n<\/div><\/div>\n\n<div style=\"height:25px\" aria-hidden=\"true\" class=\"wp-block-spacer\"><\/div>\n\n<div data-aos-delay=\"1000\" data-aos-duration=\"1500\" data-aos-once=\"true\" data-aos=\"fade-up\" class=\"wp-block-group has-global-color-6-background-color has-background\"><div class=\"wp-block-group__inner-container is-layout-constrained wp-block-group-is-layout-constrained\">\n<h2 class=\"wp-block-heading\">Em k\u00eafxwe\u015f in ku al\u00eekariy\u00ea bikin!<\/h2>\n\n\n\n<p>Pi\u015ft\u00ee n\u00eeqa\u015f\u00ean berfireh, em \u00ea bi we re <strong>konseptek kesane<\/strong> bixebitin, ku <strong>bi rengek \u00e7\u00eatir\u00een li gor\u00ee hewcedariy\u00ean we hat\u00ee \u00e7\u00eakirin<\/strong> .<\/p>\n\n\n\n<p><strong>Hevd\u00eetina kesane ya ji bo naskirina hev<\/strong> di war\u00ea l\u00ean\u00ear\u00eena dervey\u00ee nexwe\u015fan de b\u00ea guh\u00earbar e. Bi dilxwaz\u00ee \u200b\u200bbi me re dan\u00fbstendinek saz bikin!<\/p>\n\n\n\n<div class=\"wp-block-buttons is-layout-flex wp-block-buttons-is-layout-flex\">\n<div class=\"wp-block-button has-custom-width wp-block-button__width-100\"><a class=\"wp-block-button__link wp-element-button\" href=\"tel:04316473730\" style=\"border-radius:0px\" target=\"_blank\" rel=\"noreferrer noopener\">\u2192 Bang<\/a><\/div>\n\n\n\n<div class=\"wp-block-button has-custom-width wp-block-button__width-100\"><a class=\"wp-block-button__link wp-element-button\" href=\"https:\/\/www.bthuus.de\/ku\/tekeli\/#formular\" style=\"border-radius:0px\">Ji bo forma t\u00eakiliy\u00ea<\/a><\/div>\n\n\n\n<div class=\"wp-block-button has-custom-width wp-block-button__width-100\"><a class=\"wp-block-button__link wp-element-button\" href=\"mailto:info@bthuus.de\" style=\"border-radius:0px\" target=\"_blank\" rel=\"noreferrer noopener\">\u2192 E-nameyek biniv\u00eesin<\/a><\/div>\n<\/div>\n<\/div><\/div>\n","protected":false},"excerpt":{"rendered":"<p>H\u00fbn dikarin behsa mirin\u00ea bikin Nav\u00ea me &#8220;Bliev to Huus&#8221; t\u00ea wateya &#8220;li mal\u00ea bim\u00eene&#8221;. Ji sala 1994-an vir ve, yek ji gir\u00eengtir\u00een xem\u00ean t\u00eem\u00ea me ew e ku gava h\u00fbn bimirin bi we an hezkiriy\u00ean we re li haw\u00eerdora nas bikin. B\u00ea guman em ji bo v\u00ea yek\u00ea ba\u015f \u00fb berfireh hatine perwerde kirin. &#8230; <\/p>\n<p class=\"read-more-container\"><a title=\"l\u00ean\u00ear\u00eena paliative\" class=\"read-more button\" href=\"https:\/\/www.bthuus.de\/ku\/xizmeten-me\/lenerina-paliative\/#more-2133\" aria-label=\"Read more about l\u00ean\u00ear\u00eena paliative\">Read more<\/a><\/p>\n","protected":false},"author":1,"featured_media":0,"parent":1837,"menu_order":0,"comment_status":"closed","ping_status":"closed","template":"","meta":{"iawp_total_views":0,"footnotes":""},"class_list":{"0":"post-2133","1":"page","2":"type-page","3":"status-publish","5":"infinite-scroll-item"},"jetpack_sharing_enabled":true,"_links":{"self":[{"href":"https:\/\/www.bthuus.de\/ku\/wp-json\/wp\/v2\/pages\/2133","targetHints":{"allow":["GET"]}}],"collection":[{"href":"https:\/\/www.bthuus.de\/ku\/wp-json\/wp\/v2\/pages"}],"about":[{"href":"https:\/\/www.bthuus.de\/ku\/wp-json\/wp\/v2\/types\/page"}],"author":[{"embeddable":true,"href":"https:\/\/www.bthuus.de\/ku\/wp-json\/wp\/v2\/users\/1"}],"replies":[{"embeddable":true,"href":"https:\/\/www.bthuus.de\/ku\/wp-json\/wp\/v2\/comments?post=2133"}],"version-history":[{"count":0,"href":"https:\/\/www.bthuus.de\/ku\/wp-json\/wp\/v2\/pages\/2133\/revisions"}],"up":[{"embeddable":true,"href":"https:\/\/www.bthuus.de\/ku\/wp-json\/wp\/v2\/pages\/1837"}],"wp:attachment":[{"href":"https:\/\/www.bthuus.de\/ku\/wp-json\/wp\/v2\/media?parent=2133"}],"curies":[{"name":"wp","href":"https:\/\/api.w.org\/{rel}","templated":true}]}}