{"id":1958,"date":"2022-11-04T14:46:22","date_gmt":"2022-11-04T13:46:22","guid":{"rendered":"https:\/\/www.bthuus.de\/tekeli\/"},"modified":"2023-07-11T12:04:58","modified_gmt":"2023-07-11T10:04:58","slug":"tekeli","status":"publish","type":"page","link":"https:\/\/www.bthuus.de\/ku\/tekeli\/","title":{"rendered":"T\u00eakel\u00ee"},"content":{"rendered":"\n<div class=\"wp-block-group has-global-color-6-background-color has-background\"><div class=\"wp-block-group__inner-container is-layout-constrained wp-block-group-is-layout-constrained\">\n<p>B\u00ea guman, h\u00fbn dikarin di dema demjim\u00ear\u00ean niv\u00eesgeha me de her dem bi <a rel=\"noreferrer noopener\" href=\"tel:04316473730\" data-type=\"tel\" data-id=\"tel:04316473730\" target=\"_blank\">t\u00ealefon\u00ea<\/a> an <a rel=\"noreferrer noopener\" href=\"mailto:info@bthuus.de\" data-type=\"mailto\" data-id=\"mailto:info@bthuus.de\" target=\"_blank\">e-namey\u00ea<\/a> bi me re t\u00eakil\u00ee daynin. Wek\u00ee din, h\u00fbn bi x\u00ear hatin ku <a href=\"#formular\" data-type=\"internal\" data-id=\"#formular\">forma p\u00eawendiya<\/a> me bikar b\u00eenin.<\/p>\n\n\n\n<div class=\"wp-block-columns is-layout-flex wp-container-core-columns-is-layout-9d6595d7 wp-block-columns-is-layout-flex\">\n<div class=\"wp-block-column is-layout-flow wp-block-column-is-layout-flow\">\n<h2 class=\"wp-block-heading\">keel<\/h2>\n\n\n\n<div class=\"wp-block-jetpack-contact-info\">\n\n<div class=\"wp-block-jetpack-email\"><a href=\"mailto:info@bthuus.de\">info@bthuus.de<\/a><\/div>\n\n\n<div class=\"wp-block-jetpack-phone\"><a href=\"tel:04316473730\">0431 647 3730<\/a><\/div>\n\n\n<div class=\"wp-block-jetpack-address\"><a href=\"https:\/\/www.google.com\/maps\/search\/Saarbr%C3%BCckenstra%C3%9Fe+179,+24113%20Kiel+Deutschland\" target=\"_blank\" rel=\"noopener noreferrer\" title=\"Navn\u00ee\u015fana Google Maps de vekin\"><div class=\"jetpack-address__address jetpack-address__address1\">Saarbr\u00fcckenstrasse 179<\/div><div><span class=\"jetpack-address__region\"><\/span> <span class=\"jetpack-address__postal\">24113 Kiel<\/span><\/div><div class=\"jetpack-address__country\">Almanya<\/div><\/a><\/div>\n\n<\/div>\n<\/div>\n\n\n\n<div class=\"wp-block-column is-layout-flow wp-block-column-is-layout-flow\">\n<h2 class=\"wp-block-heading\">Bredenbek<\/h2>\n\n\n\n<div class=\"wp-block-jetpack-contact-info\">\n\n<div class=\"wp-block-jetpack-email\"><a href=\"mailto:info@bthuus.de\">info@bthuus.de<\/a><\/div>\n\n\n<div class=\"wp-block-jetpack-phone\"><a href=\"tel:04334189025\">04334 189 025<\/a><\/div>\n\n\n<div class=\"wp-block-jetpack-address\"><a href=\"https:\/\/www.google.com\/maps\/search\/Poststra%C3%9Fe+4,+24796%20Bredenbek+Deutschland\" target=\"_blank\" rel=\"noopener noreferrer\" title=\"Navn\u00ee\u015fana Google Maps de vekin\"><div class=\"jetpack-address__address jetpack-address__address1\">Poststrasse 4<\/div><div><span class=\"jetpack-address__region\"><\/span> <span class=\"jetpack-address__postal\">24796 Bredenbeck<\/span><\/div><div class=\"jetpack-address__country\">Almanya<\/div><\/a><\/div>\n\n<\/div>\n<\/div>\n<\/div>\n<\/div><\/div>\n\n<div style=\"height:50px\" aria-hidden=\"true\" class=\"wp-block-spacer no-mobile\"><\/div>\n\n<div id=\"formular\" class=\"wp-block-group has-global-color-6-background-color has-background\"><div class=\"wp-block-group__inner-container is-layout-constrained wp-block-group-is-layout-constrained\">\n<h3 class=\"wp-block-heading\">H\u00fbn dikarin di her k\u00ealiy\u00ea de bi forma p\u00eawendiya me re bigih\u00eejin me!<\/h3>\n\n\n\n<div class=\"wp-block-contact-form-7-contact-form-selector\">\n<div class=\"wpcf7 no-js\" id=\"wpcf7-f2370-o1\" lang=\"ckb\" dir=\"ltr\" data-wpcf7-id=\"2370\">\n<div class=\"screen-reader-response\"><p role=\"status\" aria-live=\"polite\" aria-atomic=\"true\"><\/p> <ul><\/ul><\/div>\n<form action=\"\/ku\/wp-json\/wp\/v2\/pages\/1958#wpcf7-f2370-o1\" method=\"post\" class=\"wpcf7-form init\" aria-label=\"\u0641\u06c6\u0631\u0645\u06cc \u067e\u06d5\u06cc\u0648\u06d5\u0646\u062f\u06cc\" novalidate=\"novalidate\" data-status=\"init\">\n<fieldset class=\"hidden-fields-container\"><input type=\"hidden\" name=\"_wpcf7\" value=\"2370\" \/><input type=\"hidden\" name=\"_wpcf7_version\" value=\"6.1.5\" \/><input type=\"hidden\" name=\"_wpcf7_locale\" value=\"ckb\" \/><input type=\"hidden\" name=\"_wpcf7_unit_tag\" value=\"wpcf7-f2370-o1\" \/><input type=\"hidden\" name=\"_wpcf7_container_post\" value=\"0\" \/><input type=\"hidden\" name=\"_wpcf7_posted_data_hash\" value=\"\" \/><input type=\"hidden\" name=\"_wpcf7cf_hidden_group_fields\" value=\"[]\" \/><input type=\"hidden\" name=\"_wpcf7cf_hidden_groups\" value=\"[]\" \/><input type=\"hidden\" name=\"_wpcf7cf_visible_groups\" value=\"[]\" \/><input type=\"hidden\" name=\"_wpcf7cf_repeaters\" value=\"[]\" \/><input type=\"hidden\" name=\"_wpcf7cf_steps\" value=\"{}\" \/><input type=\"hidden\" name=\"_wpcf7cf_options\" value=\"{&quot;form_id&quot;:2370,&quot;conditions&quot;:[{&quot;then_field&quot;:&quot;einzugsgebiet&quot;,&quot;and_rules&quot;:[{&quot;if_field&quot;:&quot;plz-filter&quot;,&quot;operator&quot;:&quot;equals&quot;,&quot;if_value&quot;:&quot;Andere&quot;}]}],&quot;settings&quot;:{&quot;animation&quot;:&quot;yes&quot;,&quot;animation_intime&quot;:200,&quot;animation_outtime&quot;:200,&quot;conditions_ui&quot;:&quot;normal&quot;,&quot;notice_dismissed&quot;:false,&quot;notice_dismissed_rollback-cf7-5.8.2&quot;:true,&quot;notice_dismissed_rollback-cf7-5.9.8&quot;:true,&quot;notice_dismissed_rollback-cf7-6.0.3&quot;:true,&quot;notice_dismissed_rollback-cf7-6.0.5&quot;:true,&quot;notice_dismissed_rollback-cf7-6.0.6&quot;:true}}\" \/>\n<\/fieldset>\n<div id=\"\"responsive-form class=\"clearfix\">\n\t<div class=\"form-row\">\n\t\t<div class=\"column-half\">\n\t\t\t<p><label> Vorname<br \/>\n<span class=\"wpcf7-form-control-wrap\" data-name=\"vorname\"><input size=\"40\" maxlength=\"400\" class=\"wpcf7-form-control wpcf7-text\" autocomplete=\"given-name\" aria-invalid=\"false\" value=\"\" type=\"text\" name=\"vorname\" \/><\/span> <\/label>\n\t\t\t<\/p>\n\t\t<\/div>\n\t\t<div class=\"column-half\">\n\t\t\t<p><label> Nachname<br \/>\n<span class=\"wpcf7-form-control-wrap\" data-name=\"nachname\"><input size=\"40\" maxlength=\"400\" class=\"wpcf7-form-control wpcf7-text\" autocomplete=\"family-name\" aria-invalid=\"false\" value=\"\" type=\"text\" name=\"nachname\" \/><\/span> <\/label>\n\t\t\t<\/p>\n\t\t<\/div>\n\t<\/div>\n\t<div class=\"form-row\">\n\t\t<div class=\"column-half\">\n\t\t\t<p><label> E-Mail-Adresse<br \/>\n<span class=\"wpcf7-form-control-wrap\" data-name=\"e-mail\"><input size=\"40\" maxlength=\"400\" class=\"wpcf7-form-control wpcf7-email wpcf7-validates-as-required wpcf7-text wpcf7-validates-as-email\" autocomplete=\"email\" aria-required=\"true\" aria-invalid=\"false\" value=\"\" type=\"email\" name=\"e-mail\" \/><\/span> <\/label>\n\t\t\t<\/p>\n\t\t<\/div>\n\t\t<div class=\"column-half\">\n\t\t\t<p><label> Telefon<br \/>\n<span class=\"wpcf7-form-control-wrap\" data-name=\"telefon\"><input size=\"40\" maxlength=\"400\" class=\"wpcf7-form-control wpcf7-tel wpcf7-text wpcf7-validates-as-tel\" autocomplete=\"tel\" aria-invalid=\"false\" value=\"\" type=\"tel\" name=\"telefon\" \/><\/span> <\/label>\n\t\t\t<\/p>\n\t\t<\/div>\n\t<\/div>\n\t<div class=\"form-row\">\n\t\t<div class=\"column-full\">\n\t\t\t<p><label> PLZ der zu pflegenden Person:<br \/>\n<span class=\"wpcf7-form-control-wrap\" data-name=\"plz-filter\"><select class=\"wpcf7-form-control wpcf7-select wpcf7-validates-as-required\" aria-required=\"true\" aria-invalid=\"false\" name=\"plz-filter\"><option value=\"\">&#8212;\u062a\u06a9\u0627\u06cc\u06d5 \u0628\u0698\u0627\u0631\u062f\u06d5\u06cc\u06d5\u06a9 \u0647\u06d5\u06b5\u0628\u0698\u06ce\u0631\u06d5 &#8212;<\/option><option value=\"24109\">24109<\/option><option value=\"24111\">24111<\/option><option value=\"24113\">24113<\/option><option value=\"24114\">24114<\/option><option value=\"24133\">24133<\/option><option value=\"24145\">24145<\/option><option value=\"Andere\">Andere<\/option><\/select><\/span><\/label>\n\t\t\t<\/p>\n\t\t<\/div>\n\t<\/div>\n\t<div class=\"form-row\">\n\t\t<div class=\"column-full\">\n\t\t\t<p><label> Betreff<br \/>\n<span class=\"wpcf7-form-control-wrap\" data-name=\"betreff\"><input size=\"100\" maxlength=\"400\" class=\"wpcf7-form-control wpcf7-text\" aria-invalid=\"false\" value=\"\" type=\"text\" name=\"betreff\" \/><\/span> <\/label>\n\t\t\t<\/p>\n\t\t<\/div>\n\t<\/div>\n\t<div class=\"form-row\">\n\t\t<div class=\"column-full\">\n\t\t\t<p><label>Nachricht (optional)<br \/>\n<span class=\"wpcf7-form-control-wrap\" data-name=\"nachricht\"><textarea cols=\"40\" rows=\"10\" maxlength=\"2000\" class=\"wpcf7-form-control wpcf7-textarea\" aria-invalid=\"false\" name=\"nachricht\"><\/textarea><\/span> <\/label>\n\t\t\t<\/p>\n\t\t<\/div>\n\t<\/div>\n\t<div class=\"form-row\">\n\t\t<div class=\"column-full\">\n\t\t\t<p><span class=\"wpcf7-form-control-wrap\" data-name=\"quiz\"><label><span class=\"wpcf7-quiz-label\">Wie hei\u00dft die Hauptstadt Frankreichs?<\/span> <input size=\"40\" class=\"wpcf7-form-control wpcf7-quiz\" autocomplete=\"off\" aria-required=\"true\" aria-invalid=\"false\" type=\"text\" name=\"quiz\" \/><\/label><input type=\"hidden\" name=\"_wpcf7_quiz_answer_quiz\" value=\"6f5b421d424091a19e2beb00a487ae4a\" \/><\/span>\n\t\t\t<\/p>\n\t\t<\/div>\n\t<\/div>\n\t<div class=\"form-row\">\n\t\t<div class=\"column-full\">\n\t\t\t<p><input class=\"wpcf7-form-control wpcf7-submit has-spinner\" type=\"submit\" value=\"Senden\" \/>\n\t\t\t<\/p>\n\t\t\t<div data-id=\"einzugsgebiet\" data-orig_data_id=\"einzugsgebiet\" data-clear_on_hide data-class=\"wpcf7cf_group\">\n\t\t\t<\/div>\n\t\t<\/div>\n\t<\/div>\n<\/div><div class=\"wpcf7-response-output\" aria-hidden=\"true\"><\/div>\n<\/form>\n<\/div>\n<\/div>\n<\/div><\/div>\n","protected":false},"excerpt":{"rendered":"<p>B\u00ea guman, h\u00fbn dikarin di dema demjim\u00ear\u00ean niv\u00eesgeha me de her dem bi t\u00ealefon\u00ea an e-namey\u00ea bi me re t\u00eakil\u00ee daynin. Wek\u00ee din, h\u00fbn bi x\u00ear hatin ku forma p\u00eawendiya me bikar b\u00eenin. keel Bredenbek H\u00fbn dikarin di her k\u00ealiy\u00ea de bi forma p\u00eawendiya me re bigih\u00eejin me!<\/p>\n","protected":false},"author":1,"featured_media":0,"parent":0,"menu_order":0,"comment_status":"closed","ping_status":"closed","template":"","meta":{"iawp_total_views":3,"footnotes":""},"class_list":{"0":"post-1958","1":"page","2":"type-page","3":"status-publish","5":"infinite-scroll-item"},"jetpack_sharing_enabled":true,"_links":{"self":[{"href":"https:\/\/www.bthuus.de\/ku\/wp-json\/wp\/v2\/pages\/1958","targetHints":{"allow":["GET"]}}],"collection":[{"href":"https:\/\/www.bthuus.de\/ku\/wp-json\/wp\/v2\/pages"}],"about":[{"href":"https:\/\/www.bthuus.de\/ku\/wp-json\/wp\/v2\/types\/page"}],"author":[{"embeddable":true,"href":"https:\/\/www.bthuus.de\/ku\/wp-json\/wp\/v2\/users\/1"}],"replies":[{"embeddable":true,"href":"https:\/\/www.bthuus.de\/ku\/wp-json\/wp\/v2\/comments?post=1958"}],"version-history":[{"count":0,"href":"https:\/\/www.bthuus.de\/ku\/wp-json\/wp\/v2\/pages\/1958\/revisions"}],"wp:attachment":[{"href":"https:\/\/www.bthuus.de\/ku\/wp-json\/wp\/v2\/media?parent=1958"}],"curies":[{"name":"wp","href":"https:\/\/api.w.org\/{rel}","templated":true}]}}