{"id":1813,"date":"2022-11-04T14:39:57","date_gmt":"2022-11-04T13:39:57","guid":{"rendered":"https:\/\/www.bthuus.de\/cuna-nava\/"},"modified":"2023-09-26T16:00:02","modified_gmt":"2023-09-26T14:00:02","slug":"ueber-uns","status":"publish","type":"page","link":"https:\/\/www.bthuus.de\/ku\/ueber-uns\/","title":{"rendered":"\u00c7\u00fbna nava"},"content":{"rendered":"\n<div class=\"wp-block-group has-global-color-6-background-color has-background\"><div class=\"wp-block-group__inner-container is-layout-constrained wp-block-group-is-layout-constrained\">\n<h2 class=\"wp-block-heading\">Kar\u00fbbar\u00ea hem\u015f\u00eerey\u00ea ya dervey\u00ee nexwe\u015fxaneya Kiel &amp; Bredenbek<\/h2>\n\n\n\n<p>Ji sala 1994-an vir ve, bi <strong>buroy\u00ean li Kiel \u00fb Bredenbek<\/strong> , me \u00eemkan da ku xer\u00eedar \u00fb nexwe\u015f\u00ean xwe li mal\u00ea \u00fb li derdor\u00ean xwe y\u00ean naskir\u00ee bim\u00eenin, her \u00e7end ew bi l\u00eanih\u00ear\u00eena hem\u015f\u00eere \u00fb\/an al\u00eekariya mal\u00ea ve gir\u00eaday\u00ee bin. Em \u00ea k\u00eafxwe\u015f bibin ku agahdariya berfireh li ser vebijark\u00ean l\u00eanih\u00ear\u00eena dervey\u00ee nexwe\u015fan bidin we.<\/p>\n\n\n\n<p>Pi\u015ft\u00ee n\u00eeqa\u015f\u00ean berfireh bi kes\u00ea hewcedar\u00ea al\u00eekariy\u00ea \u00fb\/an xizm\u00ean wan re, em bi we re <strong>konseptek kesane<\/strong> , ku bi rengek \u00e7\u00eatir\u00een li gor\u00ee hewcedariy\u00ean we hat\u00ee \u00e7\u00eakirin, \u00e7\u00eadikin. Ev j\u00ee derbas dibe eger h\u00fbn ten\u00ea bi awayek\u00ee demk\u00ee gir\u00eaday\u00ee al\u00eekariy\u00ea bin, wek m\u00eenak di dema nexwe\u015fiyek\u00ea de yan j\u00ee pi\u015ft\u00ee w\u00ea, yan j\u00ee ji bo demk\u00ee ji bo l\u00ean\u00ear\u00eena xizm\u00ean xwe rehet bibin an li cem xizm\u00ean xwe bisekinin.<\/p>\n\n\n\n<p>Ji pi\u015ftgiriya mal\u00ea dest p\u00ea dike, dab\u00eenkirina pergal\u00ean banga ac\u00eel, l\u00eanih\u00ear\u00eena normal ji bo p\u00eer \u00fb nexwe\u015fan, heya l\u00eanih\u00ear\u00eena paliat\u00eef, em fersend\u00ea p\u00ea\u015fk\u00ea\u015f\u00ee we dikin ku h\u00fbn bi pi\u015ftgiriya xwe li haw\u00eerdora xweya mal\u00ea bim\u00eenin.<\/p>\n\n\n\n<p>Ji ber v\u00ea yek\u00ea heke h\u00fbn \u00ead\u00ee nikaribin bi tena ser\u00ea xwe r\u00eavebirin &#8211; \u00fb h\u00een j\u00ee dixwazin li mal\u00ea bim\u00eenin, bi me re t\u00eakil\u00ee daynin, <strong>t\u00eem\u00ea l\u00eanih\u00ear\u00eena dervey\u00ee nexwe\u015fxan\u00ea li Bliev to Huus<\/strong> .<\/p>\n\n\n\n<p>Em ji bo al\u00eekariy\u00ea li vir in!<\/p>\n<\/div><\/div>\n\n<div style=\"height:50px\" aria-hidden=\"true\" class=\"wp-block-spacer\"><\/div>\n\n<div class=\"wp-block-group has-global-color-6-background-color has-background\"><div class=\"wp-block-group__inner-container is-layout-constrained wp-block-group-is-layout-constrained\">\n<h2 class=\"wp-block-heading\">Bir\u00eavebir\u00ee<\/h2>\n\n\n<div class=\"tmm tmm_verwaltung\"><div class=\"tmm_3_columns tmm_wrap tmm_plugin_f\"><span class=\"tmm_two_containers_tablet\"><\/span><div class=\"tmm_container\"><div class=\"tmm_member\" style=\"border-top:#019bdd solid 5px;\"><div class=\"tmm_photo tmm_pic_verwaltung_0\" style=\"background: url(https:\/\/www.bthuus.de\/wp-content\/uploads\/2023\/01\/Gaby-Joehnk.webp); margin-left: auto; margin-right:auto; background-size:cover !important;\"><\/div><div class=\"tmm_textblock\"><div class=\"tmm_names\"><span class=\"tmm_fname\">Gaby<\/span> <span class=\"tmm_lname\">J\u00f6hnk<\/span><\/div><div class=\"tmm_job\">Industriekaufmann, Leitung Verwaltung &amp; Personal<\/div><div class=\"tmm_scblock\"><\/div><\/div><\/div><div class=\"tmm_member\" style=\"border-top:#019bdd solid 5px;\"><div class=\"tmm_photo tmm_pic_verwaltung_1\" style=\"background: url(https:\/\/www.bthuus.de\/wp-content\/uploads\/2023\/01\/Nadine_Herrmann-jpg.webp); margin-left: auto; margin-right:auto; background-size:cover !important;\"><\/div><div class=\"tmm_textblock\"><div class=\"tmm_names\"><span class=\"tmm_fname\">Nadine<\/span> <span class=\"tmm_lname\">Roth<\/span><\/div><div class=\"tmm_job\">Kauffrau im Gesundheitswesen, Verwaltung Kiel<\/div><div class=\"tmm_scblock\"><\/div><\/div><\/div><span class=\"tmm_two_containers_tablet\"><\/span><div class=\"tmm_member\" style=\"border-top:#019bdd solid 5px;\"><div class=\"tmm_photo tmm_pic_verwaltung_2\" style=\"background: url(https:\/\/www.bthuus.de\/wp-content\/uploads\/2024\/11\/Fatima_Zaghloul.jpg); margin-left: auto; margin-right:auto; background-size:cover !important;\"><\/div><div class=\"tmm_textblock\"><div class=\"tmm_names\"><span class=\"tmm_fname\">Fatima<\/span> <span class=\"tmm_lname\">Zaghloul<\/span><\/div><div class=\"tmm_job\">Verwaltungsangestellte<\/div><div class=\"tmm_scblock\"><\/div><\/div><\/div><div style=\"clear:both;\"><\/div><\/div><\/div><\/div>\n<\/div><\/div>\n\n<div style=\"height:50px\" aria-hidden=\"true\" class=\"wp-block-spacer\"><\/div>\n\n<div class=\"wp-block-group has-global-color-6-background-color has-background\"><div class=\"wp-block-group__inner-container is-layout-constrained wp-block-group-is-layout-constrained\">\n<h2 class=\"wp-block-heading\">R\u00eaveberiya Hem\u015f\u00eere<\/h2>\n\n\n<div class=\"tmm tmm_pflegedienstleitung\"><div class=\"tmm_3_columns tmm_wrap tmm_theme_f\"><span class=\"tmm_two_containers_tablet\"><\/span><div class=\"tmm_container\"><div class=\"tmm_member\" style=\"border-top:#019bdd solid 5px;\"><div class=\"tmm_photo tmm_pic_pflegedienstleitung_0\" style=\"background: url(https:\/\/www.bthuus.de\/wp-content\/uploads\/2022\/11\/Michael_Burkel.jpg); margin-left: auto; margin-right:auto; background-size:cover !important;\"><\/div><div class=\"tmm_textblock\"><div class=\"tmm_names\"><span class=\"tmm_fname\">Michael<\/span> <span class=\"tmm_lname\">Burkel<\/span><\/div><div class=\"tmm_job\">Krankenpfleger, Pflegedienstleitung, Palliative Care Pflegefachkraft, Supervisor<\/div><div class=\"tmm_scblock\"><\/div><\/div><\/div><div class=\"tmm_member\" style=\"border-top:#019bdd solid 5px;\"><div class=\"tmm_photo tmm_pic_pflegedienstleitung_1\" style=\"background: url(https:\/\/www.bthuus.de\/wp-content\/uploads\/2023\/01\/Sven_Stuhr_Pflegedienstleitung-jpg.webp); margin-left: auto; margin-right:auto; background-size:cover !important;\"><\/div><div class=\"tmm_textblock\"><div class=\"tmm_names\"><span class=\"tmm_fname\">Sven<\/span> <span class=\"tmm_lname\">Stuhr<\/span><\/div><div class=\"tmm_job\">Altenpfleger, Pflegedienstleitung, Palliative Care Pflegefachkraft, Heimleiter<\/div><div class=\"tmm_scblock\"><\/div><\/div><\/div><span class=\"tmm_two_containers_tablet\"><\/span><div class=\"tmm_member\" style=\"border-top:#019bdd solid 5px;\"><div class=\"tmm_photo tmm_pic_pflegedienstleitung_2\" style=\"background: url(https:\/\/www.bthuus.de\/wp-content\/uploads\/2024\/11\/asta_burkel.jpg); margin-left: auto; margin-right:auto; background-size:cover !important;\"><\/div><div class=\"tmm_textblock\"><div class=\"tmm_names\"><span class=\"tmm_fname\">Asta<\/span> <span class=\"tmm_lname\">Burkel<\/span><\/div><div class=\"tmm_job\">Krankenschwester, Fachkraft f\u00fcr An\u00e4sthesie &amp; Intensivmedizin, QM Beauftragte, BA Sozial- &amp; Gesundheitsmangement, Stellvertretende Pflegedienstleitung<\/div><div class=\"tmm_scblock\"><\/div><\/div><\/div><div style=\"clear:both;\"><\/div><\/div><\/div><\/div>\n<\/div><\/div>\n\n<div style=\"height:50px\" aria-hidden=\"true\" class=\"wp-block-spacer\"><\/div>\n\n<div class=\"wp-block-group has-global-color-6-background-color has-background\"><div class=\"wp-block-group__inner-container is-layout-constrained wp-block-group-is-layout-constrained\">\n<h2 class=\"wp-block-heading\">Bibal\u00ee<\/h2>\n\n\n<div class=\"tmm tmm_pflege\"><div class=\"tmm_3_columns tmm_wrap tmm_theme_f\"><span class=\"tmm_two_containers_tablet\"><\/span><div class=\"tmm_container\"><div class=\"tmm_member\" style=\"border-top:#019bdd solid 5px;\"><div class=\"tmm_photo tmm_pic_pflege_0\" style=\"background: url(https:\/\/www.bthuus.de\/wp-content\/uploads\/2023\/01\/ueber_uns_portrait_platzhalter-jpg.webp); margin-left: auto; margin-right:auto; background-size:cover !important;\"><\/div><div class=\"tmm_textblock\"><div class=\"tmm_names\"><span class=\"tmm_fname\">Faka<\/span> <span class=\"tmm_lname\">Rasmussen<\/span><\/div><div class=\"tmm_job\">Pflegehelferin<\/div><div class=\"tmm_scblock\"><\/div><\/div><\/div><div class=\"tmm_member\" style=\"border-top:#019bdd solid 5px;\"><div class=\"tmm_photo tmm_pic_pflege_1\" style=\"background: url(https:\/\/www.bthuus.de\/wp-content\/uploads\/2023\/01\/ueber_uns_portrait_platzhalter-jpg.webp); margin-left: auto; margin-right:auto; background-size:cover !important;\"><\/div><div class=\"tmm_textblock\"><div class=\"tmm_names\"><span class=\"tmm_fname\">Inken<\/span> <span class=\"tmm_lname\">Thiedemann<\/span><\/div><div class=\"tmm_job\">Krankenschwester<\/div><div class=\"tmm_scblock\"><\/div><\/div><\/div><span class=\"tmm_two_containers_tablet\"><\/span><div class=\"tmm_member\" style=\"border-top:#019bdd solid 5px;\"><div class=\"tmm_photo tmm_pic_pflege_2\" style=\"background: url(https:\/\/www.bthuus.de\/wp-content\/uploads\/2023\/01\/Jaquline_Kriegel_Krankenschwester_Parkinson_Fachschwester-jpg.webp); margin-left: auto; margin-right:auto; background-size:cover !important;\"><\/div><div class=\"tmm_textblock\"><div class=\"tmm_names\"><span class=\"tmm_fname\">Jacqueline<\/span> <span class=\"tmm_lname\">Kriegel<\/span><\/div><div class=\"tmm_job\">Krankenschwester, Parkinson Fachschwester<\/div><div class=\"tmm_scblock\"><\/div><\/div><\/div><\/div><span class=\"tmm_columns_containers_desktop\"><\/span><div class=\"tmm_container\"><div class=\"tmm_member\" style=\"border-top:#019bdd solid 5px;\"><div class=\"tmm_photo tmm_pic_pflege_3\" style=\"background: url(https:\/\/www.bthuus.de\/wp-content\/uploads\/2023\/01\/Joanna_Franszak.webp); margin-left: auto; margin-right:auto; background-size:cover !important;\"><\/div><div class=\"tmm_textblock\"><div class=\"tmm_names\"><span class=\"tmm_fname\">Joanna<\/span> <span class=\"tmm_lname\">Franczak<\/span><\/div><div class=\"tmm_job\">Pflegehelferin<\/div><div class=\"tmm_scblock\"><\/div><\/div><\/div><span class=\"tmm_two_containers_tablet\"><\/span><div class=\"tmm_member\" style=\"border-top:#019bdd solid 5px;\"><div class=\"tmm_photo tmm_pic_pflege_4\" style=\"background: url(https:\/\/www.bthuus.de\/wp-content\/uploads\/2023\/01\/Oliver_Berthold_Altenpfleger_Palliativpflegekraft-jpg.webp); margin-left: auto; margin-right:auto; background-size:cover !important;\"><\/div><div class=\"tmm_textblock\"><div class=\"tmm_names\"><span class=\"tmm_fname\">Oliver<\/span> <span class=\"tmm_lname\">Berthold<\/span><\/div><div class=\"tmm_job\">Altenpfleger, Palliative Care Pflegefachkraft<\/div><div class=\"tmm_scblock\"><\/div><\/div><\/div><div class=\"tmm_member\" style=\"border-top:#019bdd solid 5px;\"><div class=\"tmm_photo tmm_pic_pflege_5\" style=\"background: url(https:\/\/www.bthuus.de\/wp-content\/uploads\/2023\/01\/ueber_uns_portrait_platzhalter-jpg.webp); margin-left: auto; margin-right:auto; background-size:cover !important;\"><\/div><div class=\"tmm_textblock\"><div class=\"tmm_names\"><span class=\"tmm_fname\">Sabine<\/span> <span class=\"tmm_lname\">Kehring<\/span><\/div><div class=\"tmm_job\">Altenpflegerin<\/div><div class=\"tmm_scblock\"><\/div><\/div><\/div><span class=\"tmm_two_containers_tablet\"><\/span><\/div><span class=\"tmm_columns_containers_desktop\"><\/span><div class=\"tmm_container\"><div class=\"tmm_member\" style=\"border-top:#019bdd solid 5px;\"><div class=\"tmm_photo tmm_pic_pflege_6\" style=\"background: url(https:\/\/www.bthuus.de\/wp-content\/uploads\/2023\/01\/Sabine_Steinhoff.webp); margin-left: auto; margin-right:auto; background-size:cover !important;\"><\/div><div class=\"tmm_textblock\"><div class=\"tmm_names\"><span class=\"tmm_fname\">Sabine<\/span> <span class=\"tmm_lname\">Steinhoff<\/span><\/div><div class=\"tmm_job\">Altenpflegerin, Palliative Care Pflegefachkraft<\/div><div class=\"tmm_scblock\"><\/div><\/div><\/div><div class=\"tmm_member\" style=\"border-top:#019bdd solid 5px;\"><div class=\"tmm_photo tmm_pic_pflege_7\" style=\"background: url(https:\/\/www.bthuus.de\/wp-content\/uploads\/2024\/11\/Julia_Schulz.jpg); margin-left: auto; margin-right:auto; background-size:cover !important;\"><\/div><div class=\"tmm_textblock\"><div class=\"tmm_names\"><span class=\"tmm_fname\">Julia<\/span> <span class=\"tmm_lname\">Schulz<\/span><\/div><div class=\"tmm_job\">Fachkraft f\u00fcr Hauswirtschaft und Sozialpflege<\/div><div class=\"tmm_scblock\"><\/div><\/div><\/div><span class=\"tmm_two_containers_tablet\"><\/span><div class=\"tmm_member\" style=\"border-top:#019bdd solid 5px;\"><div class=\"tmm_photo tmm_pic_pflege_8\" style=\"background: url(https:\/\/www.bthuus.de\/wp-content\/uploads\/2023\/01\/ueber_uns_portrait_platzhalter-jpg.webp); margin-left: auto; margin-right:auto; background-size:cover !important;\"><\/div><div class=\"tmm_textblock\"><div class=\"tmm_names\"><span class=\"tmm_fname\">Katarzyna<\/span> <span class=\"tmm_lname\">Rose<\/span><\/div><div class=\"tmm_job\">Pflegehelferin<\/div><div class=\"tmm_scblock\"><\/div><\/div><\/div><\/div><span class=\"tmm_columns_containers_desktop\"><\/span><div class=\"tmm_container\"><div class=\"tmm_member\" style=\"border-top:#019bdd solid 5px;\"><div class=\"tmm_photo tmm_pic_pflege_9\" style=\"background: url(https:\/\/www.bthuus.de\/wp-content\/uploads\/2023\/01\/ueber_uns_portrait_platzhalter-jpg.webp); margin-left: auto; margin-right:auto; background-size:cover !important;\"><\/div><div class=\"tmm_textblock\"><div class=\"tmm_names\"><span class=\"tmm_fname\">Ute<\/span> <span class=\"tmm_lname\">Br\u00fcgmann<\/span><\/div><div class=\"tmm_job\">Arzthelferin, Hauswirtschaft<\/div><div class=\"tmm_scblock\"><\/div><\/div><\/div><span class=\"tmm_two_containers_tablet\"><\/span><div class=\"tmm_member\" style=\"border-top:#019bdd solid 5px;\"><div class=\"tmm_textblock\"><div class=\"tmm_names\"><span class=\"tmm_fname\">Kathrin<\/span> <span class=\"tmm_lname\">Andresen<\/span><\/div><div class=\"tmm_job\">Altenpflegerin<\/div><div class=\"tmm_scblock\"><\/div><\/div><\/div><div class=\"tmm_member\" style=\"border-top:#019bdd solid 5px;\"><div class=\"tmm_textblock\"><div class=\"tmm_names\"><span class=\"tmm_fname\">Michele<\/span> <span class=\"tmm_lname\">Prowasnik<\/span><\/div><div class=\"tmm_job\">Pflegehelferin<\/div><div class=\"tmm_scblock\"><\/div><\/div><\/div><div style=\"clear:both;\"><\/div><\/div><\/div><\/div>\n<\/div><\/div>\n\n<div style=\"height:50px\" aria-hidden=\"true\" class=\"wp-block-spacer\"><\/div>\n\n<div class=\"wp-block-group has-global-color-6-background-color has-background\"><div class=\"wp-block-group__inner-container is-layout-constrained wp-block-group-is-layout-constrained\">\n<h2 class=\"wp-block-heading\">Bibal\u00ee<\/h2>\n\n\n<div class=\"tmm tmm_betreuung\"><div class=\"tmm_3_columns tmm_wrap tmm_plugin_f\"><span class=\"tmm_two_containers_tablet\"><\/span><div class=\"tmm_container\"><div class=\"tmm_member\" style=\"border-top:#019bdd solid 5px;\"><div class=\"tmm_photo tmm_pic_betreuung_0\" style=\"background: url(https:\/\/www.bthuus.de\/wp-content\/uploads\/2024\/11\/elle_hidde.jpg); margin-left: auto; margin-right:auto; background-size:cover !important;\"><\/div><div class=\"tmm_textblock\"><div class=\"tmm_names\"><span class=\"tmm_fname\">Ellen<\/span> <span class=\"tmm_lname\">Hidde<\/span><\/div><div class=\"tmm_job\">Schwesternhelferin, Betreuungsassistentin (\u00a745 SGB11), Hauswirtschaft<\/div><div class=\"tmm_scblock\"><\/div><\/div><\/div><div class=\"tmm_member\" style=\"border-top:#019bdd solid 5px;\"><div class=\"tmm_photo tmm_pic_betreuung_1\" style=\"background: url(https:\/\/www.bthuus.de\/wp-content\/uploads\/2023\/01\/ueber_uns_portrait_platzhalter-jpg.webp); margin-left: auto; margin-right:auto; background-size:cover !important;\"><\/div><div class=\"tmm_textblock\"><div class=\"tmm_names\"><span class=\"tmm_fname\">Marlies<\/span> <span class=\"tmm_lname\">Knoll<\/span><\/div><div class=\"tmm_job\">Pflegehelferin, Betreuungsassistentin (\u00a745 SGB11), Hauswirtschaft, Vertretung Hauswirtschaftsleitung<\/div><div class=\"tmm_scblock\"><\/div><\/div><\/div><span class=\"tmm_two_containers_tablet\"><\/span><div class=\"tmm_member\" style=\"border-top:#019bdd solid 5px;\"><div class=\"tmm_photo tmm_pic_betreuung_2\" style=\"background: url(https:\/\/www.bthuus.de\/wp-content\/uploads\/2023\/01\/Marina_Schwanebeck_Hauswirtschaft_Betreuungskraft-jpg.webp); margin-left: auto; margin-right:auto; background-size:cover !important;\"><\/div><div class=\"tmm_textblock\"><div class=\"tmm_names\"><span class=\"tmm_fname\">Marina<\/span> <span class=\"tmm_lname\">Schwanebeck<\/span><\/div><div class=\"tmm_job\">Pflegehelferin, Betreuungskraft (\u00a745 SGB11), Hauswirtschaft<\/div><div class=\"tmm_scblock\"><\/div><\/div><\/div><\/div><span class=\"tmm_columns_containers_desktop\"><\/span><div class=\"tmm_container\"><div class=\"tmm_member\" style=\"border-top:#019bdd solid 5px;\"><div class=\"tmm_photo tmm_pic_betreuung_3\" style=\"background: url(https:\/\/www.bthuus.de\/wp-content\/uploads\/2023\/01\/ueber_uns_portrait_platzhalter-jpg.webp); margin-left: auto; margin-right:auto; background-size:cover !important;\"><\/div><div class=\"tmm_textblock\"><div class=\"tmm_names\"><span class=\"tmm_fname\">Gaby<\/span> <span class=\"tmm_lname\">Herpertz<\/span><\/div><div class=\"tmm_job\">Betreuungsassistentin (\u00a745 SGB11), Hauswirtschaft<\/div><div class=\"tmm_scblock\"><\/div><\/div><\/div><span class=\"tmm_two_containers_tablet\"><\/span><div class=\"tmm_member\" style=\"border-top:#019bdd solid 5px;\"><div class=\"tmm_photo tmm_pic_betreuung_4\" style=\"background: url(https:\/\/www.bthuus.de\/wp-content\/uploads\/2023\/01\/ueber_uns_portrait_platzhalter-jpg.webp); margin-left: auto; margin-right:auto; background-size:cover !important;\"><\/div><div class=\"tmm_textblock\"><div class=\"tmm_names\"><span class=\"tmm_fname\">Tim<\/span> <span class=\"tmm_lname\">Polley<\/span><\/div><div class=\"tmm_job\">Betreuungskraft nach \u00a753b SGB XI, Pflegehelfer<\/div><div class=\"tmm_scblock\"><\/div><\/div><\/div><div style=\"clear:both;\"><\/div><\/div><\/div><\/div>\n<\/div><\/div>\n\n<div style=\"height:50px\" aria-hidden=\"true\" class=\"wp-block-spacer\"><\/div>\n\n<div class=\"wp-block-group has-global-color-6-background-color has-background\"><div class=\"wp-block-group__inner-container is-layout-constrained wp-block-group-is-layout-constrained\">\n<h2 class=\"wp-block-heading\">malni\u015f\u00een\u00ee<\/h2>\n\n\n<div class=\"tmm tmm_hauswirtschaft\"><div class=\"tmm_3_columns tmm_wrap tmm_theme_f\"><span class=\"tmm_two_containers_tablet\"><\/span><div class=\"tmm_container\"><div class=\"tmm_member\" style=\"border-top:#019bdd solid 5px;\"><div class=\"tmm_photo tmm_pic_hauswirtschaft_0\" style=\"background: url(https:\/\/www.bthuus.de\/wp-content\/uploads\/2023\/01\/Carmen_von_Hadel_Leitung_Hauswirtschaft-jpg.webp); margin-left: auto; margin-right:auto; background-size:cover !important;\"><\/div><div class=\"tmm_textblock\"><div class=\"tmm_names\"><span class=\"tmm_fname\">Carmen<\/span> <span class=\"tmm_lname\">von Hadel<\/span><\/div><div class=\"tmm_job\">Leitung Hauswirtschaft &amp; Betreuungsabteilung<\/div><div class=\"tmm_scblock\"><\/div><\/div><\/div><div class=\"tmm_member\" style=\"border-top:#019bdd solid 5px;\"><div class=\"tmm_photo tmm_pic_hauswirtschaft_1\" style=\"background: url(https:\/\/www.bthuus.de\/wp-content\/uploads\/2023\/01\/ueber_uns_portrait_platzhalter-jpg.webp); margin-left: auto; margin-right:auto; background-size:cover !important;\"><\/div><div class=\"tmm_textblock\"><div class=\"tmm_names\"><span class=\"tmm_fname\">Ulrike<\/span> <span class=\"tmm_lname\">Schneekloth<\/span><\/div><div class=\"tmm_job\">Hauswirtschaft<\/div><div class=\"tmm_scblock\"><\/div><\/div><\/div><span class=\"tmm_two_containers_tablet\"><\/span><div class=\"tmm_member\" style=\"border-top:#019bdd solid 5px;\"><div class=\"tmm_photo tmm_pic_hauswirtschaft_2\" style=\"background: url(https:\/\/www.bthuus.de\/wp-content\/uploads\/2023\/01\/ueber_uns_portrait_platzhalter-jpg.webp); margin-left: auto; margin-right:auto; background-size:cover !important;\"><\/div><div class=\"tmm_textblock\"><div class=\"tmm_names\"><span class=\"tmm_fname\">Valentina<\/span> <span class=\"tmm_lname\">Reiter<\/span><\/div><div class=\"tmm_job\">Hauswirtschaft<\/div><div class=\"tmm_scblock\"><\/div><\/div><\/div><\/div><span class=\"tmm_columns_containers_desktop\"><\/span><div class=\"tmm_container\"><div class=\"tmm_member\" style=\"border-top:#019bdd solid 5px;\"><div class=\"tmm_photo tmm_pic_hauswirtschaft_3\" style=\"background: url(https:\/\/www.bthuus.de\/wp-content\/uploads\/2023\/01\/ueber_uns_portrait_platzhalter-jpg.webp); margin-left: auto; margin-right:auto; background-size:cover !important;\"><\/div><div class=\"tmm_textblock\"><div class=\"tmm_names\"><span class=\"tmm_fname\">Sabrina<\/span> <span class=\"tmm_lname\">Stegelmann<\/span><\/div><div class=\"tmm_job\">Hauswirtschaft<\/div><div class=\"tmm_scblock\"><\/div><\/div><\/div><div style=\"clear:both;\"><\/div><\/div><\/div><\/div>\n<\/div><\/div>\n","protected":false},"excerpt":{"rendered":"<p>Kar\u00fbbar\u00ea hem\u015f\u00eerey\u00ea ya dervey\u00ee nexwe\u015fxaneya Kiel &amp; Bredenbek Ji sala 1994-an vir ve, bi buroy\u00ean li Kiel \u00fb Bredenbek , me \u00eemkan da ku xer\u00eedar \u00fb nexwe\u015f\u00ean xwe li mal\u00ea \u00fb li derdor\u00ean xwe y\u00ean naskir\u00ee bim\u00eenin, her \u00e7end ew bi l\u00eanih\u00ear\u00eena hem\u015f\u00eere \u00fb\/an al\u00eekariya mal\u00ea ve gir\u00eaday\u00ee bin. Em \u00ea k\u00eafxwe\u015f bibin ku agahdariya &#8230; <\/p>\n<p class=\"read-more-container\"><a title=\"Hauswirtschaft\" class=\"read-more button\" href=\"https:\/\/www.bthuus.de\/ku\/tmm\/hauswirtschaft\/#more-2509\" aria-label=\"Read more about Hauswirtschaft\">Read more<\/a><\/p>\n","protected":false},"author":1,"featured_media":0,"parent":0,"menu_order":0,"comment_status":"closed","ping_status":"closed","template":"","meta":{"iawp_total_views":9,"footnotes":""},"class_list":["post-1813","page","type-page","status-publish","hentry","infinite-scroll-item"],"jetpack_sharing_enabled":true,"_links":{"self":[{"href":"https:\/\/www.bthuus.de\/ku\/wp-json\/wp\/v2\/pages\/1813","targetHints":{"allow":["GET"]}}],"collection":[{"href":"https:\/\/www.bthuus.de\/ku\/wp-json\/wp\/v2\/pages"}],"about":[{"href":"https:\/\/www.bthuus.de\/ku\/wp-json\/wp\/v2\/types\/page"}],"author":[{"embeddable":true,"href":"https:\/\/www.bthuus.de\/ku\/wp-json\/wp\/v2\/users\/1"}],"replies":[{"embeddable":true,"href":"https:\/\/www.bthuus.de\/ku\/wp-json\/wp\/v2\/comments?post=1813"}],"version-history":[{"count":6,"href":"https:\/\/www.bthuus.de\/ku\/wp-json\/wp\/v2\/pages\/1813\/revisions"}],"predecessor-version":[{"id":2940,"href":"https:\/\/www.bthuus.de\/ku\/wp-json\/wp\/v2\/pages\/1813\/revisions\/2940"}],"wp:attachment":[{"href":"https:\/\/www.bthuus.de\/ku\/wp-json\/wp\/v2\/media?parent=1813"}],"curies":[{"name":"wp","href":"https:\/\/api.w.org\/{rel}","templated":true}]}}