{"id":2087,"date":"2022-12-10T13:19:51","date_gmt":"2022-12-10T12:19:51","guid":{"rendered":"https:\/\/www.bthuus.de\/cure-palliative-specialistiche-ambulatoriali-sapv\/"},"modified":"2023-07-11T12:06:46","modified_gmt":"2023-07-11T10:06:46","slug":"cure-palliative-specialistiche-ambulatoriali-sapv","status":"publish","type":"page","link":"https:\/\/www.bthuus.de\/it\/i-nostri-servizi\/cure-palliative\/cure-palliative-specialistiche-ambulatoriali-sapv\/","title":{"rendered":"Cure palliative specialistiche ambulatoriali (SAPV)"},"content":{"rendered":"\n<div class=\"wp-block-group has-global-color-6-background-color has-background\"><div class=\"wp-block-group__inner-container is-layout-constrained wp-block-group-is-layout-constrained\">\n<p><strong>Le cure palliative specialistiche ambulatoriali (SAPV)<\/strong> sono un tipo specialistico di assistenza rivolto a persone con una malattia progressiva e incurabile, con l&#8217;obiettivo di migliorare la qualit\u00e0 della vita e il benessere di questi pazienti. I servizi SAPV sono offerti da un team interdisciplinare di medici, infermieri, psicologi e altri specialisti e sono adattati alle esigenze individuali del paziente.<\/p>\n\n\n\n<p>Siamo <strong>un partner di cooperazione particolarmente qualificato del <a rel=\"noreferrer noopener\" href=\"https:\/\/www.sapv-team-kiel.de\/\" data-type=\"URL\" data-id=\"https:\/\/www.sapv-team-kiel.de\/\" target=\"_blank\">SAPV Team Kiel<\/a><\/strong> e offriamo anche <strong>assistenza terminale<\/strong> e <strong>lavoro di lutto<\/strong> con i propri cari.<\/p>\n<\/div><\/div>\n\n<div style=\"height:50px\" aria-hidden=\"true\" class=\"wp-block-spacer no-mobile\"><\/div>\n\n<div class=\"wp-block-group has-global-color-6-background-color has-background\"><div class=\"wp-block-group__inner-container is-layout-constrained wp-block-group-is-layout-constrained\">\n<h2 class=\"wp-block-heading\">Cosa comprendono le cure palliative ambulatoriali specialistiche (SAPV)?<\/h2>\n\n\n\n<p>Le cure palliative specialistiche ambulatoriali (SAPV) comprendono l&#8217;assistenza completa e il supporto per i pazienti con una malattia progressiva e incurabile e i loro parenti. Questi includono, tra gli altri:<\/p>\n\n\n\n<ul class=\"wp-block-list\">\n<li><strong>Gestione del dolore<\/strong> : un aspetto importante della SAPV \u00e8 il sollievo dal dolore. Il team SAPV pu\u00f2 aiutare somministrando farmaci antidolorifici e creando piani di gestione del dolore.<\/li>\n\n\n\n<li><strong>Controllo dei sintomi<\/strong> : un altro obiettivo di SAPV \u00e8 il controllo di sintomi come nausea, vomito, difficolt\u00e0 respiratorie o costipazione. Il team SAPV pu\u00f2 fornire un aiuto mirato somministrando farmaci o effettuando misure palliative come l&#8217;inserimento di tubi gastrici o cateteri urinari.<\/li>\n\n\n\n<li><strong>Supporto psicologico ed emotivo<\/strong> : una parte essenziale di SAPV \u00e8 anche il supporto psicologico ed emotivo dei pazienti e dei loro parenti. Il team SAPV pu\u00f2 svolgere un ruolo importante qui, ad esempio parlando e ascoltando.<\/li>\n\n\n\n<li><strong>Consulenza e supporto per i parenti<\/strong> : il SAPV supporta i parenti dei pazienti nella cura e nella cura dei loro cari e offre loro consulenza e supporto.<\/li>\n\n\n\n<li><strong>Assistenza in hospice<\/strong> : il SAPV pu\u00f2 anche offrire assistenza in hospice per sostenere i pazienti nella loro ultima fase di vita.<\/li>\n<\/ul>\n\n\n\n<p>Le cure palliative specialistiche ambulatoriali (SAPV) sono finanziate dalle compagnie di assicurazione sanitaria e sono gratuite per i pazienti. L&#8217;inclusione nel SAPV \u00e8 avviata da un medico e di solito richiede il consenso della compagnia di assicurazione sanitaria. SAPV di solito si svolge a casa o in una struttura ambulatoriale.<\/p>\n<\/div><\/div>\n\n<div style=\"height:50px\" aria-hidden=\"true\" class=\"wp-block-spacer no-mobile\"><\/div>\n\n<div class=\"wp-block-group has-global-color-6-background-color has-background\"><div class=\"wp-block-group__inner-container is-layout-constrained wp-block-group-is-layout-constrained\">\n<h2 class=\"wp-block-heading\">A chi si rivolgono le cure palliative specialistiche ambulatoriali (SAPV)?<\/h2>\n\n\n\n<p>Le cure palliative specialistiche ambulatoriali (SAPV) sono rivolte a <strong>pazienti con malattia avanzata e incurabile che presentano bisogni e sintomi particolarmente complessi e richiedono cure palliative complete<\/strong> . Il SAPV mira a migliorare la qualit\u00e0 della vita dei pazienti e dei loro parenti e a consentire loro di vivere e morire nel modo pi\u00f9 indipendente possibile.<\/p>\n\n\n\n<p>SAPV \u00e8 una forma specializzata di cure palliative ambulatoriali fornite da un team interdisciplinare di medici, infermieri, psicologi e assistenti sociali. In generale, SAPV \u00e8 rivolto a pazienti con bisogni e sintomi particolarmente complessi che richiedono cure palliative pi\u00f9 complete rispetto <a href=\"https:\/\/www.bthuus.de\/it\/i-nostri-servizi\/cure-palliative\/cure-palliative-ambulatoriali-generali-aapv\/\" data-type=\"page\" data-id=\"56\">alle cure palliative ambulatoriali generali (AAPV)<\/a> . La decisione su quale forma di cure palliative sia appropriata per un paziente viene presa da un medico in base alle esigenze e ai sintomi individuali del paziente.<\/p>\n<\/div><\/div>\n\n<div style=\"height:50px\" aria-hidden=\"true\" class=\"wp-block-spacer no-mobile\"><\/div>\n\n<div class=\"wp-block-group has-global-color-6-background-color has-background\"><div class=\"wp-block-group__inner-container is-layout-constrained wp-block-group-is-layout-constrained\">\n<h2 class=\"wp-block-heading\">Quali servizi offre il servizio infermieristico ambulatoriale Bliev to Huus a Kiel e Bredenbek?<\/h2>\n\n\n\n<p>Nell&#8217;ambito delle cure palliative ambulatoriali specialistiche (SAPV), offriamo generalmente i seguenti servizi:<\/p>\n\n\n\n<ul class=\"wp-block-list\">\n<li>Trattamento sintomatico del dolore e di altri disturbi<\/li>\n\n\n\n<li>somministrazione di farmaci e altre terapie<\/li>\n\n\n\n<li>Cura<\/li>\n\n\n\n<li>Sostegno all&#8217;autosufficienza e alla vita quotidiana<\/li>\n\n\n\n<li>Supporto nella comunicazione e nell&#8217;affrontare la malattia<\/li>\n\n\n\n<li>Consulenza e sostegno ai parenti<\/li>\n\n\n\n<li>Coordinamento e collaborazione con i medici curanti e gli altri partecipanti<\/li>\n<\/ul>\n\n\n\n<p>A seconda delle esigenze e dei desideri individuali del paziente e dei suoi familiari, possono essere offerti anche altri servizi, ad esempio sotto forma di supporto psicologico o sociale.<\/p>\n\n\n\n<p>Grazie alla nostra pluriennale esperienza, l&#8217; <strong>autonomia del paziente<\/strong> e <strong>la comunicazione aperta tra loro<\/strong> sono particolarmente importanti per noi!<\/p>\n\n\n\n<p>Vediamo la nostra pi\u00f9 grande forza in questo <strong>adattamento ai bisogni individuali dei nostri pazienti e delle loro famiglie<\/strong> .<\/p>\n\n\n\n<p>Siamo molto felici di avere <strong>nel suo team infermieri qualificati, in particolare per le cure palliative ambulatoriali generali e specialistiche<\/strong> .<\/p>\n<\/div><\/div>\n\n<div style=\"height:50px\" aria-hidden=\"true\" class=\"wp-block-spacer no-mobile\"><\/div>\n\n<div class=\"wp-block-group has-global-color-6-background-color has-background\"><div class=\"wp-block-group__inner-container is-layout-constrained wp-block-group-is-layout-constrained\">\n<h2 class=\"wp-block-heading\">Come funzionano le cure palliative specialistiche ambulatoriali?<\/h2>\n\n\n\n<p>Il SAPV \u00e8 svolto da un team interdisciplinare di medici, infermieri, psicologi e assistenti sociali, appositamente adattato alle esigenze dei pazienti con una malattia avanzata. L&#8217;assistenza pu\u00f2 essere fornita sia a domicilio che in una struttura ambulatoriale come un hospice o un&#8217;unit\u00e0 di cure palliative.<\/p>\n\n\n\n<p>Il SAPV si concentra sul trattamento sintomatico del dolore e di altri disturbi, sul supporto con la cura di s\u00e9 e sul supporto psicologico e sociale per i pazienti e i loro parenti. L&#8217;obiettivo \u00e8 migliorare la qualit\u00e0 della vita dei pazienti e delle loro famiglie e consentire loro di vivere e morire nel modo pi\u00f9 indipendente possibile in un ambiente familiare.<\/p>\n<\/div><\/div>\n\n<div style=\"height:50px\" aria-hidden=\"true\" class=\"wp-block-spacer no-mobile\"><\/div>\n\n<div class=\"wp-block-group has-global-color-6-background-color has-background\"><div class=\"wp-block-group__inner-container is-layout-constrained wp-block-group-is-layout-constrained\">\n<h2 class=\"wp-block-heading\">Domande frequenti<\/h2>\n\n\n<div class=\"saswp-faq-block-section\"><ol style=\"list-style-type:none\"><li style=\"list-style-type: none\"><h4 class=\"\">Was ist die SAPV?<\/h4><p class=\"saswp-faq-answer-text\">Die SAPV ist eine spezialisierte Form der ambulanten Palliativversorgung, die sich an Patient:innen mit fortgeschrittener, nicht heilbarer Erkrankung richtet.<\/p><li style=\"list-style-type: none\"><h4 class=\"\">Wie wird die SAPV finanziert?<\/h4><p class=\"saswp-faq-answer-text\">Die SAPV wird von den Krankenkassen finanziert und ist f\u00fcr die Patient:innen kostenfrei.<\/p><li style=\"list-style-type: none\"><h4 class=\"\">Welche Leistungen werden in der SAPV angeboten?<\/h4><p class=\"saswp-faq-answer-text\">In der SAPV werden umfassende Leistungen angeboten, wie zum Beispiel: Schmerztherapie, Symptomkontrolle, Psychologische Unterst\u00fctzung, Beratung und Unterst\u00fctzung von Angeh\u00f6rigen, Hospizliche Betreuung.<br><\/p><li style=\"list-style-type: none\"><h4 class=\"\">Wer kann in die SAPV aufgenommen werden?<\/h4><p class=\"saswp-faq-answer-text\">In die SAPV k\u00f6nnen Patient:innen mit fortgeschrittener, nicht heilbarer Erkrankung aufgenommen werden, die palliative Versorgung ben\u00f6tigen. Die Aufnahme in die SAPV wird von einer \u00c4rztin, oder einem Arzt veranlasst und bedarf in der Regel einer Zustimmung der Krankenkasse.<\/p><li style=\"list-style-type: none\"><h4 class=\"\">Wo findet die SAPV statt?<\/h4><p class=\"saswp-faq-answer-text\">Die SAPV findet in der Regel zu Hause oder in einer ambulanten Einrichtung statt. In manchen F\u00e4llen kann die SAPV auch in einem Hospiz oder einer Klinik durchgef\u00fchrt werden.<\/p><li style=\"list-style-type: none\"><h4 class=\"\">Was unterscheidet die SAPV von der AAPV?<\/h4><p class=\"saswp-faq-answer-text\">Die SAPV wird von einem interdisziplin\u00e4ren Team aus \u00c4rzt:innen, Pflegekr\u00e4ften, Psycholog:innen und Sozialarbeiter:innen durchgef\u00fchrt und bietet ein umfassendes Angebot an Leistungen wie Schmerztherapie, Symptomkontrolle und psychologische Unterst\u00fctzung. Speziell qualifiziertes Fachpersonal des ambulanten Pflegedienstes und \u00e4rztliches Fachpersonal sind 24h erreichbar.<br><br><\/p><\/ul><\/div><\/div><\/div>\n\n<div style=\"height:50px\" aria-hidden=\"true\" class=\"wp-block-spacer no-mobile\"><\/div>\n\n<div data-aos-delay=\"1000\" data-aos-duration=\"1500\" data-aos-once=\"true\" data-aos=\"fade-up\" class=\"wp-block-group has-global-color-6-background-color has-background\"><div class=\"wp-block-group__inner-container is-layout-constrained wp-block-group-is-layout-constrained\">\n<h2 class=\"wp-block-heading\">Siamo felici di aiutarti!<\/h2>\n\n\n\n<p>Dopo approfondite discussioni, elaboreremo con voi un <strong>concetto individuale<\/strong> , <strong>adattato in modo ottimale alle vostre esigenze<\/strong> .<\/p>\n\n\n\n<p>L&#8217; <strong>incontro personale per conoscersi<\/strong> \u00e8 insostituibile per quanto riguarda le cure ambulatoriali. Sentiti libero di organizzare una conversazione con noi!<\/p>\n\n\n\n<div class=\"wp-block-buttons is-layout-flex wp-block-buttons-is-layout-flex\">\n<div class=\"wp-block-button has-custom-width wp-block-button__width-100\"><a class=\"wp-block-button__link wp-element-button\" href=\"tel:04316473730\" style=\"border-radius:0px\" target=\"_blank\" rel=\"noreferrer noopener\">\u2192 Chiama<\/a><\/div>\n\n\n\n<div class=\"wp-block-button has-custom-width wp-block-button__width-100\"><a class=\"wp-block-button__link wp-element-button\" href=\"https:\/\/www.bthuus.de\/it\/contatto\/#formular\" style=\"border-radius:0px\">Modulo di contatto<\/a><\/div>\n\n\n\n<div class=\"wp-block-button has-custom-width wp-block-button__width-100\"><a class=\"wp-block-button__link wp-element-button\" href=\"mailto:info@bthuus.de\" style=\"border-radius:0px\" target=\"_blank\" rel=\"noreferrer noopener\">\u2192 Scrivi un&#8217;e-mail<\/a><\/div>\n<\/div>\n<\/div><\/div>\n","protected":false},"excerpt":{"rendered":"<p>Le cure palliative specialistiche ambulatoriali (SAPV) sono un tipo specialistico di assistenza rivolto a persone con una malattia progressiva e incurabile, con l&#8217;obiettivo di migliorare la qualit\u00e0 della vita e il benessere di questi pazienti. I servizi SAPV sono offerti da un team interdisciplinare di medici, infermieri, psicologi e altri specialisti e sono adattati alle &#8230; <\/p>\n<p class=\"read-more-container\"><a title=\"Cure palliative specialistiche ambulatoriali (SAPV)\" class=\"read-more button\" href=\"https:\/\/www.bthuus.de\/it\/i-nostri-servizi\/cure-palliative\/cure-palliative-specialistiche-ambulatoriali-sapv\/#more-2087\" aria-label=\"Per saperne di pi\u00f9 su Cure palliative specialistiche ambulatoriali (SAPV)\">Leggi tutto<\/a><\/p>\n","protected":false},"author":1,"featured_media":0,"parent":2130,"menu_order":0,"comment_status":"closed","ping_status":"closed","template":"","meta":{"iawp_total_views":18,"footnotes":""},"class_list":{"0":"post-2087","1":"page","2":"type-page","3":"status-publish","5":"infinite-scroll-item"},"jetpack_sharing_enabled":true,"_links":{"self":[{"href":"https:\/\/www.bthuus.de\/it\/wp-json\/wp\/v2\/pages\/2087","targetHints":{"allow":["GET"]}}],"collection":[{"href":"https:\/\/www.bthuus.de\/it\/wp-json\/wp\/v2\/pages"}],"about":[{"href":"https:\/\/www.bthuus.de\/it\/wp-json\/wp\/v2\/types\/page"}],"author":[{"embeddable":true,"href":"https:\/\/www.bthuus.de\/it\/wp-json\/wp\/v2\/users\/1"}],"replies":[{"embeddable":true,"href":"https:\/\/www.bthuus.de\/it\/wp-json\/wp\/v2\/comments?post=2087"}],"version-history":[{"count":0,"href":"https:\/\/www.bthuus.de\/it\/wp-json\/wp\/v2\/pages\/2087\/revisions"}],"up":[{"embeddable":true,"href":"https:\/\/www.bthuus.de\/it\/wp-json\/wp\/v2\/pages\/2130"}],"wp:attachment":[{"href":"https:\/\/www.bthuus.de\/it\/wp-json\/wp\/v2\/media?parent=2087"}],"curies":[{"name":"wp","href":"https:\/\/api.w.org\/{rel}","templated":true}]}}