{"id":1995,"date":"2022-11-04T14:56:13","date_gmt":"2022-11-04T13:56:13","guid":{"rendered":"https:\/\/www.bthuus.de\/cure-palliative-ambulatoriali-generali-aapv\/"},"modified":"2023-07-11T12:06:45","modified_gmt":"2023-07-11T10:06:45","slug":"cure-palliative-ambulatoriali-generali-aapv","status":"publish","type":"page","link":"https:\/\/www.bthuus.de\/it\/i-nostri-servizi\/cure-palliative\/cure-palliative-ambulatoriali-generali-aapv\/","title":{"rendered":"Cure palliative ambulatoriali generali (AAPV)"},"content":{"rendered":"\n<div class=\"wp-block-group has-global-color-6-background-color has-background\"><div class=\"wp-block-group__inner-container is-layout-constrained wp-block-group-is-layout-constrained\">\n<p><strong>Le cure palliative ambulatoriali generali (AAPV)<\/strong> sono una parte importante dell&#8217;assistenza sanitaria, soprattutto per i malati gravi che desiderano vivere nelle proprie case. AAPV \u00e8 una forma specializzata di medicina ambulatoriale rivolta a <strong>pazienti con malattia avanzata e incurabile<\/strong> . L&#8217;AAPV mira a migliorare la qualit\u00e0 della vita dei pazienti e delle loro famiglie e consentire loro di vivere nel modo pi\u00f9 indipendente possibile.<\/p>\n\n\n\n<p>Oltre all&#8217;AAPV, offriamo anche <strong>cure di fine vita<\/strong> e <strong>lavoro sul dolore<\/strong> con i propri cari.<\/p>\n<\/div><\/div>\n\n<div style=\"height:50px\" aria-hidden=\"true\" class=\"wp-block-spacer no-mobile\"><\/div>\n\n<div class=\"wp-block-group has-global-color-6-background-color has-background\"><div class=\"wp-block-group__inner-container is-layout-constrained wp-block-group-is-layout-constrained\">\n<h2 class=\"wp-block-heading\">Cosa comportano le cure palliative ambulatoriali generali (AAPV)?<\/h2>\n\n\n\n<p>Le cure palliative ambulatoriali generali (AAPV) comprendono <strong>l&#8217;assistenza medica, infermieristica, psicologica e sociale per i pazienti con una malattia progressiva, incurabile e con un&#8217;aspettativa di vita limitata<\/strong> . Lo scopo dell&#8217;AAPV \u00e8 migliorare la qualit\u00e0 della vita dei pazienti e dei loro parenti e consentire loro di vivere e morire nel modo pi\u00f9 indipendente possibile in un ambiente familiare. L&#8217;AAPV pu\u00f2 essere offerto a casa o in una struttura ambulatoriale come un hospice o un&#8217;unit\u00e0 di cure palliative. L&#8217;assistenza \u00e8 fornita da un team interdisciplinare di medici, infermieri, psicologi e assistenti sociali. L&#8217;AAPV pu\u00f2 includere il trattamento sintomatico del dolore e di altri disturbi, nonch\u00e9 il supporto psicologico e sociale per i pazienti e le loro famiglie.<\/p>\n<\/div><\/div>\n\n<div style=\"height:50px\" aria-hidden=\"true\" class=\"wp-block-spacer no-mobile\"><\/div>\n\n<div class=\"wp-block-group has-global-color-6-background-color has-background\"><div class=\"wp-block-group__inner-container is-layout-constrained wp-block-group-is-layout-constrained\">\n<h2 class=\"wp-block-heading\">A chi si rivolgono le cure palliative ambulatoriali generali (AAPV)?<\/h2>\n\n\n\n<p>Le cure palliative ambulatoriali generali (AAPV) sono rivolte a pazienti con malattia avanzata e incurabile che necessitano di cure palliative.<\/p>\n<\/div><\/div>\n\n<div style=\"height:50px\" aria-hidden=\"true\" class=\"wp-block-spacer no-mobile\"><\/div>\n\n<div class=\"wp-block-group has-global-color-6-background-color has-background\"><div class=\"wp-block-group__inner-container is-layout-constrained wp-block-group-is-layout-constrained\">\n<h2 class=\"wp-block-heading\">Quali servizi offre il servizio infermieristico ambulatoriale Bliev to Huus a Kiel e Bredenbek?<\/h2>\n\n\n\n<p>Il servizio infermieristico ambulatoriale \u00e8 responsabile della cura e del sostegno dei pazienti nell&#8217;ambito dell&#8217;AAPV. Ecco alcuni esempi di servizi che possiamo fornire come servizio di assistenza domiciliare ai sensi dell&#8217;AAPV:<\/p>\n\n\n\n<ul class=\"wp-block-list\">\n<li><strong>Cure di base<\/strong> : ci occupiamo delle cure di base dei pazienti, come lavarsi, vestirsi e prendersi cura della persona.<\/li>\n\n\n\n<li><strong>Terapia del dolore<\/strong> : aiutiamo i pazienti a prendere antidolorifici e diamo loro consigli su come alleviare il dolore.<\/li>\n\n\n\n<li><strong>Controllo dei sintomi<\/strong> : possiamo aiutare i pazienti a controllare sintomi come nausea, vomito e mancanza di respiro.<\/li>\n\n\n\n<li><strong>Supporto ai parenti<\/strong> : Offriamo consulenza e supporto ai parenti dei pazienti nella cura e nella cura dei loro cari.<\/li>\n<\/ul>\n\n\n\n<p>Noi del servizio di assistenza ambulatoriale Bliev to Huus a Kiel e Bredenbek siamo molto felici di avere <strong>infermieri qualificati<\/strong> nel nostro team, in particolare per le cure palliative ambulatoriali generali e specializzate.<\/p>\n<\/div><\/div>\n\n<div style=\"height:50px\" aria-hidden=\"true\" class=\"wp-block-spacer no-mobile\"><\/div>\n\n<div class=\"wp-block-group has-global-color-6-background-color has-background\"><div class=\"wp-block-group__inner-container is-layout-constrained wp-block-group-is-layout-constrained\">\n<h2 class=\"wp-block-heading\">Come funzionano le cure palliative ambulatoriali generali?<\/h2>\n\n\n\n<p>In generale, le cure palliative generali ambulatoriali procedono come segue:<\/p>\n\n\n\n<ol class=\"wp-block-list\">\n<li>L&#8217;AAPV viene avviato da un medico quando un paziente con una malattia avanzata e incurabile richiede cure palliative.<\/li>\n\n\n\n<li>Il medico presenta una domanda per AAPV alla compagnia di assicurazione sanitaria. La compagnia di assicurazione sanitaria controlla la domanda e decide se finanziare l&#8217;AAPV.<\/li>\n\n\n\n<li>Se la domanda viene approvata, verr\u00e0 riunito un team AAPV composto da medici, infermieri e altri professionisti.<\/li>\n\n\n\n<li>Il team AAPV visita il paziente a casa o in una struttura ambulatoriale e fornisce servizi completi come la gestione del dolore, il controllo dei sintomi e il supporto psicologico.<\/li>\n\n\n\n<li>Il team AAPV lavora a stretto contatto con il paziente e la sua famiglia per sviluppare un piano di trattamento individuale.<\/li>\n\n\n\n<li>L&#8217;AAPV dura finch\u00e9 il paziente ne ha bisogno. Se le esigenze del paziente cambiano o se il paziente muore, l&#8217;AAPV viene interrotto.<\/li>\n<\/ol>\n\n\n\n<p>\u00c8 importante notare che esistono due forme di cure palliative ambulatoriali: cure palliative ambulatoriali generali (AAPV) e <a href=\"https:\/\/www.bthuus.de\/leistungen\/spezialisierte-ambulante-paillativversorgung-sapv\/\" data-type=\"page\" data-id=\"375\">cure palliative ambulatoriali specialistiche (SAPV)<\/a> . SAPV \u00e8 una forma pi\u00f9 pronunciata e completa di AAPV, che si rivolge a pazienti con bisogni e sintomi particolarmente complessi. La decisione su quale forma di AAPV sia appropriata per un paziente viene presa da un medico in base alle esigenze e ai sintomi individuali del paziente.<\/p>\n<\/div><\/div>\n\n<div style=\"height:50px\" aria-hidden=\"true\" class=\"wp-block-spacer no-mobile\"><\/div>\n\n<div class=\"wp-block-group has-global-color-6-background-color has-background\"><div class=\"wp-block-group__inner-container is-layout-constrained wp-block-group-is-layout-constrained\">\n<h2 class=\"wp-block-heading\">Domande frequenti<\/h2>\n\n\n<div class=\"saswp-faq-block-section\"><ol style=\"list-style-type:none\"><li style=\"list-style-type: none\"><h4 class=\"\">Was ist die AAPV?<\/h4><p class=\"saswp-faq-answer-text\">Die AAPV ist eine spezialisierte Form der ambulanten Medizin, die sich an Patient:innen mit fortgeschrittener, nicht heilbarer Erkrankung richtet. Ziel der AAPV ist es, die Lebensqualit\u00e4t von Patient:innen und ihren Angeh\u00f6rigen zu verbessern und ihnen ein m\u00f6glichst selbstbestimmtes Leben und Sterben zu erm\u00f6glichen.<\/p><li style=\"list-style-type: none\"><h4 class=\"\">Wo findet die AAPV statt?<\/h4><p class=\"saswp-faq-answer-text\">Die AAPV findet in der Regel zu Hause oder in einer ambulanten Einrichtung statt. In manchen F\u00e4llen kann die AAPV auch in einem Hospiz oder einer Klinik durchgef\u00fchrt werden.<\/p><li style=\"list-style-type: none\"><h4 class=\"\">Welche Leistungen werden in der AAPV angeboten?<\/h4><p class=\"saswp-faq-answer-text\">In der AAPV werden umfassende Leistungen angeboten, wie zum Beispiel: Schmerztherapie, Symptomkontrolle, psychologische Unterst\u00fctzung, Beratung und Unterst\u00fctzung von Angeh\u00f6rigen, Hospizliche Betreuung<\/p><li style=\"list-style-type: none\"><h4 class=\"\">Wer kann in die AAPV aufgenommen werden?<\/h4><p class=\"saswp-faq-answer-text\">In die AAPV k\u00f6nnen Patient:innen mit fortgeschrittener, nicht heilbarer Erkrankung aufgenommen werden, die palliative Versorgung ben\u00f6tigen. Die Aufnahme in die AAPV wird von einem Arzt veranlasst und bedarf in der Regel einer Zustimmung der Krankenkasse.<\/p><li style=\"list-style-type: none\"><h4 class=\"\">Wie wird die AAPV finanziert?<\/h4><p class=\"saswp-faq-answer-text\">Die AAPV wird von den Krankenkassen finanziert und ist f\u00fcr die Patient:innen kostenfrei.<\/p><li style=\"list-style-type: none\"><h4 class=\"\">Was ist der Unterschied zwischen AAPV und SAPV?<\/h4><p class=\"saswp-faq-answer-text\">Der wesentliche Unterschied zwischen der AAPV und der SAPV besteht darin, dass die SAPV eine spezialisierte Form der ambulanten Palliativversorgung ist, die sich an Patient:innen mit besonders komplexen Bed\u00fcrfnissen und Symptomen richtet. W\u00e4hrend bei der AAPV die eigene Haus\u00e4rztin oder der eigene Hausarzt verantwortlich ist, ist bei der SAPV eine spezielle \u00c4rztin oder ein spezieller Arzt aus dem SAPV-Team verantwortlich. SAPV umfasst einen deutlich h\u00f6heren Leistungsumfang samt 24h Erreichbarkeit der speziell qualifizierten Pfleger und des \u00e4rztlichen Fachpersonals.<br><\/p><\/ul><\/div><\/div><\/div>\n\n<div style=\"height:50px\" aria-hidden=\"true\" class=\"wp-block-spacer no-mobile\"><\/div>\n\n<div data-aos-delay=\"1000\" data-aos-duration=\"1500\" data-aos-once=\"true\" data-aos=\"fade-up\" class=\"wp-block-group has-global-color-6-background-color has-background\"><div class=\"wp-block-group__inner-container is-layout-constrained wp-block-group-is-layout-constrained\">\n<h2 class=\"wp-block-heading\">Siamo felici di aiutarti!<\/h2>\n\n\n\n<p>Dopo approfondite discussioni, elaboreremo con voi un <strong>concetto individuale<\/strong> , <strong>adattato in modo ottimale alle vostre esigenze<\/strong> .<\/p>\n\n\n\n<p>L&#8217; <strong>incontro personale per conoscersi<\/strong> \u00e8 insostituibile per quanto riguarda le cure ambulatoriali. Sentiti libero di organizzare una conversazione con noi!<\/p>\n\n\n\n<div class=\"wp-block-buttons is-layout-flex wp-block-buttons-is-layout-flex\">\n<div class=\"wp-block-button has-custom-width wp-block-button__width-100\"><a class=\"wp-block-button__link wp-element-button\" href=\"tel:04316473730\" style=\"border-radius:0px\" target=\"_blank\" rel=\"noreferrer noopener\">\u2192 Chiama<\/a><\/div>\n\n\n\n<div class=\"wp-block-button has-custom-width wp-block-button__width-100\"><a class=\"wp-block-button__link wp-element-button\" href=\"https:\/\/www.bthuus.de\/it\/contatto\/#formular\" style=\"border-radius:0px\">Modulo di contatto<\/a><\/div>\n\n\n\n<div class=\"wp-block-button has-custom-width wp-block-button__width-100\"><a class=\"wp-block-button__link wp-element-button\" href=\"mailto:info@bthuus.de\" style=\"border-radius:0px\" target=\"_blank\" rel=\"noreferrer noopener\">\u2192 Scrivi un&#8217;e-mail<\/a><\/div>\n<\/div>\n<\/div><\/div>\n","protected":false},"excerpt":{"rendered":"<p>Le cure palliative ambulatoriali generali (AAPV) sono una parte importante dell&#8217;assistenza sanitaria, soprattutto per i malati gravi che desiderano vivere nelle proprie case. AAPV \u00e8 una forma specializzata di medicina ambulatoriale rivolta a pazienti con malattia avanzata e incurabile . L&#8217;AAPV mira a migliorare la qualit\u00e0 della vita dei pazienti e delle loro famiglie e &#8230; <\/p>\n<p class=\"read-more-container\"><a title=\"Cure palliative ambulatoriali generali (AAPV)\" class=\"read-more button\" href=\"https:\/\/www.bthuus.de\/it\/i-nostri-servizi\/cure-palliative\/cure-palliative-ambulatoriali-generali-aapv\/#more-1995\" aria-label=\"Per saperne di pi\u00f9 su Cure palliative ambulatoriali generali (AAPV)\">Leggi tutto<\/a><\/p>\n","protected":false},"author":1,"featured_media":0,"parent":2130,"menu_order":0,"comment_status":"closed","ping_status":"closed","template":"","meta":{"iawp_total_views":8,"footnotes":""},"class_list":{"0":"post-1995","1":"page","2":"type-page","3":"status-publish","5":"infinite-scroll-item"},"jetpack_sharing_enabled":true,"_links":{"self":[{"href":"https:\/\/www.bthuus.de\/it\/wp-json\/wp\/v2\/pages\/1995","targetHints":{"allow":["GET"]}}],"collection":[{"href":"https:\/\/www.bthuus.de\/it\/wp-json\/wp\/v2\/pages"}],"about":[{"href":"https:\/\/www.bthuus.de\/it\/wp-json\/wp\/v2\/types\/page"}],"author":[{"embeddable":true,"href":"https:\/\/www.bthuus.de\/it\/wp-json\/wp\/v2\/users\/1"}],"replies":[{"embeddable":true,"href":"https:\/\/www.bthuus.de\/it\/wp-json\/wp\/v2\/comments?post=1995"}],"version-history":[{"count":0,"href":"https:\/\/www.bthuus.de\/it\/wp-json\/wp\/v2\/pages\/1995\/revisions"}],"up":[{"embeddable":true,"href":"https:\/\/www.bthuus.de\/it\/wp-json\/wp\/v2\/pages\/2130"}],"wp:attachment":[{"href":"https:\/\/www.bthuus.de\/it\/wp-json\/wp\/v2\/media?parent=1995"}],"curies":[{"name":"wp","href":"https:\/\/api.w.org\/{rel}","templated":true}]}}