{"id":1905,"date":"2022-11-04T14:45:42","date_gmt":"2022-11-04T13:45:42","guid":{"rendered":"https:\/\/www.bthuus.de\/chi-siamo\/sostenibilita\/"},"modified":"2023-07-11T12:04:43","modified_gmt":"2023-07-11T10:04:43","slug":"sostenibilita","status":"publish","type":"page","link":"https:\/\/www.bthuus.de\/it\/ueber-uns\/sostenibilita\/","title":{"rendered":"sostenibilit\u00e0"},"content":{"rendered":"\n<div class=\"wp-block-group has-global-color-6-background-color has-background\"><div class=\"wp-block-group__inner-container is-layout-constrained wp-block-group-is-layout-constrained\">\n<h2 class=\"wp-block-heading has-global-color-2-color has-text-color\">Cosa significa per noi sostenibilit\u00e0?<\/h2>\n\n\n\n<p>Sostenibilit\u00e0, <a href=\"https:\/\/www.bmz.de\/de\/service\/lexikon\/nachhaltigkeit-nachhaltige-entwicklung-14700#:~:text=Nachhaltigkeit%20oder%20nachhaltige%20Entwicklung%20bedeutet,zuk%C3%BCnftiger%20Generationen%20nicht%20eingeschr%C3%A4nkt%20werden.\" data-type=\"URL\" data-id=\"https:\/\/www.bmz.de\/de\/service\/lexikon\/nachhaltigkeit-nachhaltige-entwicklung-14700#:~:text=Nachhaltigkeit%20oder%20nachhaltige%20Entwicklung%20bedeutet,zuk%C3%BCnftiger%20Generationen%20nicht%20eingeschr%C3%A4nkt%20werden.\" target=\"_blank\" rel=\"noreferrer noopener\">come definita dal Ministero Federale per la Cooperazione e lo Sviluppo Economico<\/a> , significa soddisfare i bisogni del presente senza limitare le opportunit\u00e0 delle generazioni future. Ci\u00f2 richiede un&#8217;eguale considerazione delle tre dimensioni della sostenibilit\u00e0: efficienza economica, giustizia sociale e sostenibilit\u00e0 ecologica. La sostenibilit\u00e0 dovrebbe essere la base di tutte le decisioni politiche al fine di preservare le risorse globali a lungo termine.<\/p>\n\n\n\n<p>Per noi del servizio di assistenza domiciliare Bliev to Huus, ci\u00f2 significa che applichiamo pratiche sostenibili in tutti gli aspetti del nostro lavoro. Questo va dalla selezione dei nostri fornitori e dall&#8217;uso delle risorse al modo in cui forniamo i nostri servizi. Implementando pratiche sostenibili, contribuiamo a migliorare la qualit\u00e0 della vita delle generazioni attuali e future.<\/p>\n<\/div><\/div>\n\n<div style=\"height:50px\" aria-hidden=\"true\" class=\"wp-block-spacer no-mobile\"><\/div>\n\n<div class=\"wp-block-group has-global-color-6-background-color has-background\"><div class=\"wp-block-group__inner-container is-layout-constrained wp-block-group-is-layout-constrained\">\n<h2 class=\"wp-block-heading has-global-color-2-color has-text-color\">Il nostro impegno per la sostenibilit\u00e0<\/h2>\n\n\n\n<p>Siamo consapevoli della responsabilit\u00e0 che abbiamo nei confronti delle generazioni future, compresi i nostri figli e nipoti. Il nostro obiettivo \u00e8 mantenere un pianeta sano e vivibile per te e per i parenti dei nostri pazienti. Pertanto, la sostenibilit\u00e0 non \u00e8 solo una parola d&#8217;ordine per noi, ma una parte centrale della nostra filosofia aziendale e pratica quotidiana<\/p>\n<\/div><\/div>\n\n<div style=\"height:50px\" aria-hidden=\"true\" class=\"wp-block-spacer no-mobile\"><\/div>\n\n<div class=\"wp-block-group has-global-color-6-background-color has-background\"><div class=\"wp-block-group__inner-container is-layout-constrained wp-block-group-is-layout-constrained\">\n<h2 class=\"wp-block-heading has-global-color-2-color has-text-color\">Cosa stiamo facendo nello specifico?<\/h2>\n\n\n\n<h3 class=\"wp-block-heading has-global-color-2-color has-text-color\">1. Meno carta, pi\u00f9 digitalizzazione<\/h3>\n\n\n\n<p>Nell&#8217;ambito dei nostri sforzi per la sostenibilit\u00e0, ci affidiamo sempre pi\u00f9 alla digitalizzazione e alle tecnologie cloud per ridurre al minimo il consumo di carta nella nostra vita quotidiana in ufficio. Adottando documenti digitali e utilizzando il cloud per l&#8217;archiviazione e la collaborazione, possiamo ridurre la necessit\u00e0 di copie fisiche. Ci\u00f2 non solo consente di risparmiare risorse, ma migliora anche l&#8217;efficienza dei nostri processi di lavoro. In questo modo, contribuiamo attivamente alla protezione del nostro ambiente e rendiamo sostenibile il nostro lavoro quotidiano.<\/p>\n\n\n\n<h3 class=\"wp-block-heading has-global-color-2-color has-text-color\">2. Scatole zero rifiuti dalla costa del caff\u00e8 di Laboe<\/h3>\n\n\n\n<p>Per il nostro ufficio riceviamo il nostro caff\u00e8 dalla costa del caff\u00e8 Laboe in scatole sostenibili a zero rifiuti. Questo sistema ci consente di ottenere esattamente la quantit\u00e0 di caff\u00e8 biologico ed equosolidale di cui abbiamo bisogno, evitando attivamente gli sprechi. Le scatole vengono sostituite dopo l&#8217;uso, pulite e riutilizzate, risparmiando rifiuti di imballaggio e contribuendo alla sostenibilit\u00e0.<\/p>\n\n\n\n<h3 class=\"wp-block-heading has-global-color-2-color has-text-color\">3. Brevi distanze e networking<\/h3>\n\n\n\n<p>Nei nostri sforzi per agire in modo sostenibile, attribuiamo grande importanza a mantenere le nostre distanze brevi. I nostri dipendenti hanno anche la possibilit\u00e0 di utilizzare le nostre auto aziendali per recarsi al lavoro. Inoltre, manteniamo deliberatamente piccolo il nostro bacino di utenza per evitare lunghi viaggi e ridurre cos\u00ec la nostra impronta di CO2. Con queste misure contribuiamo attivamente alla riduzione delle emissioni e alla promozione della mobilit\u00e0 sostenibile.<\/p>\n\n\n\n<h3 class=\"wp-block-heading has-global-color-2-color has-text-color\">4. Parco veicoli moderno<\/h3>\n\n\n\n<p>La nostra flotta \u00e8 composta esclusivamente da nuovi veicoli ecologici a basse emissioni. Abbiamo gi\u00e0 sostituito alcuni dei nostri veicoli con un modello ibrido e sei auto completamente elettriche per dare il nostro contributo alla riduzione delle emissioni di CO2.<\/p>\n\n\n\n<h3 class=\"wp-block-heading has-global-color-2-color has-text-color\">5. Frutta e verdura biologica locale<\/h3>\n\n\n\n<p>Un altro passo nella nostra strategia di sostenibilit\u00e0 \u00e8 l&#8217;uso della scatola di abbonamento di Hof \u200b\u200bWischhof. Ogni settimana riceviamo frutta e verdura fresca biologica dalla regione, che viene consegnata direttamente in sede. Questo non solo supporta gli agricoltori locali e promuove l&#8217;economia regionale, ma garantisce anche un&#8217;alimentazione sana e sostenibile nel nostro team. In questo modo, contribuiamo attivamente a un ambiente di lavoro pi\u00f9 verde e pi\u00f9 sano.<\/p>\n\n\n\n<h3 class=\"wp-block-heading has-global-color-2-color has-text-color\">6. Con l&#8217;e-cargo bike al lavoro<\/h3>\n\n\n\n<figure class=\"wp-block-image size-full\"><img loading=\"lazy\" decoding=\"async\" width=\"600\" height=\"846\" src=\"https:\/\/www.bthuus.de\/wp-content\/uploads\/2022\/12\/MiBu_Emma.jpg\" alt=\"\" class=\"wp-image-398\" srcset=\"https:\/\/www.bthuus.de\/wp-content\/uploads\/2022\/12\/MiBu_Emma.jpg 600w, https:\/\/www.bthuus.de\/wp-content\/uploads\/2022\/12\/MiBu_Emma-213x300.webp 213w\" sizes=\"auto, (max-width: 600px) 100vw, 600px\" \/><\/figure><\/div><\/div>\n","protected":false},"excerpt":{"rendered":"<p>Cosa significa per noi sostenibilit\u00e0? Sostenibilit\u00e0, come definita dal Ministero Federale per la Cooperazione e lo Sviluppo Economico , significa soddisfare i bisogni del presente senza limitare le opportunit\u00e0 delle generazioni future. Ci\u00f2 richiede un&#8217;eguale considerazione delle tre dimensioni della sostenibilit\u00e0: efficienza economica, giustizia sociale e sostenibilit\u00e0 ecologica. La sostenibilit\u00e0 dovrebbe essere la base di &#8230; <\/p>\n<p class=\"read-more-container\"><a title=\"sostenibilit\u00e0\" class=\"read-more button\" href=\"https:\/\/www.bthuus.de\/it\/ueber-uns\/sostenibilita\/#more-1905\" aria-label=\"Per saperne di pi\u00f9 su sostenibilit\u00e0\">Leggi tutto<\/a><\/p>\n","protected":false},"author":1,"featured_media":0,"parent":1804,"menu_order":0,"comment_status":"closed","ping_status":"closed","template":"","meta":{"iawp_total_views":0,"footnotes":""},"class_list":{"0":"post-1905","1":"page","2":"type-page","3":"status-publish","5":"infinite-scroll-item"},"jetpack_sharing_enabled":true,"_links":{"self":[{"href":"https:\/\/www.bthuus.de\/it\/wp-json\/wp\/v2\/pages\/1905","targetHints":{"allow":["GET"]}}],"collection":[{"href":"https:\/\/www.bthuus.de\/it\/wp-json\/wp\/v2\/pages"}],"about":[{"href":"https:\/\/www.bthuus.de\/it\/wp-json\/wp\/v2\/types\/page"}],"author":[{"embeddable":true,"href":"https:\/\/www.bthuus.de\/it\/wp-json\/wp\/v2\/users\/1"}],"replies":[{"embeddable":true,"href":"https:\/\/www.bthuus.de\/it\/wp-json\/wp\/v2\/comments?post=1905"}],"version-history":[{"count":0,"href":"https:\/\/www.bthuus.de\/it\/wp-json\/wp\/v2\/pages\/1905\/revisions"}],"up":[{"embeddable":true,"href":"https:\/\/www.bthuus.de\/it\/wp-json\/wp\/v2\/pages\/1804"}],"wp:attachment":[{"href":"https:\/\/www.bthuus.de\/it\/wp-json\/wp\/v2\/media?parent=1905"}],"curies":[{"name":"wp","href":"https:\/\/api.w.org\/{rel}","templated":true}]}}