{"id":1866,"date":"2022-11-04T14:41:45","date_gmt":"2022-11-04T13:41:45","guid":{"rendered":"https:\/\/www.bthuus.de\/i-nostri-servizi\/servizi-infermieristici\/"},"modified":"2023-07-11T12:04:25","modified_gmt":"2023-07-11T10:04:25","slug":"servizi-infermieristici","status":"publish","type":"page","link":"https:\/\/www.bthuus.de\/it\/i-nostri-servizi\/servizi-infermieristici\/","title":{"rendered":"servizi infermieristici"},"content":{"rendered":"\n<div class=\"wp-block-group has-global-color-6-background-color has-background\"><div class=\"wp-block-group__inner-container is-layout-constrained wp-block-group-is-layout-constrained\">\n<h2 class=\"wp-block-heading\">Prestazioni dell&#8217;assicurazione per l&#8217;assistenza a lungo termine (SGB XI)<\/h2>\n\n\n\n<p>Sono forniti da noi come prestazioni di assistenza in natura sotto forma di cosiddetti complessi di servizi.<br\/>Questi includono, ad esempio:<\/p>\n\n\n\n<ul class=\"wp-block-list\">\n<li>igiene personale<\/li>\n\n\n\n<li>mobilitazione<\/li>\n\n\n\n<li>preparare i pasti<\/li>\n\n\n\n<li>pulizia dell&#8217;appartamento<\/li>\n\n\n\n<li>Incarichi di cura ai sensi del \u00a7 37.3 SGB XI<\/li>\n<\/ul>\n<\/div><\/div>\n\n<div style=\"height:50px\" aria-hidden=\"true\" class=\"wp-block-spacer no-mobile\"><\/div>\n\n<div class=\"wp-block-group has-global-color-6-background-color has-background\"><div class=\"wp-block-group__inner-container is-layout-constrained wp-block-group-is-layout-constrained\">\n<h2 class=\"wp-block-heading\">Prestazioni dell&#8217;assicurazione malattia (SGB V)<\/h2>\n\n\n\n<p>Questi includono, ad esempio:<\/p>\n\n\n\n<ul class=\"wp-block-list\">\n<li>Indossare e togliere le calze compressive mediche<\/li>\n\n\n\n<li>iniezioni prescritte da un medico<\/li>\n\n\n\n<li>somministrazione di farmaci<\/li>\n\n\n\n<li>Sistemare la cassetta dei medicinali<\/li>\n\n\n\n<li>cambio di vestizione<\/li>\n<\/ul>\n\n\n\n<p>L&#8217;assicurazione sanitaria pubblica (GKV) offre vari servizi nell&#8217;ambito dell&#8217;assistenza ambulatoriale, che sono regolati dal \u00a7 37 del codice di sicurezza sociale V (SGB V). Ci\u00f2 comprende:<\/p>\n\n\n\n<ul class=\"wp-block-list\">\n<li><strong>Assistenza infermieristica<\/strong> : questa \u00e8 la cura delle persone che hanno bisogno di cure e hanno bisogno di aiuto nella vita di tutti i giorni. Ci\u00f2 include, ad esempio, le cure di base (ad esempio cura del corpo, alimentazione) e le faccende domestiche.<\/li>\n\n\n\n<li><strong>Assistenza sostitutiva<\/strong> : queste prestazioni sono rivolte a persone che dipendono dal supporto di un caregiver a causa del loro bisogno di cure e che sono temporaneamente impossibilitate a ricevere questo supporto, ad esempio perch\u00e9 il caregiver non \u00e8 in grado di partecipare.<\/li>\n\n\n\n<li><strong>Cure a breve termine<\/strong> : queste prestazioni sono rivolte a persone che devono essere temporaneamente ricoverate in una struttura di cura, ad esempio perch\u00e9 non \u00e8 pi\u00f9 possibile l&#8217;assistenza domiciliare o perch\u00e9 \u00e8 necessaria la riabilitazione.<\/li>\n\n\n\n<li><strong>Infermieristica domiciliare<\/strong> : questi servizi includono l&#8217;assistenza domiciliare ai malati da parte di infermieri qualificati, come assistenza infermieristica, cura delle ferite, iniezioni e infusioni.<\/li>\n<\/ul>\n\n\n\n<p>Tuttavia, ci sono anche alcuni servizi che non sono coperti dalla GKV, come i costi per gli ausili infermieristici che non sono necessari dal punto di vista medico.<\/p>\n<\/div><\/div>\n\n<div style=\"height:50px\" aria-hidden=\"true\" class=\"wp-block-spacer no-mobile\"><\/div>\n\n<div class=\"wp-block-group has-global-color-6-background-color has-background\"><div class=\"wp-block-group__inner-container is-layout-constrained wp-block-group-is-layout-constrained\">\n<h2 class=\"wp-block-heading\">pacchetto di servizi<\/h2>\n\n\n\n<p>Oltre alle prestazioni di assistenza menzionate, offriamo anche un pacchetto di prestazioni supplementari.<br\/>Questo pacchetto di servizi include, ad esempio:<\/p>\n\n\n\n<ul class=\"wp-block-list\">\n<li>L&#8217;approvvigionamento di medicinali<\/li>\n\n\n\n<li>Comunicazione con i medici<\/li>\n<\/ul>\n<\/div><\/div>\n\n<div style=\"height:50px\" aria-hidden=\"true\" class=\"wp-block-spacer no-mobile\"><\/div>\n\n<div class=\"wp-block-group has-global-color-6-background-color has-background\"><div class=\"wp-block-group__inner-container is-layout-constrained wp-block-group-is-layout-constrained\">\n<h2 class=\"wp-block-heading\">sistema di allarme domestico<\/h2>\n\n\n\n<p>Il sistema di chiamata di emergenza domestica \u00e8 <strong>un servizio esterno<\/strong> che siamo felici di organizzare.<\/p>\n\n\n\n<p>Ti piacerebbe vivere in sicurezza nel tuo ambiente domestico, nonostante la vecchiaia, la malattia o la disabilit\u00e0?<br\/>Il tuo familiare dovrebbe anche durante la tua assenza &#8211; ad es. B. mentre sei in vacanza &#8211; hai l&#8217;opportunit\u00e0 di chiedere aiuto in caso di emergenza?<br\/>Con la <a rel=\"noreferrer noopener\" href=\"https:\/\/www.mebo.de\/\" data-type=\"URL\" data-id=\"https:\/\/www.mebo.de\/\" target=\"_blank\">chiamata di emergenza interna di MEBO Sicherheit,<\/a> ottieni sicurezza e assistenza.<br\/>Il centro di controllo del servizio \u00e8 presidiato 24 ore su 24 e ci avvisa se \u00e8 stata effettuata una chiamata di emergenza ed \u00e8 necessario un supporto.<\/p>\n\n\n\n<p>La chiamata di emergenza interna di MEBO Sicherheit \u00e8 <strong>un&#8217;offerta indipendente dal nostro servizio telefonico 24 ore su 24<\/strong> al di fuori degli orari d&#8217;ufficio.<\/p>\n<\/div><\/div>\n\n<div style=\"height:50px\" aria-hidden=\"true\" class=\"wp-block-spacer no-mobile\"><\/div>\n\n<div data-aos-delay=\"1000\" data-aos-duration=\"1500\" data-aos-once=\"true\" data-aos=\"fade-up\" class=\"wp-block-group has-global-color-6-background-color has-background\"><div class=\"wp-block-group__inner-container is-layout-constrained wp-block-group-is-layout-constrained\">\n<h2 class=\"wp-block-heading\">Siamo felici di aiutarti!<\/h2>\n\n\n\n<p>Dopo approfondite discussioni, elaboreremo con voi un <strong>concetto individuale<\/strong> , <strong>adattato in modo ottimale alle vostre esigenze<\/strong> .<\/p>\n\n\n\n<p>L&#8217; <strong>incontro personale per conoscersi<\/strong> \u00e8 insostituibile per quanto riguarda le cure ambulatoriali. Sentiti libero di organizzare una conversazione con noi!<\/p>\n\n\n\n<div class=\"wp-block-buttons is-layout-flex wp-block-buttons-is-layout-flex\">\n<div class=\"wp-block-button has-custom-width wp-block-button__width-100\"><a class=\"wp-block-button__link wp-element-button\" href=\"tel:04316473730\" style=\"border-radius:0px\" target=\"_blank\" rel=\"noreferrer noopener\">\u2192 Chiama<\/a><\/div>\n\n\n\n<div class=\"wp-block-button has-custom-width wp-block-button__width-100\"><a class=\"wp-block-button__link wp-element-button\" href=\"https:\/\/www.bthuus.de\/it\/contatto\/#formular\" style=\"border-radius:0px\">Modulo di contatto<\/a><\/div>\n\n\n\n<div class=\"wp-block-button has-custom-width wp-block-button__width-100\"><a class=\"wp-block-button__link wp-element-button\" href=\"mailto:info@bthuus.de\" style=\"border-radius:0px\" target=\"_blank\" rel=\"noreferrer noopener\">\u2192 Scrivi un&#8217;e-mail<\/a><\/div>\n<\/div>\n<\/div><\/div>\n\n<p><\/p>\n","protected":false},"excerpt":{"rendered":"<p>Prestazioni dell&#8217;assicurazione per l&#8217;assistenza a lungo termine (SGB XI) Sono forniti da noi come prestazioni di assistenza in natura sotto forma di cosiddetti complessi di servizi.Questi includono, ad esempio: Prestazioni dell&#8217;assicurazione malattia (SGB V) Questi includono, ad esempio: L&#8217;assicurazione sanitaria pubblica (GKV) offre vari servizi nell&#8217;ambito dell&#8217;assistenza ambulatoriale, che sono regolati dal \u00a7 37 del &#8230; <\/p>\n<p class=\"read-more-container\"><a title=\"servizi infermieristici\" class=\"read-more button\" href=\"https:\/\/www.bthuus.de\/it\/i-nostri-servizi\/servizi-infermieristici\/#more-1866\" aria-label=\"Per saperne di pi\u00f9 su servizi infermieristici\">Leggi tutto<\/a><\/p>\n","protected":false},"author":1,"featured_media":0,"parent":1822,"menu_order":0,"comment_status":"closed","ping_status":"closed","template":"","meta":{"iawp_total_views":2,"footnotes":""},"class_list":{"0":"post-1866","1":"page","2":"type-page","3":"status-publish","5":"infinite-scroll-item"},"jetpack_sharing_enabled":true,"_links":{"self":[{"href":"https:\/\/www.bthuus.de\/it\/wp-json\/wp\/v2\/pages\/1866","targetHints":{"allow":["GET"]}}],"collection":[{"href":"https:\/\/www.bthuus.de\/it\/wp-json\/wp\/v2\/pages"}],"about":[{"href":"https:\/\/www.bthuus.de\/it\/wp-json\/wp\/v2\/types\/page"}],"author":[{"embeddable":true,"href":"https:\/\/www.bthuus.de\/it\/wp-json\/wp\/v2\/users\/1"}],"replies":[{"embeddable":true,"href":"https:\/\/www.bthuus.de\/it\/wp-json\/wp\/v2\/comments?post=1866"}],"version-history":[{"count":0,"href":"https:\/\/www.bthuus.de\/it\/wp-json\/wp\/v2\/pages\/1866\/revisions"}],"up":[{"embeddable":true,"href":"https:\/\/www.bthuus.de\/it\/wp-json\/wp\/v2\/pages\/1822"}],"wp:attachment":[{"href":"https:\/\/www.bthuus.de\/it\/wp-json\/wp\/v2\/media?parent=1866"}],"curies":[{"name":"wp","href":"https:\/\/api.w.org\/{rel}","templated":true}]}}