{"id":1850,"date":"2022-11-04T14:40:38","date_gmt":"2022-11-04T13:40:38","guid":{"rendered":"https:\/\/www.bthuus.de\/chi-siamo\/filosofia\/"},"modified":"2023-07-11T12:04:18","modified_gmt":"2023-07-11T10:04:18","slug":"filosofia","status":"publish","type":"page","link":"https:\/\/www.bthuus.de\/it\/ueber-uns\/filosofia\/","title":{"rendered":"filosofia"},"content":{"rendered":"\n<div class=\"wp-block-group has-global-color-6-background-color has-background\"><div class=\"wp-block-group__inner-container is-layout-constrained wp-block-group-is-layout-constrained\">\n<h2 class=\"wp-block-heading\">La nostra filosofia<\/h2>\n\n\n\n<blockquote class=\"wp-block-quote has-medium-font-size is-layout-flow wp-block-quote-is-layout-flow\">\n<p>&#8221; <em>La dignit\u00e0 umana \u00e8 inviolabile&#8221;.<\/em><\/p>\n<cite><em>(Articolo 1, Legge fondamentale tedesca)<\/em><\/cite><\/blockquote>\n\n\n\n<p>Il fulcro delle nostre azioni \u00e8 l&#8217;essere umano nella sua unicit\u00e0.<\/p>\n<\/div><\/div>\n\n<div style=\"height:50px\" aria-hidden=\"true\" class=\"wp-block-spacer no-mobile\"><\/div>\n\n<div class=\"wp-block-group has-global-color-6-background-color has-background\"><div class=\"wp-block-group__inner-container is-layout-constrained wp-block-group-is-layout-constrained\">\n<h2 class=\"wp-block-heading\">Il nostro concetto di cura<\/h2>\n\n\n\n<p>Comprendiamo ognuno dei nostri pazienti<\/p>\n\n\n\n<ul class=\"wp-block-list\">\n<li>come un&#8217;unit\u00e0 inscindibile di corpo, mente e anima<\/li>\n\n\n\n<li>come individuo, che si orienta alle attivit\u00e0 della vita<\/li>\n<\/ul>\n\n\n\n<p>La promozione delle risorse viene prima dell&#8217;acquisizione sostitutiva di attivit\u00e0 e azioni.<\/p>\n\n\n\n<ul class=\"wp-block-list\">\n<li>Trattiamo tutti con rispetto, <strong>indipendentemente dalla loro fede, sesso, nazionalit\u00e0 e origine.<\/strong><\/li>\n\n\n\n<li>Vogliamo mantenere e promuovere la qualit\u00e0 della vita del paziente\/cliente e quindi consentirgli di rimanere a casa il pi\u00f9 a lungo possibile.<\/li>\n\n\n\n<li>Includiamo il paziente\/cliente ei suoi familiari nelle decisioni infermieristiche, tenendo conto delle risorse.<\/li>\n\n\n\n<li>In un <strong>clima di familiarit\u00e0,<\/strong> vogliamo conoscere i desideri e le esigenze del paziente e, per quanto possibile, soddisfarli.<\/li>\n\n\n\n<li>Accompagniamo i morenti a casa e siamo accanto a loro e ai loro parenti giorno e notte. Collaboriamo con tutte le persone coinvolte nella cura del paziente\/cliente in modo fiducioso e mettiamo in rete le nostre offerte. Questo ci consente di offrire assistenza domiciliare, attivit\u00e0 ricreative, gite e cure giornaliere, accompagnamento a medici e terapie da un&#8217;unica fonte.<\/li>\n\n\n\n<li>Apprezziamo il personale qualificato e impieghiamo i nostri dipendenti in base alle loro capacit\u00e0 e competenze.<\/li>\n\n\n\n<li>Ci assicuriamo che i nostri dipendenti ricevano una formazione regolare e un&#8217;istruzione superiore.<\/li>\n\n\n\n<li>Ci impegniamo per un&#8217;assistenza di alta qualit\u00e0. Il prerequisito per questo \u00e8 lavorare secondo le regole del processo infermieristico.<\/li>\n\n\n\n<li>Coinvolgiamo i dipendenti nelle decisioni e li incoraggiamo a portare idee e suggerimenti.<\/li>\n\n\n\n<li>Incoraggiamo la comunicazione aperta, ci sosteniamo a vicenda, accettiamo i nostri limiti, i nostri punti di forza e le nostre debolezze. Questo ci permette di garantire una buona atmosfera lavorativa.<\/li>\n<\/ul>\n<\/div><\/div>\n","protected":false},"excerpt":{"rendered":"<p>La nostra filosofia &#8221; La dignit\u00e0 umana \u00e8 inviolabile&#8221;. Il fulcro delle nostre azioni \u00e8 l&#8217;essere umano nella sua unicit\u00e0. Il nostro concetto di cura Comprendiamo ognuno dei nostri pazienti La promozione delle risorse viene prima dell&#8217;acquisizione sostitutiva di attivit\u00e0 e azioni.<\/p>\n","protected":false},"author":1,"featured_media":0,"parent":1804,"menu_order":0,"comment_status":"closed","ping_status":"closed","template":"","meta":{"iawp_total_views":0,"footnotes":""},"class_list":{"0":"post-1850","1":"page","2":"type-page","3":"status-publish","5":"infinite-scroll-item"},"jetpack_sharing_enabled":true,"_links":{"self":[{"href":"https:\/\/www.bthuus.de\/it\/wp-json\/wp\/v2\/pages\/1850","targetHints":{"allow":["GET"]}}],"collection":[{"href":"https:\/\/www.bthuus.de\/it\/wp-json\/wp\/v2\/pages"}],"about":[{"href":"https:\/\/www.bthuus.de\/it\/wp-json\/wp\/v2\/types\/page"}],"author":[{"embeddable":true,"href":"https:\/\/www.bthuus.de\/it\/wp-json\/wp\/v2\/users\/1"}],"replies":[{"embeddable":true,"href":"https:\/\/www.bthuus.de\/it\/wp-json\/wp\/v2\/comments?post=1850"}],"version-history":[{"count":0,"href":"https:\/\/www.bthuus.de\/it\/wp-json\/wp\/v2\/pages\/1850\/revisions"}],"up":[{"embeddable":true,"href":"https:\/\/www.bthuus.de\/it\/wp-json\/wp\/v2\/pages\/1804"}],"wp:attachment":[{"href":"https:\/\/www.bthuus.de\/it\/wp-json\/wp\/v2\/media?parent=1850"}],"curies":[{"name":"wp","href":"https:\/\/api.w.org\/{rel}","templated":true}]}}