{"id":2221,"date":"2022-11-04T14:51:25","date_gmt":"2022-11-04T13:51:25","guid":{"rendered":"https:\/\/www.bthuus.de\/imprimer\/"},"modified":"2023-07-11T12:19:29","modified_gmt":"2023-07-11T10:19:29","slug":"imprimer","status":"publish","type":"page","link":"https:\/\/www.bthuus.de\/fr\/imprimer\/","title":{"rendered":"imprimer"},"content":{"rendered":"\n<div class=\"wp-block-group has-global-color-6-background-color has-background\"><div class=\"wp-block-group__inner-container is-layout-constrained wp-block-group-is-layout-constrained\">\n<h2 class=\"wp-block-heading\">Bliev \u00e0 Huus \u2013 \u00e9quipe de soins ambulatoires<\/h2>\n\n\n\n<p>Directeur g\u00e9n\u00e9ral : Michael Burkel<br\/>Sarrebruckstrasse 179<br\/>24113Kiel<\/p>\n\n\n\n<p>T\u00e9l 0431 647 3730<br\/>T\u00e9l\u00e9copie 0431 647 3731<br\/><a href=\"mailto:info@bthuus.de\">info@bthuus.de<\/a><\/p>\n\n\n\n<h2 class=\"wp-block-heading\">Clause de non-responsabilit\u00e9<\/h2>\n\n\n\n<p>Les informations fournies sur ce site ont \u00e9t\u00e9 soigneusement v\u00e9rifi\u00e9es et sont mises \u00e0 jour r\u00e9guli\u00e8rement. Cependant, aucune garantie ne peut \u00eatre donn\u00e9e que toutes les informations soient compl\u00e8tes, correctes et \u00e0 jour \u00e0 tout moment. Ceci s&#8217;applique en particulier \u00e0 toutes les connexions (&#8220;liens&#8221;) vers d&#8217;autres sites Web auxquels il est fait r\u00e9f\u00e9rence directement ou indirectement. Toutes les informations peuvent \u00eatre modifi\u00e9es, supprim\u00e9es ou compl\u00e9t\u00e9es sans pr\u00e9avis.<\/p>\n\n\n\n<h2 class=\"wp-block-heading\">Gauche<\/h2>\n\n\n\n<p>Le tribunal r\u00e9gional de Hambourg a d\u00e9cid\u00e9 par jugement du 12 mai 1998 qu&#8217;en incluant un lien sur sa page, on peut \u00e9galement \u00eatre responsable du contenu qui y est inclus. Selon le tribunal de district, accepter cette responsabilit\u00e9 ne peut \u00eatre exclu qu&#8217;en se dissociant express\u00e9ment de ce contenu. Ce site Web contient des liens vers d&#8217;autres contenus sur Internet. Ce qui suit s&#8217;applique \u00e0 ces liens : Nous soulignons express\u00e9ment que nous n&#8217;avons aucune influence sur la conception et le contenu des pages\/contenus li\u00e9s. Par cons\u00e9quent, nous nous distancions express\u00e9ment de tous les contenus de toutes les pages li\u00e9es de ce site Web. Cette d\u00e9claration s&#8217;applique \u00e0 toutes les pages de ce site Web sur lesquelles des liens ou des banni\u00e8res renvoient \u00e0 des contenus externes.<\/p>\n<\/div><\/div>\n","protected":false},"excerpt":{"rendered":"<p>Bliev \u00e0 Huus \u2013 \u00e9quipe de soins ambulatoires Directeur g\u00e9n\u00e9ral : Michael BurkelSarrebruckstrasse 17924113Kiel T\u00e9l 0431 647 3730T\u00e9l\u00e9copie 0431 647 3731info@bthuus.de Clause de non-responsabilit\u00e9 Les informations fournies sur ce site ont \u00e9t\u00e9 soigneusement v\u00e9rifi\u00e9es et sont mises \u00e0 jour r\u00e9guli\u00e8rement. Cependant, aucune garantie ne peut \u00eatre donn\u00e9e que toutes les informations soient compl\u00e8tes, correctes et &#8230; <\/p>\n<p class=\"read-more-container\"><a title=\"imprimer\" class=\"read-more button\" href=\"https:\/\/www.bthuus.de\/fr\/imprimer\/#more-2221\" aria-label=\"En savoir plus sur imprimer\">Lire plus<\/a><\/p>\n","protected":false},"author":1,"featured_media":0,"parent":0,"menu_order":0,"comment_status":"closed","ping_status":"closed","template":"","meta":{"iawp_total_views":0,"footnotes":""},"class_list":{"0":"post-2221","1":"page","2":"type-page","3":"status-publish","5":"infinite-scroll-item"},"jetpack_sharing_enabled":true,"_links":{"self":[{"href":"https:\/\/www.bthuus.de\/fr\/wp-json\/wp\/v2\/pages\/2221","targetHints":{"allow":["GET"]}}],"collection":[{"href":"https:\/\/www.bthuus.de\/fr\/wp-json\/wp\/v2\/pages"}],"about":[{"href":"https:\/\/www.bthuus.de\/fr\/wp-json\/wp\/v2\/types\/page"}],"author":[{"embeddable":true,"href":"https:\/\/www.bthuus.de\/fr\/wp-json\/wp\/v2\/users\/1"}],"replies":[{"embeddable":true,"href":"https:\/\/www.bthuus.de\/fr\/wp-json\/wp\/v2\/comments?post=2221"}],"version-history":[{"count":0,"href":"https:\/\/www.bthuus.de\/fr\/wp-json\/wp\/v2\/pages\/2221\/revisions"}],"wp:attachment":[{"href":"https:\/\/www.bthuus.de\/fr\/wp-json\/wp\/v2\/media?parent=2221"}],"curies":[{"name":"wp","href":"https:\/\/api.w.org\/{rel}","templated":true}]}}