{"id":2090,"date":"2023-01-04T14:33:44","date_gmt":"2023-01-04T13:33:44","guid":{"rendered":"https:\/\/www.bthuus.de\/a-propos-de-nous\/nos-partenaires\/"},"modified":"2023-07-11T12:05:46","modified_gmt":"2023-07-11T10:05:46","slug":"nos-partenaires","status":"publish","type":"page","link":"https:\/\/www.bthuus.de\/fr\/ueber-uns\/nos-partenaires\/","title":{"rendered":"Nos partenaires"},"content":{"rendered":"\n<div class=\"wp-block-group has-global-color-6-background-color has-background\"><div class=\"wp-block-group__inner-container is-layout-constrained wp-block-group-is-layout-constrained\">\n<h2 class=\"wp-block-heading\">soins palliatifs<\/h2>\n\n\n\n<div class=\"wp-block-media-text is-stacked-on-mobile is-vertically-aligned-center\" style=\"grid-template-columns:25% auto\"><figure class=\"wp-block-media-text__media\"><a href=\"https:\/\/www.sapv-team-kiel.de\/\" target=\"_blank\" rel=\"noreferrer noopener\"><img loading=\"lazy\" decoding=\"async\" width=\"250\" height=\"90\" src=\"https:\/\/www.bthuus.de\/wp-content\/uploads\/2023\/01\/SAPV_Spezialisierte_Ambulante_Palliative-Versorgung_Kiel_und_Umgebung-1.png\" alt=\"\" class=\"wp-image-905 size-full\"\/><\/a><\/figure><div class=\"wp-block-media-text__content\">\n<h5 class=\"wp-block-heading\">SAPV Soins Palliatifs Ambulatoires Sp\u00e9cialis\u00e9s<\/h5>\n\n\n\n<p>En tant que service de soins ambulatoires, nous sommes un partenaire de coop\u00e9ration de l&#8217; <a rel=\"noreferrer noopener\" href=\"https:\/\/www.sapv-team-kiel.de\/\" data-type=\"URL\" data-id=\"https:\/\/www.sapv-team-kiel.de\/\" target=\"_blank\">\u00e9quipe SAPV \u00e0 Kiel<\/a> . Une partie de notre \u00e9quipe a termin\u00e9 avec succ\u00e8s la qualification suppl\u00e9mentaire &#8220;Soins palliatifs pour infirmi\u00e8res&#8221; &#8211; certifi\u00e9e par la <a rel=\"noreferrer noopener\" href=\"https:\/\/www.dgpalliativmedizin.de\/\" data-type=\"URL\" data-id=\"https:\/\/www.dgpalliativmedizin.de\/\" target=\"_blank\">Soci\u00e9t\u00e9 allemande de m\u00e9decine palliative<\/a> .<\/p>\n<\/div><\/div>\n\n\n\n<div class=\"wp-block-media-text is-stacked-on-mobile is-vertically-aligned-center\" style=\"grid-template-columns:25% auto\"><figure class=\"wp-block-media-text__media\"><a href=\"https:\/\/www.hpvsh.de\/\" target=\"_blank\" rel=\"noreferrer noopener\"><img loading=\"lazy\" decoding=\"async\" width=\"346\" height=\"131\" src=\"https:\/\/www.bthuus.de\/wp-content\/uploads\/2023\/01\/HPVSH_Logo.png\" alt=\"\" class=\"wp-image-910 size-full\" srcset=\"https:\/\/www.bthuus.de\/wp-content\/uploads\/2023\/01\/HPVSH_Logo.png 346w, https:\/\/www.bthuus.de\/wp-content\/uploads\/2023\/01\/HPVSH_Logo-300x114.png 300w\" sizes=\"auto, (max-width: 346px) 100vw, 346px\" \/><\/a><\/figure><div class=\"wp-block-media-text__content\">\n<h5 class=\"wp-block-heading\">Association Hospice et Soins Palliatifs<br\/>Association enregistr\u00e9e du Schleswig-Holstein<\/h5>\n\n\n\n<p>Nous sommes <a href=\"https:\/\/www.hpvsh.de\/hilfsangebote\/bliev-to-huus-ambulantes-pflegeteam-kiel-und-bredenbek\" data-type=\"URL\" data-id=\"https:\/\/www.hpvsh.de\/hilfsangebote\/bliev-to-huus-ambulantes-pflegeteam-kiel-und-bredenbek\" target=\"_blank\" rel=\"noreferrer noopener\">membre du HPVSH<\/a><\/p>\n<\/div><\/div>\n<\/div><\/div>\n\n<div style=\"height:50px\" aria-hidden=\"true\" class=\"wp-block-spacer no-mobile\"><\/div>\n\n<div class=\"wp-block-group has-global-color-6-background-color has-background\"><div class=\"wp-block-group__inner-container is-layout-constrained wp-block-group-is-layout-constrained\">\n<h2 class=\"wp-block-heading\">magasins de fournitures m\u00e9dicales<\/h2>\n\n\n\n<div class=\"wp-block-media-text is-stacked-on-mobile is-vertically-aligned-center\" style=\"grid-template-columns:25% auto\"><figure class=\"wp-block-media-text__media\"><a href=\"https:\/\/www.hausderhilfe.de\/\" target=\"_blank\" rel=\"noreferrer noopener\"><img loading=\"lazy\" decoding=\"async\" width=\"400\" height=\"75\" src=\"https:\/\/www.bthuus.de\/wp-content\/uploads\/2022\/12\/Haus_der_Hilfe.webp\" alt=\"Sanit\u00e4tshaus Haus der Hilfe Logo\" class=\"wp-image-369 size-medium\" srcset=\"https:\/\/www.bthuus.de\/wp-content\/uploads\/2022\/12\/Haus_der_Hilfe.webp 400w, https:\/\/www.bthuus.de\/wp-content\/uploads\/2022\/12\/Haus_der_Hilfe-300x56.webp 300w\" sizes=\"auto, (max-width: 400px) 100vw, 400px\" \/><\/a><\/figure><div class=\"wp-block-media-text__content\">\n<h5 class=\"wp-block-heading\">Maison de secours en fournitures m\u00e9dicales<\/h5>\n\n\n\n<p>Le <a rel=\"noreferrer noopener\" href=\"https:\/\/www.hausderhilfe.de\/\" data-type=\"URL\" data-id=\"https:\/\/www.hausderhilfe.de\/\" target=\"_blank\">magasin de fournitures m\u00e9dicales Haus der Hilfe<\/a> nous aide \u00e0 fournir \u00e0 nos patients des produits et des aides m\u00e9dicales. La coop\u00e9ration avec un magasin de fournitures m\u00e9dicales sert \u00e0 fournir des soins meilleurs et continus \u00e0 nos patients.<\/p>\n<\/div><\/div>\n\n\n\n<div class=\"wp-block-media-text is-stacked-on-mobile is-vertically-aligned-center\" style=\"grid-template-columns:25% auto\"><figure class=\"wp-block-media-text__media\"><a href=\"https:\/\/kurda.de\/\" target=\"_blank\" rel=\"noreferrer noopener\"><img loading=\"lazy\" decoding=\"async\" width=\"400\" height=\"80\" src=\"https:\/\/www.bthuus.de\/wp-content\/uploads\/2023\/01\/Sanitaetshaus-Kurda-Logo.png\" alt=\"\" class=\"wp-image-764 size-medium\" srcset=\"https:\/\/www.bthuus.de\/wp-content\/uploads\/2023\/01\/Sanitaetshaus-Kurda-Logo.png 400w, https:\/\/www.bthuus.de\/wp-content\/uploads\/2023\/01\/Sanitaetshaus-Kurda-Logo-300x60.png 300w\" sizes=\"auto, (max-width: 400px) 100vw, 400px\" \/><\/a><\/figure><div class=\"wp-block-media-text__content\">\n<h5 class=\"wp-block-heading\">Magasin de fournitures m\u00e9dicales Kurda<\/h5>\n<\/div><\/div>\n\n\n\n<div style=\"height:25px\" aria-hidden=\"true\" class=\"wp-block-spacer\"><\/div>\n\n\n\n<div class=\"wp-block-media-text is-stacked-on-mobile is-vertically-aligned-center\" style=\"grid-template-columns:25% auto\"><figure class=\"wp-block-media-text__media\"><a href=\"https:\/\/www.assmann-kiel.de\/\" target=\"_blank\" rel=\"noreferrer noopener\"><img loading=\"lazy\" decoding=\"async\" width=\"400\" height=\"82\" src=\"https:\/\/www.bthuus.de\/wp-content\/uploads\/2023\/01\/Assmann_Logo_Kiel.png\" alt=\"\" class=\"wp-image-765 size-medium\" srcset=\"https:\/\/www.bthuus.de\/wp-content\/uploads\/2023\/01\/Assmann_Logo_Kiel.png 400w, https:\/\/www.bthuus.de\/wp-content\/uploads\/2023\/01\/Assmann_Logo_Kiel-300x62.png 300w\" sizes=\"auto, (max-width: 400px) 100vw, 400px\" \/><\/a><\/figure><div class=\"wp-block-media-text__content\">\n<h5 class=\"wp-block-heading\">Assmann Kiel<\/h5>\n<\/div><\/div>\n<\/div><\/div>\n\n<div style=\"height:50px\" aria-hidden=\"true\" class=\"wp-block-spacer no-mobile\"><\/div>\n\n<div class=\"wp-block-group has-global-color-6-background-color has-background\"><div class=\"wp-block-group__inner-container is-layout-constrained wp-block-group-is-layout-constrained\">\n<h2 class=\"wp-block-heading\">pharmacies<\/h2>\n\n\n\n<div class=\"wp-block-media-text is-stacked-on-mobile is-vertically-aligned-center\" style=\"grid-template-columns:25% auto\"><figure class=\"wp-block-media-text__media\"><a href=\"https:\/\/www.plazaapotheke.de\/\" target=\"_blank\" rel=\"noreferrer noopener\"><img loading=\"lazy\" decoding=\"async\" width=\"500\" height=\"151\" src=\"https:\/\/www.bthuus.de\/wp-content\/uploads\/2022\/12\/Apotheke_im_Plaza.webp\" alt=\"\" class=\"wp-image-365 size-medium\" srcset=\"https:\/\/www.bthuus.de\/wp-content\/uploads\/2022\/12\/Apotheke_im_Plaza.webp 500w, https:\/\/www.bthuus.de\/wp-content\/uploads\/2022\/12\/Apotheke_im_Plaza-300x91.webp 300w\" sizes=\"auto, (max-width: 500px) 100vw, 500px\" \/><\/a><\/figure><div class=\"wp-block-media-text__content\">\n<h5 class=\"wp-block-heading\">Pharmacie Plaza<\/h5>\n\n\n\n<p>La <a rel=\"noreferrer noopener\" href=\"https:\/\/www.plazaapotheke.de\/\" data-type=\"URL\" data-id=\"https:\/\/www.plazaapotheke.de\/\" target=\"_blank\">Plaza Apotheke<\/a> est notre partenaire fiable lorsqu&#8217;il s&#8217;agit d&#8217;acheter des m\u00e9dicaments pour l&#8217;administration de m\u00e9dicaments dans le cadre de soins ambulatoires.<\/p>\n<\/div><\/div>\n\n\n\n<div class=\"wp-block-media-text is-stacked-on-mobile is-vertically-aligned-center\" style=\"grid-template-columns:25% auto\"><figure class=\"wp-block-media-text__media\"><a href=\"https:\/\/apotheke-kiel.de\/\" target=\"_blank\" rel=\"noreferrer noopener\"><img loading=\"lazy\" decoding=\"async\" width=\"1024\" height=\"341\" src=\"https:\/\/www.bthuus.de\/wp-content\/uploads\/2023\/01\/Apotheke_Ruedel-1024x341.webp\" alt=\"\" class=\"wp-image-768 size-medium\" srcset=\"https:\/\/www.bthuus.de\/wp-content\/uploads\/2023\/01\/Apotheke_Ruedel-1024x341.webp 1024w, https:\/\/www.bthuus.de\/wp-content\/uploads\/2023\/01\/Apotheke_Ruedel-300x100.webp 300w, https:\/\/www.bthuus.de\/wp-content\/uploads\/2023\/01\/Apotheke_Ruedel-768x256.webp 768w, https:\/\/www.bthuus.de\/wp-content\/uploads\/2023\/01\/Apotheke_Ruedel-jpg.webp 1500w\" sizes=\"auto, (max-width: 1024px) 100vw, 1024px\" \/><\/a><\/figure><div class=\"wp-block-media-text__content\">\n<h5 class=\"wp-block-heading\">pack pharmacies<\/h5>\n<\/div><\/div>\n\n\n\n<div style=\"height:25px\" aria-hidden=\"true\" class=\"wp-block-spacer\"><\/div>\n\n\n\n<div class=\"wp-block-media-text is-stacked-on-mobile is-vertically-aligned-center\" style=\"grid-template-columns:25% auto\"><figure class=\"wp-block-media-text__media\"><a href=\"https:\/\/www.roland-apotheke-kiel.de\/\" target=\"_blank\" rel=\"noreferrer noopener\"><img loading=\"lazy\" decoding=\"async\" width=\"408\" height=\"200\" src=\"https:\/\/www.bthuus.de\/wp-content\/uploads\/2023\/01\/Roland_Apotheke_Kiel.png\" alt=\"\" class=\"wp-image-761 size-medium\" srcset=\"https:\/\/www.bthuus.de\/wp-content\/uploads\/2023\/01\/Roland_Apotheke_Kiel.png 408w, https:\/\/www.bthuus.de\/wp-content\/uploads\/2023\/01\/Roland_Apotheke_Kiel-300x147.png 300w\" sizes=\"auto, (max-width: 408px) 100vw, 408px\" \/><\/a><\/figure><div class=\"wp-block-media-text__content\">\n<h5 class=\"wp-block-heading\">Pharmacie Roland<\/h5>\n<\/div><\/div>\n<\/div><\/div>\n\n<div style=\"height:50px\" aria-hidden=\"true\" class=\"wp-block-spacer no-mobile\"><\/div>\n\n<div class=\"wp-block-group has-global-color-6-background-color has-background\"><div class=\"wp-block-group__inner-container is-layout-constrained wp-block-group-is-layout-constrained\">\n<h2 class=\"wp-block-heading\">Au-del\u00e0 et au-del\u00e0<\/h2>\n\n\n\n<div class=\"wp-block-media-text is-stacked-on-mobile is-vertically-aligned-center\" style=\"grid-template-columns:25% auto\"><figure class=\"wp-block-media-text__media\"><a href=\"http:\/\/wischhof.com\/index.html\" target=\"_blank\" rel=\"noreferrer noopener\"><img loading=\"lazy\" decoding=\"async\" width=\"243\" height=\"90\" src=\"https:\/\/www.bthuus.de\/wp-content\/uploads\/2022\/12\/Wischhof_frisches-_aus_Sehestedt-jpg.webp\" alt=\"Wischhof Sehestedt\" class=\"wp-image-368 size-full\"\/><\/a><\/figure><div class=\"wp-block-media-text__content\">\n<h5 class=\"wp-block-heading\">Wischhof Sehestedt<\/h5>\n\n\n\n<p>Le <a rel=\"noreferrer noopener\" href=\"http:\/\/wischhof.com\/index.html\" data-type=\"URL\" data-id=\"http:\/\/wischhof.com\/index.html\" target=\"_blank\">Wischhof<\/a> nous fournit une fois par semaine des fruits et l\u00e9gumes bio frais de la r\u00e9gion pour le bureau.<\/p>\n<\/div><\/div>\n\n\n\n<div class=\"wp-block-media-text is-stacked-on-mobile is-vertically-aligned-center\" style=\"grid-template-columns:25% auto\"><figure class=\"wp-block-media-text__media\"><img loading=\"lazy\" decoding=\"async\" width=\"858\" height=\"755\" src=\"https:\/\/www.bthuus.de\/wp-content\/uploads\/2022\/11\/Logo-Kaffeekueste-4c.webp\" alt=\"Logo Laboe de la c\u00f4te du caf\u00e9\" class=\"wp-image-139 size-medium\" srcset=\"https:\/\/www.bthuus.de\/wp-content\/uploads\/2022\/11\/Logo-Kaffeekueste-4c.webp 858w, https:\/\/www.bthuus.de\/wp-content\/uploads\/2022\/11\/Logo-Kaffeekueste-4c-300x264.webp 300w, https:\/\/www.bthuus.de\/wp-content\/uploads\/2022\/11\/Logo-Kaffeekueste-4c-768x676.webp 768w\" sizes=\"auto, (max-width: 858px) 100vw, 858px\" \/><\/figure><div class=\"wp-block-media-text__content\">\n<h5 class=\"wp-block-heading\">Kaffeekueste torr\u00e9faction priv\u00e9e Laboe GmbH<\/h5>\n\n\n\n<p>Nous recevons notre caf\u00e9 pour notre bureau de la <a rel=\"noreferrer noopener\" href=\"https:\/\/kaffeekueste.de\/\" data-type=\"URL\" data-id=\"https:\/\/kaffeekueste.de\/\" target=\"_blank\">torr\u00e9faction priv\u00e9e de la c\u00f4te du caf\u00e9 \u00e0 Laboe<\/a> . Gr\u00e2ce aux cartons de livraison Z\u00e9ro D\u00e9chet, nous \u00e9vitons les d\u00e9chets plastiques et les d\u00e9chets inutiles. De plus, c&#8217;est du caf\u00e9 Fairtrade avec un certificat biologique. Nous sommes heureux d&#8217;avoir trouv\u00e9 un partenaire en Kaffeekueste Laboe, pour qui la durabilit\u00e9 est tout aussi importante dans le cadre de leur philosophie d&#8217;entreprise.<\/p>\n<\/div><\/div>\n\n\n\n<div class=\"wp-block-media-text is-stacked-on-mobile is-vertically-aligned-center\" style=\"grid-template-columns:25% auto\"><figure class=\"wp-block-media-text__media\"><a href=\"https:\/\/www.sueverkruep.de\/\" target=\"_blank\" rel=\"noreferrer noopener\"><img loading=\"lazy\" decoding=\"async\" width=\"1024\" height=\"299\" src=\"https:\/\/www.bthuus.de\/wp-content\/uploads\/2023\/01\/Sueverkruep_Logo_rgb_meta_mit_Claim_v01_RZ-1024x299.png\" alt=\"\" class=\"wp-image-904 size-medium\" srcset=\"https:\/\/www.bthuus.de\/wp-content\/uploads\/2023\/01\/Sueverkruep_Logo_rgb_meta_mit_Claim_v01_RZ-1024x299.png 1024w, https:\/\/www.bthuus.de\/wp-content\/uploads\/2023\/01\/Sueverkruep_Logo_rgb_meta_mit_Claim_v01_RZ-300x88.png 300w, https:\/\/www.bthuus.de\/wp-content\/uploads\/2023\/01\/Sueverkruep_Logo_rgb_meta_mit_Claim_v01_RZ-768x224.png 768w, https:\/\/www.bthuus.de\/wp-content\/uploads\/2023\/01\/Sueverkruep_Logo_rgb_meta_mit_Claim_v01_RZ.png 1134w\" sizes=\"auto, (max-width: 1024px) 100vw, 1024px\" \/><\/a><\/figure><div class=\"wp-block-media-text__content\">\n<h5 class=\"wp-block-heading\">Concessionnaire automobile S\u00fcverkr\u00fcp<\/h5>\n\n\n\n<p>Nous avons trouv\u00e9 un partenaire fid\u00e8le en <a href=\"https:\/\/www.sueverkruep.de\/\" data-type=\"URL\" data-id=\"https:\/\/www.sueverkruep.de\/\" target=\"_blank\" rel=\"noreferrer noopener\">Autohaus S\u00fcverkr\u00fcp<\/a> pour le degr\u00e9 n\u00e9cessaire de durabilit\u00e9 et de pr\u00e9voyance dans notre flotte. Qu&#8217;il soit hybride ou purement \u00e9lectrique, le bilan climatique n&#8217;est pas sans importance pour nous. Le patron utilise d\u00e9sormais notre v\u00e9lo e-cargo pour couvrir la plupart des trajets dans la mesure du possible.<\/p>\n<\/div><\/div>\n<\/div><\/div>\n\n<div style=\"height:50px\" aria-hidden=\"true\" class=\"wp-block-spacer no-mobile\"><\/div>\n\n<div class=\"wp-block-group has-global-color-6-background-color has-background\"><div class=\"wp-block-group__inner-container is-layout-constrained wp-block-group-is-layout-constrained\">\n<h2 class=\"wp-block-heading\">parrainage<\/h2>\n\n\n\n<div class=\"wp-block-media-text is-stacked-on-mobile is-vertically-aligned-center\" style=\"grid-template-columns:25% auto\"><figure class=\"wp-block-media-text__media\"><img loading=\"lazy\" decoding=\"async\" width=\"500\" height=\"500\" src=\"https:\/\/www.bthuus.de\/wp-content\/uploads\/2023\/01\/Logo_Bredenbek_Felde.png\" alt=\"\" class=\"wp-image-823 size-full\" srcset=\"https:\/\/www.bthuus.de\/wp-content\/uploads\/2023\/01\/Logo_Bredenbek_Felde.png 500w, https:\/\/www.bthuus.de\/wp-content\/uploads\/2023\/01\/Logo_Bredenbek_Felde-300x300.png 300w, https:\/\/www.bthuus.de\/wp-content\/uploads\/2023\/01\/Logo_Bredenbek_Felde-150x150.png 150w\" sizes=\"auto, (max-width: 500px) 100vw, 500px\" \/><\/figure><div class=\"wp-block-media-text__content\">\n<h5 class=\"wp-block-heading\"><a href=\"http:\/\/www.tusfelde.de\/index.php\/sport\/fussball\">SG<\/a> Felde\/Bredenbeck<\/h5>\n\n\n\n<p>Nous sommes le sponsor maillot de l&#8217;\u00e9quipe masculine de football du SG Felde\/Bredenbek.<\/p>\n<\/div><\/div>\n<\/div><\/div>\n","protected":false},"excerpt":{"rendered":"<p>soins palliatifs SAPV Soins Palliatifs Ambulatoires Sp\u00e9cialis\u00e9s En tant que service de soins ambulatoires, nous sommes un partenaire de coop\u00e9ration de l&#8217; \u00e9quipe SAPV \u00e0 Kiel . Une partie de notre \u00e9quipe a termin\u00e9 avec succ\u00e8s la qualification suppl\u00e9mentaire &#8220;Soins palliatifs pour infirmi\u00e8res&#8221; &#8211; certifi\u00e9e par la Soci\u00e9t\u00e9 allemande de m\u00e9decine palliative . Association Hospice &#8230; <\/p>\n<p class=\"read-more-container\"><a title=\"Nos partenaires\" class=\"read-more button\" href=\"https:\/\/www.bthuus.de\/fr\/ueber-uns\/nos-partenaires\/#more-2090\" aria-label=\"En savoir plus sur Nos partenaires\">Lire plus<\/a><\/p>\n","protected":false},"author":1,"featured_media":0,"parent":1799,"menu_order":0,"comment_status":"closed","ping_status":"closed","template":"","meta":{"iawp_total_views":15,"footnotes":""},"class_list":{"0":"post-2090","1":"page","2":"type-page","3":"status-publish","5":"infinite-scroll-item"},"jetpack_sharing_enabled":true,"_links":{"self":[{"href":"https:\/\/www.bthuus.de\/fr\/wp-json\/wp\/v2\/pages\/2090","targetHints":{"allow":["GET"]}}],"collection":[{"href":"https:\/\/www.bthuus.de\/fr\/wp-json\/wp\/v2\/pages"}],"about":[{"href":"https:\/\/www.bthuus.de\/fr\/wp-json\/wp\/v2\/types\/page"}],"author":[{"embeddable":true,"href":"https:\/\/www.bthuus.de\/fr\/wp-json\/wp\/v2\/users\/1"}],"replies":[{"embeddable":true,"href":"https:\/\/www.bthuus.de\/fr\/wp-json\/wp\/v2\/comments?post=2090"}],"version-history":[{"count":0,"href":"https:\/\/www.bthuus.de\/fr\/wp-json\/wp\/v2\/pages\/2090\/revisions"}],"up":[{"embeddable":true,"href":"https:\/\/www.bthuus.de\/fr\/wp-json\/wp\/v2\/pages\/1799"}],"wp:attachment":[{"href":"https:\/\/www.bthuus.de\/fr\/wp-json\/wp\/v2\/media?parent=2090"}],"curies":[{"name":"wp","href":"https:\/\/api.w.org\/{rel}","templated":true}]}}