{"id":2076,"date":"2022-12-10T13:19:51","date_gmt":"2022-12-10T12:19:51","guid":{"rendered":"https:\/\/www.bthuus.de\/soins-palliatifs-ambulatoires-specialises-sapv\/"},"modified":"2023-07-11T12:06:46","modified_gmt":"2023-07-11T10:06:46","slug":"soins-palliatifs-ambulatoires-specialises-sapv","status":"publish","type":"page","link":"https:\/\/www.bthuus.de\/fr\/nos-services\/soins-palliatifs\/soins-palliatifs-ambulatoires-specialises-sapv\/","title":{"rendered":"Soins palliatifs ambulatoires sp\u00e9cialis\u00e9s (SAPV)"},"content":{"rendered":"\n<div class=\"wp-block-group has-global-color-6-background-color has-background\"><div class=\"wp-block-group__inner-container is-layout-constrained wp-block-group-is-layout-constrained\">\n<p><strong>Les soins palliatifs ambulatoires sp\u00e9cialis\u00e9s (SAPV)<\/strong> sont un type de soins sp\u00e9cialis\u00e9s destin\u00e9s aux personnes atteintes d&#8217;une maladie \u00e9volutive et incurable, dans le but d&#8217;am\u00e9liorer la qualit\u00e9 de vie et le bien-\u00eatre de ces patients. Les services du SAPV sont offerts par une \u00e9quipe interdisciplinaire de m\u00e9decins, d&#8217;infirmi\u00e8res, de psychologues et d&#8217;autres sp\u00e9cialistes et sont adapt\u00e9s aux besoins individuels des patients.<\/p>\n\n\n\n<p>Nous sommes <strong>un partenaire de coop\u00e9ration sp\u00e9cialement qualifi\u00e9 de l&#8217; <a rel=\"noreferrer noopener\" href=\"https:\/\/www.sapv-team-kiel.de\/\" data-type=\"URL\" data-id=\"https:\/\/www.sapv-team-kiel.de\/\" target=\"_blank\">\u00e9quipe SAPV de Kiel<\/a><\/strong> et proposons \u00e9galement <strong>des soins en phase terminale<\/strong> et <strong>un travail de deuil<\/strong> avec les proches.<\/p>\n<\/div><\/div>\n\n<div style=\"height:50px\" aria-hidden=\"true\" class=\"wp-block-spacer no-mobile\"><\/div>\n\n<div class=\"wp-block-group has-global-color-6-background-color has-background\"><div class=\"wp-block-group__inner-container is-layout-constrained wp-block-group-is-layout-constrained\">\n<h2 class=\"wp-block-heading\">Que comprennent les soins palliatifs ambulatoires sp\u00e9cialis\u00e9s (SAPV) ?<\/h2>\n\n\n\n<p>Les soins palliatifs ambulatoires sp\u00e9cialis\u00e9s (SAPV) comprennent la prise en charge globale et l&#8217;accompagnement des patients atteints d&#8217;une maladie \u00e9volutive incurable et de leurs proches. Ceux-ci comprennent, entre autres :<\/p>\n\n\n\n<ul class=\"wp-block-list\">\n<li><strong>Gestion de la douleur<\/strong> : Un aspect important du SAPV est le soulagement de la douleur. L&#8217;\u00e9quipe SAPV peut aider en administrant des analg\u00e9siques et en cr\u00e9ant des plans de gestion de la douleur.<\/li>\n\n\n\n<li><strong>Contr\u00f4le des sympt\u00f4mes<\/strong> : Un autre objectif du SAPV est de contr\u00f4ler les sympt\u00f4mes tels que les naus\u00e9es, les vomissements, les difficult\u00e9s respiratoires ou la constipation. L&#8217;\u00e9quipe du SAPV peut apporter une aide cibl\u00e9e en administrant des m\u00e9dicaments ou en r\u00e9alisant des mesures palliatives telles que la pose de sondes gastriques ou de sondes urinaires.<\/li>\n\n\n\n<li><strong>Accompagnement psychologique et affectif<\/strong> : Une partie essentielle du SAPV est \u00e9galement l&#8217;accompagnement psychologique et affectif des patients et de leurs proches. L&#8217;\u00e9quipe SAPV peut jouer ici un r\u00f4le important, par exemple en parlant et en \u00e9coutant.<\/li>\n\n\n\n<li><strong>Conseil et accompagnement des proches<\/strong> : Le SAPV accompagne les proches des malades dans la prise en charge et la prise en charge de leurs proches et leur propose conseils et accompagnement.<\/li>\n\n\n\n<li><strong>Soins palliatifs<\/strong> : Le SAPV peut \u00e9galement proposer des soins palliatifs pour accompagner les patients dans leur derni\u00e8re phase de vie.<\/li>\n<\/ul>\n\n\n\n<p>Les soins palliatifs ambulatoires sp\u00e9cialis\u00e9s (SAPV) sont financ\u00e9s par les caisses d&#8217;assurance maladie et sont gratuits pour les patients. L&#8217;inscription au SAPV est initi\u00e9e par un m\u00e9decin et n\u00e9cessite g\u00e9n\u00e9ralement l&#8217;accord de la caisse d&#8217;assurance maladie. Le SAPV se d\u00e9roule g\u00e9n\u00e9ralement \u00e0 domicile ou en ambulatoire.<\/p>\n<\/div><\/div>\n\n<div style=\"height:50px\" aria-hidden=\"true\" class=\"wp-block-spacer no-mobile\"><\/div>\n\n<div class=\"wp-block-group has-global-color-6-background-color has-background\"><div class=\"wp-block-group__inner-container is-layout-constrained wp-block-group-is-layout-constrained\">\n<h2 class=\"wp-block-heading\">A qui s&#8217;adressent les soins palliatifs ambulatoires sp\u00e9cialis\u00e9s (SAPV) ?<\/h2>\n\n\n\n<p>Les soins palliatifs ambulatoires sp\u00e9cialis\u00e9s (SAPV) s&#8217;adressent aux <strong>patients atteints d&#8217;une maladie avanc\u00e9e et incurable qui ont des besoins et des sympt\u00f4mes particuli\u00e8rement complexes et qui n\u00e9cessitent des soins palliatifs complets<\/strong> . Le SAPV vise \u00e0 am\u00e9liorer la qualit\u00e9 de vie des patients et de leurs proches et \u00e0 leur permettre de vivre et de mourir en toute autonomie.<\/p>\n\n\n\n<p>Le SAPV est une forme sp\u00e9cialis\u00e9e de soins palliatifs ambulatoires dispens\u00e9s par une \u00e9quipe interdisciplinaire de m\u00e9decins, d&#8217;infirmi\u00e8res, de psychologues et de travailleurs sociaux. En g\u00e9n\u00e9ral, le SAPV s&#8217;adresse aux patients ayant des besoins et des sympt\u00f4mes particuli\u00e8rement complexes qui n\u00e9cessitent des soins palliatifs plus complets que <a href=\"https:\/\/www.bthuus.de\/fr\/nos-services\/soins-palliatifs\/soins-palliatifs-generaux-ambulatoires-aapv\/\" data-type=\"page\" data-id=\"56\">les soins palliatifs g\u00e9n\u00e9raux ambulatoires (AAPV)<\/a> . La d\u00e9cision quant \u00e0 la forme de soins palliatifs appropri\u00e9e pour un patient est prise par un m\u00e9decin en fonction des besoins et des sympt\u00f4mes individuels du patient.<\/p>\n<\/div><\/div>\n\n<div style=\"height:50px\" aria-hidden=\"true\" class=\"wp-block-spacer no-mobile\"><\/div>\n\n<div class=\"wp-block-group has-global-color-6-background-color has-background\"><div class=\"wp-block-group__inner-container is-layout-constrained wp-block-group-is-layout-constrained\">\n<h2 class=\"wp-block-heading\">Quelles prestations le service de soins ambulatoires Bliev to Huus propose-t-il \u00e0 Kiel et Bredenbek ?<\/h2>\n\n\n\n<p>Dans le cadre des soins palliatifs ambulatoires sp\u00e9cialis\u00e9s (SAPV), nous proposons g\u00e9n\u00e9ralement les prestations suivantes :<\/p>\n\n\n\n<ul class=\"wp-block-list\">\n<li>Traitement symptomatique de la douleur et d&#8217;autres maux<\/li>\n\n\n\n<li>l&#8217;administration de m\u00e9dicaments et d&#8217;autres th\u00e9rapies<\/li>\n\n\n\n<li>Se soucier<\/li>\n\n\n\n<li>Soutien \u00e0 l&#8217;autonomie et \u00e0 la vie quotidienne<\/li>\n\n\n\n<li>Accompagnement dans la communication et la prise en charge de la maladie<\/li>\n\n\n\n<li>Conseil et soutien aux proches<\/li>\n\n\n\n<li>Coordination et coop\u00e9ration avec les m\u00e9decins traitants et les autres participants<\/li>\n<\/ul>\n\n\n\n<p>Selon les besoins et les souhaits individuels du patient et de ses proches, d&#8217;autres services peuvent \u00e9galement \u00eatre propos\u00e9s, par exemple sous la forme d&#8217;un soutien psychologique ou social.<\/p>\n\n\n\n<p>En raison de nos nombreuses ann\u00e9es d&#8217;exp\u00e9rience, l&#8217; <strong>autonomie du patient<\/strong> et <strong>la communication ouverte entre nous<\/strong> sont particuli\u00e8rement importantes pour nous\u00a0!<\/p>\n\n\n\n<p>Nous voyons notre plus grande force dans cette <strong>adaptation aux besoins individuels de nos patients et de leurs familles<\/strong> .<\/p>\n\n\n\n<p>Nous sommes tr\u00e8s heureux d&#8217;avoir <strong>des infirmi\u00e8res qualifi\u00e9es dans son \u00e9quipe, notamment pour les soins palliatifs g\u00e9n\u00e9raux et sp\u00e9cialis\u00e9s ambulatoires<\/strong> .<\/p>\n<\/div><\/div>\n\n<div style=\"height:50px\" aria-hidden=\"true\" class=\"wp-block-spacer no-mobile\"><\/div>\n\n<div class=\"wp-block-group has-global-color-6-background-color has-background\"><div class=\"wp-block-group__inner-container is-layout-constrained wp-block-group-is-layout-constrained\">\n<h2 class=\"wp-block-heading\">Comment fonctionnent les soins palliatifs ambulatoires sp\u00e9cialis\u00e9s ?<\/h2>\n\n\n\n<p>Le SAPV est port\u00e9 par une \u00e9quipe interdisciplinaire de m\u00e9decins, infirmi\u00e8res, psychologues et assistantes sociales, sp\u00e9cialement adapt\u00e9e aux besoins des patients \u00e0 un stade avanc\u00e9 de la maladie. Les soins peuvent \u00eatre prodigu\u00e9s \u00e0 domicile ou dans un \u00e9tablissement ambulatoire tel qu&#8217;un hospice ou une unit\u00e9 de soins palliatifs.<\/p>\n\n\n\n<p>Le SAPV met l&#8217;accent sur le traitement symptomatique de la douleur et des autres maux, l&#8217;accompagnement \u00e0 l&#8217;autonomie et l&#8217;accompagnement psychologique et social des patients et de leurs proches. L&#8217;objectif est d&#8217;am\u00e9liorer la qualit\u00e9 de vie des patients et de leurs proches et de leur permettre de vivre et de mourir de la mani\u00e8re la plus autonome possible dans un environnement familier.<\/p>\n<\/div><\/div>\n\n<div style=\"height:50px\" aria-hidden=\"true\" class=\"wp-block-spacer no-mobile\"><\/div>\n\n<div class=\"wp-block-group has-global-color-6-background-color has-background\"><div class=\"wp-block-group__inner-container is-layout-constrained wp-block-group-is-layout-constrained\">\n<h2 class=\"wp-block-heading\">Questions fr\u00e9quemment pos\u00e9es<\/h2>\n\n\n<div class=\"saswp-faq-block-section\"><ol style=\"list-style-type:none\"><li style=\"list-style-type: none\"><h4 class=\"\">Was ist die SAPV?<\/h4><p class=\"saswp-faq-answer-text\">Die SAPV ist eine spezialisierte Form der ambulanten Palliativversorgung, die sich an Patient:innen mit fortgeschrittener, nicht heilbarer Erkrankung richtet.<\/p><li style=\"list-style-type: none\"><h4 class=\"\">Wie wird die SAPV finanziert?<\/h4><p class=\"saswp-faq-answer-text\">Die SAPV wird von den Krankenkassen finanziert und ist f\u00fcr die Patient:innen kostenfrei.<\/p><li style=\"list-style-type: none\"><h4 class=\"\">Welche Leistungen werden in der SAPV angeboten?<\/h4><p class=\"saswp-faq-answer-text\">In der SAPV werden umfassende Leistungen angeboten, wie zum Beispiel: Schmerztherapie, Symptomkontrolle, Psychologische Unterst\u00fctzung, Beratung und Unterst\u00fctzung von Angeh\u00f6rigen, Hospizliche Betreuung.<br><\/p><li style=\"list-style-type: none\"><h4 class=\"\">Wer kann in die SAPV aufgenommen werden?<\/h4><p class=\"saswp-faq-answer-text\">In die SAPV k\u00f6nnen Patient:innen mit fortgeschrittener, nicht heilbarer Erkrankung aufgenommen werden, die palliative Versorgung ben\u00f6tigen. Die Aufnahme in die SAPV wird von einer \u00c4rztin, oder einem Arzt veranlasst und bedarf in der Regel einer Zustimmung der Krankenkasse.<\/p><li style=\"list-style-type: none\"><h4 class=\"\">Wo findet die SAPV statt?<\/h4><p class=\"saswp-faq-answer-text\">Die SAPV findet in der Regel zu Hause oder in einer ambulanten Einrichtung statt. In manchen F\u00e4llen kann die SAPV auch in einem Hospiz oder einer Klinik durchgef\u00fchrt werden.<\/p><li style=\"list-style-type: none\"><h4 class=\"\">Was unterscheidet die SAPV von der AAPV?<\/h4><p class=\"saswp-faq-answer-text\">Die SAPV wird von einem interdisziplin\u00e4ren Team aus \u00c4rzt:innen, Pflegekr\u00e4ften, Psycholog:innen und Sozialarbeiter:innen durchgef\u00fchrt und bietet ein umfassendes Angebot an Leistungen wie Schmerztherapie, Symptomkontrolle und psychologische Unterst\u00fctzung. Speziell qualifiziertes Fachpersonal des ambulanten Pflegedienstes und \u00e4rztliches Fachpersonal sind 24h erreichbar.<br><br><\/p><\/ul><\/div><\/div><\/div>\n\n<div style=\"height:50px\" aria-hidden=\"true\" class=\"wp-block-spacer no-mobile\"><\/div>\n\n<div data-aos-delay=\"1000\" data-aos-duration=\"1500\" data-aos-once=\"true\" data-aos=\"fade-up\" class=\"wp-block-group has-global-color-6-background-color has-background\"><div class=\"wp-block-group__inner-container is-layout-constrained wp-block-group-is-layout-constrained\">\n<h2 class=\"wp-block-heading\">Nous sommes heureux de vous aider!<\/h2>\n\n\n\n<p>Apr\u00e8s de longues discussions, nous \u00e9laborerons avec vous un <strong>concept individuel<\/strong> , <strong>parfaitement adapt\u00e9 \u00e0 vos besoins<\/strong> .<\/p>\n\n\n\n<p>La <strong>rencontre personnelle pour faire connaissance<\/strong> est irrempla\u00e7able en mati\u00e8re de soins ambulatoires. N&#8217;h\u00e9sitez pas \u00e0 organiser une conversation avec nous!<\/p>\n\n\n\n<div class=\"wp-block-buttons is-layout-flex wp-block-buttons-is-layout-flex\">\n<div class=\"wp-block-button has-custom-width wp-block-button__width-100\"><a class=\"wp-block-button__link wp-element-button\" href=\"04316473730\" style=\"border-radius:0px\" target=\"_blank\" rel=\"noreferrer noopener\">\u2192 Appel<\/a><\/div>\n\n\n\n<div class=\"wp-block-button has-custom-width wp-block-button__width-100\"><a class=\"wp-block-button__link wp-element-button\" href=\"https:\/\/www.bthuus.de\/fr\/contact\/#formular\" style=\"border-radius:0px\">Pour contacter le formulaire<\/a><\/div>\n\n\n\n<div class=\"wp-block-button has-custom-width wp-block-button__width-100\"><a class=\"wp-block-button__link wp-element-button\" href=\"mailto:info@bthuus.de\" style=\"border-radius:0px\" target=\"_blank\" rel=\"noreferrer noopener\">\u2192 \u00c9crire un e-mail<\/a><\/div>\n<\/div>\n<\/div><\/div>\n","protected":false},"excerpt":{"rendered":"<p>Les soins palliatifs ambulatoires sp\u00e9cialis\u00e9s (SAPV) sont un type de soins sp\u00e9cialis\u00e9s destin\u00e9s aux personnes atteintes d&#8217;une maladie \u00e9volutive et incurable, dans le but d&#8217;am\u00e9liorer la qualit\u00e9 de vie et le bien-\u00eatre de ces patients. Les services du SAPV sont offerts par une \u00e9quipe interdisciplinaire de m\u00e9decins, d&#8217;infirmi\u00e8res, de psychologues et d&#8217;autres sp\u00e9cialistes et sont &#8230; <\/p>\n<p class=\"read-more-container\"><a title=\"Soins palliatifs ambulatoires sp\u00e9cialis\u00e9s (SAPV)\" class=\"read-more button\" href=\"https:\/\/www.bthuus.de\/fr\/nos-services\/soins-palliatifs\/soins-palliatifs-ambulatoires-specialises-sapv\/#more-2076\" aria-label=\"En savoir plus sur Soins palliatifs ambulatoires sp\u00e9cialis\u00e9s (SAPV)\">Lire plus<\/a><\/p>\n","protected":false},"author":1,"featured_media":0,"parent":2126,"menu_order":0,"comment_status":"closed","ping_status":"closed","template":"","meta":{"iawp_total_views":8,"footnotes":""},"class_list":{"0":"post-2076","1":"page","2":"type-page","3":"status-publish","5":"infinite-scroll-item"},"jetpack_sharing_enabled":true,"_links":{"self":[{"href":"https:\/\/www.bthuus.de\/fr\/wp-json\/wp\/v2\/pages\/2076","targetHints":{"allow":["GET"]}}],"collection":[{"href":"https:\/\/www.bthuus.de\/fr\/wp-json\/wp\/v2\/pages"}],"about":[{"href":"https:\/\/www.bthuus.de\/fr\/wp-json\/wp\/v2\/types\/page"}],"author":[{"embeddable":true,"href":"https:\/\/www.bthuus.de\/fr\/wp-json\/wp\/v2\/users\/1"}],"replies":[{"embeddable":true,"href":"https:\/\/www.bthuus.de\/fr\/wp-json\/wp\/v2\/comments?post=2076"}],"version-history":[{"count":0,"href":"https:\/\/www.bthuus.de\/fr\/wp-json\/wp\/v2\/pages\/2076\/revisions"}],"up":[{"embeddable":true,"href":"https:\/\/www.bthuus.de\/fr\/wp-json\/wp\/v2\/pages\/2126"}],"wp:attachment":[{"href":"https:\/\/www.bthuus.de\/fr\/wp-json\/wp\/v2\/media?parent=2076"}],"curies":[{"name":"wp","href":"https:\/\/api.w.org\/{rel}","templated":true}]}}