{"id":1989,"date":"2022-11-04T14:56:13","date_gmt":"2022-11-04T13:56:13","guid":{"rendered":"https:\/\/www.bthuus.de\/soins-palliatifs-generaux-ambulatoires-aapv\/"},"modified":"2023-07-11T12:06:45","modified_gmt":"2023-07-11T10:06:45","slug":"soins-palliatifs-generaux-ambulatoires-aapv","status":"publish","type":"page","link":"https:\/\/www.bthuus.de\/fr\/nos-services\/soins-palliatifs\/soins-palliatifs-generaux-ambulatoires-aapv\/","title":{"rendered":"Soins palliatifs g\u00e9n\u00e9raux ambulatoires (AAPV)"},"content":{"rendered":"\n<div class=\"wp-block-group has-global-color-6-background-color has-background\"><div class=\"wp-block-group__inner-container is-layout-constrained wp-block-group-is-layout-constrained\">\n<p><strong>Les soins palliatifs ambulatoires g\u00e9n\u00e9raux (AAPV)<\/strong> sont une partie importante des soins de sant\u00e9, en particulier pour les personnes gravement malades qui souhaitent vivre chez elles. L&#8217;AAPV est une forme sp\u00e9cialis\u00e9e de m\u00e9decine ambulatoire destin\u00e9e aux <strong>patients atteints d&#8217;une maladie avanc\u00e9e et incurable<\/strong> . L&#8217;AAPV vise \u00e0 am\u00e9liorer la qualit\u00e9 de vie des patients et de leurs familles et \u00e0 leur permettre de vivre de la mani\u00e8re la plus autonome possible.<\/p>\n\n\n\n<p>En plus de l&#8217;AAPV, nous proposons \u00e9galement <strong>des soins de fin de vie<\/strong> et <strong>un travail de deuil<\/strong> avec les proches.<\/p>\n<\/div><\/div>\n\n<div style=\"height:50px\" aria-hidden=\"true\" class=\"wp-block-spacer no-mobile\"><\/div>\n\n<div class=\"wp-block-group has-global-color-6-background-color has-background\"><div class=\"wp-block-group__inner-container is-layout-constrained wp-block-group-is-layout-constrained\">\n<h2 class=\"wp-block-heading\">En quoi consistent les soins palliatifs g\u00e9n\u00e9raux ambulatoires (AAPV) ?<\/h2>\n\n\n\n<p>Les soins palliatifs g\u00e9n\u00e9raux ambulatoires (AAPV) comprennent <strong>la prise en charge m\u00e9dicale, infirmi\u00e8re, psychologique et sociale des patients atteints d&#8217;une maladie \u00e9volutive, incurable et d&#8217;une esp\u00e9rance de vie limit\u00e9e<\/strong> . L&#8217;objectif de l&#8217;AAPV est d&#8217;am\u00e9liorer la qualit\u00e9 de vie des patients et de leurs proches et de leur permettre de vivre et de mourir de la mani\u00e8re la plus autonome possible dans un environnement familier. L&#8217;AAPV peut \u00eatre propos\u00e9 \u00e0 domicile ou dans un \u00e9tablissement ambulatoire tel qu&#8217;un hospice ou une unit\u00e9 de soins palliatifs. Les soins sont prodigu\u00e9s par une \u00e9quipe interdisciplinaire compos\u00e9e de m\u00e9decins, d&#8217;infirmi\u00e8res, de psychologues et de travailleurs sociaux. L&#8217;AAPV peut inclure un traitement symptomatique de la douleur et d&#8217;autres affections ainsi qu&#8217;un soutien psychologique et social pour les patients et leurs familles.<\/p>\n<\/div><\/div>\n\n<div style=\"height:50px\" aria-hidden=\"true\" class=\"wp-block-spacer no-mobile\"><\/div>\n\n<div class=\"wp-block-group has-global-color-6-background-color has-background\"><div class=\"wp-block-group__inner-container is-layout-constrained wp-block-group-is-layout-constrained\">\n<h2 class=\"wp-block-heading\">A qui s&#8217;adressent les soins palliatifs g\u00e9n\u00e9raux ambulatoires (AAPV) ?<\/h2>\n\n\n\n<p>Les soins palliatifs g\u00e9n\u00e9raux ambulatoires (AAPV) sont destin\u00e9s aux patients atteints d&#8217;une maladie avanc\u00e9e et incurable qui ont besoin de soins palliatifs.<\/p>\n<\/div><\/div>\n\n<div style=\"height:50px\" aria-hidden=\"true\" class=\"wp-block-spacer no-mobile\"><\/div>\n\n<div class=\"wp-block-group has-global-color-6-background-color has-background\"><div class=\"wp-block-group__inner-container is-layout-constrained wp-block-group-is-layout-constrained\">\n<h2 class=\"wp-block-heading\">Quelles prestations le service de soins ambulatoires Bliev to Huus propose-t-il \u00e0 Kiel et Bredenbek ?<\/h2>\n\n\n\n<p>Le service infirmier ambulatoire est responsable de la prise en charge et de l&#8217;accompagnement des patients dans le cadre de l&#8217;AAPV. Voici quelques exemples de services que nous pouvons fournir en tant que service de maintien \u00e0 domicile dans le cadre de l&#8217;AAPV :<\/p>\n\n\n\n<ul class=\"wp-block-list\">\n<li><strong>Soins de base<\/strong> : Nous prenons en charge les soins de base des patients, tels que la toilette, l&#8217;habillage et les soins personnels.<\/li>\n\n\n\n<li><strong>Th\u00e9rapie de la douleur<\/strong> : Nous aidons les patients \u00e0 prendre des m\u00e9dicaments contre la douleur et leur donnons des conseils sur la fa\u00e7on de soulager la douleur.<\/li>\n\n\n\n<li><strong>Contr\u00f4le des sympt\u00f4mes<\/strong> : Nous pouvons aider les patients \u00e0 contr\u00f4ler les sympt\u00f4mes tels que les naus\u00e9es, les vomissements et l&#8217;essoufflement.<\/li>\n\n\n\n<li><strong>Accompagnement des proches<\/strong> : Nous proposons des conseils et un accompagnement aux proches des patients dans la prise en charge et la prise en charge de leurs proches.<\/li>\n<\/ul>\n\n\n\n<p>Au service de soins ambulatoires de Bliev to Huus \u00e0 Kiel et Bredenbek, nous sommes tr\u00e8s heureux d&#8217;avoir <strong>des infirmi\u00e8res qualifi\u00e9es<\/strong> dans notre \u00e9quipe, en particulier pour les soins palliatifs ambulatoires g\u00e9n\u00e9raux et sp\u00e9cialis\u00e9s.<\/p>\n<\/div><\/div>\n\n<div style=\"height:50px\" aria-hidden=\"true\" class=\"wp-block-spacer no-mobile\"><\/div>\n\n<div class=\"wp-block-group has-global-color-6-background-color has-background\"><div class=\"wp-block-group__inner-container is-layout-constrained wp-block-group-is-layout-constrained\">\n<h2 class=\"wp-block-heading\">Comment fonctionnent les soins palliatifs g\u00e9n\u00e9raux ambulatoires ?<\/h2>\n\n\n\n<p>En g\u00e9n\u00e9ral, les soins palliatifs g\u00e9n\u00e9raux ambulatoires se d\u00e9roulent comme suit :<\/p>\n\n\n\n<ol class=\"wp-block-list\">\n<li>L&#8217;AAPV est initi\u00e9e par un m\u00e9decin lorsqu&#8217;un patient atteint d&#8217;une maladie avanc\u00e9e et incurable n\u00e9cessite des soins palliatifs.<\/li>\n\n\n\n<li>Le m\u00e9decin introduit une demande d&#8217;AAPV aupr\u00e8s de la caisse d&#8217;assurance maladie. La caisse maladie v\u00e9rifie le dossier et d\u00e9cide du financement de l&#8217;AAPV.<\/li>\n\n\n\n<li>Si la demande est approuv\u00e9e, une \u00e9quipe AAPV compos\u00e9e de m\u00e9decins, d&#8217;infirmi\u00e8res et d&#8217;autres professionnels sera constitu\u00e9e.<\/li>\n\n\n\n<li>L&#8217;\u00e9quipe de l&#8217;AAPV rend visite au patient \u00e0 domicile ou dans un \u00e9tablissement ambulatoire et fournit des services complets tels que la gestion de la douleur, le contr\u00f4le des sympt\u00f4mes et le soutien psychologique.<\/li>\n\n\n\n<li>L&#8217;\u00e9quipe de l&#8217;AAPV travaille en \u00e9troite collaboration avec le patient et sa famille pour \u00e9laborer un plan de traitement individuel.<\/li>\n\n\n\n<li>L&#8217;AAPV dure aussi longtemps que le patient en a besoin. Si les besoins du patient changent ou si le patient d\u00e9c\u00e8de, l&#8217;AAPV est r\u00e9sili\u00e9.<\/li>\n<\/ol>\n\n\n\n<p>Il est important de noter qu&#8217;il existe deux formes de soins palliatifs ambulatoires : les soins palliatifs ambulatoires g\u00e9n\u00e9raux (AAPV) et <a href=\"https:\/\/www.bthuus.de\/leistungen\/spezialisierte-ambulante-paillativversorgung-sapv\/\" data-type=\"page\" data-id=\"375\">les soins palliatifs ambulatoires sp\u00e9cialis\u00e9s (SAPV)<\/a> . Le SAPV est une forme plus prononc\u00e9e et plus compl\u00e8te d&#8217;AAPV, qui s&#8217;adresse aux patients pr\u00e9sentant des besoins et des sympt\u00f4mes particuli\u00e8rement complexes. La d\u00e9cision quant \u00e0 la forme d&#8217;AAPV appropri\u00e9e pour un patient est prise par un m\u00e9decin en fonction des besoins et des sympt\u00f4mes individuels du patient.<\/p>\n<\/div><\/div>\n\n<div style=\"height:50px\" aria-hidden=\"true\" class=\"wp-block-spacer no-mobile\"><\/div>\n\n<div class=\"wp-block-group has-global-color-6-background-color has-background\"><div class=\"wp-block-group__inner-container is-layout-constrained wp-block-group-is-layout-constrained\">\n<h2 class=\"wp-block-heading\">Questions fr\u00e9quemment pos\u00e9es<\/h2>\n\n\n<div class=\"saswp-faq-block-section\"><ol style=\"list-style-type:none\"><li style=\"list-style-type: none\"><h4 class=\"\">Was ist die AAPV?<\/h4><p class=\"saswp-faq-answer-text\">Die AAPV ist eine spezialisierte Form der ambulanten Medizin, die sich an Patient:innen mit fortgeschrittener, nicht heilbarer Erkrankung richtet. Ziel der AAPV ist es, die Lebensqualit\u00e4t von Patient:innen und ihren Angeh\u00f6rigen zu verbessern und ihnen ein m\u00f6glichst selbstbestimmtes Leben und Sterben zu erm\u00f6glichen.<\/p><li style=\"list-style-type: none\"><h4 class=\"\">Wo findet die AAPV statt?<\/h4><p class=\"saswp-faq-answer-text\">Die AAPV findet in der Regel zu Hause oder in einer ambulanten Einrichtung statt. In manchen F\u00e4llen kann die AAPV auch in einem Hospiz oder einer Klinik durchgef\u00fchrt werden.<\/p><li style=\"list-style-type: none\"><h4 class=\"\">Welche Leistungen werden in der AAPV angeboten?<\/h4><p class=\"saswp-faq-answer-text\">In der AAPV werden umfassende Leistungen angeboten, wie zum Beispiel: Schmerztherapie, Symptomkontrolle, psychologische Unterst\u00fctzung, Beratung und Unterst\u00fctzung von Angeh\u00f6rigen, Hospizliche Betreuung<\/p><li style=\"list-style-type: none\"><h4 class=\"\">Wer kann in die AAPV aufgenommen werden?<\/h4><p class=\"saswp-faq-answer-text\">In die AAPV k\u00f6nnen Patient:innen mit fortgeschrittener, nicht heilbarer Erkrankung aufgenommen werden, die palliative Versorgung ben\u00f6tigen. Die Aufnahme in die AAPV wird von einem Arzt veranlasst und bedarf in der Regel einer Zustimmung der Krankenkasse.<\/p><li style=\"list-style-type: none\"><h4 class=\"\">Wie wird die AAPV finanziert?<\/h4><p class=\"saswp-faq-answer-text\">Die AAPV wird von den Krankenkassen finanziert und ist f\u00fcr die Patient:innen kostenfrei.<\/p><li style=\"list-style-type: none\"><h4 class=\"\">Was ist der Unterschied zwischen AAPV und SAPV?<\/h4><p class=\"saswp-faq-answer-text\">Der wesentliche Unterschied zwischen der AAPV und der SAPV besteht darin, dass die SAPV eine spezialisierte Form der ambulanten Palliativversorgung ist, die sich an Patient:innen mit besonders komplexen Bed\u00fcrfnissen und Symptomen richtet. W\u00e4hrend bei der AAPV die eigene Haus\u00e4rztin oder der eigene Hausarzt verantwortlich ist, ist bei der SAPV eine spezielle \u00c4rztin oder ein spezieller Arzt aus dem SAPV-Team verantwortlich. SAPV umfasst einen deutlich h\u00f6heren Leistungsumfang samt 24h Erreichbarkeit der speziell qualifizierten Pfleger und des \u00e4rztlichen Fachpersonals.<br><\/p><\/ul><\/div><\/div><\/div>\n\n<div style=\"height:50px\" aria-hidden=\"true\" class=\"wp-block-spacer no-mobile\"><\/div>\n\n<div data-aos-delay=\"1000\" data-aos-duration=\"1500\" data-aos-once=\"true\" data-aos=\"fade-up\" class=\"wp-block-group has-global-color-6-background-color has-background\"><div class=\"wp-block-group__inner-container is-layout-constrained wp-block-group-is-layout-constrained\">\n<h2 class=\"wp-block-heading\">Nous sommes heureux de vous aider!<\/h2>\n\n\n\n<p>Apr\u00e8s de longues discussions, nous \u00e9laborerons avec vous un <strong>concept individuel<\/strong> , <strong>parfaitement adapt\u00e9 \u00e0 vos besoins<\/strong> .<\/p>\n\n\n\n<p>La <strong>rencontre personnelle pour faire connaissance<\/strong> est irrempla\u00e7able en mati\u00e8re de soins ambulatoires. N&#8217;h\u00e9sitez pas \u00e0 organiser une conversation avec nous!<\/p>\n\n\n\n<div class=\"wp-block-buttons is-layout-flex wp-block-buttons-is-layout-flex\">\n<div class=\"wp-block-button has-custom-width wp-block-button__width-100\"><a class=\"wp-block-button__link wp-element-button\" href=\"04316473730\" style=\"border-radius:0px\" target=\"_blank\" rel=\"noreferrer noopener\">\u2192 Appel<\/a><\/div>\n\n\n\n<div class=\"wp-block-button has-custom-width wp-block-button__width-100\"><a class=\"wp-block-button__link wp-element-button\" href=\"https:\/\/www.bthuus.de\/fr\/contact\/#formular\" style=\"border-radius:0px\">Pour contacter le formulaire<\/a><\/div>\n\n\n\n<div class=\"wp-block-button has-custom-width wp-block-button__width-100\"><a class=\"wp-block-button__link wp-element-button\" href=\"mailto:info@bthuus.de\" style=\"border-radius:0px\" target=\"_blank\" rel=\"noreferrer noopener\">\u2192 \u00c9crire un e-mail<\/a><\/div>\n<\/div>\n<\/div><\/div>\n","protected":false},"excerpt":{"rendered":"<p>Les soins palliatifs ambulatoires g\u00e9n\u00e9raux (AAPV) sont une partie importante des soins de sant\u00e9, en particulier pour les personnes gravement malades qui souhaitent vivre chez elles. L&#8217;AAPV est une forme sp\u00e9cialis\u00e9e de m\u00e9decine ambulatoire destin\u00e9e aux patients atteints d&#8217;une maladie avanc\u00e9e et incurable . L&#8217;AAPV vise \u00e0 am\u00e9liorer la qualit\u00e9 de vie des patients et &#8230; <\/p>\n<p class=\"read-more-container\"><a title=\"Soins palliatifs g\u00e9n\u00e9raux ambulatoires (AAPV)\" class=\"read-more button\" href=\"https:\/\/www.bthuus.de\/fr\/nos-services\/soins-palliatifs\/soins-palliatifs-generaux-ambulatoires-aapv\/#more-1989\" aria-label=\"En savoir plus sur Soins palliatifs g\u00e9n\u00e9raux ambulatoires (AAPV)\">Lire plus<\/a><\/p>\n","protected":false},"author":1,"featured_media":0,"parent":2126,"menu_order":0,"comment_status":"closed","ping_status":"closed","template":"","meta":{"iawp_total_views":2,"footnotes":""},"class_list":{"0":"post-1989","1":"page","2":"type-page","3":"status-publish","5":"infinite-scroll-item"},"jetpack_sharing_enabled":true,"_links":{"self":[{"href":"https:\/\/www.bthuus.de\/fr\/wp-json\/wp\/v2\/pages\/1989","targetHints":{"allow":["GET"]}}],"collection":[{"href":"https:\/\/www.bthuus.de\/fr\/wp-json\/wp\/v2\/pages"}],"about":[{"href":"https:\/\/www.bthuus.de\/fr\/wp-json\/wp\/v2\/types\/page"}],"author":[{"embeddable":true,"href":"https:\/\/www.bthuus.de\/fr\/wp-json\/wp\/v2\/users\/1"}],"replies":[{"embeddable":true,"href":"https:\/\/www.bthuus.de\/fr\/wp-json\/wp\/v2\/comments?post=1989"}],"version-history":[{"count":0,"href":"https:\/\/www.bthuus.de\/fr\/wp-json\/wp\/v2\/pages\/1989\/revisions"}],"up":[{"embeddable":true,"href":"https:\/\/www.bthuus.de\/fr\/wp-json\/wp\/v2\/pages\/2126"}],"wp:attachment":[{"href":"https:\/\/www.bthuus.de\/fr\/wp-json\/wp\/v2\/media?parent=1989"}],"curies":[{"name":"wp","href":"https:\/\/api.w.org\/{rel}","templated":true}]}}