{"id":1894,"date":"2022-11-04T14:43:13","date_gmt":"2022-11-04T13:43:13","guid":{"rendered":"https:\/\/www.bthuus.de\/nos-services\/services-domestiques\/"},"modified":"2023-07-11T12:04:42","modified_gmt":"2023-07-11T10:04:42","slug":"services-domestiques","status":"publish","type":"page","link":"https:\/\/www.bthuus.de\/fr\/nos-services\/services-domestiques\/","title":{"rendered":"services domestiques"},"content":{"rendered":"\n<div class=\"wp-block-group has-global-color-6-background-color has-background\"><div class=\"wp-block-group__inner-container is-layout-constrained wp-block-group-is-layout-constrained\">\n<p>Notre service d&#8217;entretien m\u00e9nager se fera un plaisir de faire ce qui suit pour vous :<\/p>\n\n\n\n<h2 class=\"wp-block-heading\">nettoyage de l&#8217;appartement<\/h2>\n\n\n\n<p>Cela comprend le nettoyage des sols, des meubles, des fen\u00eatres, des salles de bains et des cuisines et la fabrication des lits.<\/p>\n\n\n\n<h2 class=\"wp-block-heading\">Laver le linge\/les v\u00eatements<\/h2>\n\n\n\n<p>Cela comprend diviser et trier les textiles, les laver, les suspendre, repasser, raccommoder et trier les v\u00eatements dans le placard et faire les lits.<\/p>\n\n\n\n<h2 class=\"wp-block-heading\">Achats<\/h2>\n\n\n\n<p>Les achats comprennent \u00e9galement la planification des achats pour l&#8217;approvisionnement en produits alimentaires, de nettoyage et de soins corporels.<\/p>\n\n\n\n<h2 class=\"wp-block-heading\">Cuisiner<\/h2>\n\n\n\n<p>La cuisine comprend la pr\u00e9paration et la pr\u00e9paration des composants des repas ainsi que l&#8217;\u00e9laboration d&#8217;un menu pour la bonne nutrition, en tenant compte de votre \u00e2ge et de vos conditions de vie.<\/p>\n\n\n\n<h2 class=\"wp-block-heading\">Accompagnement chez le m\u00e9decin \/ services de voyage<\/h2>\n\n\n\n<p>Notre gamme de services domestiques comprend \u00e9galement des d\u00e9placements chez le m\u00e9decin ou d&#8217;autres services de voyage.<\/p>\n\n\n\n<p>Ces services peuvent \u00eatre utilis\u00e9s dans le cadre des soins, en tant que services de secours conform\u00e9ment au \u00a7 45b SGB XI ou en tant que service priv\u00e9.<\/p>\n<\/div><\/div>\n\n<div style=\"height:50px\" aria-hidden=\"true\" class=\"wp-block-spacer no-mobile\"><\/div>\n\n<div data-aos-delay=\"1000\" data-aos-duration=\"1500\" data-aos-once=\"true\" data-aos=\"fade-up\" class=\"wp-block-group has-global-color-6-background-color has-background\"><div class=\"wp-block-group__inner-container is-layout-constrained wp-block-group-is-layout-constrained\">\n<h2 class=\"wp-block-heading\">Nous sommes heureux de vous aider!<\/h2>\n\n\n\n<p>Apr\u00e8s de longues discussions, nous \u00e9laborerons avec vous un <strong>concept individuel<\/strong> , <strong>parfaitement adapt\u00e9 \u00e0 vos besoins<\/strong> .<\/p>\n\n\n\n<p>La <strong>rencontre personnelle pour faire connaissance<\/strong> est irrempla\u00e7able en mati\u00e8re de soins ambulatoires. N&#8217;h\u00e9sitez pas \u00e0 organiser une conversation avec nous!<\/p>\n\n\n\n<div class=\"wp-block-buttons is-layout-flex wp-block-buttons-is-layout-flex\">\n<div class=\"wp-block-button has-custom-width wp-block-button__width-100\"><a class=\"wp-block-button__link wp-element-button\" href=\"04316473730\" style=\"border-radius:0px\" target=\"_blank\" rel=\"noreferrer noopener\">\u2192 Appel<\/a><\/div>\n\n\n\n<div class=\"wp-block-button has-custom-width wp-block-button__width-100\"><a class=\"wp-block-button__link wp-element-button\" href=\"https:\/\/www.bthuus.de\/fr\/contact\/#formular\" style=\"border-radius:0px\">Pour contacter le formulaire<\/a><\/div>\n\n\n\n<div class=\"wp-block-button has-custom-width wp-block-button__width-100\"><a class=\"wp-block-button__link wp-element-button\" href=\"mailto:info@bthuus.de\" style=\"border-radius:0px\" target=\"_blank\" rel=\"noreferrer noopener\">\u2192 \u00c9crire un e-mail<\/a><\/div>\n<\/div>\n<\/div><\/div>\n","protected":false},"excerpt":{"rendered":"<p>Notre service d&#8217;entretien m\u00e9nager se fera un plaisir de faire ce qui suit pour vous : nettoyage de l&#8217;appartement Cela comprend le nettoyage des sols, des meubles, des fen\u00eatres, des salles de bains et des cuisines et la fabrication des lits. Laver le linge\/les v\u00eatements Cela comprend diviser et trier les textiles, les laver, les &#8230; <\/p>\n<p class=\"read-more-container\"><a title=\"services domestiques\" class=\"read-more button\" href=\"https:\/\/www.bthuus.de\/fr\/nos-services\/services-domestiques\/#more-1894\" aria-label=\"En savoir plus sur services domestiques\">Lire plus<\/a><\/p>\n","protected":false},"author":1,"featured_media":0,"parent":1798,"menu_order":0,"comment_status":"closed","ping_status":"closed","template":"","meta":{"iawp_total_views":0,"footnotes":""},"class_list":{"0":"post-1894","1":"page","2":"type-page","3":"status-publish","5":"infinite-scroll-item"},"jetpack_sharing_enabled":true,"_links":{"self":[{"href":"https:\/\/www.bthuus.de\/fr\/wp-json\/wp\/v2\/pages\/1894","targetHints":{"allow":["GET"]}}],"collection":[{"href":"https:\/\/www.bthuus.de\/fr\/wp-json\/wp\/v2\/pages"}],"about":[{"href":"https:\/\/www.bthuus.de\/fr\/wp-json\/wp\/v2\/types\/page"}],"author":[{"embeddable":true,"href":"https:\/\/www.bthuus.de\/fr\/wp-json\/wp\/v2\/users\/1"}],"replies":[{"embeddable":true,"href":"https:\/\/www.bthuus.de\/fr\/wp-json\/wp\/v2\/comments?post=1894"}],"version-history":[{"count":0,"href":"https:\/\/www.bthuus.de\/fr\/wp-json\/wp\/v2\/pages\/1894\/revisions"}],"up":[{"embeddable":true,"href":"https:\/\/www.bthuus.de\/fr\/wp-json\/wp\/v2\/pages\/1798"}],"wp:attachment":[{"href":"https:\/\/www.bthuus.de\/fr\/wp-json\/wp\/v2\/media?parent=1894"}],"curies":[{"name":"wp","href":"https:\/\/api.w.org\/{rel}","templated":true}]}}