{"id":1862,"date":"2022-11-04T14:41:45","date_gmt":"2022-11-04T13:41:45","guid":{"rendered":"https:\/\/www.bthuus.de\/nos-services\/services-infirmiers\/"},"modified":"2023-07-11T12:04:25","modified_gmt":"2023-07-11T10:04:25","slug":"services-infirmiers","status":"publish","type":"page","link":"https:\/\/www.bthuus.de\/fr\/nos-services\/services-infirmiers\/","title":{"rendered":"services infirmiers"},"content":{"rendered":"\n<div class=\"wp-block-group has-global-color-6-background-color has-background\"><div class=\"wp-block-group__inner-container is-layout-constrained wp-block-group-is-layout-constrained\">\n<h2 class=\"wp-block-heading\">Prestations de l&#8217;assurance d\u00e9pendance (SGB XI)<\/h2>\n\n\n\n<p>Sont fournis par nous en tant que prestations de soins en nature sous la forme de ce que l&#8217;on appelle des complexes de services.<br\/>Ceux-ci incluent, par exemple :<\/p>\n\n\n\n<ul class=\"wp-block-list\">\n<li>hygi\u00e8ne personnelle<\/li>\n\n\n\n<li>la mobilisation<\/li>\n\n\n\n<li>pr\u00e9parer les repas<\/li>\n\n\n\n<li>nettoyage de l&#8217;appartement<\/li>\n\n\n\n<li>Missions de soins selon \u00a7 37.3 SGB XI<\/li>\n<\/ul>\n<\/div><\/div>\n\n<div style=\"height:50px\" aria-hidden=\"true\" class=\"wp-block-spacer no-mobile\"><\/div>\n\n<div class=\"wp-block-group has-global-color-6-background-color has-background\"><div class=\"wp-block-group__inner-container is-layout-constrained wp-block-group-is-layout-constrained\">\n<h2 class=\"wp-block-heading\">Prestations de l&#8217;assurance maladie (SGB V)<\/h2>\n\n\n\n<p>Ceux-ci incluent, par exemple :<\/p>\n\n\n\n<ul class=\"wp-block-list\">\n<li>Mettre et enlever les bas m\u00e9dicaux de compression<\/li>\n\n\n\n<li>injections prescrites par un m\u00e9decin<\/li>\n\n\n\n<li>administration de m\u00e9dicaments<\/li>\n\n\n\n<li>Mise en place de la bo\u00eete \u00e0 m\u00e9dicaments<\/li>\n\n\n\n<li>changement de pansement<\/li>\n<\/ul>\n\n\n\n<p>L&#8217;assurance maladie l\u00e9gale (GKV) propose diverses prestations dans le cadre des soins ambulatoires, qui sont r\u00e9gies par l&#8217;article 37 du code de la s\u00e9curit\u00e9 sociale V (SGB V). Ceci comprend:<\/p>\n\n\n\n<ul class=\"wp-block-list\">\n<li><strong>Soins infirmiers<\/strong> : Il s&#8217;agit de la prise en charge des personnes qui ont besoin de soins et qui ont besoin d&#8217;aide dans la vie de tous les jours. Cela comprend, par exemple, les soins de base (par exemple, les soins corporels, la nutrition) et les t\u00e2ches m\u00e9nag\u00e8res.<\/li>\n\n\n\n<li><strong>Soins de rel\u00e8ve<\/strong> : Ces prestations s&#8217;adressent aux personnes qui d\u00e9pendent du soutien d&#8217;un aidant en raison de leur besoin de soins et qui sont temporairement dans l&#8217;impossibilit\u00e9 de recevoir ce soutien, par exemple parce que l&#8217;aidant est dans l&#8217;impossibilit\u00e9 de se pr\u00e9senter.<\/li>\n\n\n\n<li><strong>Soins de courte dur\u00e9e<\/strong> : Ces prestations s&#8217;adressent aux personnes qui doivent \u00eatre temporairement admises dans un \u00e9tablissement de soins, par exemple parce que les soins \u00e0 domicile ne sont plus possibles ou parce qu&#8217;une r\u00e9adaptation est n\u00e9cessaire.<\/li>\n\n\n\n<li><strong>Soins infirmiers \u00e0 domicile<\/strong> : Ces services comprennent les soins aux personnes malades \u00e0 domicile par des infirmi\u00e8res qualifi\u00e9es, tels que les soins infirmiers, les soins des plaies, les injections et les perfusions.<\/li>\n<\/ul>\n\n\n\n<p>Cependant, certains services ne sont pas couverts par le GKV, tels que les frais d&#8217;aides-soignants qui ne sont pas m\u00e9dicalement n\u00e9cessaires.<\/p>\n<\/div><\/div>\n\n<div style=\"height:50px\" aria-hidden=\"true\" class=\"wp-block-spacer no-mobile\"><\/div>\n\n<div class=\"wp-block-group has-global-color-6-background-color has-background\"><div class=\"wp-block-group__inner-container is-layout-constrained wp-block-group-is-layout-constrained\">\n<h2 class=\"wp-block-heading\">Forfait de service<\/h2>\n\n\n\n<p>En plus des prestations de soins mentionn\u00e9es, nous proposons \u00e9galement un ensemble de services suppl\u00e9mentaires.<br\/>Ce pack de services comprend, par exemple :<\/p>\n\n\n\n<ul class=\"wp-block-list\">\n<li>L&#8217;approvisionnement en m\u00e9dicaments<\/li>\n\n\n\n<li>Communication avec les m\u00e9decins<\/li>\n<\/ul>\n<\/div><\/div>\n\n<div style=\"height:50px\" aria-hidden=\"true\" class=\"wp-block-spacer no-mobile\"><\/div>\n\n<div class=\"wp-block-group has-global-color-6-background-color has-background\"><div class=\"wp-block-group__inner-container is-layout-constrained wp-block-group-is-layout-constrained\">\n<h2 class=\"wp-block-heading\">syst\u00e8me d&#8217;alarme \u00e0 la maison<\/h2>\n\n\n\n<p>Le syst\u00e8me d&#8217;appel d&#8217;urgence \u00e0 domicile est <strong>un service externe<\/strong> que nous organisons volontiers.<\/p>\n\n\n\n<p>Souhaitez-vous vivre en toute s\u00e9curit\u00e9 dans votre environnement familial &#8211; malgr\u00e9 la vieillesse, la maladie ou le handicap ?<br\/>Le membre de votre famille devrait \u00e9galement pendant votre absence &#8211; par ex. B. pendant vos vacances &#8211; avez-vous la possibilit\u00e9 d&#8217;appeler \u00e0 l&#8217;aide en cas d&#8217;urgence\u00a0?<br\/>Avec l&#8217; <a rel=\"noreferrer noopener\" href=\"https:\/\/www.mebo.de\/\" data-type=\"URL\" data-id=\"https:\/\/www.mebo.de\/\" target=\"_blank\">appel d&#8217;urgence interne de MEBO Sicherheit,<\/a> vous b\u00e9n\u00e9ficiez de la s\u00e9curit\u00e9 et du service.<br\/>Le centre de contr\u00f4le du service est occup\u00e9 24 heures sur 24 et nous avertit si un appel d&#8217;urgence a \u00e9t\u00e9 pass\u00e9 et qu&#8217;une assistance est requise.<\/p>\n\n\n\n<p>L&#8217;appel d&#8217;urgence interne de MEBO Sicherheit est <strong>une offre ind\u00e9pendante de notre service t\u00e9l\u00e9phonique 24h\/24<\/strong> en dehors des heures de bureau.<\/p>\n<\/div><\/div>\n\n<div style=\"height:50px\" aria-hidden=\"true\" class=\"wp-block-spacer no-mobile\"><\/div>\n\n<div data-aos-delay=\"1000\" data-aos-duration=\"1500\" data-aos-once=\"true\" data-aos=\"fade-up\" class=\"wp-block-group has-global-color-6-background-color has-background\"><div class=\"wp-block-group__inner-container is-layout-constrained wp-block-group-is-layout-constrained\">\n<h2 class=\"wp-block-heading\">Nous sommes heureux de vous aider!<\/h2>\n\n\n\n<p>Apr\u00e8s de longues discussions, nous \u00e9laborerons avec vous un <strong>concept individuel<\/strong> , <strong>parfaitement adapt\u00e9 \u00e0 vos besoins<\/strong> .<\/p>\n\n\n\n<p>La <strong>rencontre personnelle pour faire connaissance<\/strong> est irrempla\u00e7able en mati\u00e8re de soins ambulatoires. N&#8217;h\u00e9sitez pas \u00e0 organiser une conversation avec nous!<\/p>\n\n\n\n<div class=\"wp-block-buttons is-layout-flex wp-block-buttons-is-layout-flex\">\n<div class=\"wp-block-button has-custom-width wp-block-button__width-100\"><a class=\"wp-block-button__link wp-element-button\" href=\"04316473730\" style=\"border-radius:0px\" target=\"_blank\" rel=\"noreferrer noopener\">\u2192 Appel<\/a><\/div>\n\n\n\n<div class=\"wp-block-button has-custom-width wp-block-button__width-100\"><a class=\"wp-block-button__link wp-element-button\" href=\"https:\/\/www.bthuus.de\/fr\/contact\/#formular\" style=\"border-radius:0px\">Pour contacter le formulaire<\/a><\/div>\n\n\n\n<div class=\"wp-block-button has-custom-width wp-block-button__width-100\"><a class=\"wp-block-button__link wp-element-button\" href=\"mailto:info@bthuus.de\" style=\"border-radius:0px\" target=\"_blank\" rel=\"noreferrer noopener\">\u2192 \u00c9crire un e-mail<\/a><\/div>\n<\/div>\n<\/div><\/div>\n\n<p><\/p>\n","protected":false},"excerpt":{"rendered":"<p>Prestations de l&#8217;assurance d\u00e9pendance (SGB XI) Sont fournis par nous en tant que prestations de soins en nature sous la forme de ce que l&#8217;on appelle des complexes de services.Ceux-ci incluent, par exemple : Prestations de l&#8217;assurance maladie (SGB V) Ceux-ci incluent, par exemple : L&#8217;assurance maladie l\u00e9gale (GKV) propose diverses prestations dans le cadre &#8230; <\/p>\n<p class=\"read-more-container\"><a title=\"services infirmiers\" class=\"read-more button\" href=\"https:\/\/www.bthuus.de\/fr\/nos-services\/services-infirmiers\/#more-1862\" aria-label=\"En savoir plus sur services infirmiers\">Lire plus<\/a><\/p>\n","protected":false},"author":1,"featured_media":0,"parent":1798,"menu_order":0,"comment_status":"closed","ping_status":"closed","template":"","meta":{"iawp_total_views":2,"footnotes":""},"class_list":{"0":"post-1862","1":"page","2":"type-page","3":"status-publish","5":"infinite-scroll-item"},"jetpack_sharing_enabled":true,"_links":{"self":[{"href":"https:\/\/www.bthuus.de\/fr\/wp-json\/wp\/v2\/pages\/1862","targetHints":{"allow":["GET"]}}],"collection":[{"href":"https:\/\/www.bthuus.de\/fr\/wp-json\/wp\/v2\/pages"}],"about":[{"href":"https:\/\/www.bthuus.de\/fr\/wp-json\/wp\/v2\/types\/page"}],"author":[{"embeddable":true,"href":"https:\/\/www.bthuus.de\/fr\/wp-json\/wp\/v2\/users\/1"}],"replies":[{"embeddable":true,"href":"https:\/\/www.bthuus.de\/fr\/wp-json\/wp\/v2\/comments?post=1862"}],"version-history":[{"count":0,"href":"https:\/\/www.bthuus.de\/fr\/wp-json\/wp\/v2\/pages\/1862\/revisions"}],"up":[{"embeddable":true,"href":"https:\/\/www.bthuus.de\/fr\/wp-json\/wp\/v2\/pages\/1798"}],"wp:attachment":[{"href":"https:\/\/www.bthuus.de\/fr\/wp-json\/wp\/v2\/media?parent=1862"}],"curies":[{"name":"wp","href":"https:\/\/api.w.org\/{rel}","templated":true}]}}