{"id":1846,"date":"2022-11-04T14:40:38","date_gmt":"2022-11-04T13:40:38","guid":{"rendered":"https:\/\/www.bthuus.de\/a-propos-de-nous\/philosophie\/"},"modified":"2023-07-11T12:04:18","modified_gmt":"2023-07-11T10:04:18","slug":"philosophie","status":"publish","type":"page","link":"https:\/\/www.bthuus.de\/fr\/ueber-uns\/philosophie\/","title":{"rendered":"philosophie"},"content":{"rendered":"\n<div class=\"wp-block-group has-global-color-6-background-color has-background\"><div class=\"wp-block-group__inner-container is-layout-constrained wp-block-group-is-layout-constrained\">\n<h2 class=\"wp-block-heading\">Notre Philosophie<\/h2>\n\n\n\n<blockquote class=\"wp-block-quote has-medium-font-size is-layout-flow wp-block-quote-is-layout-flow\">\n<p>\u00ab <em>La dignit\u00e9 humaine est inviolable.<\/em><\/p>\n<cite><em>(Article 1, loi fondamentale allemande)<\/em><\/cite><\/blockquote>\n\n\n\n<p>Le centre de nos actions est l&#8217;\u00eatre humain dans sa singularit\u00e9.<\/p>\n<\/div><\/div>\n\n<div style=\"height:50px\" aria-hidden=\"true\" class=\"wp-block-spacer no-mobile\"><\/div>\n\n<div class=\"wp-block-group has-global-color-6-background-color has-background\"><div class=\"wp-block-group__inner-container is-layout-constrained wp-block-group-is-layout-constrained\">\n<h2 class=\"wp-block-heading\">Notre concept de soins<\/h2>\n\n\n\n<p>Nous comprenons chacun de nos patients<\/p>\n\n\n\n<ul class=\"wp-block-list\">\n<li>comme une unit\u00e9 ins\u00e9parable du corps, de l&#8217;esprit et de l&#8217;\u00e2me<\/li>\n\n\n\n<li>en tant qu&#8217;individu, qui s&#8217;oriente vers les activit\u00e9s de la vie<\/li>\n<\/ul>\n\n\n\n<p>La promotion des ressources pr\u00e9c\u00e8de la prise en charge de remplacement des activit\u00e9s et des actions.<\/p>\n\n\n\n<ul class=\"wp-block-list\">\n<li>Nous traitons tout le monde avec respect, <strong>quels que soient leur religion, leur sexe, leur nationalit\u00e9 et leur origine.<\/strong><\/li>\n\n\n\n<li>Nous voulons \u00e0 la fois maintenir et favoriser la qualit\u00e9 de vie du patient\/client et ainsi lui permettre de demeurer \u00e0 son domicile le plus longtemps possible.<\/li>\n\n\n\n<li>Nous impliquons le patient\/client et ses proches dans les d\u00e9cisions infirmi\u00e8res, en tenant compte des ressources.<\/li>\n\n\n\n<li>Dans une <strong>atmosph\u00e8re de familiarit\u00e9,<\/strong> nous voulons conna\u00eetre les souhaits et les besoins du patient et, dans la mesure du possible, les satisfaire.<\/li>\n\n\n\n<li>Nous accompagnons les mourants chez eux et les soutenons, ainsi que leurs proches, jour et nuit. Nous travaillons en toute confiance avec toutes les personnes impliqu\u00e9es dans les soins du patient\/client et mettons nos offres en r\u00e9seau. Cela nous permet d&#8217;offrir des soins \u00e0 domicile, des activit\u00e9s de loisirs, des excursions et des soins d&#8217;une journ\u00e9e, un accompagnement chez les m\u00e9decins et des th\u00e9rapies \u00e0 partir d&#8217;une seule source.<\/li>\n\n\n\n<li>Nous valorisons le personnel qualifi\u00e9 et d\u00e9ployons nos employ\u00e9s en fonction de leurs aptitudes et comp\u00e9tences.<\/li>\n\n\n\n<li>Nous veillons \u00e0 ce que nos employ\u00e9s re\u00e7oivent r\u00e9guli\u00e8rement une formation et une formation continue.<\/li>\n\n\n\n<li>Nous visons une qualit\u00e9 de soins \u00e9lev\u00e9e. La condition pr\u00e9alable \u00e0 cela est de travailler selon les r\u00e8gles du processus de soins infirmiers.<\/li>\n\n\n\n<li>Nous impliquons les employ\u00e9s dans les d\u00e9cisions et les encourageons \u00e0 apporter des id\u00e9es et des suggestions.<\/li>\n\n\n\n<li>Nous encourageons une communication ouverte, nous nous soutenons mutuellement, acceptons nos limites, nos forces et nos faiblesses. Cela nous permet de garantir une bonne ambiance de travail.<\/li>\n<\/ul>\n<\/div><\/div>\n","protected":false},"excerpt":{"rendered":"<p>Notre Philosophie \u00ab La dignit\u00e9 humaine est inviolable. Le centre de nos actions est l&#8217;\u00eatre humain dans sa singularit\u00e9. Notre concept de soins Nous comprenons chacun de nos patients La promotion des ressources pr\u00e9c\u00e8de la prise en charge de remplacement des activit\u00e9s et des actions.<\/p>\n","protected":false},"author":1,"featured_media":0,"parent":1799,"menu_order":0,"comment_status":"closed","ping_status":"closed","template":"","meta":{"iawp_total_views":0,"footnotes":""},"class_list":{"0":"post-1846","1":"page","2":"type-page","3":"status-publish","5":"infinite-scroll-item"},"jetpack_sharing_enabled":true,"_links":{"self":[{"href":"https:\/\/www.bthuus.de\/fr\/wp-json\/wp\/v2\/pages\/1846","targetHints":{"allow":["GET"]}}],"collection":[{"href":"https:\/\/www.bthuus.de\/fr\/wp-json\/wp\/v2\/pages"}],"about":[{"href":"https:\/\/www.bthuus.de\/fr\/wp-json\/wp\/v2\/types\/page"}],"author":[{"embeddable":true,"href":"https:\/\/www.bthuus.de\/fr\/wp-json\/wp\/v2\/users\/1"}],"replies":[{"embeddable":true,"href":"https:\/\/www.bthuus.de\/fr\/wp-json\/wp\/v2\/comments?post=1846"}],"version-history":[{"count":0,"href":"https:\/\/www.bthuus.de\/fr\/wp-json\/wp\/v2\/pages\/1846\/revisions"}],"up":[{"embeddable":true,"href":"https:\/\/www.bthuus.de\/fr\/wp-json\/wp\/v2\/pages\/1799"}],"wp:attachment":[{"href":"https:\/\/www.bthuus.de\/fr\/wp-json\/wp\/v2\/media?parent=1846"}],"curies":[{"name":"wp","href":"https:\/\/api.w.org\/{rel}","templated":true}]}}