{"id":1799,"date":"2022-11-04T14:39:57","date_gmt":"2022-11-04T13:39:57","guid":{"rendered":"https:\/\/www.bthuus.de\/a-propos-de-nous\/"},"modified":"2023-09-26T16:00:02","modified_gmt":"2023-09-26T14:00:02","slug":"ueber-uns","status":"publish","type":"page","link":"https:\/\/www.bthuus.de\/fr\/ueber-uns\/","title":{"rendered":"\u00c0 propos de nous"},"content":{"rendered":"\n<div class=\"wp-block-group has-global-color-6-background-color has-background\"><div class=\"wp-block-group__inner-container is-layout-constrained wp-block-group-is-layout-constrained\">\n<h2 class=\"wp-block-heading\">Service de soins ambulatoires \u00e0 Kiel &amp; Bredenbek<\/h2>\n\n\n\n<p>Depuis 1994, avec <strong>des bureaux \u00e0 Kiel et Bredenbek<\/strong> , nous permettons \u00e0 nos clients et patients de rester chez eux et dans leur environnement familier, m\u00eame s&#8217;ils d\u00e9pendent de soins infirmiers et\/ou d&#8217;une aide m\u00e9nag\u00e8re. Nous serions heureux de vous fournir des informations compl\u00e8tes sur les possibilit\u00e9s de soins ambulatoires.<\/p>\n\n\n\n<p>Apr\u00e8s de longues discussions avec la personne qui a besoin d&#8217;aide et\/ou ses proches, nous \u00e9laborons avec vous un <strong>concept individuel<\/strong> , parfaitement adapt\u00e9 \u00e0 vos besoins. Ceci s&#8217;applique \u00e9galement si vous ne d\u00e9pendez que temporairement d&#8217;une aide, comme cela peut \u00eatre le cas pendant ou apr\u00e8s une maladie, par exemple, ou pour soulager temporairement ou remplacer des proches aidants.<\/p>\n\n\n\n<p>Depuis l&#8217;aide m\u00e9nag\u00e8re, la mise \u00e0 disposition de syst\u00e8mes d&#8217;appel d&#8217;urgence, les soins normaux aux personnes \u00e2g\u00e9es et aux malades, jusqu&#8217;aux soins palliatifs, nous vous offrons la possibilit\u00e9 de rester dans votre environnement familial avec notre soutien.<\/p>\n\n\n\n<p>Donc, si vous ne pouvez plus vous d\u00e9brouiller seul &#8211; et que vous souhaitez toujours rester \u00e0 la maison, contactez-nous, <strong>votre \u00e9quipe de soins ambulatoires \u00e0 Bliev to Huus<\/strong> .<\/p>\n\n\n\n<p>Nous sommes l\u00e0 pour vous aider !<\/p>\n<\/div><\/div>\n\n<div style=\"height:50px\" aria-hidden=\"true\" class=\"wp-block-spacer\"><\/div>\n\n<div class=\"wp-block-group has-global-color-6-background-color has-background\"><div class=\"wp-block-group__inner-container is-layout-constrained wp-block-group-is-layout-constrained\">\n<h2 class=\"wp-block-heading\">Administration<\/h2>\n\n\n<div class=\"tmm tmm_verwaltung\"><div class=\"tmm_3_columns tmm_wrap tmm_plugin_f\"><span class=\"tmm_two_containers_tablet\"><\/span><div class=\"tmm_container\"><div class=\"tmm_member\" style=\"border-top:#019bdd solid 5px;\"><div class=\"tmm_photo tmm_pic_verwaltung_0\" style=\"background: url(https:\/\/www.bthuus.de\/wp-content\/uploads\/2023\/01\/Gaby-Joehnk.webp); margin-left: auto; margin-right:auto; background-size:cover !important;\"><\/div><div class=\"tmm_textblock\"><div class=\"tmm_names\"><span class=\"tmm_fname\">Gaby<\/span> <span class=\"tmm_lname\">J\u00f6hnk<\/span><\/div><div class=\"tmm_job\">Industriekaufmann, Leitung Verwaltung &amp; Personal<\/div><div class=\"tmm_scblock\"><\/div><\/div><\/div><div class=\"tmm_member\" style=\"border-top:#019bdd solid 5px;\"><div class=\"tmm_photo tmm_pic_verwaltung_1\" style=\"background: url(https:\/\/www.bthuus.de\/wp-content\/uploads\/2023\/01\/Nadine_Herrmann-jpg.webp); margin-left: auto; margin-right:auto; background-size:cover !important;\"><\/div><div class=\"tmm_textblock\"><div class=\"tmm_names\"><span class=\"tmm_fname\">Nadine<\/span> <span class=\"tmm_lname\">Roth<\/span><\/div><div class=\"tmm_job\">Kauffrau im Gesundheitswesen, Verwaltung Kiel<\/div><div class=\"tmm_scblock\"><\/div><\/div><\/div><span class=\"tmm_two_containers_tablet\"><\/span><div class=\"tmm_member\" style=\"border-top:#019bdd solid 5px;\"><div class=\"tmm_photo tmm_pic_verwaltung_2\" style=\"background: url(https:\/\/www.bthuus.de\/wp-content\/uploads\/2024\/11\/Fatima_Zaghloul.jpg); margin-left: auto; margin-right:auto; background-size:cover !important;\"><\/div><div class=\"tmm_textblock\"><div class=\"tmm_names\"><span class=\"tmm_fname\">Fatima<\/span> <span class=\"tmm_lname\">Zaghloul<\/span><\/div><div class=\"tmm_job\">Verwaltungsangestellte<\/div><div class=\"tmm_scblock\"><\/div><\/div><\/div><div style=\"clear:both;\"><\/div><\/div><\/div><\/div>\n<\/div><\/div>\n\n<div style=\"height:50px\" aria-hidden=\"true\" class=\"wp-block-spacer\"><\/div>\n\n<div class=\"wp-block-group has-global-color-6-background-color has-background\"><div class=\"wp-block-group__inner-container is-layout-constrained wp-block-group-is-layout-constrained\">\n<h2 class=\"wp-block-heading\">Gestion des soins infirmiers<\/h2>\n\n\n<div class=\"tmm tmm_pflegedienstleitung\"><div class=\"tmm_3_columns tmm_wrap tmm_theme_f\"><span class=\"tmm_two_containers_tablet\"><\/span><div class=\"tmm_container\"><div class=\"tmm_member\" style=\"border-top:#019bdd solid 5px;\"><div class=\"tmm_photo tmm_pic_pflegedienstleitung_0\" style=\"background: url(https:\/\/www.bthuus.de\/wp-content\/uploads\/2022\/11\/Michael_Burkel.jpg); margin-left: auto; margin-right:auto; background-size:cover !important;\"><\/div><div class=\"tmm_textblock\"><div class=\"tmm_names\"><span class=\"tmm_fname\">Michael<\/span> <span class=\"tmm_lname\">Burkel<\/span><\/div><div class=\"tmm_job\">Krankenpfleger, Pflegedienstleitung, Palliative Care Pflegefachkraft, Supervisor<\/div><div class=\"tmm_scblock\"><\/div><\/div><\/div><div class=\"tmm_member\" style=\"border-top:#019bdd solid 5px;\"><div class=\"tmm_photo tmm_pic_pflegedienstleitung_1\" style=\"background: url(https:\/\/www.bthuus.de\/wp-content\/uploads\/2023\/01\/Sven_Stuhr_Pflegedienstleitung-jpg.webp); margin-left: auto; margin-right:auto; background-size:cover !important;\"><\/div><div class=\"tmm_textblock\"><div class=\"tmm_names\"><span class=\"tmm_fname\">Sven<\/span> <span class=\"tmm_lname\">Stuhr<\/span><\/div><div class=\"tmm_job\">Altenpfleger, Pflegedienstleitung, Palliative Care Pflegefachkraft, Heimleiter<\/div><div class=\"tmm_scblock\"><\/div><\/div><\/div><span class=\"tmm_two_containers_tablet\"><\/span><div class=\"tmm_member\" style=\"border-top:#019bdd solid 5px;\"><div class=\"tmm_photo tmm_pic_pflegedienstleitung_2\" style=\"background: url(https:\/\/www.bthuus.de\/wp-content\/uploads\/2024\/11\/asta_burkel.jpg); margin-left: auto; margin-right:auto; background-size:cover !important;\"><\/div><div class=\"tmm_textblock\"><div class=\"tmm_names\"><span class=\"tmm_fname\">Asta<\/span> <span class=\"tmm_lname\">Burkel<\/span><\/div><div class=\"tmm_job\">Krankenschwester, Fachkraft f\u00fcr An\u00e4sthesie &amp; Intensivmedizin, QM Beauftragte, BA Sozial- &amp; Gesundheitsmangement, Stellvertretende Pflegedienstleitung<\/div><div class=\"tmm_scblock\"><\/div><\/div><\/div><div style=\"clear:both;\"><\/div><\/div><\/div><\/div>\n<\/div><\/div>\n\n<div style=\"height:50px\" aria-hidden=\"true\" class=\"wp-block-spacer\"><\/div>\n\n<div class=\"wp-block-group has-global-color-6-background-color has-background\"><div class=\"wp-block-group__inner-container is-layout-constrained wp-block-group-is-layout-constrained\">\n<h2 class=\"wp-block-heading\">Se soucier<\/h2>\n\n\n<div class=\"tmm tmm_pflege\"><div class=\"tmm_3_columns tmm_wrap tmm_theme_f\"><span class=\"tmm_two_containers_tablet\"><\/span><div class=\"tmm_container\"><div class=\"tmm_member\" style=\"border-top:#019bdd solid 5px;\"><div class=\"tmm_photo tmm_pic_pflege_0\" style=\"background: url(https:\/\/www.bthuus.de\/wp-content\/uploads\/2023\/01\/ueber_uns_portrait_platzhalter-jpg.webp); margin-left: auto; margin-right:auto; background-size:cover !important;\"><\/div><div class=\"tmm_textblock\"><div class=\"tmm_names\"><span class=\"tmm_fname\">Faka<\/span> <span class=\"tmm_lname\">Rasmussen<\/span><\/div><div class=\"tmm_job\">Pflegehelferin<\/div><div class=\"tmm_scblock\"><\/div><\/div><\/div><div class=\"tmm_member\" style=\"border-top:#019bdd solid 5px;\"><div class=\"tmm_photo tmm_pic_pflege_1\" style=\"background: url(https:\/\/www.bthuus.de\/wp-content\/uploads\/2023\/01\/ueber_uns_portrait_platzhalter-jpg.webp); margin-left: auto; margin-right:auto; background-size:cover !important;\"><\/div><div class=\"tmm_textblock\"><div class=\"tmm_names\"><span class=\"tmm_fname\">Inken<\/span> <span class=\"tmm_lname\">Thiedemann<\/span><\/div><div class=\"tmm_job\">Krankenschwester<\/div><div class=\"tmm_scblock\"><\/div><\/div><\/div><span class=\"tmm_two_containers_tablet\"><\/span><div class=\"tmm_member\" style=\"border-top:#019bdd solid 5px;\"><div class=\"tmm_photo tmm_pic_pflege_2\" style=\"background: url(https:\/\/www.bthuus.de\/wp-content\/uploads\/2023\/01\/Jaquline_Kriegel_Krankenschwester_Parkinson_Fachschwester-jpg.webp); margin-left: auto; margin-right:auto; background-size:cover !important;\"><\/div><div class=\"tmm_textblock\"><div class=\"tmm_names\"><span class=\"tmm_fname\">Jacqueline<\/span> <span class=\"tmm_lname\">Kriegel<\/span><\/div><div class=\"tmm_job\">Krankenschwester, Parkinson Fachschwester<\/div><div class=\"tmm_scblock\"><\/div><\/div><\/div><\/div><span class=\"tmm_columns_containers_desktop\"><\/span><div class=\"tmm_container\"><div class=\"tmm_member\" style=\"border-top:#019bdd solid 5px;\"><div class=\"tmm_photo tmm_pic_pflege_3\" style=\"background: url(https:\/\/www.bthuus.de\/wp-content\/uploads\/2023\/01\/Joanna_Franszak.webp); margin-left: auto; margin-right:auto; background-size:cover !important;\"><\/div><div class=\"tmm_textblock\"><div class=\"tmm_names\"><span class=\"tmm_fname\">Joanna<\/span> <span class=\"tmm_lname\">Franczak<\/span><\/div><div class=\"tmm_job\">Pflegehelferin<\/div><div class=\"tmm_scblock\"><\/div><\/div><\/div><span class=\"tmm_two_containers_tablet\"><\/span><div class=\"tmm_member\" style=\"border-top:#019bdd solid 5px;\"><div class=\"tmm_photo tmm_pic_pflege_4\" style=\"background: url(https:\/\/www.bthuus.de\/wp-content\/uploads\/2023\/01\/Oliver_Berthold_Altenpfleger_Palliativpflegekraft-jpg.webp); margin-left: auto; margin-right:auto; background-size:cover !important;\"><\/div><div class=\"tmm_textblock\"><div class=\"tmm_names\"><span class=\"tmm_fname\">Oliver<\/span> <span class=\"tmm_lname\">Berthold<\/span><\/div><div class=\"tmm_job\">Altenpfleger, Palliative Care Pflegefachkraft<\/div><div class=\"tmm_scblock\"><\/div><\/div><\/div><div class=\"tmm_member\" style=\"border-top:#019bdd solid 5px;\"><div class=\"tmm_photo tmm_pic_pflege_5\" style=\"background: url(https:\/\/www.bthuus.de\/wp-content\/uploads\/2023\/01\/ueber_uns_portrait_platzhalter-jpg.webp); margin-left: auto; margin-right:auto; background-size:cover !important;\"><\/div><div class=\"tmm_textblock\"><div class=\"tmm_names\"><span class=\"tmm_fname\">Sabine<\/span> <span class=\"tmm_lname\">Kehring<\/span><\/div><div class=\"tmm_job\">Altenpflegerin<\/div><div class=\"tmm_scblock\"><\/div><\/div><\/div><span class=\"tmm_two_containers_tablet\"><\/span><\/div><span class=\"tmm_columns_containers_desktop\"><\/span><div class=\"tmm_container\"><div class=\"tmm_member\" style=\"border-top:#019bdd solid 5px;\"><div class=\"tmm_photo tmm_pic_pflege_6\" style=\"background: url(https:\/\/www.bthuus.de\/wp-content\/uploads\/2023\/01\/Sabine_Steinhoff.webp); margin-left: auto; margin-right:auto; background-size:cover !important;\"><\/div><div class=\"tmm_textblock\"><div class=\"tmm_names\"><span class=\"tmm_fname\">Sabine<\/span> <span class=\"tmm_lname\">Steinhoff<\/span><\/div><div class=\"tmm_job\">Altenpflegerin, Palliative Care Pflegefachkraft<\/div><div class=\"tmm_scblock\"><\/div><\/div><\/div><div class=\"tmm_member\" style=\"border-top:#019bdd solid 5px;\"><div class=\"tmm_photo tmm_pic_pflege_7\" style=\"background: url(https:\/\/www.bthuus.de\/wp-content\/uploads\/2024\/11\/Julia_Schulz.jpg); margin-left: auto; margin-right:auto; background-size:cover !important;\"><\/div><div class=\"tmm_textblock\"><div class=\"tmm_names\"><span class=\"tmm_fname\">Julia<\/span> <span class=\"tmm_lname\">Schulz<\/span><\/div><div class=\"tmm_job\">Fachkraft f\u00fcr Hauswirtschaft und Sozialpflege<\/div><div class=\"tmm_scblock\"><\/div><\/div><\/div><span class=\"tmm_two_containers_tablet\"><\/span><div class=\"tmm_member\" style=\"border-top:#019bdd solid 5px;\"><div class=\"tmm_photo tmm_pic_pflege_8\" style=\"background: url(https:\/\/www.bthuus.de\/wp-content\/uploads\/2023\/01\/ueber_uns_portrait_platzhalter-jpg.webp); margin-left: auto; margin-right:auto; background-size:cover !important;\"><\/div><div class=\"tmm_textblock\"><div class=\"tmm_names\"><span class=\"tmm_fname\">Katarzyna<\/span> <span class=\"tmm_lname\">Rose<\/span><\/div><div class=\"tmm_job\">Pflegehelferin<\/div><div class=\"tmm_scblock\"><\/div><\/div><\/div><\/div><span class=\"tmm_columns_containers_desktop\"><\/span><div class=\"tmm_container\"><div class=\"tmm_member\" style=\"border-top:#019bdd solid 5px;\"><div class=\"tmm_photo tmm_pic_pflege_9\" style=\"background: url(https:\/\/www.bthuus.de\/wp-content\/uploads\/2023\/01\/ueber_uns_portrait_platzhalter-jpg.webp); margin-left: auto; margin-right:auto; background-size:cover !important;\"><\/div><div class=\"tmm_textblock\"><div class=\"tmm_names\"><span class=\"tmm_fname\">Ute<\/span> <span class=\"tmm_lname\">Br\u00fcgmann<\/span><\/div><div class=\"tmm_job\">Arzthelferin, Hauswirtschaft<\/div><div class=\"tmm_scblock\"><\/div><\/div><\/div><span class=\"tmm_two_containers_tablet\"><\/span><div class=\"tmm_member\" style=\"border-top:#019bdd solid 5px;\"><div class=\"tmm_textblock\"><div class=\"tmm_names\"><span class=\"tmm_fname\">Kathrin<\/span> <span class=\"tmm_lname\">Andresen<\/span><\/div><div class=\"tmm_job\">Altenpflegerin<\/div><div class=\"tmm_scblock\"><\/div><\/div><\/div><div class=\"tmm_member\" style=\"border-top:#019bdd solid 5px;\"><div class=\"tmm_textblock\"><div class=\"tmm_names\"><span class=\"tmm_fname\">Michele<\/span> <span class=\"tmm_lname\">Prowasnik<\/span><\/div><div class=\"tmm_job\">Pflegehelferin<\/div><div class=\"tmm_scblock\"><\/div><\/div><\/div><div style=\"clear:both;\"><\/div><\/div><\/div><\/div>\n<\/div><\/div>\n\n<div style=\"height:50px\" aria-hidden=\"true\" class=\"wp-block-spacer\"><\/div>\n\n<div class=\"wp-block-group has-global-color-6-background-color has-background\"><div class=\"wp-block-group__inner-container is-layout-constrained wp-block-group-is-layout-constrained\">\n<h2 class=\"wp-block-heading\">Se soucier<\/h2>\n\n\n<div class=\"tmm tmm_betreuung\"><div class=\"tmm_3_columns tmm_wrap tmm_plugin_f\"><span class=\"tmm_two_containers_tablet\"><\/span><div class=\"tmm_container\"><div class=\"tmm_member\" style=\"border-top:#019bdd solid 5px;\"><div class=\"tmm_photo tmm_pic_betreuung_0\" style=\"background: url(https:\/\/www.bthuus.de\/wp-content\/uploads\/2024\/11\/elle_hidde.jpg); margin-left: auto; margin-right:auto; background-size:cover !important;\"><\/div><div class=\"tmm_textblock\"><div class=\"tmm_names\"><span class=\"tmm_fname\">Ellen<\/span> <span class=\"tmm_lname\">Hidde<\/span><\/div><div class=\"tmm_job\">Schwesternhelferin, Betreuungsassistentin (\u00a745 SGB11), Hauswirtschaft<\/div><div class=\"tmm_scblock\"><\/div><\/div><\/div><div class=\"tmm_member\" style=\"border-top:#019bdd solid 5px;\"><div class=\"tmm_photo tmm_pic_betreuung_1\" style=\"background: url(https:\/\/www.bthuus.de\/wp-content\/uploads\/2023\/01\/ueber_uns_portrait_platzhalter-jpg.webp); margin-left: auto; margin-right:auto; background-size:cover !important;\"><\/div><div class=\"tmm_textblock\"><div class=\"tmm_names\"><span class=\"tmm_fname\">Marlies<\/span> <span class=\"tmm_lname\">Knoll<\/span><\/div><div class=\"tmm_job\">Pflegehelferin, Betreuungsassistentin (\u00a745 SGB11), Hauswirtschaft, Vertretung Hauswirtschaftsleitung<\/div><div class=\"tmm_scblock\"><\/div><\/div><\/div><span class=\"tmm_two_containers_tablet\"><\/span><div class=\"tmm_member\" style=\"border-top:#019bdd solid 5px;\"><div class=\"tmm_photo tmm_pic_betreuung_2\" style=\"background: url(https:\/\/www.bthuus.de\/wp-content\/uploads\/2023\/01\/Marina_Schwanebeck_Hauswirtschaft_Betreuungskraft-jpg.webp); margin-left: auto; margin-right:auto; background-size:cover !important;\"><\/div><div class=\"tmm_textblock\"><div class=\"tmm_names\"><span class=\"tmm_fname\">Marina<\/span> <span class=\"tmm_lname\">Schwanebeck<\/span><\/div><div class=\"tmm_job\">Pflegehelferin, Betreuungskraft (\u00a745 SGB11), Hauswirtschaft<\/div><div class=\"tmm_scblock\"><\/div><\/div><\/div><\/div><span class=\"tmm_columns_containers_desktop\"><\/span><div class=\"tmm_container\"><div class=\"tmm_member\" style=\"border-top:#019bdd solid 5px;\"><div class=\"tmm_photo tmm_pic_betreuung_3\" style=\"background: url(https:\/\/www.bthuus.de\/wp-content\/uploads\/2023\/01\/ueber_uns_portrait_platzhalter-jpg.webp); margin-left: auto; margin-right:auto; background-size:cover !important;\"><\/div><div class=\"tmm_textblock\"><div class=\"tmm_names\"><span class=\"tmm_fname\">Gaby<\/span> <span class=\"tmm_lname\">Herpertz<\/span><\/div><div class=\"tmm_job\">Betreuungsassistentin (\u00a745 SGB11), Hauswirtschaft<\/div><div class=\"tmm_scblock\"><\/div><\/div><\/div><span class=\"tmm_two_containers_tablet\"><\/span><div class=\"tmm_member\" style=\"border-top:#019bdd solid 5px;\"><div class=\"tmm_photo tmm_pic_betreuung_4\" style=\"background: url(https:\/\/www.bthuus.de\/wp-content\/uploads\/2023\/01\/ueber_uns_portrait_platzhalter-jpg.webp); margin-left: auto; margin-right:auto; background-size:cover !important;\"><\/div><div class=\"tmm_textblock\"><div class=\"tmm_names\"><span class=\"tmm_fname\">Tim<\/span> <span class=\"tmm_lname\">Polley<\/span><\/div><div class=\"tmm_job\">Betreuungskraft nach \u00a753b SGB XI, Pflegehelfer<\/div><div class=\"tmm_scblock\"><\/div><\/div><\/div><div style=\"clear:both;\"><\/div><\/div><\/div><\/div>\n<\/div><\/div>\n\n<div style=\"height:50px\" aria-hidden=\"true\" class=\"wp-block-spacer\"><\/div>\n\n<div class=\"wp-block-group has-global-color-6-background-color has-background\"><div class=\"wp-block-group__inner-container is-layout-constrained wp-block-group-is-layout-constrained\">\n<h2 class=\"wp-block-heading\">Entretien m\u00e9nager<\/h2>\n\n\n<div class=\"tmm tmm_hauswirtschaft\"><div class=\"tmm_3_columns tmm_wrap tmm_theme_f\"><span class=\"tmm_two_containers_tablet\"><\/span><div class=\"tmm_container\"><div class=\"tmm_member\" style=\"border-top:#019bdd solid 5px;\"><div class=\"tmm_photo tmm_pic_hauswirtschaft_0\" style=\"background: url(https:\/\/www.bthuus.de\/wp-content\/uploads\/2023\/01\/Carmen_von_Hadel_Leitung_Hauswirtschaft-jpg.webp); margin-left: auto; margin-right:auto; background-size:cover !important;\"><\/div><div class=\"tmm_textblock\"><div class=\"tmm_names\"><span class=\"tmm_fname\">Carmen<\/span> <span class=\"tmm_lname\">von Hadel<\/span><\/div><div class=\"tmm_job\">Leitung Hauswirtschaft &amp; Betreuungsabteilung<\/div><div class=\"tmm_scblock\"><\/div><\/div><\/div><div class=\"tmm_member\" style=\"border-top:#019bdd solid 5px;\"><div class=\"tmm_photo tmm_pic_hauswirtschaft_1\" style=\"background: url(https:\/\/www.bthuus.de\/wp-content\/uploads\/2023\/01\/ueber_uns_portrait_platzhalter-jpg.webp); margin-left: auto; margin-right:auto; background-size:cover !important;\"><\/div><div class=\"tmm_textblock\"><div class=\"tmm_names\"><span class=\"tmm_fname\">Ulrike<\/span> <span class=\"tmm_lname\">Schneekloth<\/span><\/div><div class=\"tmm_job\">Hauswirtschaft<\/div><div class=\"tmm_scblock\"><\/div><\/div><\/div><span class=\"tmm_two_containers_tablet\"><\/span><div class=\"tmm_member\" style=\"border-top:#019bdd solid 5px;\"><div class=\"tmm_photo tmm_pic_hauswirtschaft_2\" style=\"background: url(https:\/\/www.bthuus.de\/wp-content\/uploads\/2023\/01\/ueber_uns_portrait_platzhalter-jpg.webp); margin-left: auto; margin-right:auto; background-size:cover !important;\"><\/div><div class=\"tmm_textblock\"><div class=\"tmm_names\"><span class=\"tmm_fname\">Valentina<\/span> <span class=\"tmm_lname\">Reiter<\/span><\/div><div class=\"tmm_job\">Hauswirtschaft<\/div><div class=\"tmm_scblock\"><\/div><\/div><\/div><\/div><span class=\"tmm_columns_containers_desktop\"><\/span><div class=\"tmm_container\"><div class=\"tmm_member\" style=\"border-top:#019bdd solid 5px;\"><div class=\"tmm_photo tmm_pic_hauswirtschaft_3\" style=\"background: url(https:\/\/www.bthuus.de\/wp-content\/uploads\/2023\/01\/ueber_uns_portrait_platzhalter-jpg.webp); margin-left: auto; margin-right:auto; background-size:cover !important;\"><\/div><div class=\"tmm_textblock\"><div class=\"tmm_names\"><span class=\"tmm_fname\">Sabrina<\/span> <span class=\"tmm_lname\">Stegelmann<\/span><\/div><div class=\"tmm_job\">Hauswirtschaft<\/div><div class=\"tmm_scblock\"><\/div><\/div><\/div><div style=\"clear:both;\"><\/div><\/div><\/div><\/div>\n<\/div><\/div>\n","protected":false},"excerpt":{"rendered":"<p>Service de soins ambulatoires \u00e0 Kiel &amp; Bredenbek Depuis 1994, avec des bureaux \u00e0 Kiel et Bredenbek , nous permettons \u00e0 nos clients et patients de rester chez eux et dans leur environnement familier, m\u00eame s&#8217;ils d\u00e9pendent de soins infirmiers et\/ou d&#8217;une aide m\u00e9nag\u00e8re. Nous serions heureux de vous fournir des informations compl\u00e8tes sur les &#8230; <\/p>\n<p class=\"read-more-container\"><a title=\"Hauswirtschaft\" class=\"read-more button\" href=\"https:\/\/www.bthuus.de\/fr\/tmm\/hauswirtschaft\/#more-2603\" aria-label=\"En savoir plus sur Hauswirtschaft\">Lire plus<\/a><\/p>\n","protected":false},"author":1,"featured_media":0,"parent":0,"menu_order":0,"comment_status":"closed","ping_status":"closed","template":"","meta":{"iawp_total_views":12,"footnotes":""},"class_list":["post-1799","page","type-page","status-publish","hentry","infinite-scroll-item"],"jetpack_sharing_enabled":true,"_links":{"self":[{"href":"https:\/\/www.bthuus.de\/fr\/wp-json\/wp\/v2\/pages\/1799","targetHints":{"allow":["GET"]}}],"collection":[{"href":"https:\/\/www.bthuus.de\/fr\/wp-json\/wp\/v2\/pages"}],"about":[{"href":"https:\/\/www.bthuus.de\/fr\/wp-json\/wp\/v2\/types\/page"}],"author":[{"embeddable":true,"href":"https:\/\/www.bthuus.de\/fr\/wp-json\/wp\/v2\/users\/1"}],"replies":[{"embeddable":true,"href":"https:\/\/www.bthuus.de\/fr\/wp-json\/wp\/v2\/comments?post=1799"}],"version-history":[{"count":8,"href":"https:\/\/www.bthuus.de\/fr\/wp-json\/wp\/v2\/pages\/1799\/revisions"}],"predecessor-version":[{"id":2934,"href":"https:\/\/www.bthuus.de\/fr\/wp-json\/wp\/v2\/pages\/1799\/revisions\/2934"}],"wp:attachment":[{"href":"https:\/\/www.bthuus.de\/fr\/wp-json\/wp\/v2\/media?parent=1799"}],"curies":[{"name":"wp","href":"https:\/\/api.w.org\/{rel}","templated":true}]}}