{"id":2212,"date":"2022-11-04T14:51:25","date_gmt":"2022-11-04T13:51:25","guid":{"rendered":"https:\/\/www.bthuus.de\/imprimir\/"},"modified":"2023-07-11T12:19:29","modified_gmt":"2023-07-11T10:19:29","slug":"imprimir","status":"publish","type":"page","link":"https:\/\/www.bthuus.de\/es\/imprimir\/","title":{"rendered":"imprimir"},"content":{"rendered":"\n<div class=\"wp-block-group has-global-color-6-background-color has-background\"><div class=\"wp-block-group__inner-container is-layout-constrained wp-block-group-is-layout-constrained\">\n<h2 class=\"wp-block-heading\">Bliev to Huus: equipo de atenci\u00f3n ambulatoria<\/h2>\n\n\n\n<p>Director general: Michael Burkel<br\/>Saarbr\u00fcckenstra\u00dfe 179<br\/>24113 Kiel<\/p>\n\n\n\n<p>Tel\u00e9fono 0431 647 3730<br\/>Fax 0431 647 3731<br\/><a href=\"mailto:info@bthuus.de\">info@bthuus.de<\/a><\/p>\n\n\n\n<h2 class=\"wp-block-heading\">Descargo de responsabilidad<\/h2>\n\n\n\n<p>La informaci\u00f3n proporcionada en este sitio web ha sido cuidadosamente revisada y se actualiza peri\u00f3dicamente. Sin embargo, no se puede garantizar que toda la informaci\u00f3n sea completa, correcta y actualizada en todo momento. Esto se aplica en particular a todas las conexiones (&#8220;enlaces&#8221;) a otros sitios web a los que se hace referencia directa o indirecta. Toda la informaci\u00f3n se puede cambiar, eliminar o complementar sin previo aviso.<\/p>\n\n\n\n<h2 class=\"wp-block-heading\">Izquierda<\/h2>\n\n\n\n<p>El Tribunal Regional de Hamburgo decidi\u00f3 por sentencia del 12 de mayo de 1998 que al incluir un enlace en una p\u00e1gina, uno tambi\u00e9n puede ser responsable del contenido incluido all\u00ed. Seg\u00fan el tribunal de distrito, aceptar esta responsabilidad solo puede descartarse desvincul\u00e1ndose expresamente de este contenido. Este sitio web contiene enlaces a otros contenidos en Internet. Lo siguiente se aplica a estos enlaces: enfatizamos expresamente que no tenemos ninguna influencia en el dise\u00f1o y el contenido de las p\u00e1ginas\/contenidos enlazados. Por lo tanto, nos distanciamos expresamente de todo el contenido de todas las p\u00e1ginas enlazadas en este sitio web. Esta declaraci\u00f3n se aplica a todas las p\u00e1ginas de este sitio web en las que los enlaces o banners remiten a contenidos externos.<\/p>\n<\/div><\/div>\n","protected":false},"excerpt":{"rendered":"<p>Bliev to Huus: equipo de atenci\u00f3n ambulatoria Director general: Michael BurkelSaarbr\u00fcckenstra\u00dfe 17924113 Kiel Tel\u00e9fono 0431 647 3730Fax 0431 647 3731info@bthuus.de Descargo de responsabilidad La informaci\u00f3n proporcionada en este sitio web ha sido cuidadosamente revisada y se actualiza peri\u00f3dicamente. Sin embargo, no se puede garantizar que toda la informaci\u00f3n sea completa, correcta y actualizada en todo &#8230; <\/p>\n<p class=\"read-more-container\"><a title=\"imprimir\" class=\"read-more button\" href=\"https:\/\/www.bthuus.de\/es\/imprimir\/#more-2212\" aria-label=\"Leer m\u00e1s sobre imprimir\">Leer m\u00e1s<\/a><\/p>\n","protected":false},"author":1,"featured_media":0,"parent":0,"menu_order":0,"comment_status":"closed","ping_status":"closed","template":"","meta":{"iawp_total_views":0,"footnotes":""},"class_list":{"0":"post-2212","1":"page","2":"type-page","3":"status-publish","5":"infinite-scroll-item"},"jetpack_sharing_enabled":true,"_links":{"self":[{"href":"https:\/\/www.bthuus.de\/es\/wp-json\/wp\/v2\/pages\/2212","targetHints":{"allow":["GET"]}}],"collection":[{"href":"https:\/\/www.bthuus.de\/es\/wp-json\/wp\/v2\/pages"}],"about":[{"href":"https:\/\/www.bthuus.de\/es\/wp-json\/wp\/v2\/types\/page"}],"author":[{"embeddable":true,"href":"https:\/\/www.bthuus.de\/es\/wp-json\/wp\/v2\/users\/1"}],"replies":[{"embeddable":true,"href":"https:\/\/www.bthuus.de\/es\/wp-json\/wp\/v2\/comments?post=2212"}],"version-history":[{"count":0,"href":"https:\/\/www.bthuus.de\/es\/wp-json\/wp\/v2\/pages\/2212\/revisions"}],"wp:attachment":[{"href":"https:\/\/www.bthuus.de\/es\/wp-json\/wp\/v2\/media?parent=2212"}],"curies":[{"name":"wp","href":"https:\/\/api.w.org\/{rel}","templated":true}]}}