{"id":2081,"date":"2023-01-04T14:33:44","date_gmt":"2023-01-04T13:33:44","guid":{"rendered":"https:\/\/www.bthuus.de\/sobre-nosotros\/nuestros-companeros\/"},"modified":"2023-07-11T12:05:46","modified_gmt":"2023-07-11T10:05:46","slug":"nuestros-companeros","status":"publish","type":"page","link":"https:\/\/www.bthuus.de\/es\/ueber-uns\/nuestros-companeros\/","title":{"rendered":"Nuestros compa\u00f1eros"},"content":{"rendered":"\n<div class=\"wp-block-group has-global-color-6-background-color has-background\"><div class=\"wp-block-group__inner-container is-layout-constrained wp-block-group-is-layout-constrained\">\n<h2 class=\"wp-block-heading\">Cuidados paliativos<\/h2>\n\n\n\n<div class=\"wp-block-media-text is-stacked-on-mobile is-vertically-aligned-center\" style=\"grid-template-columns:25% auto\"><figure class=\"wp-block-media-text__media\"><a href=\"https:\/\/www.sapv-team-kiel.de\/\" target=\"_blank\" rel=\"noreferrer noopener\"><img loading=\"lazy\" decoding=\"async\" width=\"250\" height=\"90\" src=\"https:\/\/www.bthuus.de\/wp-content\/uploads\/2023\/01\/SAPV_Spezialisierte_Ambulante_Palliative-Versorgung_Kiel_und_Umgebung-1.png\" alt=\"\" class=\"wp-image-905 size-full\"\/><\/a><\/figure><div class=\"wp-block-media-text__content\">\n<h5 class=\"wp-block-heading\">SAPV Cuidados Paliativos Ambulatorios Especializados<\/h5>\n\n\n\n<p>Como servicio de enfermer\u00eda para pacientes ambulatorios, somos un socio de cooperaci\u00f3n del <a rel=\"noreferrer noopener\" href=\"https:\/\/www.sapv-team-kiel.de\/\" data-type=\"URL\" data-id=\"https:\/\/www.sapv-team-kiel.de\/\" target=\"_blank\">equipo SAPV en Kiel<\/a> . Parte de nuestro equipo ha completado con \u00e9xito la calificaci\u00f3n adicional &#8220;Cuidados paliativos para enfermeras&#8221; &#8211; certificada por la <a rel=\"noreferrer noopener\" href=\"https:\/\/www.dgpalliativmedizin.de\/\" data-type=\"URL\" data-id=\"https:\/\/www.dgpalliativmedizin.de\/\" target=\"_blank\">Sociedad Alemana de Medicina Paliativa<\/a> .<\/p>\n<\/div><\/div>\n\n\n\n<div class=\"wp-block-media-text is-stacked-on-mobile is-vertically-aligned-center\" style=\"grid-template-columns:25% auto\"><figure class=\"wp-block-media-text__media\"><a href=\"https:\/\/www.hpvsh.de\/\" target=\"_blank\" rel=\"noreferrer noopener\"><img loading=\"lazy\" decoding=\"async\" width=\"346\" height=\"131\" src=\"https:\/\/www.bthuus.de\/wp-content\/uploads\/2023\/01\/HPVSH_Logo.png\" alt=\"\" class=\"wp-image-910 size-full\" srcset=\"https:\/\/www.bthuus.de\/wp-content\/uploads\/2023\/01\/HPVSH_Logo.png 346w, https:\/\/www.bthuus.de\/wp-content\/uploads\/2023\/01\/HPVSH_Logo-300x114.png 300w\" sizes=\"auto, (max-width: 346px) 100vw, 346px\" \/><\/a><\/figure><div class=\"wp-block-media-text__content\">\n<h5 class=\"wp-block-heading\">Asociaci\u00f3n de Cuidados Paliativos y Hospicio<br\/>Asociaci\u00f3n registrada de Schleswig-Holstein<\/h5>\n\n\n\n<p>Somos <a href=\"https:\/\/www.hpvsh.de\/hilfsangebote\/bliev-to-huus-ambulantes-pflegeteam-kiel-und-bredenbek\" data-type=\"URL\" data-id=\"https:\/\/www.hpvsh.de\/hilfsangebote\/bliev-to-huus-ambulantes-pflegeteam-kiel-und-bredenbek\" target=\"_blank\" rel=\"noreferrer noopener\">miembros de HPVSH<\/a><\/p>\n<\/div><\/div>\n<\/div><\/div>\n\n<div style=\"height:50px\" aria-hidden=\"true\" class=\"wp-block-spacer no-mobile\"><\/div>\n\n<div class=\"wp-block-group has-global-color-6-background-color has-background\"><div class=\"wp-block-group__inner-container is-layout-constrained wp-block-group-is-layout-constrained\">\n<h2 class=\"wp-block-heading\">tiendas de suministros m\u00e9dicos<\/h2>\n\n\n\n<div class=\"wp-block-media-text is-stacked-on-mobile is-vertically-aligned-center\" style=\"grid-template-columns:25% auto\"><figure class=\"wp-block-media-text__media\"><a href=\"https:\/\/www.hausderhilfe.de\/\" target=\"_blank\" rel=\"noreferrer noopener\"><img loading=\"lazy\" decoding=\"async\" width=\"400\" height=\"75\" src=\"https:\/\/www.bthuus.de\/wp-content\/uploads\/2022\/12\/Haus_der_Hilfe.webp\" alt=\"Sanit\u00e4tshaus Haus der Hilfe Logo\" class=\"wp-image-369 size-medium\" srcset=\"https:\/\/www.bthuus.de\/wp-content\/uploads\/2022\/12\/Haus_der_Hilfe.webp 400w, https:\/\/www.bthuus.de\/wp-content\/uploads\/2022\/12\/Haus_der_Hilfe-300x56.webp 300w\" sizes=\"auto, (max-width: 400px) 100vw, 400px\" \/><\/a><\/figure><div class=\"wp-block-media-text__content\">\n<h5 class=\"wp-block-heading\">casa de ayuda de suministros medicos<\/h5>\n\n\n\n<p>La <a rel=\"noreferrer noopener\" href=\"https:\/\/www.hausderhilfe.de\/\" data-type=\"URL\" data-id=\"https:\/\/www.hausderhilfe.de\/\" target=\"_blank\">tienda de suministros m\u00e9dicos Haus der Hilfe<\/a> nos apoya en el suministro de productos y ayudas m\u00e9dicas a nuestros pacientes. La cooperaci\u00f3n con una tienda de suministros m\u00e9dicos sirve para brindar una mejor y continua atenci\u00f3n a nuestros pacientes.<\/p>\n<\/div><\/div>\n\n\n\n<div class=\"wp-block-media-text is-stacked-on-mobile is-vertically-aligned-center\" style=\"grid-template-columns:25% auto\"><figure class=\"wp-block-media-text__media\"><a href=\"https:\/\/kurda.de\/\" target=\"_blank\" rel=\"noreferrer noopener\"><img loading=\"lazy\" decoding=\"async\" width=\"400\" height=\"80\" src=\"https:\/\/www.bthuus.de\/wp-content\/uploads\/2023\/01\/Sanitaetshaus-Kurda-Logo.png\" alt=\"\" class=\"wp-image-764 size-medium\" srcset=\"https:\/\/www.bthuus.de\/wp-content\/uploads\/2023\/01\/Sanitaetshaus-Kurda-Logo.png 400w, https:\/\/www.bthuus.de\/wp-content\/uploads\/2023\/01\/Sanitaetshaus-Kurda-Logo-300x60.png 300w\" sizes=\"auto, (max-width: 400px) 100vw, 400px\" \/><\/a><\/figure><div class=\"wp-block-media-text__content\">\n<h5 class=\"wp-block-heading\">Tienda de suministros m\u00e9dicos Kurda<\/h5>\n<\/div><\/div>\n\n\n\n<div style=\"height:25px\" aria-hidden=\"true\" class=\"wp-block-spacer\"><\/div>\n\n\n\n<div class=\"wp-block-media-text is-stacked-on-mobile is-vertically-aligned-center\" style=\"grid-template-columns:25% auto\"><figure class=\"wp-block-media-text__media\"><a href=\"https:\/\/www.assmann-kiel.de\/\" target=\"_blank\" rel=\"noreferrer noopener\"><img loading=\"lazy\" decoding=\"async\" width=\"400\" height=\"82\" src=\"https:\/\/www.bthuus.de\/wp-content\/uploads\/2023\/01\/Assmann_Logo_Kiel.png\" alt=\"\" class=\"wp-image-765 size-medium\" srcset=\"https:\/\/www.bthuus.de\/wp-content\/uploads\/2023\/01\/Assmann_Logo_Kiel.png 400w, https:\/\/www.bthuus.de\/wp-content\/uploads\/2023\/01\/Assmann_Logo_Kiel-300x62.png 300w\" sizes=\"auto, (max-width: 400px) 100vw, 400px\" \/><\/a><\/figure><div class=\"wp-block-media-text__content\">\n<h5 class=\"wp-block-heading\">Asman Kiel<\/h5>\n<\/div><\/div>\n<\/div><\/div>\n\n<div style=\"height:50px\" aria-hidden=\"true\" class=\"wp-block-spacer no-mobile\"><\/div>\n\n<div class=\"wp-block-group has-global-color-6-background-color has-background\"><div class=\"wp-block-group__inner-container is-layout-constrained wp-block-group-is-layout-constrained\">\n<h2 class=\"wp-block-heading\">farmacias<\/h2>\n\n\n\n<div class=\"wp-block-media-text is-stacked-on-mobile is-vertically-aligned-center\" style=\"grid-template-columns:25% auto\"><figure class=\"wp-block-media-text__media\"><a href=\"https:\/\/www.plazaapotheke.de\/\" target=\"_blank\" rel=\"noreferrer noopener\"><img loading=\"lazy\" decoding=\"async\" width=\"500\" height=\"151\" src=\"https:\/\/www.bthuus.de\/wp-content\/uploads\/2022\/12\/Apotheke_im_Plaza.webp\" alt=\"\" class=\"wp-image-365 size-medium\" srcset=\"https:\/\/www.bthuus.de\/wp-content\/uploads\/2022\/12\/Apotheke_im_Plaza.webp 500w, https:\/\/www.bthuus.de\/wp-content\/uploads\/2022\/12\/Apotheke_im_Plaza-300x91.webp 300w\" sizes=\"auto, (max-width: 500px) 100vw, 500px\" \/><\/a><\/figure><div class=\"wp-block-media-text__content\">\n<h5 class=\"wp-block-heading\">farmacia plaza<\/h5>\n\n\n\n<p><a rel=\"noreferrer noopener\" href=\"https:\/\/www.plazaapotheke.de\/\" data-type=\"URL\" data-id=\"https:\/\/www.plazaapotheke.de\/\" target=\"_blank\">Plaza Apotheke<\/a> es nuestro socio confiable cuando se trata de adquirir medicamentos para la administraci\u00f3n de medicamentos como parte de la atenci\u00f3n ambulatoria.<\/p>\n<\/div><\/div>\n\n\n\n<div class=\"wp-block-media-text is-stacked-on-mobile is-vertically-aligned-center\" style=\"grid-template-columns:25% auto\"><figure class=\"wp-block-media-text__media\"><a href=\"https:\/\/apotheke-kiel.de\/\" target=\"_blank\" rel=\"noreferrer noopener\"><img loading=\"lazy\" decoding=\"async\" width=\"1024\" height=\"341\" src=\"https:\/\/www.bthuus.de\/wp-content\/uploads\/2023\/01\/Apotheke_Ruedel-1024x341.webp\" alt=\"\" class=\"wp-image-768 size-medium\" srcset=\"https:\/\/www.bthuus.de\/wp-content\/uploads\/2023\/01\/Apotheke_Ruedel-1024x341.webp 1024w, https:\/\/www.bthuus.de\/wp-content\/uploads\/2023\/01\/Apotheke_Ruedel-300x100.webp 300w, https:\/\/www.bthuus.de\/wp-content\/uploads\/2023\/01\/Apotheke_Ruedel-768x256.webp 768w, https:\/\/www.bthuus.de\/wp-content\/uploads\/2023\/01\/Apotheke_Ruedel-jpg.webp 1500w\" sizes=\"auto, (max-width: 1024px) 100vw, 1024px\" \/><\/a><\/figure><div class=\"wp-block-media-text__content\">\n<h5 class=\"wp-block-heading\">paquete de farmacias<\/h5>\n<\/div><\/div>\n\n\n\n<div style=\"height:25px\" aria-hidden=\"true\" class=\"wp-block-spacer\"><\/div>\n\n\n\n<div class=\"wp-block-media-text is-stacked-on-mobile is-vertically-aligned-center\" style=\"grid-template-columns:25% auto\"><figure class=\"wp-block-media-text__media\"><a href=\"https:\/\/www.roland-apotheke-kiel.de\/\" target=\"_blank\" rel=\"noreferrer noopener\"><img loading=\"lazy\" decoding=\"async\" width=\"408\" height=\"200\" src=\"https:\/\/www.bthuus.de\/wp-content\/uploads\/2023\/01\/Roland_Apotheke_Kiel.png\" alt=\"\" class=\"wp-image-761 size-medium\" srcset=\"https:\/\/www.bthuus.de\/wp-content\/uploads\/2023\/01\/Roland_Apotheke_Kiel.png 408w, https:\/\/www.bthuus.de\/wp-content\/uploads\/2023\/01\/Roland_Apotheke_Kiel-300x147.png 300w\" sizes=\"auto, (max-width: 408px) 100vw, 408px\" \/><\/a><\/figure><div class=\"wp-block-media-text__content\">\n<h5 class=\"wp-block-heading\">farmacia roland<\/h5>\n<\/div><\/div>\n<\/div><\/div>\n\n<div style=\"height:50px\" aria-hidden=\"true\" class=\"wp-block-spacer no-mobile\"><\/div>\n\n<div class=\"wp-block-group has-global-color-6-background-color has-background\"><div class=\"wp-block-group__inner-container is-layout-constrained wp-block-group-is-layout-constrained\">\n<h2 class=\"wp-block-heading\">m\u00e1s all\u00e1<\/h2>\n\n\n\n<div class=\"wp-block-media-text is-stacked-on-mobile is-vertically-aligned-center\" style=\"grid-template-columns:25% auto\"><figure class=\"wp-block-media-text__media\"><a href=\"http:\/\/wischhof.com\/index.html\" target=\"_blank\" rel=\"noreferrer noopener\"><img loading=\"lazy\" decoding=\"async\" width=\"243\" height=\"90\" src=\"https:\/\/www.bthuus.de\/wp-content\/uploads\/2022\/12\/Wischhof_frisches-_aus_Sehestedt-jpg.webp\" alt=\"Wischhof Sehestedt\" class=\"wp-image-368 size-full\"\/><\/a><\/figure><div class=\"wp-block-media-text__content\">\n<h5 class=\"wp-block-heading\">Wischhof Sehestedt<\/h5>\n\n\n\n<p>El <a rel=\"noreferrer noopener\" href=\"http:\/\/wischhof.com\/index.html\" data-type=\"URL\" data-id=\"http:\/\/wischhof.com\/index.html\" target=\"_blank\">Wischhof<\/a> nos suministra una vez a la semana frutas y verduras org\u00e1nicas frescas de la regi\u00f3n para la oficina.<\/p>\n<\/div><\/div>\n\n\n\n<div class=\"wp-block-media-text is-stacked-on-mobile is-vertically-aligned-center\" style=\"grid-template-columns:25% auto\"><figure class=\"wp-block-media-text__media\"><img loading=\"lazy\" decoding=\"async\" width=\"858\" height=\"755\" src=\"https:\/\/www.bthuus.de\/wp-content\/uploads\/2022\/11\/Logo-Kaffeekueste-4c.webp\" alt=\"Logotipo de Laboe de la costa cafetalera\" class=\"wp-image-139 size-medium\" srcset=\"https:\/\/www.bthuus.de\/wp-content\/uploads\/2022\/11\/Logo-Kaffeekueste-4c.webp 858w, https:\/\/www.bthuus.de\/wp-content\/uploads\/2022\/11\/Logo-Kaffeekueste-4c-300x264.webp 300w, https:\/\/www.bthuus.de\/wp-content\/uploads\/2022\/11\/Logo-Kaffeekueste-4c-768x676.webp 768w\" sizes=\"auto, (max-width: 858px) 100vw, 858px\" \/><\/figure><div class=\"wp-block-media-text__content\">\n<h5 class=\"wp-block-heading\">Tostadur\u00eda privada Kaffeekueste Laboe GmbH<\/h5>\n\n\n\n<p>Obtenemos nuestro caf\u00e9 para nuestra oficina de la <a rel=\"noreferrer noopener\" href=\"https:\/\/kaffeekueste.de\/\" data-type=\"URL\" data-id=\"https:\/\/kaffeekueste.de\/\" target=\"_blank\">tostadora privada Coffee Coast en Laboe<\/a> . Gracias a las cajas de reparto Zero Waste evitamos los residuos pl\u00e1sticos y los residuos innecesarios. Adem\u00e1s, es caf\u00e9 Fairtrade con certificado org\u00e1nico. Nos complace haber encontrado un socio en Kaffeekueste Laboe, para quien la sostenibilidad es tan importante como parte de su filosof\u00eda corporativa.<\/p>\n<\/div><\/div>\n\n\n\n<div class=\"wp-block-media-text is-stacked-on-mobile is-vertically-aligned-center\" style=\"grid-template-columns:25% auto\"><figure class=\"wp-block-media-text__media\"><a href=\"https:\/\/www.sueverkruep.de\/\" target=\"_blank\" rel=\"noreferrer noopener\"><img loading=\"lazy\" decoding=\"async\" width=\"1024\" height=\"299\" src=\"https:\/\/www.bthuus.de\/wp-content\/uploads\/2023\/01\/Sueverkruep_Logo_rgb_meta_mit_Claim_v01_RZ-1024x299.png\" alt=\"\" class=\"wp-image-904 size-medium\" srcset=\"https:\/\/www.bthuus.de\/wp-content\/uploads\/2023\/01\/Sueverkruep_Logo_rgb_meta_mit_Claim_v01_RZ-1024x299.png 1024w, https:\/\/www.bthuus.de\/wp-content\/uploads\/2023\/01\/Sueverkruep_Logo_rgb_meta_mit_Claim_v01_RZ-300x88.png 300w, https:\/\/www.bthuus.de\/wp-content\/uploads\/2023\/01\/Sueverkruep_Logo_rgb_meta_mit_Claim_v01_RZ-768x224.png 768w, https:\/\/www.bthuus.de\/wp-content\/uploads\/2023\/01\/Sueverkruep_Logo_rgb_meta_mit_Claim_v01_RZ.png 1134w\" sizes=\"auto, (max-width: 1024px) 100vw, 1024px\" \/><\/a><\/figure><div class=\"wp-block-media-text__content\">\n<h5 class=\"wp-block-heading\">Autohaus S\u00fcverkr\u00fcp<\/h5>\n\n\n\n<p>Hemos encontrado un socio leal en <a href=\"https:\/\/www.sueverkruep.de\/\" data-type=\"URL\" data-id=\"https:\/\/www.sueverkruep.de\/\" target=\"_blank\" rel=\"noreferrer noopener\">Autohaus S\u00fcverkr\u00fcp<\/a> para el grado necesario de sostenibilidad y previsi\u00f3n en nuestra flota. Ya sea h\u00edbrido o puramente el\u00e9ctrico, el equilibrio clim\u00e1tico no es irrelevante para nosotros. El jefe ahora usa nuestra bicicleta de carga el\u00e9ctrica para cubrir la mayor\u00eda de los viajes siempre que sea posible.<\/p>\n<\/div><\/div>\n<\/div><\/div>\n\n<div style=\"height:50px\" aria-hidden=\"true\" class=\"wp-block-spacer no-mobile\"><\/div>\n\n<div class=\"wp-block-group has-global-color-6-background-color has-background\"><div class=\"wp-block-group__inner-container is-layout-constrained wp-block-group-is-layout-constrained\">\n<h2 class=\"wp-block-heading\">patrocinio<\/h2>\n\n\n\n<div class=\"wp-block-media-text is-stacked-on-mobile is-vertically-aligned-center\" style=\"grid-template-columns:25% auto\"><figure class=\"wp-block-media-text__media\"><img loading=\"lazy\" decoding=\"async\" width=\"500\" height=\"500\" src=\"https:\/\/www.bthuus.de\/wp-content\/uploads\/2023\/01\/Logo_Bredenbek_Felde.png\" alt=\"\" class=\"wp-image-823 size-full\" srcset=\"https:\/\/www.bthuus.de\/wp-content\/uploads\/2023\/01\/Logo_Bredenbek_Felde.png 500w, https:\/\/www.bthuus.de\/wp-content\/uploads\/2023\/01\/Logo_Bredenbek_Felde-300x300.png 300w, https:\/\/www.bthuus.de\/wp-content\/uploads\/2023\/01\/Logo_Bredenbek_Felde-150x150.png 150w\" sizes=\"auto, (max-width: 500px) 100vw, 500px\" \/><\/figure><div class=\"wp-block-media-text__content\">\n<h5 class=\"wp-block-heading\"><a href=\"http:\/\/www.tusfelde.de\/index.php\/sport\/fussball\">SG<\/a> Felde\/Bredenbeck<\/h5>\n\n\n\n<p>Somos patrocinadores de la camiseta del equipo de f\u00fatbol masculino de SG Felde\/Bredenbek.<\/p>\n<\/div><\/div>\n<\/div><\/div>\n","protected":false},"excerpt":{"rendered":"<p>Cuidados paliativos SAPV Cuidados Paliativos Ambulatorios Especializados Como servicio de enfermer\u00eda para pacientes ambulatorios, somos un socio de cooperaci\u00f3n del equipo SAPV en Kiel . Parte de nuestro equipo ha completado con \u00e9xito la calificaci\u00f3n adicional &#8220;Cuidados paliativos para enfermeras&#8221; &#8211; certificada por la Sociedad Alemana de Medicina Paliativa . Asociaci\u00f3n de Cuidados Paliativos y &#8230; <\/p>\n<p class=\"read-more-container\"><a title=\"Nuestros compa\u00f1eros\" class=\"read-more button\" href=\"https:\/\/www.bthuus.de\/es\/ueber-uns\/nuestros-companeros\/#more-2081\" aria-label=\"Leer m\u00e1s sobre Nuestros compa\u00f1eros\">Leer m\u00e1s<\/a><\/p>\n","protected":false},"author":1,"featured_media":0,"parent":1794,"menu_order":0,"comment_status":"closed","ping_status":"closed","template":"","meta":{"iawp_total_views":3,"footnotes":""},"class_list":{"0":"post-2081","1":"page","2":"type-page","3":"status-publish","5":"infinite-scroll-item"},"jetpack_sharing_enabled":true,"_links":{"self":[{"href":"https:\/\/www.bthuus.de\/es\/wp-json\/wp\/v2\/pages\/2081","targetHints":{"allow":["GET"]}}],"collection":[{"href":"https:\/\/www.bthuus.de\/es\/wp-json\/wp\/v2\/pages"}],"about":[{"href":"https:\/\/www.bthuus.de\/es\/wp-json\/wp\/v2\/types\/page"}],"author":[{"embeddable":true,"href":"https:\/\/www.bthuus.de\/es\/wp-json\/wp\/v2\/users\/1"}],"replies":[{"embeddable":true,"href":"https:\/\/www.bthuus.de\/es\/wp-json\/wp\/v2\/comments?post=2081"}],"version-history":[{"count":0,"href":"https:\/\/www.bthuus.de\/es\/wp-json\/wp\/v2\/pages\/2081\/revisions"}],"up":[{"embeddable":true,"href":"https:\/\/www.bthuus.de\/es\/wp-json\/wp\/v2\/pages\/1794"}],"wp:attachment":[{"href":"https:\/\/www.bthuus.de\/es\/wp-json\/wp\/v2\/media?parent=2081"}],"curies":[{"name":"wp","href":"https:\/\/api.w.org\/{rel}","templated":true}]}}