{"id":2067,"date":"2022-12-10T13:19:51","date_gmt":"2022-12-10T12:19:51","guid":{"rendered":"https:\/\/www.bthuus.de\/cuidados-paliativos-ambulatorios-especializados-sapv\/"},"modified":"2023-07-11T12:06:46","modified_gmt":"2023-07-11T10:06:46","slug":"cuidados-paliativos-ambulatorios-especializados-sapv","status":"publish","type":"page","link":"https:\/\/www.bthuus.de\/es\/nuestros-servicios\/cuidados-paliativos\/cuidados-paliativos-ambulatorios-especializados-sapv\/","title":{"rendered":"Cuidados paliativos ambulatorios especializados (SAPV)"},"content":{"rendered":"\n<div class=\"wp-block-group has-global-color-6-background-color has-background\"><div class=\"wp-block-group__inner-container is-layout-constrained wp-block-group-is-layout-constrained\">\n<p><strong>Los cuidados paliativos ambulatorios especializados (SAPV)<\/strong> son un tipo de atenci\u00f3n especializada dirigida a personas con una enfermedad progresiva e incurable, con el objetivo de mejorar la calidad de vida y el bienestar de estos pacientes. Los servicios de SAPV son ofrecidos por un equipo interdisciplinario de m\u00e9dicos, enfermeras, psic\u00f3logos y otros especialistas y se adaptan a las necesidades individuales de los pacientes.<\/p>\n\n\n\n<p>Somos <strong>un socio de cooperaci\u00f3n especialmente calificado del <a rel=\"noreferrer noopener\" href=\"https:\/\/www.sapv-team-kiel.de\/\" data-type=\"URL\" data-id=\"https:\/\/www.sapv-team-kiel.de\/\" target=\"_blank\">SAPV Team Kiel<\/a><\/strong> y tambi\u00e9n ofrecemos <strong>atenci\u00f3n terminal<\/strong> y <strong>trabajo de duelo<\/strong> con seres queridos.<\/p>\n<\/div><\/div>\n\n<div style=\"height:50px\" aria-hidden=\"true\" class=\"wp-block-spacer no-mobile\"><\/div>\n\n<div class=\"wp-block-group has-global-color-6-background-color has-background\"><div class=\"wp-block-group__inner-container is-layout-constrained wp-block-group-is-layout-constrained\">\n<h2 class=\"wp-block-heading\">\u00bfQu\u00e9 incluyen los cuidados paliativos ambulatorios especializados (SAPV)?<\/h2>\n\n\n\n<p>Los cuidados paliativos ambulatorios especializados (SAPV) incluyen la atenci\u00f3n integral y el apoyo a los pacientes con una enfermedad progresiva e incurable y sus familiares. Estos incluyen, entre otros:<\/p>\n\n\n\n<ul class=\"wp-block-list\">\n<li><strong>Manejo del dolor<\/strong> : un aspecto importante de SAPV es el alivio del dolor. El equipo de SAPV puede ayudar administrando medicamentos para el dolor y creando planes de manejo del dolor.<\/li>\n\n\n\n<li><strong>Control de s\u00edntomas<\/strong> : otro enfoque de SAPV es controlar s\u00edntomas como n\u00e1useas, v\u00f3mitos, dificultad para respirar o estre\u00f1imiento. El equipo de SAPV puede brindar ayuda espec\u00edfica mediante la administraci\u00f3n de medicamentos o la realizaci\u00f3n de medidas paliativas, como la inserci\u00f3n de sondas g\u00e1stricas o cat\u00e9teres urinarios.<\/li>\n\n\n\n<li><strong>Apoyo psicol\u00f3gico y emocional<\/strong> : Una parte esencial de SAPV es tambi\u00e9n el apoyo psicol\u00f3gico y emocional de los pacientes y sus familiares. El equipo de SAPV puede desempe\u00f1ar un papel importante aqu\u00ed, por ejemplo, hablando y escuchando.<\/li>\n\n\n\n<li><strong>Asesoramiento y apoyo a familiares<\/strong> : El SAPV apoya a los familiares de pacientes en el cuidado y cuidado de sus seres queridos y les ofrece asesoramiento y apoyo.<\/li>\n\n\n\n<li><strong>Atenci\u00f3n de hospicio<\/strong> : El SAPV tambi\u00e9n puede ofrecer atenci\u00f3n de hospicio para apoyar a los pacientes en su \u00faltima fase de la vida.<\/li>\n<\/ul>\n\n\n\n<p>Los cuidados paliativos ambulatorios especializados (SAPV) est\u00e1n financiados por las compa\u00f1\u00edas de seguros de salud y son gratuitos para los pacientes. La inclusi\u00f3n en el SAPV la inicia un m\u00e9dico y normalmente requiere el consentimiento de la compa\u00f1\u00eda de seguros de salud. SAPV por lo general se lleva a cabo en el hogar o en un centro ambulatorio.<\/p>\n<\/div><\/div>\n\n<div style=\"height:50px\" aria-hidden=\"true\" class=\"wp-block-spacer no-mobile\"><\/div>\n\n<div class=\"wp-block-group has-global-color-6-background-color has-background\"><div class=\"wp-block-group__inner-container is-layout-constrained wp-block-group-is-layout-constrained\">\n<h2 class=\"wp-block-heading\">\u00bfA qui\u00e9n va dirigido el cuidado paliativo ambulatorio especializado (SAPV)?<\/h2>\n\n\n\n<p>Los cuidados paliativos ambulatorios especializados (SAPV) est\u00e1n dirigidos a <strong>pacientes con enfermedades avanzadas e incurables que tienen necesidades y s\u00edntomas particularmente complejos y requieren cuidados paliativos integrales<\/strong> . El SAPV tiene como objetivo mejorar la calidad de vida de los pacientes y sus familiares y permitirles vivir y morir con la mayor independencia posible.<\/p>\n\n\n\n<p>SAPV es una forma especializada de cuidados paliativos ambulatorios proporcionada por un equipo interdisciplinario de m\u00e9dicos, enfermeras, psic\u00f3logos y trabajadores sociales. En general, SAPV est\u00e1 dirigido a pacientes con necesidades y s\u00edntomas particularmente complejos que requieren cuidados paliativos m\u00e1s integrales que <a href=\"https:\/\/www.bthuus.de\/es\/cuidados-paliativos\/cuidados-paliativos-ambulatorios-generales-aapv\/\" data-type=\"page\" data-id=\"56\">los cuidados paliativos ambulatorios generales (AAPV)<\/a> . La decisi\u00f3n sobre qu\u00e9 tipo de cuidados paliativos es apropiado para un paciente la toma un m\u00e9dico en funci\u00f3n de las necesidades y los s\u00edntomas individuales del paciente.<\/p>\n<\/div><\/div>\n\n<div style=\"height:50px\" aria-hidden=\"true\" class=\"wp-block-spacer no-mobile\"><\/div>\n\n<div class=\"wp-block-group has-global-color-6-background-color has-background\"><div class=\"wp-block-group__inner-container is-layout-constrained wp-block-group-is-layout-constrained\">\n<h2 class=\"wp-block-heading\">\u00bfQu\u00e9 servicios ofrece el servicio de enfermer\u00eda ambulatoria Bliev to Huus en Kiel y Bredenbek?<\/h2>\n\n\n\n<p>Como parte de los cuidados paliativos ambulatorios especializados (SAPV), generalmente ofrecemos los siguientes servicios:<\/p>\n\n\n\n<ul class=\"wp-block-list\">\n<li>Tratamiento sintom\u00e1tico del dolor y otras dolencias.<\/li>\n\n\n\n<li>administraci\u00f3n de f\u00e1rmacos y otras terapias<\/li>\n\n\n\n<li>Cuidado<\/li>\n\n\n\n<li>Apoyo a la autosuficiencia y la vida cotidiana<\/li>\n\n\n\n<li>Apoyo en la comunicaci\u00f3n y el manejo de la enfermedad.<\/li>\n\n\n\n<li>Asesoramiento y apoyo a familiares.<\/li>\n\n\n\n<li>Coordinaci\u00f3n y cooperaci\u00f3n con los m\u00e9dicos tratantes y otros participantes.<\/li>\n<\/ul>\n\n\n\n<p>Dependiendo de las necesidades y deseos individuales del paciente y sus familiares, tambi\u00e9n se pueden ofrecer otros servicios, por ejemplo, en forma de apoyo psicol\u00f3gico o social.<\/p>\n\n\n\n<p>\u00a1Debido a nuestros muchos a\u00f1os de experiencia, la <strong>autonom\u00eda del paciente<\/strong> y <strong>la comunicaci\u00f3n abierta entre nosotros<\/strong> es particularmente importante para nosotros!<\/p>\n\n\n\n<p>Vemos nuestra mayor fortaleza en esta <strong>adaptaci\u00f3n a las necesidades individuales de nuestros pacientes y sus familias<\/strong> .<\/p>\n\n\n\n<p>Estamos muy contentos de tener <strong>enfermeras calificadas en su equipo, especialmente para cuidados paliativos ambulatorios generales y especializados<\/strong> .<\/p>\n<\/div><\/div>\n\n<div style=\"height:50px\" aria-hidden=\"true\" class=\"wp-block-spacer no-mobile\"><\/div>\n\n<div class=\"wp-block-group has-global-color-6-background-color has-background\"><div class=\"wp-block-group__inner-container is-layout-constrained wp-block-group-is-layout-constrained\">\n<h2 class=\"wp-block-heading\">\u00bfC\u00f3mo funcionan los cuidados paliativos ambulatorios especializados?<\/h2>\n\n\n\n<p>El SAPV es realizado por un equipo interdisciplinario de m\u00e9dicos, enfermeras, psic\u00f3logos y trabajadores sociales, que est\u00e1 especialmente adaptado a las necesidades de los pacientes con una enfermedad avanzada. La atenci\u00f3n se puede brindar en el hogar o en un centro para pacientes ambulatorios, como un hospicio o una unidad de cuidados paliativos.<\/p>\n\n\n\n<p>El SAPV se enfoca en el tratamiento sintom\u00e1tico del dolor y otras dolencias, apoyo con el autocuidado y apoyo psicol\u00f3gico y social a los pacientes y sus familiares. El objetivo es mejorar la calidad de vida de los pacientes y sus familiares y permitirles vivir y morir con la mayor independencia posible en un entorno familiar.<\/p>\n<\/div><\/div>\n\n<div style=\"height:50px\" aria-hidden=\"true\" class=\"wp-block-spacer no-mobile\"><\/div>\n\n<div class=\"wp-block-group has-global-color-6-background-color has-background\"><div class=\"wp-block-group__inner-container is-layout-constrained wp-block-group-is-layout-constrained\">\n<h2 class=\"wp-block-heading\">preguntas frecuentes<\/h2>\n\n\n<div class=\"saswp-faq-block-section\"><ol style=\"list-style-type:none\"><li style=\"list-style-type: none\"><h4 class=\"\">Was ist die SAPV?<\/h4><p class=\"saswp-faq-answer-text\">Die SAPV ist eine spezialisierte Form der ambulanten Palliativversorgung, die sich an Patient:innen mit fortgeschrittener, nicht heilbarer Erkrankung richtet.<\/p><li style=\"list-style-type: none\"><h4 class=\"\">Wie wird die SAPV finanziert?<\/h4><p class=\"saswp-faq-answer-text\">Die SAPV wird von den Krankenkassen finanziert und ist f\u00fcr die Patient:innen kostenfrei.<\/p><li style=\"list-style-type: none\"><h4 class=\"\">Welche Leistungen werden in der SAPV angeboten?<\/h4><p class=\"saswp-faq-answer-text\">In der SAPV werden umfassende Leistungen angeboten, wie zum Beispiel: Schmerztherapie, Symptomkontrolle, Psychologische Unterst\u00fctzung, Beratung und Unterst\u00fctzung von Angeh\u00f6rigen, Hospizliche Betreuung.<br><\/p><li style=\"list-style-type: none\"><h4 class=\"\">Wer kann in die SAPV aufgenommen werden?<\/h4><p class=\"saswp-faq-answer-text\">In die SAPV k\u00f6nnen Patient:innen mit fortgeschrittener, nicht heilbarer Erkrankung aufgenommen werden, die palliative Versorgung ben\u00f6tigen. Die Aufnahme in die SAPV wird von einer \u00c4rztin, oder einem Arzt veranlasst und bedarf in der Regel einer Zustimmung der Krankenkasse.<\/p><li style=\"list-style-type: none\"><h4 class=\"\">Wo findet die SAPV statt?<\/h4><p class=\"saswp-faq-answer-text\">Die SAPV findet in der Regel zu Hause oder in einer ambulanten Einrichtung statt. In manchen F\u00e4llen kann die SAPV auch in einem Hospiz oder einer Klinik durchgef\u00fchrt werden.<\/p><li style=\"list-style-type: none\"><h4 class=\"\">Was unterscheidet die SAPV von der AAPV?<\/h4><p class=\"saswp-faq-answer-text\">Die SAPV wird von einem interdisziplin\u00e4ren Team aus \u00c4rzt:innen, Pflegekr\u00e4ften, Psycholog:innen und Sozialarbeiter:innen durchgef\u00fchrt und bietet ein umfassendes Angebot an Leistungen wie Schmerztherapie, Symptomkontrolle und psychologische Unterst\u00fctzung. Speziell qualifiziertes Fachpersonal des ambulanten Pflegedienstes und \u00e4rztliches Fachpersonal sind 24h erreichbar.<br><br><\/p><\/ul><\/div><\/div><\/div>\n\n<div style=\"height:50px\" aria-hidden=\"true\" class=\"wp-block-spacer no-mobile\"><\/div>\n\n<div data-aos-delay=\"1000\" data-aos-duration=\"1500\" data-aos-once=\"true\" data-aos=\"fade-up\" class=\"wp-block-group has-global-color-6-background-color has-background\"><div class=\"wp-block-group__inner-container is-layout-constrained wp-block-group-is-layout-constrained\">\n<h2 class=\"wp-block-heading\">Estamos encantados de ayudarle!<\/h2>\n\n\n\n<p>Despu\u00e9s de extensas discusiones, elaboraremos un <strong>concepto individual<\/strong> con usted, que se <strong>adapte de manera \u00f3ptima a sus necesidades<\/strong> .<\/p>\n\n\n\n<p>El <strong>encuentro personal para conocerse<\/strong> es insustituible en lo que respecta a la atenci\u00f3n ambulatoria. \u00a1No dude en concertar una conversaci\u00f3n con nosotros!<\/p>\n\n\n\n<div class=\"wp-block-buttons is-layout-flex wp-block-buttons-is-layout-flex\">\n<div class=\"wp-block-button has-custom-width wp-block-button__width-100\"><a class=\"wp-block-button__link wp-element-button\" href=\"04316473730\" style=\"border-radius:0px\" target=\"_blank\" rel=\"noreferrer noopener\">\u2192 Llamar<\/a><\/div>\n\n\n\n<div class=\"wp-block-button has-custom-width wp-block-button__width-100\"><a class=\"wp-block-button__link wp-element-button\" href=\"https:\/\/www.bthuus.de\/es\/contacto\/#formular\" style=\"border-radius:0px\">Formulario de contacto<\/a><\/div>\n\n\n\n<div class=\"wp-block-button has-custom-width wp-block-button__width-100\"><a class=\"wp-block-button__link wp-element-button\" href=\"mailto:info@bthuus.de\" style=\"border-radius:0px\" target=\"_blank\" rel=\"noreferrer noopener\">\u2192 Escribe un correo electr\u00f3nico<\/a><\/div>\n<\/div>\n<\/div><\/div>\n","protected":false},"excerpt":{"rendered":"<p>Los cuidados paliativos ambulatorios especializados (SAPV) son un tipo de atenci\u00f3n especializada dirigida a personas con una enfermedad progresiva e incurable, con el objetivo de mejorar la calidad de vida y el bienestar de estos pacientes. Los servicios de SAPV son ofrecidos por un equipo interdisciplinario de m\u00e9dicos, enfermeras, psic\u00f3logos y otros especialistas y se &#8230; <\/p>\n<p class=\"read-more-container\"><a title=\"Cuidados paliativos ambulatorios especializados (SAPV)\" class=\"read-more button\" href=\"https:\/\/www.bthuus.de\/es\/nuestros-servicios\/cuidados-paliativos\/cuidados-paliativos-ambulatorios-especializados-sapv\/#more-2067\" aria-label=\"Leer m\u00e1s sobre Cuidados paliativos ambulatorios especializados (SAPV)\">Leer m\u00e1s<\/a><\/p>\n","protected":false},"author":1,"featured_media":0,"parent":2120,"menu_order":0,"comment_status":"closed","ping_status":"closed","template":"","meta":{"iawp_total_views":19,"footnotes":""},"class_list":{"0":"post-2067","1":"page","2":"type-page","3":"status-publish","5":"infinite-scroll-item"},"jetpack_sharing_enabled":true,"_links":{"self":[{"href":"https:\/\/www.bthuus.de\/es\/wp-json\/wp\/v2\/pages\/2067","targetHints":{"allow":["GET"]}}],"collection":[{"href":"https:\/\/www.bthuus.de\/es\/wp-json\/wp\/v2\/pages"}],"about":[{"href":"https:\/\/www.bthuus.de\/es\/wp-json\/wp\/v2\/types\/page"}],"author":[{"embeddable":true,"href":"https:\/\/www.bthuus.de\/es\/wp-json\/wp\/v2\/users\/1"}],"replies":[{"embeddable":true,"href":"https:\/\/www.bthuus.de\/es\/wp-json\/wp\/v2\/comments?post=2067"}],"version-history":[{"count":0,"href":"https:\/\/www.bthuus.de\/es\/wp-json\/wp\/v2\/pages\/2067\/revisions"}],"up":[{"embeddable":true,"href":"https:\/\/www.bthuus.de\/es\/wp-json\/wp\/v2\/pages\/2120"}],"wp:attachment":[{"href":"https:\/\/www.bthuus.de\/es\/wp-json\/wp\/v2\/media?parent=2067"}],"curies":[{"name":"wp","href":"https:\/\/api.w.org\/{rel}","templated":true}]}}