{"id":1982,"date":"2022-11-04T14:56:13","date_gmt":"2022-11-04T13:56:13","guid":{"rendered":"https:\/\/www.bthuus.de\/cuidados-paliativos-ambulatorios-generales-aapv\/"},"modified":"2023-07-11T12:06:45","modified_gmt":"2023-07-11T10:06:45","slug":"cuidados-paliativos-ambulatorios-generales-aapv","status":"publish","type":"page","link":"https:\/\/www.bthuus.de\/es\/nuestros-servicios\/cuidados-paliativos\/cuidados-paliativos-ambulatorios-generales-aapv\/","title":{"rendered":"Cuidados Paliativos Ambulatorios Generales (AAPV)"},"content":{"rendered":"\n<div class=\"wp-block-group has-global-color-6-background-color has-background\"><div class=\"wp-block-group__inner-container is-layout-constrained wp-block-group-is-layout-constrained\">\n<p><strong>Los cuidados paliativos ambulatorios generales (AAPV)<\/strong> son una parte importante de la atenci\u00f3n m\u00e9dica, especialmente para las personas gravemente enfermas que desean vivir en sus propios hogares. AAPV es una forma especializada de medicina ambulatoria dirigida a <strong>pacientes con enfermedades avanzadas e incurables<\/strong> . La AAPV tiene como objetivo mejorar la calidad de vida de los pacientes y sus familias y permitirles vivir con la mayor independencia posible.<\/p>\n\n\n\n<p>Adem\u00e1s de AAPV, tambi\u00e9n ofrecemos <strong>atenci\u00f3n al final de la vida<\/strong> y <strong>trabajo de duelo<\/strong> con seres queridos.<\/p>\n<\/div><\/div>\n\n<div style=\"height:50px\" aria-hidden=\"true\" class=\"wp-block-spacer no-mobile\"><\/div>\n\n<div class=\"wp-block-group has-global-color-6-background-color has-background\"><div class=\"wp-block-group__inner-container is-layout-constrained wp-block-group-is-layout-constrained\">\n<h2 class=\"wp-block-heading\">\u00bfQu\u00e9 implican los cuidados paliativos generales ambulatorios (AAPV)?<\/h2>\n\n\n\n<p>Los cuidados paliativos generales ambulatorios (AAPV) incluyen <strong>la atenci\u00f3n m\u00e9dica, de enfermer\u00eda, psicol\u00f3gica y social a pacientes con una enfermedad progresiva, incurable y con una esperanza de vida limitada<\/strong> . El objetivo de la AAPV es mejorar la calidad de vida de los pacientes y sus familiares y permitirles vivir y morir con la mayor independencia posible en un entorno familiar. La AAPV se puede ofrecer en el hogar o en un centro para pacientes ambulatorios, como un hospicio o una unidad de cuidados paliativos. La atenci\u00f3n es brindada por un equipo interdisciplinario de m\u00e9dicos, enfermeras, psic\u00f3logos y trabajadores sociales. AAPV puede incluir el tratamiento sintom\u00e1tico del dolor y otras dolencias, as\u00ed como el apoyo psicol\u00f3gico y social para los pacientes y sus familias.<\/p>\n<\/div><\/div>\n\n<div style=\"height:50px\" aria-hidden=\"true\" class=\"wp-block-spacer no-mobile\"><\/div>\n\n<div class=\"wp-block-group has-global-color-6-background-color has-background\"><div class=\"wp-block-group__inner-container is-layout-constrained wp-block-group-is-layout-constrained\">\n<h2 class=\"wp-block-heading\">\u00bfA qui\u00e9n van dirigidos los Cuidados Paliativos Ambulatorios Generales (AAPV)?<\/h2>\n\n\n\n<p>Los cuidados paliativos ambulatorios generales (AAPV) est\u00e1n dirigidos a pacientes con enfermedades incurables avanzadas que necesitan cuidados paliativos.<\/p>\n<\/div><\/div>\n\n<div style=\"height:50px\" aria-hidden=\"true\" class=\"wp-block-spacer no-mobile\"><\/div>\n\n<div class=\"wp-block-group has-global-color-6-background-color has-background\"><div class=\"wp-block-group__inner-container is-layout-constrained wp-block-group-is-layout-constrained\">\n<h2 class=\"wp-block-heading\">\u00bfQu\u00e9 servicios ofrece el servicio de enfermer\u00eda ambulatoria Bliev to Huus en Kiel y Bredenbek?<\/h2>\n\n\n\n<p>El servicio de enfermer\u00eda ambulatoria es el responsable de la atenci\u00f3n y apoyo a los pacientes en el marco de la AAPV. Estos son algunos ejemplos de servicios que podemos prestar como servicio de atenci\u00f3n domiciliaria bajo la AAPV:<\/p>\n\n\n\n<ul class=\"wp-block-list\">\n<li><strong>Cuidados b\u00e1sicos<\/strong> : Nos hacemos cargo de los cuidados b\u00e1sicos de los pacientes, como lavarse, vestirse y el cuidado personal.<\/li>\n\n\n\n<li><strong>Terapia del dolor<\/strong> : ayudamos a los pacientes a tomar analg\u00e9sicos y les damos consejos sobre c\u00f3mo aliviar el dolor.<\/li>\n\n\n\n<li><strong>Control de s\u00edntomas<\/strong> : podemos ayudar a los pacientes a controlar s\u00edntomas como n\u00e1useas, v\u00f3mitos y dificultad para respirar.<\/li>\n\n\n\n<li><strong>Apoyo a familiares<\/strong> : Ofrecemos asesoramiento y apoyo a familiares de pacientes en el cuidado y cuidado de sus seres queridos.<\/li>\n<\/ul>\n\n\n\n<p>En el servicio de atenci\u00f3n ambulatoria de Bliev to Huus en Kiel y Bredenbek estamos muy contentos de tener <strong>enfermeras calificadas<\/strong> en nuestro equipo, especialmente para cuidados paliativos ambulatorios generales y especializados.<\/p>\n<\/div><\/div>\n\n<div style=\"height:50px\" aria-hidden=\"true\" class=\"wp-block-spacer no-mobile\"><\/div>\n\n<div class=\"wp-block-group has-global-color-6-background-color has-background\"><div class=\"wp-block-group__inner-container is-layout-constrained wp-block-group-is-layout-constrained\">\n<h2 class=\"wp-block-heading\">\u00bfC\u00f3mo funcionan los cuidados paliativos generales ambulatorios?<\/h2>\n\n\n\n<p>En general, los cuidados paliativos ambulatorios generales se desarrollan de la siguiente manera:<\/p>\n\n\n\n<ol class=\"wp-block-list\">\n<li>La AAPV la inicia un m\u00e9dico cuando un paciente con una enfermedad avanzada e incurable requiere cuidados paliativos.<\/li>\n\n\n\n<li>El m\u00e9dico presenta una solicitud de AAPV a la compa\u00f1\u00eda de seguros de salud. La compa\u00f1\u00eda de seguros de salud revisa la solicitud y decide si financia la AAPV.<\/li>\n\n\n\n<li>Si se aprueba la solicitud, se conformar\u00e1 un equipo de la AAPV formado por m\u00e9dicos, enfermeras y otros profesionales.<\/li>\n\n\n\n<li>El equipo de la AAPV visita al paciente en su domicilio o en un centro ambulatorio y le brinda servicios integrales como manejo del dolor, control de s\u00edntomas y apoyo psicol\u00f3gico.<\/li>\n\n\n\n<li>El equipo de la AAPV trabaja en estrecha colaboraci\u00f3n con el paciente y su familia para desarrollar un plan de tratamiento individual.<\/li>\n\n\n\n<li>La AAPV dura el tiempo que el paciente lo necesite. Si las necesidades del paciente cambian o si el paciente muere, la AAPV finaliza.<\/li>\n<\/ol>\n\n\n\n<p>Es importante se\u00f1alar que existen dos formas de cuidados paliativos ambulatorios: cuidados paliativos ambulatorios generales (AAPV) y <a href=\"https:\/\/www.bthuus.de\/leistungen\/spezialisierte-ambulante-paillativversorgung-sapv\/\" data-type=\"page\" data-id=\"375\">cuidados paliativos ambulatorios especializados (SAPV)<\/a> . SAPV es una forma m\u00e1s pronunciada y completa de AAPV, que est\u00e1 dirigida a pacientes con necesidades y s\u00edntomas particularmente complejos. La decisi\u00f3n sobre qu\u00e9 forma de AAPV es apropiada para un paciente la toma un m\u00e9dico en funci\u00f3n de las necesidades y los s\u00edntomas individuales del paciente.<\/p>\n<\/div><\/div>\n\n<div style=\"height:50px\" aria-hidden=\"true\" class=\"wp-block-spacer no-mobile\"><\/div>\n\n<div class=\"wp-block-group has-global-color-6-background-color has-background\"><div class=\"wp-block-group__inner-container is-layout-constrained wp-block-group-is-layout-constrained\">\n<h2 class=\"wp-block-heading\">preguntas frecuentes<\/h2>\n\n\n<div class=\"saswp-faq-block-section\"><ol style=\"list-style-type:none\"><li style=\"list-style-type: none\"><h4 class=\"\">Was ist die AAPV?<\/h4><p class=\"saswp-faq-answer-text\">Die AAPV ist eine spezialisierte Form der ambulanten Medizin, die sich an Patient:innen mit fortgeschrittener, nicht heilbarer Erkrankung richtet. Ziel der AAPV ist es, die Lebensqualit\u00e4t von Patient:innen und ihren Angeh\u00f6rigen zu verbessern und ihnen ein m\u00f6glichst selbstbestimmtes Leben und Sterben zu erm\u00f6glichen.<\/p><li style=\"list-style-type: none\"><h4 class=\"\">Wo findet die AAPV statt?<\/h4><p class=\"saswp-faq-answer-text\">Die AAPV findet in der Regel zu Hause oder in einer ambulanten Einrichtung statt. In manchen F\u00e4llen kann die AAPV auch in einem Hospiz oder einer Klinik durchgef\u00fchrt werden.<\/p><li style=\"list-style-type: none\"><h4 class=\"\">Welche Leistungen werden in der AAPV angeboten?<\/h4><p class=\"saswp-faq-answer-text\">In der AAPV werden umfassende Leistungen angeboten, wie zum Beispiel: Schmerztherapie, Symptomkontrolle, psychologische Unterst\u00fctzung, Beratung und Unterst\u00fctzung von Angeh\u00f6rigen, Hospizliche Betreuung<\/p><li style=\"list-style-type: none\"><h4 class=\"\">Wer kann in die AAPV aufgenommen werden?<\/h4><p class=\"saswp-faq-answer-text\">In die AAPV k\u00f6nnen Patient:innen mit fortgeschrittener, nicht heilbarer Erkrankung aufgenommen werden, die palliative Versorgung ben\u00f6tigen. Die Aufnahme in die AAPV wird von einem Arzt veranlasst und bedarf in der Regel einer Zustimmung der Krankenkasse.<\/p><li style=\"list-style-type: none\"><h4 class=\"\">Wie wird die AAPV finanziert?<\/h4><p class=\"saswp-faq-answer-text\">Die AAPV wird von den Krankenkassen finanziert und ist f\u00fcr die Patient:innen kostenfrei.<\/p><li style=\"list-style-type: none\"><h4 class=\"\">Was ist der Unterschied zwischen AAPV und SAPV?<\/h4><p class=\"saswp-faq-answer-text\">Der wesentliche Unterschied zwischen der AAPV und der SAPV besteht darin, dass die SAPV eine spezialisierte Form der ambulanten Palliativversorgung ist, die sich an Patient:innen mit besonders komplexen Bed\u00fcrfnissen und Symptomen richtet. W\u00e4hrend bei der AAPV die eigene Haus\u00e4rztin oder der eigene Hausarzt verantwortlich ist, ist bei der SAPV eine spezielle \u00c4rztin oder ein spezieller Arzt aus dem SAPV-Team verantwortlich. SAPV umfasst einen deutlich h\u00f6heren Leistungsumfang samt 24h Erreichbarkeit der speziell qualifizierten Pfleger und des \u00e4rztlichen Fachpersonals.<br><\/p><\/ul><\/div><\/div><\/div>\n\n<div style=\"height:50px\" aria-hidden=\"true\" class=\"wp-block-spacer no-mobile\"><\/div>\n\n<div data-aos-delay=\"1000\" data-aos-duration=\"1500\" data-aos-once=\"true\" data-aos=\"fade-up\" class=\"wp-block-group has-global-color-6-background-color has-background\"><div class=\"wp-block-group__inner-container is-layout-constrained wp-block-group-is-layout-constrained\">\n<h2 class=\"wp-block-heading\">Estamos encantados de ayudarle!<\/h2>\n\n\n\n<p>Despu\u00e9s de extensas discusiones, elaboraremos un <strong>concepto individual<\/strong> con usted, que se <strong>adapte de manera \u00f3ptima a sus necesidades<\/strong> .<\/p>\n\n\n\n<p>El <strong>encuentro personal para conocerse<\/strong> es insustituible en lo que respecta a la atenci\u00f3n ambulatoria. \u00a1No dude en concertar una conversaci\u00f3n con nosotros!<\/p>\n\n\n\n<div class=\"wp-block-buttons is-layout-flex wp-block-buttons-is-layout-flex\">\n<div class=\"wp-block-button has-custom-width wp-block-button__width-100\"><a class=\"wp-block-button__link wp-element-button\" href=\"04316473730\" style=\"border-radius:0px\" target=\"_blank\" rel=\"noreferrer noopener\">\u2192 Llamar<\/a><\/div>\n\n\n\n<div class=\"wp-block-button has-custom-width wp-block-button__width-100\"><a class=\"wp-block-button__link wp-element-button\" href=\"https:\/\/www.bthuus.de\/es\/contacto\/#formular\" style=\"border-radius:0px\">Formulario de contacto<\/a><\/div>\n\n\n\n<div class=\"wp-block-button has-custom-width wp-block-button__width-100\"><a class=\"wp-block-button__link wp-element-button\" href=\"mailto:info@bthuus.de\" style=\"border-radius:0px\" target=\"_blank\" rel=\"noreferrer noopener\">\u2192 Escribe un correo electr\u00f3nico<\/a><\/div>\n<\/div>\n<\/div><\/div>\n","protected":false},"excerpt":{"rendered":"<p>Los cuidados paliativos ambulatorios generales (AAPV) son una parte importante de la atenci\u00f3n m\u00e9dica, especialmente para las personas gravemente enfermas que desean vivir en sus propios hogares. AAPV es una forma especializada de medicina ambulatoria dirigida a pacientes con enfermedades avanzadas e incurables . La AAPV tiene como objetivo mejorar la calidad de vida de &#8230; <\/p>\n<p class=\"read-more-container\"><a title=\"Cuidados Paliativos Ambulatorios Generales (AAPV)\" class=\"read-more button\" href=\"https:\/\/www.bthuus.de\/es\/nuestros-servicios\/cuidados-paliativos\/cuidados-paliativos-ambulatorios-generales-aapv\/#more-1982\" aria-label=\"Leer m\u00e1s sobre Cuidados Paliativos Ambulatorios Generales (AAPV)\">Leer m\u00e1s<\/a><\/p>\n","protected":false},"author":1,"featured_media":0,"parent":2120,"menu_order":0,"comment_status":"closed","ping_status":"closed","template":"","meta":{"iawp_total_views":17,"footnotes":""},"class_list":{"0":"post-1982","1":"page","2":"type-page","3":"status-publish","5":"infinite-scroll-item"},"jetpack_sharing_enabled":true,"_links":{"self":[{"href":"https:\/\/www.bthuus.de\/es\/wp-json\/wp\/v2\/pages\/1982","targetHints":{"allow":["GET"]}}],"collection":[{"href":"https:\/\/www.bthuus.de\/es\/wp-json\/wp\/v2\/pages"}],"about":[{"href":"https:\/\/www.bthuus.de\/es\/wp-json\/wp\/v2\/types\/page"}],"author":[{"embeddable":true,"href":"https:\/\/www.bthuus.de\/es\/wp-json\/wp\/v2\/users\/1"}],"replies":[{"embeddable":true,"href":"https:\/\/www.bthuus.de\/es\/wp-json\/wp\/v2\/comments?post=1982"}],"version-history":[{"count":0,"href":"https:\/\/www.bthuus.de\/es\/wp-json\/wp\/v2\/pages\/1982\/revisions"}],"up":[{"embeddable":true,"href":"https:\/\/www.bthuus.de\/es\/wp-json\/wp\/v2\/pages\/2120"}],"wp:attachment":[{"href":"https:\/\/www.bthuus.de\/es\/wp-json\/wp\/v2\/media?parent=1982"}],"curies":[{"name":"wp","href":"https:\/\/api.w.org\/{rel}","templated":true}]}}