{"id":1886,"date":"2022-11-04T14:45:42","date_gmt":"2022-11-04T13:45:42","guid":{"rendered":"https:\/\/www.bthuus.de\/sobre-nosotros\/sostenibilidad\/"},"modified":"2023-07-11T12:04:43","modified_gmt":"2023-07-11T10:04:43","slug":"sostenibilidad","status":"publish","type":"page","link":"https:\/\/www.bthuus.de\/es\/ueber-uns\/sostenibilidad\/","title":{"rendered":"sostenibilidad"},"content":{"rendered":"\n<div class=\"wp-block-group has-global-color-6-background-color has-background\"><div class=\"wp-block-group__inner-container is-layout-constrained wp-block-group-is-layout-constrained\">\n<h2 class=\"wp-block-heading has-global-color-2-color has-text-color\">\u00bfQu\u00e9 significa la sostenibilidad para nosotros?<\/h2>\n\n\n\n<p>La sostenibilidad, <a href=\"https:\/\/www.bmz.de\/de\/service\/lexikon\/nachhaltigkeit-nachhaltige-entwicklung-14700#:~:text=Nachhaltigkeit%20oder%20nachhaltige%20Entwicklung%20bedeutet,zuk%C3%BCnftiger%20Generationen%20nicht%20eingeschr%C3%A4nkt%20werden.\" data-type=\"URL\" data-id=\"https:\/\/www.bmz.de\/de\/service\/lexikon\/nachhaltigkeit-nachhaltige-entwicklung-14700#:~:text=Nachhaltigkeit%20oder%20nachhaltige%20Entwicklung%20bedeutet,zuk%C3%BCnftiger%20Generationen%20nicht%20eingeschr%C3%A4nkt%20werden.\" target=\"_blank\" rel=\"noreferrer noopener\">tal como la define el Ministerio Federal de Cooperaci\u00f3n Econ\u00f3mica y Desarrollo<\/a> , significa satisfacer las necesidades del presente sin restringir las oportunidades de las generaciones futuras. Esto requiere una consideraci\u00f3n equitativa de las tres dimensiones de la sostenibilidad: eficiencia econ\u00f3mica, justicia social y sostenibilidad ecol\u00f3gica. La sostenibilidad debe ser la base de todas las decisiones pol\u00edticas para preservar los recursos globales a largo plazo.<\/p>\n\n\n\n<p>Para nosotros en el servicio de atenci\u00f3n domiciliaria de Bliev to Huus, esto significa que aplicamos pr\u00e1cticas sostenibles en todos los aspectos de nuestro trabajo. Esto abarca desde la selecci\u00f3n de nuestros proveedores y el uso de los recursos hasta la forma en que brindamos nuestros servicios. Al implementar pr\u00e1cticas sostenibles, ayudamos a mejorar la calidad de vida de las generaciones actuales y futuras.<\/p>\n<\/div><\/div>\n\n<div style=\"height:50px\" aria-hidden=\"true\" class=\"wp-block-spacer no-mobile\"><\/div>\n\n<div class=\"wp-block-group has-global-color-6-background-color has-background\"><div class=\"wp-block-group__inner-container is-layout-constrained wp-block-group-is-layout-constrained\">\n<h2 class=\"wp-block-heading has-global-color-2-color has-text-color\">Nuestro compromiso con la sostenibilidad<\/h2>\n\n\n\n<p>Somos conscientes de la responsabilidad que tenemos con las generaciones futuras, incluidos nuestros hijos y nietos. Nuestro objetivo es mantener un planeta sano y habitable para usted y los familiares de nuestros pacientes. Por lo tanto, la sostenibilidad no es solo una palabra de moda para nosotros, sino una parte central de nuestra filosof\u00eda corporativa y pr\u00e1ctica diaria.<\/p>\n<\/div><\/div>\n\n<div style=\"height:50px\" aria-hidden=\"true\" class=\"wp-block-spacer no-mobile\"><\/div>\n\n<div class=\"wp-block-group has-global-color-6-background-color has-background\"><div class=\"wp-block-group__inner-container is-layout-constrained wp-block-group-is-layout-constrained\">\n<h2 class=\"wp-block-heading has-global-color-2-color has-text-color\">\u00bfQu\u00e9 estamos haciendo espec\u00edficamente?<\/h2>\n\n\n\n<h3 class=\"wp-block-heading has-global-color-2-color has-text-color\">1. Menos papel, m\u00e1s digitalizaci\u00f3n<\/h3>\n\n\n\n<p>Como parte de nuestros esfuerzos de sustentabilidad, confiamos cada vez m\u00e1s en la digitalizaci\u00f3n y las tecnolog\u00edas en la nube para minimizar el consumo de papel en nuestra vida diaria en la oficina. Al adoptar documentos digitales y usar la nube para almacenamiento y colaboraci\u00f3n, podemos reducir la necesidad de copias f\u00edsicas. Esto no solo ahorra recursos, sino que tambi\u00e9n mejora la eficiencia de nuestros procesos de trabajo. De esta forma, contribuimos activamente a proteger nuestro medio ambiente y hacemos sostenible nuestro trabajo diario.<\/p>\n\n\n\n<h3 class=\"wp-block-heading has-global-color-2-color has-text-color\">2. Cajas basura cero de la costa cafetalera de Laboe<\/h3>\n\n\n\n<p>Para nuestra oficina recibimos nuestro caf\u00e9 de la costa cafetalera Laboe en cajas sustentables cero desperdicio. Este sistema nos permite obtener exactamente la cantidad de caf\u00e9 org\u00e1nico y de comercio justo que necesitamos mientras evitamos activamente el desperdicio. Las cajas se reemplazan despu\u00e9s de su uso, se limpian y se reutilizan, lo que ahorra residuos de envases y contribuye a la sostenibilidad.<\/p>\n\n\n\n<h3 class=\"wp-block-heading has-global-color-2-color has-text-color\">3. Distancias cortas y networking<\/h3>\n\n\n\n<p>En nuestros esfuerzos por actuar de manera sostenible, damos gran importancia a mantener nuestras distancias cortas. Nuestros empleados tambi\u00e9n tienen la oportunidad de utilizar nuestros coches de empresa para ir a trabajar. Adem\u00e1s, mantenemos deliberadamente peque\u00f1a nuestra \u00e1rea de captaci\u00f3n para evitar viajes largos y as\u00ed reducir nuestra huella de CO2. Con estas medidas contribuimos activamente a la reducci\u00f3n de emisiones y fomentamos la movilidad sostenible.<\/p>\n\n\n\n<h3 class=\"wp-block-heading has-global-color-2-color has-text-color\">4. Flota de veh\u00edculos moderna<\/h3>\n\n\n\n<p>Nuestra flota se compone exclusivamente de veh\u00edculos nuevos respetuosos con el medio ambiente y de bajas emisiones. Ya hemos sustituido algunos de nuestros veh\u00edculos por un modelo h\u00edbrido y seis coches totalmente el\u00e9ctricos para contribuir a reducir las emisiones de CO2.<\/p>\n\n\n\n<h3 class=\"wp-block-heading has-global-color-2-color has-text-color\">5. Frutas y verduras org\u00e1nicas locales<\/h3>\n\n\n\n<p>Otro paso en nuestra estrategia de sostenibilidad es el uso de la caja de suscripci\u00f3n de Hof Wischhof. Cada semana recibimos frutas y verduras org\u00e1nicas frescas de la regi\u00f3n, que se entregan directamente en nuestra oficina. Esto no solo apoya a los agricultores locales y promueve la econom\u00eda regional, sino que tambi\u00e9n garantiza una nutrici\u00f3n saludable y sostenible en nuestro equipo. De esta manera, contribuimos activamente a un entorno de trabajo m\u00e1s verde y saludable.<\/p>\n\n\n\n<h3 class=\"wp-block-heading has-global-color-2-color has-text-color\">6. Con la e-cargo bike al trabajo<\/h3>\n\n\n\n<figure class=\"wp-block-image size-full\"><img loading=\"lazy\" decoding=\"async\" width=\"600\" height=\"846\" src=\"https:\/\/www.bthuus.de\/wp-content\/uploads\/2022\/12\/MiBu_Emma.jpg\" alt=\"\" class=\"wp-image-398\" srcset=\"https:\/\/www.bthuus.de\/wp-content\/uploads\/2022\/12\/MiBu_Emma.jpg 600w, https:\/\/www.bthuus.de\/wp-content\/uploads\/2022\/12\/MiBu_Emma-213x300.webp 213w\" sizes=\"auto, (max-width: 600px) 100vw, 600px\" \/><\/figure><\/div><\/div>\n","protected":false},"excerpt":{"rendered":"<p>\u00bfQu\u00e9 significa la sostenibilidad para nosotros? La sostenibilidad, tal como la define el Ministerio Federal de Cooperaci\u00f3n Econ\u00f3mica y Desarrollo , significa satisfacer las necesidades del presente sin restringir las oportunidades de las generaciones futuras. Esto requiere una consideraci\u00f3n equitativa de las tres dimensiones de la sostenibilidad: eficiencia econ\u00f3mica, justicia social y sostenibilidad ecol\u00f3gica. La &#8230; <\/p>\n<p class=\"read-more-container\"><a title=\"sostenibilidad\" class=\"read-more button\" href=\"https:\/\/www.bthuus.de\/es\/ueber-uns\/sostenibilidad\/#more-1886\" aria-label=\"Leer m\u00e1s sobre sostenibilidad\">Leer m\u00e1s<\/a><\/p>\n","protected":false},"author":1,"featured_media":0,"parent":1794,"menu_order":0,"comment_status":"closed","ping_status":"closed","template":"","meta":{"iawp_total_views":0,"footnotes":""},"class_list":{"0":"post-1886","1":"page","2":"type-page","3":"status-publish","5":"infinite-scroll-item"},"jetpack_sharing_enabled":true,"_links":{"self":[{"href":"https:\/\/www.bthuus.de\/es\/wp-json\/wp\/v2\/pages\/1886","targetHints":{"allow":["GET"]}}],"collection":[{"href":"https:\/\/www.bthuus.de\/es\/wp-json\/wp\/v2\/pages"}],"about":[{"href":"https:\/\/www.bthuus.de\/es\/wp-json\/wp\/v2\/types\/page"}],"author":[{"embeddable":true,"href":"https:\/\/www.bthuus.de\/es\/wp-json\/wp\/v2\/users\/1"}],"replies":[{"embeddable":true,"href":"https:\/\/www.bthuus.de\/es\/wp-json\/wp\/v2\/comments?post=1886"}],"version-history":[{"count":0,"href":"https:\/\/www.bthuus.de\/es\/wp-json\/wp\/v2\/pages\/1886\/revisions"}],"up":[{"embeddable":true,"href":"https:\/\/www.bthuus.de\/es\/wp-json\/wp\/v2\/pages\/1794"}],"wp:attachment":[{"href":"https:\/\/www.bthuus.de\/es\/wp-json\/wp\/v2\/media?parent=1886"}],"curies":[{"name":"wp","href":"https:\/\/api.w.org\/{rel}","templated":true}]}}