{"id":1884,"date":"2022-11-04T14:44:17","date_gmt":"2022-11-04T13:44:17","guid":{"rendered":"https:\/\/www.bthuus.de\/cuidado\/"},"modified":"2023-07-11T12:04:43","modified_gmt":"2023-07-11T10:04:43","slug":"cuidado","status":"publish","type":"page","link":"https:\/\/www.bthuus.de\/es\/nuestros-servicios\/cuidado\/","title":{"rendered":"Cuidado"},"content":{"rendered":"\n<div class=\"wp-block-group has-global-color-6-background-color has-background\"><div class=\"wp-block-group__inner-container is-layout-constrained wp-block-group-is-layout-constrained\">\n<h2 class=\"wp-block-heading\">Ofertas de atenci\u00f3n general<\/h2>\n\n\n\n<p>Desde el 1 de enero de 2015, todas las personas aseguradas que necesitan atenci\u00f3n tienen <strong>derecho a servicios adicionales de atenci\u00f3n y socorro<\/strong> , que hasta entonces solo estaban disponibles para personas aseguradas con habilidades cotidianas significativamente limitadas (demencia). Ahora estos servicios tambi\u00e9n se pueden utilizar para <strong>servicios de socorro (por ejemplo, servicios dom\u00e9sticos, servicios de transporte, etc.)<\/strong> adem\u00e1s de las ofertas de atenci\u00f3n.<\/p>\n\n\n\n<p>Especialmente cuando se trata de apoyo, el intercambio entre nuestros empleados es crucial. Se nota la diversa y diferente cualificaci\u00f3n de nuestro equipo.  <strong>Todos nuestros empleados de supervisi\u00f3n est\u00e1n especialmente calificados para esto de acuerdo con \u00a745 SGB.<\/strong><\/p>\n\n\n\n<div class=\"wp-block-buttons is-layout-flex wp-block-buttons-is-layout-flex\">\n<div class=\"wp-block-button has-custom-width wp-block-button__width-100\"><a class=\"wp-block-button__link wp-element-button\" href=\"https:\/\/www.bthuus.de\/es\/sobre-nosotros\/\" style=\"border-radius:0px\">M\u00e1s informaci\u00f3n sobre el equipo<\/a><\/div>\n<\/div>\n<\/div><\/div>\n\n<div style=\"height:50px\" aria-hidden=\"true\" class=\"wp-block-spacer no-mobile\"><\/div>\n\n<div class=\"wp-block-group has-global-color-6-background-color has-background\"><div class=\"wp-block-group__inner-container is-layout-constrained wp-block-group-is-layout-constrained\">\n<h2 class=\"wp-block-heading\">atenci\u00f3n a personas con demencia<\/h2>\n\n\n\n<p>En Alemania, alrededor de dos de cada tres personas con demencia viven actualmente en sus propias cuatro paredes. Este n\u00famero refleja el deseo de la mayor\u00eda de las personas de permanecer en su entorno familiar en la vejez.<\/p>\n\n\n\n<p>Cuanto m\u00e1s progresa la demencia, m\u00e1s dif\u00edciles se vuelven incluso las actividades m\u00e1s simples. Se cometen errores a la hora de vestirse, el ba\u00f1o de la ma\u00f1ana tarda m\u00e1s que antes y el camino a la oficina de correos parece un laberinto.<br\/>La ayuda para la autoayuda es nuestro lema. Ayuda a las personas con demencia a mantenerse independientes por m\u00e1s tiempo.<br\/>Nuestros cuidadores especialmente capacitados gu\u00edan a las personas que sufren de demencia en su vida cotidiana.<\/p>\n\n\n\n<p>Las ofertas de atenci\u00f3n incluyen, por ejemplo:<\/p>\n\n\n\n<ul class=\"wp-block-list\">\n<li>entrenamiento de la memoria<\/li>\n\n\n\n<li>juegos<\/li>\n\n\n\n<li>Tareas dom\u00e9sticas comunes<\/li>\n\n\n\n<li>camina<\/li>\n\n\n\n<li>Acompa\u00f1amiento en viajes a autoridades, m\u00e9dicos, etc.<\/li>\n<\/ul>\n<\/div><\/div>\n\n<div style=\"height:50px\" aria-hidden=\"true\" class=\"wp-block-spacer no-mobile\"><\/div>\n\n<div data-aos-delay=\"1000\" data-aos-duration=\"1500\" data-aos-once=\"true\" data-aos=\"fade-up\" class=\"wp-block-group has-global-color-6-background-color has-background\"><div class=\"wp-block-group__inner-container is-layout-constrained wp-block-group-is-layout-constrained\">\n<h2 class=\"wp-block-heading\">Estamos encantados de ayudarle!<\/h2>\n\n\n\n<p>Despu\u00e9s de extensas discusiones, elaboraremos un <strong>concepto individual<\/strong> con usted, que se <strong>adapte de manera \u00f3ptima a sus necesidades<\/strong> .<\/p>\n\n\n\n<p>El <strong>encuentro personal para conocerse<\/strong> es insustituible en lo que respecta a la atenci\u00f3n ambulatoria. \u00a1No dude en concertar una conversaci\u00f3n con nosotros!<\/p>\n\n\n\n<div class=\"wp-block-buttons is-layout-flex wp-block-buttons-is-layout-flex\">\n<div class=\"wp-block-button has-custom-width wp-block-button__width-100\"><a class=\"wp-block-button__link wp-element-button\" href=\"04316473730\" style=\"border-radius:0px\" target=\"_blank\" rel=\"noreferrer noopener\">\u2192 Llamar<\/a><\/div>\n\n\n\n<div class=\"wp-block-button has-custom-width wp-block-button__width-100\"><a class=\"wp-block-button__link wp-element-button\" href=\"https:\/\/www.bthuus.de\/es\/contacto\/#formular\" style=\"border-radius:0px\">Formulario de contacto<\/a><\/div>\n\n\n\n<div class=\"wp-block-button has-custom-width wp-block-button__width-100\"><a class=\"wp-block-button__link wp-element-button\" href=\"mailto:info@bthuus.de\" style=\"border-radius:0px\" target=\"_blank\" rel=\"noreferrer noopener\">\u2192 Escribe un correo electr\u00f3nico<\/a><\/div>\n<\/div>\n<\/div><\/div>\n","protected":false},"excerpt":{"rendered":"<p>Ofertas de atenci\u00f3n general Desde el 1 de enero de 2015, todas las personas aseguradas que necesitan atenci\u00f3n tienen derecho a servicios adicionales de atenci\u00f3n y socorro , que hasta entonces solo estaban disponibles para personas aseguradas con habilidades cotidianas significativamente limitadas (demencia). Ahora estos servicios tambi\u00e9n se pueden utilizar para servicios de socorro (por &#8230; <\/p>\n<p class=\"read-more-container\"><a title=\"Cuidado\" class=\"read-more button\" href=\"https:\/\/www.bthuus.de\/es\/nuestros-servicios\/cuidado\/#more-1884\" aria-label=\"Leer m\u00e1s sobre Cuidado\">Leer m\u00e1s<\/a><\/p>\n","protected":false},"author":1,"featured_media":0,"parent":2188,"menu_order":0,"comment_status":"closed","ping_status":"closed","template":"","meta":{"iawp_total_views":3,"footnotes":""},"class_list":{"0":"post-1884","1":"page","2":"type-page","3":"status-publish","5":"infinite-scroll-item"},"jetpack_sharing_enabled":true,"_links":{"self":[{"href":"https:\/\/www.bthuus.de\/es\/wp-json\/wp\/v2\/pages\/1884","targetHints":{"allow":["GET"]}}],"collection":[{"href":"https:\/\/www.bthuus.de\/es\/wp-json\/wp\/v2\/pages"}],"about":[{"href":"https:\/\/www.bthuus.de\/es\/wp-json\/wp\/v2\/types\/page"}],"author":[{"embeddable":true,"href":"https:\/\/www.bthuus.de\/es\/wp-json\/wp\/v2\/users\/1"}],"replies":[{"embeddable":true,"href":"https:\/\/www.bthuus.de\/es\/wp-json\/wp\/v2\/comments?post=1884"}],"version-history":[{"count":0,"href":"https:\/\/www.bthuus.de\/es\/wp-json\/wp\/v2\/pages\/1884\/revisions"}],"up":[{"embeddable":true,"href":"https:\/\/www.bthuus.de\/es\/wp-json\/wp\/v2\/pages\/2188"}],"wp:attachment":[{"href":"https:\/\/www.bthuus.de\/es\/wp-json\/wp\/v2\/media?parent=1884"}],"curies":[{"name":"wp","href":"https:\/\/api.w.org\/{rel}","templated":true}]}}