{"id":1883,"date":"2022-11-04T14:43:13","date_gmt":"2022-11-04T13:43:13","guid":{"rendered":"https:\/\/www.bthuus.de\/servicios-domesticos\/"},"modified":"2023-07-11T12:04:42","modified_gmt":"2023-07-11T10:04:42","slug":"servicios-domesticos","status":"publish","type":"page","link":"https:\/\/www.bthuus.de\/es\/nuestros-servicios\/servicios-domesticos\/","title":{"rendered":"servicios dom\u00e9sticos"},"content":{"rendered":"\n<div class=\"wp-block-group has-global-color-6-background-color has-background\"><div class=\"wp-block-group__inner-container is-layout-constrained wp-block-group-is-layout-constrained\">\n<p>Nuestro departamento de limpieza estar\u00e1 encantado de hacer lo siguiente por usted:<\/p>\n\n\n\n<h2 class=\"wp-block-heading\">limpiando el apartamento<\/h2>\n\n\n\n<p>Esto incluye limpiar pisos, muebles, ventanas, ba\u00f1os y cocinas y hacer las camas.<\/p>\n\n\n\n<h2 class=\"wp-block-heading\">Lavar la ropa\/ropa<\/h2>\n\n\n\n<p>Esto incluye dividir y clasificar los textiles, lavar, tender, planchar, remendar y clasificar la ropa en el armario y hacer las camas.<\/p>\n\n\n\n<h2 class=\"wp-block-heading\">Compras<\/h2>\n\n\n\n<p>Compras tambi\u00e9n incluye la planificaci\u00f3n de compras para la adquisici\u00f3n de alimentos, productos de limpieza y cuidado corporal.<\/p>\n\n\n\n<h2 class=\"wp-block-heading\">Cocinar<\/h2>\n\n\n\n<p>Cocinar incluye preparar y preparar los componentes de las comidas as\u00ed como elaborar un men\u00fa para la alimentaci\u00f3n adecuada, teniendo en cuenta tu edad y condiciones de vida.<\/p>\n\n\n\n<h2 class=\"wp-block-heading\">Acompa\u00f1amiento al m\u00e9dico \/ servicios de viaje<\/h2>\n\n\n\n<p>Nuestra gama de servicios dom\u00e9sticos tambi\u00e9n incluye visitas al m\u00e9dico u otros servicios de viaje.<\/p>\n\n\n\n<p>Estos servicios se pueden utilizar como parte de la atenci\u00f3n, como servicios de socorro seg\u00fan \u00a7 45b SGB XI o como un servicio privado.<\/p>\n<\/div><\/div>\n\n<div style=\"height:50px\" aria-hidden=\"true\" class=\"wp-block-spacer no-mobile\"><\/div>\n\n<div data-aos-delay=\"1000\" data-aos-duration=\"1500\" data-aos-once=\"true\" data-aos=\"fade-up\" class=\"wp-block-group has-global-color-6-background-color has-background\"><div class=\"wp-block-group__inner-container is-layout-constrained wp-block-group-is-layout-constrained\">\n<h2 class=\"wp-block-heading\">Estamos encantados de ayudarle!<\/h2>\n\n\n\n<p>Despu\u00e9s de extensas discusiones, elaboraremos un <strong>concepto individual<\/strong> con usted, que se <strong>adapte de manera \u00f3ptima a sus necesidades<\/strong> .<\/p>\n\n\n\n<p>El <strong>encuentro personal para conocerse<\/strong> es insustituible en lo que respecta a la atenci\u00f3n ambulatoria. \u00a1No dude en concertar una conversaci\u00f3n con nosotros!<\/p>\n\n\n\n<div class=\"wp-block-buttons is-layout-flex wp-block-buttons-is-layout-flex\">\n<div class=\"wp-block-button has-custom-width wp-block-button__width-100\"><a class=\"wp-block-button__link wp-element-button\" href=\"04316473730\" style=\"border-radius:0px\" target=\"_blank\" rel=\"noreferrer noopener\">\u2192 Llamar<\/a><\/div>\n\n\n\n<div class=\"wp-block-button has-custom-width wp-block-button__width-100\"><a class=\"wp-block-button__link wp-element-button\" href=\"https:\/\/www.bthuus.de\/es\/contacto\/#formular\" style=\"border-radius:0px\">Formulario de contacto<\/a><\/div>\n\n\n\n<div class=\"wp-block-button has-custom-width wp-block-button__width-100\"><a class=\"wp-block-button__link wp-element-button\" href=\"mailto:info@bthuus.de\" style=\"border-radius:0px\" target=\"_blank\" rel=\"noreferrer noopener\">\u2192 Escribe un correo electr\u00f3nico<\/a><\/div>\n<\/div>\n<\/div><\/div>\n","protected":false},"excerpt":{"rendered":"<p>Nuestro departamento de limpieza estar\u00e1 encantado de hacer lo siguiente por usted: limpiando el apartamento Esto incluye limpiar pisos, muebles, ventanas, ba\u00f1os y cocinas y hacer las camas. Lavar la ropa\/ropa Esto incluye dividir y clasificar los textiles, lavar, tender, planchar, remendar y clasificar la ropa en el armario y hacer las camas. Compras Compras &#8230; <\/p>\n<p class=\"read-more-container\"><a title=\"servicios dom\u00e9sticos\" class=\"read-more button\" href=\"https:\/\/www.bthuus.de\/es\/nuestros-servicios\/servicios-domesticos\/#more-1883\" aria-label=\"Leer m\u00e1s sobre servicios dom\u00e9sticos\">Leer m\u00e1s<\/a><\/p>\n","protected":false},"author":1,"featured_media":0,"parent":2188,"menu_order":0,"comment_status":"closed","ping_status":"closed","template":"","meta":{"iawp_total_views":4,"footnotes":""},"class_list":{"0":"post-1883","1":"page","2":"type-page","3":"status-publish","5":"infinite-scroll-item"},"jetpack_sharing_enabled":true,"_links":{"self":[{"href":"https:\/\/www.bthuus.de\/es\/wp-json\/wp\/v2\/pages\/1883","targetHints":{"allow":["GET"]}}],"collection":[{"href":"https:\/\/www.bthuus.de\/es\/wp-json\/wp\/v2\/pages"}],"about":[{"href":"https:\/\/www.bthuus.de\/es\/wp-json\/wp\/v2\/types\/page"}],"author":[{"embeddable":true,"href":"https:\/\/www.bthuus.de\/es\/wp-json\/wp\/v2\/users\/1"}],"replies":[{"embeddable":true,"href":"https:\/\/www.bthuus.de\/es\/wp-json\/wp\/v2\/comments?post=1883"}],"version-history":[{"count":0,"href":"https:\/\/www.bthuus.de\/es\/wp-json\/wp\/v2\/pages\/1883\/revisions"}],"up":[{"embeddable":true,"href":"https:\/\/www.bthuus.de\/es\/wp-json\/wp\/v2\/pages\/2188"}],"wp:attachment":[{"href":"https:\/\/www.bthuus.de\/es\/wp-json\/wp\/v2\/media?parent=1883"}],"curies":[{"name":"wp","href":"https:\/\/api.w.org\/{rel}","templated":true}]}}