{"id":1853,"date":"2022-11-04T14:41:45","date_gmt":"2022-11-04T13:41:45","guid":{"rendered":"https:\/\/www.bthuus.de\/servicios-de-enfermeria\/"},"modified":"2023-07-11T12:04:25","modified_gmt":"2023-07-11T10:04:25","slug":"servicios-de-enfermeria","status":"publish","type":"page","link":"https:\/\/www.bthuus.de\/es\/nuestros-servicios\/servicios-de-enfermeria\/","title":{"rendered":"servicios de enfermeria"},"content":{"rendered":"\n<div class=\"wp-block-group has-global-color-6-background-color has-background\"><div class=\"wp-block-group__inner-container is-layout-constrained wp-block-group-is-layout-constrained\">\n<h2 class=\"wp-block-heading\">Beneficios del seguro de cuidado a largo plazo (SGB XI)<\/h2>\n\n\n\n<p>Son proporcionados por nosotros como prestaciones asistenciales en especie en forma de los denominados complejos de servicios.<br\/>Estos incluyen, por ejemplo:<\/p>\n\n\n\n<ul class=\"wp-block-list\">\n<li>higiene personal<\/li>\n\n\n\n<li>movilizaci\u00f3n<\/li>\n\n\n\n<li>preparar comidas<\/li>\n\n\n\n<li>limpiando el apartamento<\/li>\n\n\n\n<li>Asignaciones de cuidado seg\u00fan \u00a7 37.3 SGB XI<\/li>\n<\/ul>\n<\/div><\/div>\n\n<div style=\"height:50px\" aria-hidden=\"true\" class=\"wp-block-spacer no-mobile\"><\/div>\n\n<div class=\"wp-block-group has-global-color-6-background-color has-background\"><div class=\"wp-block-group__inner-container is-layout-constrained wp-block-group-is-layout-constrained\">\n<h2 class=\"wp-block-heading\">Beneficios del seguro de salud (SGB V)<\/h2>\n\n\n\n<p>Estos incluyen, por ejemplo:<\/p>\n\n\n\n<ul class=\"wp-block-list\">\n<li>Ponerse y quitarse las medias m\u00e9dicas de compresi\u00f3n<\/li>\n\n\n\n<li>inyecciones prescritas por un m\u00e9dico<\/li>\n\n\n\n<li>administraci\u00f3n de medicamentos<\/li>\n\n\n\n<li>Configuraci\u00f3n de la caja de medicamentos<\/li>\n\n\n\n<li>cambio de aderezo<\/li>\n<\/ul>\n\n\n\n<p>El seguro m\u00e9dico obligatorio (GKV) ofrece varios servicios en el marco de la atenci\u00f3n ambulatoria, que est\u00e1n regulados en el \u00a7 37 del C\u00f3digo de Seguridad Social V (SGB V). Esto incluye:<\/p>\n\n\n\n<ul class=\"wp-block-list\">\n<li><strong>Cuidado de enfermer\u00eda<\/strong> : Este es el cuidado de las personas que est\u00e1n en necesidad de atenci\u00f3n y necesitan ayuda en la vida cotidiana. Esto incluye, por ejemplo, la atenci\u00f3n b\u00e1sica (p. ej., cuidado del cuerpo, nutrici\u00f3n) y las tareas dom\u00e9sticas.<\/li>\n\n\n\n<li><strong>Atenci\u00f3n de relevo<\/strong> : Estas prestaciones est\u00e1n dirigidas a personas que dependen del apoyo de un cuidador por su necesidad de cuidados y que temporalmente no pueden recibir este apoyo, por ejemplo porque el cuidador no puede asistir.<\/li>\n\n\n\n<li><strong>Atenci\u00f3n a corto plazo<\/strong> : Estos beneficios est\u00e1n dirigidos a personas que necesitan ser ingresadas temporalmente en un centro de atenci\u00f3n, por ejemplo porque la atenci\u00f3n domiciliaria ya no es posible o porque se requiere rehabilitaci\u00f3n.<\/li>\n\n\n\n<li><strong>Enfermer\u00eda a domicilio<\/strong> : Estos servicios incluyen el cuidado de personas enfermas en el hogar por parte de enfermeras calificadas, como enfermer\u00eda, cuidado de heridas, inyecciones e infusiones.<\/li>\n<\/ul>\n\n\n\n<p>Sin embargo, tambi\u00e9n hay algunos servicios que no est\u00e1n cubiertos por la GKV, como los costos de los auxiliares de enfermer\u00eda que no son m\u00e9dicamente necesarios.<\/p>\n<\/div><\/div>\n\n<div style=\"height:50px\" aria-hidden=\"true\" class=\"wp-block-spacer no-mobile\"><\/div>\n\n<div class=\"wp-block-group has-global-color-6-background-color has-background\"><div class=\"wp-block-group__inner-container is-layout-constrained wp-block-group-is-layout-constrained\">\n<h2 class=\"wp-block-heading\">paquete de servicios<\/h2>\n\n\n\n<p>Adem\u00e1s de los beneficios de atenci\u00f3n mencionados, tambi\u00e9n ofrecemos un paquete de servicios complementarios.<br\/>Este paquete de servicios incluye, por ejemplo:<\/p>\n\n\n\n<ul class=\"wp-block-list\">\n<li>La adquisicion de medicamentos<\/li>\n\n\n\n<li>Comunicaci\u00f3n con los m\u00e9dicos<\/li>\n<\/ul>\n<\/div><\/div>\n\n<div style=\"height:50px\" aria-hidden=\"true\" class=\"wp-block-spacer no-mobile\"><\/div>\n\n<div class=\"wp-block-group has-global-color-6-background-color has-background\"><div class=\"wp-block-group__inner-container is-layout-constrained wp-block-group-is-layout-constrained\">\n<h2 class=\"wp-block-heading\">sistema de alarma para el hogar<\/h2>\n\n\n\n<p>El sistema de llamadas de emergencia a domicilio es <strong>un servicio externo<\/strong> que podemos organizar con gusto.<\/p>\n\n\n\n<p>\u00bfLe gustar\u00eda vivir seguro en el entorno de su hogar, a pesar de la vejez, la enfermedad o la discapacidad?<br\/>Su familiar tambi\u00e9n debe hacerlo durante su ausencia, p. B. mientras est\u00e1 de vacaciones: \u00bftiene la oportunidad de pedir ayuda en caso de emergencia?<br\/>Con la <a rel=\"noreferrer noopener\" href=\"https:\/\/www.mebo.de\/\" data-type=\"URL\" data-id=\"https:\/\/www.mebo.de\/\" target=\"_blank\">llamada de emergencia interna de MEBO Sicherheit,<\/a> obtiene seguridad y servicio.<br\/>El centro de control de servicio est\u00e1 atendido las 24 horas del d\u00eda y nos notifica si se ha realizado una llamada de emergencia y se requiere apoyo.<\/p>\n\n\n\n<p>La llamada de emergencia interna de MEBO Sicherheit es <strong>una oferta independiente de nuestro servicio telef\u00f3nico de 24 horas<\/strong> fuera del horario de oficina.<\/p>\n<\/div><\/div>\n\n<div style=\"height:50px\" aria-hidden=\"true\" class=\"wp-block-spacer no-mobile\"><\/div>\n\n<div data-aos-delay=\"1000\" data-aos-duration=\"1500\" data-aos-once=\"true\" data-aos=\"fade-up\" class=\"wp-block-group has-global-color-6-background-color has-background\"><div class=\"wp-block-group__inner-container is-layout-constrained wp-block-group-is-layout-constrained\">\n<h2 class=\"wp-block-heading\">Estamos encantados de ayudarle!<\/h2>\n\n\n\n<p>Despu\u00e9s de extensas discusiones, elaboraremos un <strong>concepto individual<\/strong> con usted, que se <strong>adapte de manera \u00f3ptima a sus necesidades<\/strong> .<\/p>\n\n\n\n<p>El <strong>encuentro personal para conocerse<\/strong> es insustituible en lo que respecta a la atenci\u00f3n ambulatoria. \u00a1No dude en concertar una conversaci\u00f3n con nosotros!<\/p>\n\n\n\n<div class=\"wp-block-buttons is-layout-flex wp-block-buttons-is-layout-flex\">\n<div class=\"wp-block-button has-custom-width wp-block-button__width-100\"><a class=\"wp-block-button__link wp-element-button\" href=\"04316473730\" style=\"border-radius:0px\" target=\"_blank\" rel=\"noreferrer noopener\">\u2192 Llamar<\/a><\/div>\n\n\n\n<div class=\"wp-block-button has-custom-width wp-block-button__width-100\"><a class=\"wp-block-button__link wp-element-button\" href=\"https:\/\/www.bthuus.de\/es\/contacto\/#formular\" style=\"border-radius:0px\">Formulario de contacto<\/a><\/div>\n\n\n\n<div class=\"wp-block-button has-custom-width wp-block-button__width-100\"><a class=\"wp-block-button__link wp-element-button\" href=\"mailto:info@bthuus.de\" style=\"border-radius:0px\" target=\"_blank\" rel=\"noreferrer noopener\">\u2192 Escribe un correo electr\u00f3nico<\/a><\/div>\n<\/div>\n<\/div><\/div>\n\n<p><\/p>\n","protected":false},"excerpt":{"rendered":"<p>Beneficios del seguro de cuidado a largo plazo (SGB XI) Son proporcionados por nosotros como prestaciones asistenciales en especie en forma de los denominados complejos de servicios.Estos incluyen, por ejemplo: Beneficios del seguro de salud (SGB V) Estos incluyen, por ejemplo: El seguro m\u00e9dico obligatorio (GKV) ofrece varios servicios en el marco de la atenci\u00f3n &#8230; <\/p>\n<p class=\"read-more-container\"><a title=\"servicios de enfermeria\" class=\"read-more button\" href=\"https:\/\/www.bthuus.de\/es\/nuestros-servicios\/servicios-de-enfermeria\/#more-1853\" aria-label=\"Leer m\u00e1s sobre servicios de enfermeria\">Leer m\u00e1s<\/a><\/p>\n","protected":false},"author":1,"featured_media":0,"parent":2188,"menu_order":0,"comment_status":"closed","ping_status":"closed","template":"","meta":{"iawp_total_views":3,"footnotes":""},"class_list":{"0":"post-1853","1":"page","2":"type-page","3":"status-publish","5":"infinite-scroll-item"},"jetpack_sharing_enabled":true,"_links":{"self":[{"href":"https:\/\/www.bthuus.de\/es\/wp-json\/wp\/v2\/pages\/1853","targetHints":{"allow":["GET"]}}],"collection":[{"href":"https:\/\/www.bthuus.de\/es\/wp-json\/wp\/v2\/pages"}],"about":[{"href":"https:\/\/www.bthuus.de\/es\/wp-json\/wp\/v2\/types\/page"}],"author":[{"embeddable":true,"href":"https:\/\/www.bthuus.de\/es\/wp-json\/wp\/v2\/users\/1"}],"replies":[{"embeddable":true,"href":"https:\/\/www.bthuus.de\/es\/wp-json\/wp\/v2\/comments?post=1853"}],"version-history":[{"count":0,"href":"https:\/\/www.bthuus.de\/es\/wp-json\/wp\/v2\/pages\/1853\/revisions"}],"up":[{"embeddable":true,"href":"https:\/\/www.bthuus.de\/es\/wp-json\/wp\/v2\/pages\/2188"}],"wp:attachment":[{"href":"https:\/\/www.bthuus.de\/es\/wp-json\/wp\/v2\/media?parent=1853"}],"curies":[{"name":"wp","href":"https:\/\/api.w.org\/{rel}","templated":true}]}}