{"id":1840,"date":"2022-11-04T14:40:38","date_gmt":"2022-11-04T13:40:38","guid":{"rendered":"https:\/\/www.bthuus.de\/sobre-nosotros\/filosofia\/"},"modified":"2023-07-11T12:04:18","modified_gmt":"2023-07-11T10:04:18","slug":"filosofia","status":"publish","type":"page","link":"https:\/\/www.bthuus.de\/es\/ueber-uns\/filosofia\/","title":{"rendered":"filosof\u00eda"},"content":{"rendered":"\n<div class=\"wp-block-group has-global-color-6-background-color has-background\"><div class=\"wp-block-group__inner-container is-layout-constrained wp-block-group-is-layout-constrained\">\n<h2 class=\"wp-block-heading\">nuestra filosof\u00eda<\/h2>\n\n\n\n<blockquote class=\"wp-block-quote has-medium-font-size is-layout-flow wp-block-quote-is-layout-flow\">\n<p>&#8221; <em>La dignidad humana es inviolable&#8221;.<\/em><\/p>\n<cite><em>(Art\u00edculo 1, Ley B\u00e1sica Alemana)<\/em><\/cite><\/blockquote>\n\n\n\n<p>El centro de nuestras acciones es el ser humano en su singularidad.<\/p>\n<\/div><\/div>\n\n<div style=\"height:50px\" aria-hidden=\"true\" class=\"wp-block-spacer no-mobile\"><\/div>\n\n<div class=\"wp-block-group has-global-color-6-background-color has-background\"><div class=\"wp-block-group__inner-container is-layout-constrained wp-block-group-is-layout-constrained\">\n<h2 class=\"wp-block-heading\">Nuestro concepto de cuidado<\/h2>\n\n\n\n<p>Entendemos a todos y cada uno de nuestros pacientes<\/p>\n\n\n\n<ul class=\"wp-block-list\">\n<li>como una unidad inseparable de cuerpo, mente y alma<\/li>\n\n\n\n<li>como individuo, que se orienta a las actividades de la vida<\/li>\n<\/ul>\n\n\n\n<p>La promoci\u00f3n de los recursos antecede a la toma de posesi\u00f3n por sustituci\u00f3n de actividades y acciones.<\/p>\n\n\n\n<ul class=\"wp-block-list\">\n<li>Tratamos a todos con respeto, <strong>independientemente de su religi\u00f3n, g\u00e9nero, nacionalidad y origen.<\/strong><\/li>\n\n\n\n<li>Queremos mantener y promover la calidad de vida del paciente\/cliente y as\u00ed permitir que permanezca en su hogar el mayor tiempo posible.<\/li>\n\n\n\n<li>Incluimos al paciente\/cliente y sus familiares en las decisiones de enfermer\u00eda, teniendo en cuenta los recursos.<\/li>\n\n\n\n<li>En un <strong>ambiente de familiaridad,<\/strong> queremos conocer los deseos y necesidades del paciente y, en la medida de lo posible, cumplirlos.<\/li>\n\n\n\n<li>Acompa\u00f1amos a los moribundos en casa y los apoyamos a ellos y a sus familiares d\u00eda y noche. Trabajamos en conjunto con todas las personas involucradas en el cuidado del paciente\/cliente de manera confiable y conectamos nuestras ofertas. Esto nos permite ofrecer cuidado del hogar, actividades de ocio, excursiones y cuidados, acompa\u00f1amiento m\u00e9dico y terapias desde un mismo punto.<\/li>\n\n\n\n<li>Valoramos al personal calificado y desplegamos a nuestros empleados de acuerdo con sus habilidades y competencias.<\/li>\n\n\n\n<li>Nos aseguramos de que nuestros empleados reciban capacitaci\u00f3n regular y educaci\u00f3n superior.<\/li>\n\n\n\n<li>Nos esforzamos por una alta calidad de atenci\u00f3n. El requisito previo para esto es trabajar de acuerdo con las reglas del proceso de enfermer\u00eda.<\/li>\n\n\n\n<li>Involucramos a los empleados en las decisiones y los alentamos a aportar ideas y sugerencias.<\/li>\n\n\n\n<li>Fomentamos la comunicaci\u00f3n abierta, nos apoyamos unos a otros, aceptamos nuestras limitaciones, nuestras fortalezas y nuestras debilidades. Esto nos permite garantizar un buen ambiente de trabajo.<\/li>\n<\/ul>\n<\/div><\/div>\n","protected":false},"excerpt":{"rendered":"<p>nuestra filosof\u00eda &#8221; La dignidad humana es inviolable&#8221;. El centro de nuestras acciones es el ser humano en su singularidad. Nuestro concepto de cuidado Entendemos a todos y cada uno de nuestros pacientes La promoci\u00f3n de los recursos antecede a la toma de posesi\u00f3n por sustituci\u00f3n de actividades y acciones.<\/p>\n","protected":false},"author":1,"featured_media":0,"parent":1794,"menu_order":0,"comment_status":"closed","ping_status":"closed","template":"","meta":{"iawp_total_views":1,"footnotes":""},"class_list":{"0":"post-1840","1":"page","2":"type-page","3":"status-publish","5":"infinite-scroll-item"},"jetpack_sharing_enabled":true,"_links":{"self":[{"href":"https:\/\/www.bthuus.de\/es\/wp-json\/wp\/v2\/pages\/1840","targetHints":{"allow":["GET"]}}],"collection":[{"href":"https:\/\/www.bthuus.de\/es\/wp-json\/wp\/v2\/pages"}],"about":[{"href":"https:\/\/www.bthuus.de\/es\/wp-json\/wp\/v2\/types\/page"}],"author":[{"embeddable":true,"href":"https:\/\/www.bthuus.de\/es\/wp-json\/wp\/v2\/users\/1"}],"replies":[{"embeddable":true,"href":"https:\/\/www.bthuus.de\/es\/wp-json\/wp\/v2\/comments?post=1840"}],"version-history":[{"count":0,"href":"https:\/\/www.bthuus.de\/es\/wp-json\/wp\/v2\/pages\/1840\/revisions"}],"up":[{"embeddable":true,"href":"https:\/\/www.bthuus.de\/es\/wp-json\/wp\/v2\/pages\/1794"}],"wp:attachment":[{"href":"https:\/\/www.bthuus.de\/es\/wp-json\/wp\/v2\/media?parent=1840"}],"curies":[{"name":"wp","href":"https:\/\/api.w.org\/{rel}","templated":true}]}}