{"id":1794,"date":"2022-11-04T14:39:57","date_gmt":"2022-11-04T13:39:57","guid":{"rendered":"https:\/\/www.bthuus.de\/sobre-nosotros\/"},"modified":"2023-09-26T16:00:02","modified_gmt":"2023-09-26T14:00:02","slug":"ueber-uns","status":"publish","type":"page","link":"https:\/\/www.bthuus.de\/es\/ueber-uns\/","title":{"rendered":"Sobre nosotros"},"content":{"rendered":"\n<div class=\"wp-block-group has-global-color-6-background-color has-background\"><div class=\"wp-block-group__inner-container is-layout-constrained wp-block-group-is-layout-constrained\">\n<h2 class=\"wp-block-heading\">Servicio de enfermer\u00eda para pacientes ambulatorios en Kiel y Bredenbek<\/h2>\n\n\n\n<p>Desde 1994, con <strong>oficinas en Kiel y Bredenbek<\/strong> , hemos hecho posible que nuestros clientes y pacientes permanezcan en casa y en su entorno familiar, incluso si dependen de cuidados de enfermer\u00eda y\/o ayuda en el hogar. Estaremos encantados de proporcionarle informaci\u00f3n completa sobre las opciones de atenci\u00f3n ambulatoria.<\/p>\n\n\n\n<p>Despu\u00e9s de extensas conversaciones con la persona que necesita ayuda y\/o sus familiares, elaboramos un <strong>concepto individual<\/strong> con usted, que se adapta de manera \u00f3ptima a sus necesidades. Esto tambi\u00e9n se aplica si solo depende temporalmente de la ayuda, como puede ser el caso durante o despu\u00e9s de una enfermedad, por ejemplo, o para relevar temporalmente o reemplazar a familiares que lo cuidan.<\/p>\n\n\n\n<p>Desde el apoyo dom\u00e9stico, la provisi\u00f3n de sistemas de llamadas de emergencia, el cuidado normal de ancianos y enfermos, hasta los cuidados paliativos, le ofrecemos la oportunidad de permanecer en el entorno de su hogar con nuestro apoyo.<\/p>\n\n\n\n<p>Entonces, si ya no puede arregl\u00e1rselas por su cuenta y a\u00fan desea quedarse en casa, comun\u00edquese con nosotros, <strong>su equipo de atenci\u00f3n ambulatoria en Bliev to Huus<\/strong> .<\/p>\n\n\n\n<p>\u00a1Estamos aqu\u00ed para ayudar!<\/p>\n<\/div><\/div>\n\n<div style=\"height:50px\" aria-hidden=\"true\" class=\"wp-block-spacer\"><\/div>\n\n<div class=\"wp-block-group has-global-color-6-background-color has-background\"><div class=\"wp-block-group__inner-container is-layout-constrained wp-block-group-is-layout-constrained\">\n<h2 class=\"wp-block-heading\">Administraci\u00f3n<\/h2>\n\n\n<div class=\"tmm tmm_verwaltung\"><div class=\"tmm_3_columns tmm_wrap tmm_plugin_f\"><span class=\"tmm_two_containers_tablet\"><\/span><div class=\"tmm_container\"><div class=\"tmm_member\" style=\"border-top:#019bdd solid 5px;\"><div class=\"tmm_photo tmm_pic_verwaltung_0\" style=\"background: url(https:\/\/www.bthuus.de\/wp-content\/uploads\/2023\/01\/Gaby-Joehnk.webp); margin-left: auto; margin-right:auto; background-size:cover !important;\"><\/div><div class=\"tmm_textblock\"><div class=\"tmm_names\"><span class=\"tmm_fname\">Gaby<\/span> <span class=\"tmm_lname\">J\u00f6hnk<\/span><\/div><div class=\"tmm_job\">Industriekaufmann, Leitung Verwaltung &amp; Personal<\/div><div class=\"tmm_scblock\"><\/div><\/div><\/div><div class=\"tmm_member\" style=\"border-top:#019bdd solid 5px;\"><div class=\"tmm_photo tmm_pic_verwaltung_1\" style=\"background: url(https:\/\/www.bthuus.de\/wp-content\/uploads\/2023\/01\/Nadine_Herrmann-jpg.webp); margin-left: auto; margin-right:auto; background-size:cover !important;\"><\/div><div class=\"tmm_textblock\"><div class=\"tmm_names\"><span class=\"tmm_fname\">Nadine<\/span> <span class=\"tmm_lname\">Roth<\/span><\/div><div class=\"tmm_job\">Kauffrau im Gesundheitswesen, Verwaltung Kiel<\/div><div class=\"tmm_scblock\"><\/div><\/div><\/div><span class=\"tmm_two_containers_tablet\"><\/span><div class=\"tmm_member\" style=\"border-top:#019bdd solid 5px;\"><div class=\"tmm_photo tmm_pic_verwaltung_2\" style=\"background: url(https:\/\/www.bthuus.de\/wp-content\/uploads\/2024\/11\/Fatima_Zaghloul.jpg); margin-left: auto; margin-right:auto; background-size:cover !important;\"><\/div><div class=\"tmm_textblock\"><div class=\"tmm_names\"><span class=\"tmm_fname\">Fatima<\/span> <span class=\"tmm_lname\">Zaghloul<\/span><\/div><div class=\"tmm_job\">Verwaltungsangestellte<\/div><div class=\"tmm_scblock\"><\/div><\/div><\/div><div style=\"clear:both;\"><\/div><\/div><\/div><\/div>\n<\/div><\/div>\n\n<div style=\"height:50px\" aria-hidden=\"true\" class=\"wp-block-spacer\"><\/div>\n\n<div class=\"wp-block-group has-global-color-6-background-color has-background\"><div class=\"wp-block-group__inner-container is-layout-constrained wp-block-group-is-layout-constrained\">\n<h2 class=\"wp-block-heading\">La gesti\u00f3n de enfermer\u00eda<\/h2>\n\n\n<div class=\"tmm tmm_pflegedienstleitung\"><div class=\"tmm_3_columns tmm_wrap tmm_theme_f\"><span class=\"tmm_two_containers_tablet\"><\/span><div class=\"tmm_container\"><div class=\"tmm_member\" style=\"border-top:#019bdd solid 5px;\"><div class=\"tmm_photo tmm_pic_pflegedienstleitung_0\" style=\"background: url(https:\/\/www.bthuus.de\/wp-content\/uploads\/2022\/11\/Michael_Burkel.jpg); margin-left: auto; margin-right:auto; background-size:cover !important;\"><\/div><div class=\"tmm_textblock\"><div class=\"tmm_names\"><span class=\"tmm_fname\">Michael<\/span> <span class=\"tmm_lname\">Burkel<\/span><\/div><div class=\"tmm_job\">Krankenpfleger, Pflegedienstleitung, Palliative Care Pflegefachkraft, Supervisor<\/div><div class=\"tmm_scblock\"><\/div><\/div><\/div><div class=\"tmm_member\" style=\"border-top:#019bdd solid 5px;\"><div class=\"tmm_photo tmm_pic_pflegedienstleitung_1\" style=\"background: url(https:\/\/www.bthuus.de\/wp-content\/uploads\/2023\/01\/Sven_Stuhr_Pflegedienstleitung-jpg.webp); margin-left: auto; margin-right:auto; background-size:cover !important;\"><\/div><div class=\"tmm_textblock\"><div class=\"tmm_names\"><span class=\"tmm_fname\">Sven<\/span> <span class=\"tmm_lname\">Stuhr<\/span><\/div><div class=\"tmm_job\">Altenpfleger, Pflegedienstleitung, Palliative Care Pflegefachkraft, Heimleiter<\/div><div class=\"tmm_scblock\"><\/div><\/div><\/div><span class=\"tmm_two_containers_tablet\"><\/span><div class=\"tmm_member\" style=\"border-top:#019bdd solid 5px;\"><div class=\"tmm_photo tmm_pic_pflegedienstleitung_2\" style=\"background: url(https:\/\/www.bthuus.de\/wp-content\/uploads\/2024\/11\/asta_burkel.jpg); margin-left: auto; margin-right:auto; background-size:cover !important;\"><\/div><div class=\"tmm_textblock\"><div class=\"tmm_names\"><span class=\"tmm_fname\">Asta<\/span> <span class=\"tmm_lname\">Burkel<\/span><\/div><div class=\"tmm_job\">Krankenschwester, Fachkraft f\u00fcr An\u00e4sthesie &amp; Intensivmedizin, QM Beauftragte, BA Sozial- &amp; Gesundheitsmangement, Stellvertretende Pflegedienstleitung<\/div><div class=\"tmm_scblock\"><\/div><\/div><\/div><div style=\"clear:both;\"><\/div><\/div><\/div><\/div>\n<\/div><\/div>\n\n<div style=\"height:50px\" aria-hidden=\"true\" class=\"wp-block-spacer\"><\/div>\n\n<div class=\"wp-block-group has-global-color-6-background-color has-background\"><div class=\"wp-block-group__inner-container is-layout-constrained wp-block-group-is-layout-constrained\">\n<h2 class=\"wp-block-heading\">Cuidado<\/h2>\n\n\n<div class=\"tmm tmm_pflege\"><div class=\"tmm_3_columns tmm_wrap tmm_theme_f\"><span class=\"tmm_two_containers_tablet\"><\/span><div class=\"tmm_container\"><div class=\"tmm_member\" style=\"border-top:#019bdd solid 5px;\"><div class=\"tmm_photo tmm_pic_pflege_0\" style=\"background: url(https:\/\/www.bthuus.de\/wp-content\/uploads\/2023\/01\/ueber_uns_portrait_platzhalter-jpg.webp); margin-left: auto; margin-right:auto; background-size:cover !important;\"><\/div><div class=\"tmm_textblock\"><div class=\"tmm_names\"><span class=\"tmm_fname\">Faka<\/span> <span class=\"tmm_lname\">Rasmussen<\/span><\/div><div class=\"tmm_job\">Pflegehelferin<\/div><div class=\"tmm_scblock\"><\/div><\/div><\/div><div class=\"tmm_member\" style=\"border-top:#019bdd solid 5px;\"><div class=\"tmm_photo tmm_pic_pflege_1\" style=\"background: url(https:\/\/www.bthuus.de\/wp-content\/uploads\/2023\/01\/ueber_uns_portrait_platzhalter-jpg.webp); margin-left: auto; margin-right:auto; background-size:cover !important;\"><\/div><div class=\"tmm_textblock\"><div class=\"tmm_names\"><span class=\"tmm_fname\">Inken<\/span> <span class=\"tmm_lname\">Thiedemann<\/span><\/div><div class=\"tmm_job\">Krankenschwester<\/div><div class=\"tmm_scblock\"><\/div><\/div><\/div><span class=\"tmm_two_containers_tablet\"><\/span><div class=\"tmm_member\" style=\"border-top:#019bdd solid 5px;\"><div class=\"tmm_photo tmm_pic_pflege_2\" style=\"background: url(https:\/\/www.bthuus.de\/wp-content\/uploads\/2023\/01\/Jaquline_Kriegel_Krankenschwester_Parkinson_Fachschwester-jpg.webp); margin-left: auto; margin-right:auto; background-size:cover !important;\"><\/div><div class=\"tmm_textblock\"><div class=\"tmm_names\"><span class=\"tmm_fname\">Jacqueline<\/span> <span class=\"tmm_lname\">Kriegel<\/span><\/div><div class=\"tmm_job\">Krankenschwester, Parkinson Fachschwester<\/div><div class=\"tmm_scblock\"><\/div><\/div><\/div><\/div><span class=\"tmm_columns_containers_desktop\"><\/span><div class=\"tmm_container\"><div class=\"tmm_member\" style=\"border-top:#019bdd solid 5px;\"><div class=\"tmm_photo tmm_pic_pflege_3\" style=\"background: url(https:\/\/www.bthuus.de\/wp-content\/uploads\/2023\/01\/Joanna_Franszak.webp); margin-left: auto; margin-right:auto; background-size:cover !important;\"><\/div><div class=\"tmm_textblock\"><div class=\"tmm_names\"><span class=\"tmm_fname\">Joanna<\/span> <span class=\"tmm_lname\">Franczak<\/span><\/div><div class=\"tmm_job\">Pflegehelferin<\/div><div class=\"tmm_scblock\"><\/div><\/div><\/div><span class=\"tmm_two_containers_tablet\"><\/span><div class=\"tmm_member\" style=\"border-top:#019bdd solid 5px;\"><div class=\"tmm_photo tmm_pic_pflege_4\" style=\"background: url(https:\/\/www.bthuus.de\/wp-content\/uploads\/2023\/01\/Oliver_Berthold_Altenpfleger_Palliativpflegekraft-jpg.webp); margin-left: auto; margin-right:auto; background-size:cover !important;\"><\/div><div class=\"tmm_textblock\"><div class=\"tmm_names\"><span class=\"tmm_fname\">Oliver<\/span> <span class=\"tmm_lname\">Berthold<\/span><\/div><div class=\"tmm_job\">Altenpfleger, Palliative Care Pflegefachkraft<\/div><div class=\"tmm_scblock\"><\/div><\/div><\/div><div class=\"tmm_member\" style=\"border-top:#019bdd solid 5px;\"><div class=\"tmm_photo tmm_pic_pflege_5\" style=\"background: url(https:\/\/www.bthuus.de\/wp-content\/uploads\/2023\/01\/ueber_uns_portrait_platzhalter-jpg.webp); margin-left: auto; margin-right:auto; background-size:cover !important;\"><\/div><div class=\"tmm_textblock\"><div class=\"tmm_names\"><span class=\"tmm_fname\">Sabine<\/span> <span class=\"tmm_lname\">Kehring<\/span><\/div><div class=\"tmm_job\">Altenpflegerin<\/div><div class=\"tmm_scblock\"><\/div><\/div><\/div><span class=\"tmm_two_containers_tablet\"><\/span><\/div><span class=\"tmm_columns_containers_desktop\"><\/span><div class=\"tmm_container\"><div class=\"tmm_member\" style=\"border-top:#019bdd solid 5px;\"><div class=\"tmm_photo tmm_pic_pflege_6\" style=\"background: url(https:\/\/www.bthuus.de\/wp-content\/uploads\/2023\/01\/Sabine_Steinhoff.webp); margin-left: auto; margin-right:auto; background-size:cover !important;\"><\/div><div class=\"tmm_textblock\"><div class=\"tmm_names\"><span class=\"tmm_fname\">Sabine<\/span> <span class=\"tmm_lname\">Steinhoff<\/span><\/div><div class=\"tmm_job\">Altenpflegerin, Palliative Care Pflegefachkraft<\/div><div class=\"tmm_scblock\"><\/div><\/div><\/div><div class=\"tmm_member\" style=\"border-top:#019bdd solid 5px;\"><div class=\"tmm_photo tmm_pic_pflege_7\" style=\"background: url(https:\/\/www.bthuus.de\/wp-content\/uploads\/2024\/11\/Julia_Schulz.jpg); margin-left: auto; margin-right:auto; background-size:cover !important;\"><\/div><div class=\"tmm_textblock\"><div class=\"tmm_names\"><span class=\"tmm_fname\">Julia<\/span> <span class=\"tmm_lname\">Schulz<\/span><\/div><div class=\"tmm_job\">Fachkraft f\u00fcr Hauswirtschaft und Sozialpflege<\/div><div class=\"tmm_scblock\"><\/div><\/div><\/div><span class=\"tmm_two_containers_tablet\"><\/span><div class=\"tmm_member\" style=\"border-top:#019bdd solid 5px;\"><div class=\"tmm_photo tmm_pic_pflege_8\" style=\"background: url(https:\/\/www.bthuus.de\/wp-content\/uploads\/2023\/01\/ueber_uns_portrait_platzhalter-jpg.webp); margin-left: auto; margin-right:auto; background-size:cover !important;\"><\/div><div class=\"tmm_textblock\"><div class=\"tmm_names\"><span class=\"tmm_fname\">Katarzyna<\/span> <span class=\"tmm_lname\">Rose<\/span><\/div><div class=\"tmm_job\">Pflegehelferin<\/div><div class=\"tmm_scblock\"><\/div><\/div><\/div><\/div><span class=\"tmm_columns_containers_desktop\"><\/span><div class=\"tmm_container\"><div class=\"tmm_member\" style=\"border-top:#019bdd solid 5px;\"><div class=\"tmm_photo tmm_pic_pflege_9\" style=\"background: url(https:\/\/www.bthuus.de\/wp-content\/uploads\/2023\/01\/ueber_uns_portrait_platzhalter-jpg.webp); margin-left: auto; margin-right:auto; background-size:cover !important;\"><\/div><div class=\"tmm_textblock\"><div class=\"tmm_names\"><span class=\"tmm_fname\">Ute<\/span> <span class=\"tmm_lname\">Br\u00fcgmann<\/span><\/div><div class=\"tmm_job\">Arzthelferin, Hauswirtschaft<\/div><div class=\"tmm_scblock\"><\/div><\/div><\/div><span class=\"tmm_two_containers_tablet\"><\/span><div class=\"tmm_member\" style=\"border-top:#019bdd solid 5px;\"><div class=\"tmm_textblock\"><div class=\"tmm_names\"><span class=\"tmm_fname\">Kathrin<\/span> <span class=\"tmm_lname\">Andresen<\/span><\/div><div class=\"tmm_job\">Altenpflegerin<\/div><div class=\"tmm_scblock\"><\/div><\/div><\/div><div class=\"tmm_member\" style=\"border-top:#019bdd solid 5px;\"><div class=\"tmm_textblock\"><div class=\"tmm_names\"><span class=\"tmm_fname\">Michele<\/span> <span class=\"tmm_lname\">Prowasnik<\/span><\/div><div class=\"tmm_job\">Pflegehelferin<\/div><div class=\"tmm_scblock\"><\/div><\/div><\/div><div style=\"clear:both;\"><\/div><\/div><\/div><\/div>\n<\/div><\/div>\n\n<div style=\"height:50px\" aria-hidden=\"true\" class=\"wp-block-spacer\"><\/div>\n\n<div class=\"wp-block-group has-global-color-6-background-color has-background\"><div class=\"wp-block-group__inner-container is-layout-constrained wp-block-group-is-layout-constrained\">\n<h2 class=\"wp-block-heading\">Cuidado<\/h2>\n\n\n<div class=\"tmm tmm_betreuung\"><div class=\"tmm_3_columns tmm_wrap tmm_plugin_f\"><span class=\"tmm_two_containers_tablet\"><\/span><div class=\"tmm_container\"><div class=\"tmm_member\" style=\"border-top:#019bdd solid 5px;\"><div class=\"tmm_photo tmm_pic_betreuung_0\" style=\"background: url(https:\/\/www.bthuus.de\/wp-content\/uploads\/2024\/11\/elle_hidde.jpg); margin-left: auto; margin-right:auto; background-size:cover !important;\"><\/div><div class=\"tmm_textblock\"><div class=\"tmm_names\"><span class=\"tmm_fname\">Ellen<\/span> <span class=\"tmm_lname\">Hidde<\/span><\/div><div class=\"tmm_job\">Schwesternhelferin, Betreuungsassistentin (\u00a745 SGB11), Hauswirtschaft<\/div><div class=\"tmm_scblock\"><\/div><\/div><\/div><div class=\"tmm_member\" style=\"border-top:#019bdd solid 5px;\"><div class=\"tmm_photo tmm_pic_betreuung_1\" style=\"background: url(https:\/\/www.bthuus.de\/wp-content\/uploads\/2023\/01\/ueber_uns_portrait_platzhalter-jpg.webp); margin-left: auto; margin-right:auto; background-size:cover !important;\"><\/div><div class=\"tmm_textblock\"><div class=\"tmm_names\"><span class=\"tmm_fname\">Marlies<\/span> <span class=\"tmm_lname\">Knoll<\/span><\/div><div class=\"tmm_job\">Pflegehelferin, Betreuungsassistentin (\u00a745 SGB11), Hauswirtschaft, Vertretung Hauswirtschaftsleitung<\/div><div class=\"tmm_scblock\"><\/div><\/div><\/div><span class=\"tmm_two_containers_tablet\"><\/span><div class=\"tmm_member\" style=\"border-top:#019bdd solid 5px;\"><div class=\"tmm_photo tmm_pic_betreuung_2\" style=\"background: url(https:\/\/www.bthuus.de\/wp-content\/uploads\/2023\/01\/Marina_Schwanebeck_Hauswirtschaft_Betreuungskraft-jpg.webp); margin-left: auto; margin-right:auto; background-size:cover !important;\"><\/div><div class=\"tmm_textblock\"><div class=\"tmm_names\"><span class=\"tmm_fname\">Marina<\/span> <span class=\"tmm_lname\">Schwanebeck<\/span><\/div><div class=\"tmm_job\">Pflegehelferin, Betreuungskraft (\u00a745 SGB11), Hauswirtschaft<\/div><div class=\"tmm_scblock\"><\/div><\/div><\/div><\/div><span class=\"tmm_columns_containers_desktop\"><\/span><div class=\"tmm_container\"><div class=\"tmm_member\" style=\"border-top:#019bdd solid 5px;\"><div class=\"tmm_photo tmm_pic_betreuung_3\" style=\"background: url(https:\/\/www.bthuus.de\/wp-content\/uploads\/2023\/01\/ueber_uns_portrait_platzhalter-jpg.webp); margin-left: auto; margin-right:auto; background-size:cover !important;\"><\/div><div class=\"tmm_textblock\"><div class=\"tmm_names\"><span class=\"tmm_fname\">Gaby<\/span> <span class=\"tmm_lname\">Herpertz<\/span><\/div><div class=\"tmm_job\">Betreuungsassistentin (\u00a745 SGB11), Hauswirtschaft<\/div><div class=\"tmm_scblock\"><\/div><\/div><\/div><span class=\"tmm_two_containers_tablet\"><\/span><div class=\"tmm_member\" style=\"border-top:#019bdd solid 5px;\"><div class=\"tmm_photo tmm_pic_betreuung_4\" style=\"background: url(https:\/\/www.bthuus.de\/wp-content\/uploads\/2023\/01\/ueber_uns_portrait_platzhalter-jpg.webp); margin-left: auto; margin-right:auto; background-size:cover !important;\"><\/div><div class=\"tmm_textblock\"><div class=\"tmm_names\"><span class=\"tmm_fname\">Tim<\/span> <span class=\"tmm_lname\">Polley<\/span><\/div><div class=\"tmm_job\">Betreuungskraft nach \u00a753b SGB XI, Pflegehelfer<\/div><div class=\"tmm_scblock\"><\/div><\/div><\/div><div style=\"clear:both;\"><\/div><\/div><\/div><\/div>\n<\/div><\/div>\n\n<div style=\"height:50px\" aria-hidden=\"true\" class=\"wp-block-spacer\"><\/div>\n\n<div class=\"wp-block-group has-global-color-6-background-color has-background\"><div class=\"wp-block-group__inner-container is-layout-constrained wp-block-group-is-layout-constrained\">\n<h2 class=\"wp-block-heading\">limpieza interna<\/h2>\n\n\n<div class=\"tmm tmm_hauswirtschaft\"><div class=\"tmm_3_columns tmm_wrap tmm_theme_f\"><span class=\"tmm_two_containers_tablet\"><\/span><div class=\"tmm_container\"><div class=\"tmm_member\" style=\"border-top:#019bdd solid 5px;\"><div class=\"tmm_photo tmm_pic_hauswirtschaft_0\" style=\"background: url(https:\/\/www.bthuus.de\/wp-content\/uploads\/2023\/01\/Carmen_von_Hadel_Leitung_Hauswirtschaft-jpg.webp); margin-left: auto; margin-right:auto; background-size:cover !important;\"><\/div><div class=\"tmm_textblock\"><div class=\"tmm_names\"><span class=\"tmm_fname\">Carmen<\/span> <span class=\"tmm_lname\">von Hadel<\/span><\/div><div class=\"tmm_job\">Leitung Hauswirtschaft &amp; Betreuungsabteilung<\/div><div class=\"tmm_scblock\"><\/div><\/div><\/div><div class=\"tmm_member\" style=\"border-top:#019bdd solid 5px;\"><div class=\"tmm_photo tmm_pic_hauswirtschaft_1\" style=\"background: url(https:\/\/www.bthuus.de\/wp-content\/uploads\/2023\/01\/ueber_uns_portrait_platzhalter-jpg.webp); margin-left: auto; margin-right:auto; background-size:cover !important;\"><\/div><div class=\"tmm_textblock\"><div class=\"tmm_names\"><span class=\"tmm_fname\">Ulrike<\/span> <span class=\"tmm_lname\">Schneekloth<\/span><\/div><div class=\"tmm_job\">Hauswirtschaft<\/div><div class=\"tmm_scblock\"><\/div><\/div><\/div><span class=\"tmm_two_containers_tablet\"><\/span><div class=\"tmm_member\" style=\"border-top:#019bdd solid 5px;\"><div class=\"tmm_photo tmm_pic_hauswirtschaft_2\" style=\"background: url(https:\/\/www.bthuus.de\/wp-content\/uploads\/2023\/01\/ueber_uns_portrait_platzhalter-jpg.webp); margin-left: auto; margin-right:auto; background-size:cover !important;\"><\/div><div class=\"tmm_textblock\"><div class=\"tmm_names\"><span class=\"tmm_fname\">Valentina<\/span> <span class=\"tmm_lname\">Reiter<\/span><\/div><div class=\"tmm_job\">Hauswirtschaft<\/div><div class=\"tmm_scblock\"><\/div><\/div><\/div><\/div><span class=\"tmm_columns_containers_desktop\"><\/span><div class=\"tmm_container\"><div class=\"tmm_member\" style=\"border-top:#019bdd solid 5px;\"><div class=\"tmm_photo tmm_pic_hauswirtschaft_3\" style=\"background: url(https:\/\/www.bthuus.de\/wp-content\/uploads\/2023\/01\/ueber_uns_portrait_platzhalter-jpg.webp); margin-left: auto; margin-right:auto; background-size:cover !important;\"><\/div><div class=\"tmm_textblock\"><div class=\"tmm_names\"><span class=\"tmm_fname\">Sabrina<\/span> <span class=\"tmm_lname\">Stegelmann<\/span><\/div><div class=\"tmm_job\">Hauswirtschaft<\/div><div class=\"tmm_scblock\"><\/div><\/div><\/div><div style=\"clear:both;\"><\/div><\/div><\/div><\/div>\n<\/div><\/div>\n","protected":false},"excerpt":{"rendered":"<p>Servicio de enfermer\u00eda para pacientes ambulatorios en Kiel y Bredenbek Desde 1994, con oficinas en Kiel y Bredenbek , hemos hecho posible que nuestros clientes y pacientes permanezcan en casa y en su entorno familiar, incluso si dependen de cuidados de enfermer\u00eda y\/o ayuda en el hogar. Estaremos encantados de proporcionarle informaci\u00f3n completa sobre las &#8230; <\/p>\n<p class=\"read-more-container\"><a title=\"Hauswirtschaft\" class=\"read-more button\" href=\"https:\/\/www.bthuus.de\/es\/tmm\/hauswirtschaft\/#more-2602\" aria-label=\"Leer m\u00e1s sobre Hauswirtschaft\">Leer m\u00e1s<\/a><\/p>\n","protected":false},"author":1,"featured_media":0,"parent":0,"menu_order":0,"comment_status":"closed","ping_status":"closed","template":"","meta":{"iawp_total_views":9,"footnotes":""},"class_list":["post-1794","page","type-page","status-publish","hentry","infinite-scroll-item"],"jetpack_sharing_enabled":true,"_links":{"self":[{"href":"https:\/\/www.bthuus.de\/es\/wp-json\/wp\/v2\/pages\/1794","targetHints":{"allow":["GET"]}}],"collection":[{"href":"https:\/\/www.bthuus.de\/es\/wp-json\/wp\/v2\/pages"}],"about":[{"href":"https:\/\/www.bthuus.de\/es\/wp-json\/wp\/v2\/types\/page"}],"author":[{"embeddable":true,"href":"https:\/\/www.bthuus.de\/es\/wp-json\/wp\/v2\/users\/1"}],"replies":[{"embeddable":true,"href":"https:\/\/www.bthuus.de\/es\/wp-json\/wp\/v2\/comments?post=1794"}],"version-history":[{"count":6,"href":"https:\/\/www.bthuus.de\/es\/wp-json\/wp\/v2\/pages\/1794\/revisions"}],"predecessor-version":[{"id":2929,"href":"https:\/\/www.bthuus.de\/es\/wp-json\/wp\/v2\/pages\/1794\/revisions\/2929"}],"wp:attachment":[{"href":"https:\/\/www.bthuus.de\/es\/wp-json\/wp\/v2\/media?parent=1794"}],"curies":[{"name":"wp","href":"https:\/\/api.w.org\/{rel}","templated":true}]}}