{"id":2003,"date":"2022-11-04T14:56:13","date_gmt":"2022-11-04T13:56:13","guid":{"rendered":"https:\/\/www.bthuus.de\/general-outpatient-palliative-care-aapv\/"},"modified":"2023-07-11T12:05:12","modified_gmt":"2023-07-11T10:05:12","slug":"general-outpatient-palliative-care-aapv","status":"publish","type":"page","link":"https:\/\/www.bthuus.de\/en\/our-services\/palliative-care\/general-outpatient-palliative-care-aapv\/","title":{"rendered":"General Outpatient Palliative Care (AAPV)"},"content":{"rendered":"\n<div class=\"wp-block-group has-global-color-6-background-color has-background\"><div class=\"wp-block-group__inner-container is-layout-constrained wp-block-group-is-layout-constrained\">\n<p><strong>General ambulatory palliative care (AAPV)<\/strong> is an important part of healthcare, especially for seriously ill people who want to live in their own homes. AAPV is a specialized form of outpatient medicine aimed at <strong>patients with advanced, incurable disease<\/strong> . The AAPV aims to improve the quality of life of patients and their families and to enable them to live as independently as possible.<\/p>\n\n\n\n<p>In addition to AAPV, we also offer <strong>end-of-life care<\/strong> and <strong>grief work<\/strong> with loved ones.<\/p>\n<\/div><\/div>\n\n<div style=\"height:50px\" aria-hidden=\"true\" class=\"wp-block-spacer no-mobile\"><\/div>\n\n<div class=\"wp-block-group has-global-color-6-background-color has-background\"><div class=\"wp-block-group__inner-container is-layout-constrained wp-block-group-is-layout-constrained\">\n<h2 class=\"wp-block-heading\">What does general outpatient palliative care (AAPV) include?<\/h2>\n\n\n\n<p>General outpatient palliative care (AAPV) includes <strong>medical, nursing, psychological and social care for patients with a progressive, incurable disease and a limited life expectancy<\/strong> . The aim of the AAPV is to improve the quality of life of patients and their relatives and to enable them to live and die as independently as possible in familiar surroundings. AAPV can be offered at home or in an outpatient facility such as a hospice or palliative care unit. Care is provided by an interdisciplinary team of doctors, nurses, psychologists and social workers. AAPV can include symptomatic treatment of pain and other ailments as well as psychological and social support for patients and their families.<\/p>\n<\/div><\/div>\n\n<div style=\"height:50px\" aria-hidden=\"true\" class=\"wp-block-spacer no-mobile\"><\/div>\n\n<div class=\"wp-block-group has-global-color-6-background-color has-background\"><div class=\"wp-block-group__inner-container is-layout-constrained wp-block-group-is-layout-constrained\">\n<h2 class=\"wp-block-heading\">Who is general outpatient palliative care (AAPV) aimed at?<\/h2>\n\n\n\n<p>General outpatient palliative care (AAPV) is aimed at patients with advanced, incurable disease who need palliative care.<\/p>\n<\/div><\/div>\n\n<div style=\"height:50px\" aria-hidden=\"true\" class=\"wp-block-spacer no-mobile\"><\/div>\n\n<div class=\"wp-block-group has-global-color-6-background-color has-background\"><div class=\"wp-block-group__inner-container is-layout-constrained wp-block-group-is-layout-constrained\">\n<h2 class=\"wp-block-heading\">What services does the outpatient nursing service Bliev to Huus offer in Kiel and Bredenbek?<\/h2>\n\n\n\n<p>The outpatient nursing service is responsible for the care and support of patients within the framework of the AAPV. Here are some examples of services that we can provide as a home care service under the AAPV:<\/p>\n\n\n\n<ul class=\"wp-block-list\">\n<li><strong>Basic care<\/strong> : We take over the basic care of patients, such as washing, dressing and personal care.<\/li>\n\n\n\n<li><strong>Pain therapy<\/strong> : We help patients take pain medication and give them tips on how to relieve pain.<\/li>\n\n\n\n<li><strong>Symptom Control<\/strong> : We can support patients to control symptoms such as nausea, vomiting and shortness of breath.<\/li>\n\n\n\n<li><strong>Support for relatives<\/strong> : We offer advice and support to relatives of patients in caring for and caring for their loved ones.<\/li>\n<\/ul>\n\n\n\n<p>We at the outpatient care service Bliev to Huus in Kiel and Bredenbek are very happy to have <strong>qualified nurses<\/strong> on our team, especially for general and specialized outpatient palliative care.<\/p>\n<\/div><\/div>\n\n<div style=\"height:50px\" aria-hidden=\"true\" class=\"wp-block-spacer no-mobile\"><\/div>\n\n<div class=\"wp-block-group has-global-color-6-background-color has-background\"><div class=\"wp-block-group__inner-container is-layout-constrained wp-block-group-is-layout-constrained\">\n<h2 class=\"wp-block-heading\">How does general outpatient palliative care work?<\/h2>\n\n\n\n<p>In general, general outpatient palliative care proceeds as follows:<\/p>\n\n\n\n<ol class=\"wp-block-list\">\n<li>AAPV is initiated by a doctor when a patient with an advanced, incurable disease requires palliative care.<\/li>\n\n\n\n<li>The doctor submits an application for AAPV to the health insurance company. The health insurance company checks the application and decides whether to finance the AAPV.<\/li>\n\n\n\n<li>If the application is approved, an AAPV team consisting of doctors, nurses and other professionals will be assembled.<\/li>\n\n\n\n<li>The AAPV team visits the patient at home or in an outpatient facility and provides comprehensive services such as pain management, symptom control and psychological support.<\/li>\n\n\n\n<li>The AAPV team works closely with the patient and their family to develop an individual treatment plan.<\/li>\n\n\n\n<li>The AAPV lasts as long as the patient needs it. If the patient&#8217;s needs change or if the patient dies, the AAPV is terminated.<\/li>\n<\/ol>\n\n\n\n<p>It is important to note that there are two forms of outpatient palliative care: general outpatient palliative care (AAPV) and <a href=\"https:\/\/www.bthuus.de\/leistungen\/spezialisierte-ambulante-paillativversorgung-sapv\/\" data-type=\"page\" data-id=\"375\">specialized outpatient palliative care (SAPV)<\/a> . SAPV is a more pronounced and comprehensive form of AAPV, which is aimed at patients with particularly complex needs and symptoms. The decision as to which form of AAPV is appropriate for a patient is made by a doctor based on the patient&#8217;s individual needs and symptoms.<\/p>\n<\/div><\/div>\n\n<div style=\"height:50px\" aria-hidden=\"true\" class=\"wp-block-spacer no-mobile\"><\/div>\n\n<div class=\"wp-block-group has-global-color-6-background-color has-background\"><div class=\"wp-block-group__inner-container is-layout-constrained wp-block-group-is-layout-constrained\">\n<h2 class=\"wp-block-heading\">frequently asked Questions<\/h2>\n\n\n<div class=\"saswp-faq-block-section\"><ol style=\"list-style-type:none\"><li style=\"list-style-type: none\"><h4 class=\"\">Was ist die AAPV?<\/h4><p class=\"saswp-faq-answer-text\">Die AAPV ist eine spezialisierte Form der ambulanten Medizin, die sich an Patient:innen mit fortgeschrittener, nicht heilbarer Erkrankung richtet. Ziel der AAPV ist es, die Lebensqualit\u00e4t von Patient:innen und ihren Angeh\u00f6rigen zu verbessern und ihnen ein m\u00f6glichst selbstbestimmtes Leben und Sterben zu erm\u00f6glichen.<\/p><li style=\"list-style-type: none\"><h4 class=\"\">Wo findet die AAPV statt?<\/h4><p class=\"saswp-faq-answer-text\">Die AAPV findet in der Regel zu Hause oder in einer ambulanten Einrichtung statt. In manchen F\u00e4llen kann die AAPV auch in einem Hospiz oder einer Klinik durchgef\u00fchrt werden.<\/p><li style=\"list-style-type: none\"><h4 class=\"\">Welche Leistungen werden in der AAPV angeboten?<\/h4><p class=\"saswp-faq-answer-text\">In der AAPV werden umfassende Leistungen angeboten, wie zum Beispiel: Schmerztherapie, Symptomkontrolle, psychologische Unterst\u00fctzung, Beratung und Unterst\u00fctzung von Angeh\u00f6rigen, Hospizliche Betreuung<\/p><li style=\"list-style-type: none\"><h4 class=\"\">Wer kann in die AAPV aufgenommen werden?<\/h4><p class=\"saswp-faq-answer-text\">In die AAPV k\u00f6nnen Patient:innen mit fortgeschrittener, nicht heilbarer Erkrankung aufgenommen werden, die palliative Versorgung ben\u00f6tigen. Die Aufnahme in die AAPV wird von einem Arzt veranlasst und bedarf in der Regel einer Zustimmung der Krankenkasse.<\/p><li style=\"list-style-type: none\"><h4 class=\"\">Wie wird die AAPV finanziert?<\/h4><p class=\"saswp-faq-answer-text\">Die AAPV wird von den Krankenkassen finanziert und ist f\u00fcr die Patient:innen kostenfrei.<\/p><li style=\"list-style-type: none\"><h4 class=\"\">Was ist der Unterschied zwischen AAPV und SAPV?<\/h4><p class=\"saswp-faq-answer-text\">Der wesentliche Unterschied zwischen der AAPV und der SAPV besteht darin, dass die SAPV eine spezialisierte Form der ambulanten Palliativversorgung ist, die sich an Patient:innen mit besonders komplexen Bed\u00fcrfnissen und Symptomen richtet. W\u00e4hrend bei der AAPV die eigene Haus\u00e4rztin oder der eigene Hausarzt verantwortlich ist, ist bei der SAPV eine spezielle \u00c4rztin oder ein spezieller Arzt aus dem SAPV-Team verantwortlich. SAPV umfasst einen deutlich h\u00f6heren Leistungsumfang samt 24h Erreichbarkeit der speziell qualifizierten Pfleger und des \u00e4rztlichen Fachpersonals.<br><\/p><\/ul><\/div><\/div><\/div>\n\n<div style=\"height:50px\" aria-hidden=\"true\" class=\"wp-block-spacer no-mobile\"><\/div>\n\n<div data-aos-delay=\"1000\" data-aos-duration=\"1500\" data-aos-once=\"true\" data-aos=\"fade-up\" class=\"wp-block-group has-global-color-6-background-color has-background\"><div class=\"wp-block-group__inner-container is-layout-constrained wp-block-group-is-layout-constrained\">\n<h2 class=\"wp-block-heading\">We are happy to help!<\/h2>\n\n\n\n<p>After extensive discussions, we will work out an <strong>individual concept<\/strong> with you, which is <strong>optimally tailored to your needs<\/strong> .<\/p>\n\n\n\n<p>The <strong>personal meeting to get to know each other<\/strong> is irreplaceable with regard to outpatient care. Feel free to arrange a conversation with us!<\/p>\n\n\n\n<div class=\"wp-block-buttons is-layout-flex wp-block-buttons-is-layout-flex\">\n<div class=\"wp-block-button has-custom-width wp-block-button__width-100\"><a class=\"wp-block-button__link wp-element-button\" href=\"tel:04316473730\" style=\"border-radius:0px\" target=\"_blank\" rel=\"noreferrer noopener\">\u2192 Call<\/a><\/div>\n\n\n\n<div class=\"wp-block-button has-custom-width wp-block-button__width-100\"><a class=\"wp-block-button__link wp-element-button\" href=\"https:\/\/www.bthuus.de\/en\/contact\/#formular\" style=\"border-radius:0px\">To contact form<\/a><\/div>\n\n\n\n<div class=\"wp-block-button has-custom-width wp-block-button__width-100\"><a class=\"wp-block-button__link wp-element-button\" href=\"mailto:info@bthuus.de\" style=\"border-radius:0px\" target=\"_blank\" rel=\"noreferrer noopener\">\u2192 Write an email<\/a><\/div>\n<\/div>\n<\/div><\/div>\n","protected":false},"excerpt":{"rendered":"<p>General ambulatory palliative care (AAPV) is an important part of healthcare, especially for seriously ill people who want to live in their own homes. AAPV is a specialized form of outpatient medicine aimed at patients with advanced, incurable disease . The AAPV aims to improve the quality of life of patients and their families and &#8230; <\/p>\n<p class=\"read-more-container\"><a title=\"General Outpatient Palliative Care (AAPV)\" class=\"read-more button\" href=\"https:\/\/www.bthuus.de\/en\/our-services\/palliative-care\/general-outpatient-palliative-care-aapv\/#more-2003\" aria-label=\"Read more about General Outpatient Palliative Care (AAPV)\">Read more<\/a><\/p>\n","protected":false},"author":1,"featured_media":0,"parent":2129,"menu_order":0,"comment_status":"closed","ping_status":"closed","template":"","meta":{"iawp_total_views":16,"footnotes":""},"class_list":{"0":"post-2003","1":"page","2":"type-page","3":"status-publish","5":"infinite-scroll-item"},"jetpack_sharing_enabled":true,"_links":{"self":[{"href":"https:\/\/www.bthuus.de\/en\/wp-json\/wp\/v2\/pages\/2003","targetHints":{"allow":["GET"]}}],"collection":[{"href":"https:\/\/www.bthuus.de\/en\/wp-json\/wp\/v2\/pages"}],"about":[{"href":"https:\/\/www.bthuus.de\/en\/wp-json\/wp\/v2\/types\/page"}],"author":[{"embeddable":true,"href":"https:\/\/www.bthuus.de\/en\/wp-json\/wp\/v2\/users\/1"}],"replies":[{"embeddable":true,"href":"https:\/\/www.bthuus.de\/en\/wp-json\/wp\/v2\/comments?post=2003"}],"version-history":[{"count":0,"href":"https:\/\/www.bthuus.de\/en\/wp-json\/wp\/v2\/pages\/2003\/revisions"}],"up":[{"embeddable":true,"href":"https:\/\/www.bthuus.de\/en\/wp-json\/wp\/v2\/pages\/2129"}],"wp:attachment":[{"href":"https:\/\/www.bthuus.de\/en\/wp-json\/wp\/v2\/media?parent=2003"}],"curies":[{"name":"wp","href":"https:\/\/api.w.org\/{rel}","templated":true}]}}