{"id":2046,"date":"2022-11-12T16:56:51","date_gmt":"2022-11-12T15:56:51","guid":{"rendered":"https:\/\/www.bthuus.de\/%d8%ae%d8%af%d9%85%d8%a7%d8%aa%d9%86%d8%a7\/%d8%a3%d8%ac%d8%a8-%d8%b9%d9%86-%d8%a7%d9%84%d8%a3%d8%b3%d8%a6%d9%84%d8%a9\/"},"modified":"2023-12-08T12:45:49","modified_gmt":"2023-12-08T11:45:49","slug":"%d8%a3%d8%ac%d8%a8-%d8%b9%d9%86-%d8%a7%d9%84%d8%a3%d8%b3%d8%a6%d9%84%d8%a9","status":"publish","type":"page","link":"https:\/\/www.bthuus.de\/ar\/%d8%ae%d8%af%d9%85%d8%a7%d8%aa%d9%86%d8%a7\/%d8%a3%d8%ac%d8%a8-%d8%b9%d9%86-%d8%a7%d9%84%d8%a3%d8%b3%d8%a6%d9%84%d8%a9\/","title":{"rendered":"\u0623\u062c\u0628 \u0639\u0646 \u0627\u0644\u0623\u0633\u0626\u0644\u0629"},"content":{"rendered":"\n<div class=\"wp-block-group has-global-color-6-background-color has-background\"><div class=\"wp-block-group__inner-container is-layout-constrained wp-block-group-is-layout-constrained\"><div class=\"saswp-faq-block-section\"><ol style=\"list-style-type:none\"><li style=\"list-style-type: none\"><h4 class=\"\">Was macht ein ambulanter Pflegedienst?<\/h4><p class=\"saswp-faq-answer-text\">Ambulante bzw. h\u00e4usliche Pflege kann medizinische, pflegerische sowie hauswirtschaftliche Leistungen beinhalten. Ein ambulanter Pflegedienst unterst\u00fctzt Pflegebed\u00fcrftige und Ihre Angeh\u00f6rigen und Familien bei der Pflege zu Hause. Dazu k\u00f6nnen k\u00f6rperbezogene Pflegema\u00dfnahmen, hauswirtschaftliche T\u00e4tigkeiten oder einfache Betreuungsangebote z\u00e4hlen.<\/p><li style=\"list-style-type: none\"><h4 class=\"\">Wie viel kostet ein ambulanter Pflegedienst monatlich?<\/h4><p class=\"saswp-faq-answer-text\">Die Kosten f\u00fcr einen ambulanten Pflegedienst h\u00e4ngen von verschiedenen Faktoren ab. neben der Selbstst\u00e4ndigkeit der pflegebed\u00fcrftigen Person und die damit verbundenen Anforderungen an die Pflegekraft spielen dar\u00fcber hinaus in Anspruch genommene Leistungen eine Rolle.<\/p><li style=\"list-style-type: none\"><h4 class=\"\">Worauf muss ich bei der Auswahl eines ambulanten Pflegedienstes achten?<\/h4><p class=\"saswp-faq-answer-text\">Bei der Auswahl eines geeigneten ambulanten Pflegedienstes f\u00fcr eine angeh\u00f6rige Person sollten Sie insbesondere auf die fachliche Ausbildung des Pflegepersonals sowie die Gr\u00f6\u00dfe des Pflegedienstes achten. Ein Pflegedienst ohne gro\u00dfen Tr\u00e4ger kann h\u00e4ufig eher auf individuelle W\u00fcnsche und Anforderungen eingehen, und ist pers\u00f6nlicher im Umgang.<\/p><li style=\"list-style-type: none\"><h4 class=\"\">Wo finde ich weitere Informationen zur ambulanten Pflege?<\/h4><p class=\"saswp-faq-answer-text\">Wir empfehlen die Webseite des Bundesgesundheitsministeriums zur Pflege zu Hause. Diese finden Sie unter folgendem Link: https:\/\/www.bundesgesundheitsministerium.de\/pflege-zu-hause.html<\/p><li style=\"list-style-type: none\"><h4 class=\"\">Hat sich das ambulante Pflegeteam von Bliev to Huus auf eine bestimmte Gruppe pflegebed\u00fcrftiger Personen spezialisiert?<\/h4><p class=\"saswp-faq-answer-text\">Wir haben uns die Bezugspflege sowie die Komplettversorgung unserer Patient:innen bis zum Tod zu unserer Aufgabe gemacht. Wir m\u00f6chten unsere Patient:innen in Ihrer Selbstst\u00e4ndigkeit und Autonomie f\u00f6rdern.<\/p><li style=\"list-style-type: none\"><h4 class=\"\">Hat das ambulante Pflegeteam von Bliev to Huus eine 24-st\u00fcndige Rufbereitschaft?<\/h4><p class=\"saswp-faq-answer-text\">Eine 24h Rufbereitschaft ist als fester Vertragsbestandteil f\u00fcr Patient:innen vorhanden. Diese Rufbereitschaft sollte au\u00dferhalb der B\u00fcrozeiten jedoch nur in Notf\u00e4llen wahrgenommen werden.<\/p><li style=\"list-style-type: none\"><h4 class=\"\">Erfolgt die Pflege durch ausgebildetes Fachpersonal?<\/h4><p class=\"saswp-faq-answer-text\">Ja. Unser gesamtes Personal ist fachlich ausgebildet und teilweise mehrfach qualifiziert. Erfahren Sie mehr zu den Qualifikationen unseres Teams unter \u00dcber Uns &gt; Team.<\/p><li style=\"list-style-type: none\"><h4 class=\"\">Wie gro\u00df wird der Kreis an Pflegekr\u00e4ften sein?<\/h4><p class=\"saswp-faq-answer-text\">Wir sind uns bewusst, dass ambulante Pflege im eigenen zuhause sehr individuell sein kann und in einem vertrauten Umfeld stattfinden sollte. Deshalb hat bei uns in der Regel jede Person zwei f\u00fcr Sie zust\u00e4ndige Pflegekr\u00e4ften.<\/p><li style=\"list-style-type: none\"><h4 class=\"\">In welchem Umkreis ist der ambulante Pflegedienst Bliev to Huus t\u00e4tig?<\/h4><p class=\"saswp-faq-answer-text\">Wir sind in Kiel und Umgebung unter anderem in den Stadtteilen Achterwehr,\u00a0 Felde,\u00a0Hassee, Hasseldieksdamm, Kronshagen, Meimersdort, Mettenhof, Molfsee, Russee, Sch\u00f6nwohld und S\u00fcdfriedhof im Einsatz.<\/p><\/ul><\/div><\/div><\/div>\n\n<div style=\"height:50px\" aria-hidden=\"true\" class=\"wp-block-spacer no-mobile\"><\/div>\n\n<div class=\"wp-block-group has-global-color-6-background-color has-background\"><div class=\"wp-block-group__inner-container is-layout-constrained wp-block-group-is-layout-constrained\">\n<h2 class=\"wp-block-heading\">\u064a\u0633\u0623\u0644\u061f<\/h2>\n\n\n\n<p>\u0647\u0644 \u0644\u062f\u064a\u0643 \u0627\u0644\u0645\u0632\u064a\u062f \u0645\u0646 \u0627\u0644\u0623\u0633\u0626\u0644\u0629 \u0644\u0646\u0627\u061f \u062b\u0645 \u0623\u0631\u0633\u0644\u0647\u0627 \u0628\u0628\u0633\u0627\u0637\u0629 \u0648\u0633\u0647\u0648\u0644\u0629 \u0628\u0627\u0633\u062a\u062e\u062f\u0627\u0645 \u0627\u0644\u0646\u0645\u0648\u0630\u062c \u0627\u0644\u062a\u0627\u0644\u064a. \u0633\u0646\u062d\u0627\u0648\u0644 \u0627\u0644\u0625\u062c\u0627\u0628\u0629 \u0639\u0644\u0649 \u0633\u0624\u0627\u0644\u0643 \u0639\u0644\u0649 \u0627\u0644\u0641\u0648\u0631.<\/p>\n\n\n\n<div class=\"wp-block-contact-form-7-contact-form-selector\">\n<div class=\"wpcf7 no-js\" id=\"wpcf7-f2372-o1\" lang=\"ar\" dir=\"rtl\" data-wpcf7-id=\"2372\">\n<div class=\"screen-reader-response\"><p role=\"status\" aria-live=\"polite\" aria-atomic=\"true\"><\/p> <ul><\/ul><\/div>\n<form action=\"\/ar\/wp-json\/wp\/v2\/pages\/2046#wpcf7-f2372-o1\" method=\"post\" class=\"wpcf7-form init\" aria-label=\"\u0646\u0645\u0648\u0630\u062c \u0627\u0644\u0627\u062a\u0635\u0627\u0644\" novalidate=\"novalidate\" data-status=\"init\">\n<fieldset class=\"hidden-fields-container\"><input type=\"hidden\" name=\"_wpcf7\" value=\"2372\" \/><input type=\"hidden\" name=\"_wpcf7_version\" value=\"6.1.5\" \/><input type=\"hidden\" name=\"_wpcf7_locale\" value=\"ar\" \/><input type=\"hidden\" name=\"_wpcf7_unit_tag\" value=\"wpcf7-f2372-o1\" \/><input type=\"hidden\" name=\"_wpcf7_container_post\" value=\"0\" \/><input type=\"hidden\" name=\"_wpcf7_posted_data_hash\" value=\"\" \/><input type=\"hidden\" name=\"_wpcf7cf_hidden_group_fields\" value=\"[]\" \/><input type=\"hidden\" name=\"_wpcf7cf_hidden_groups\" value=\"[]\" \/><input type=\"hidden\" name=\"_wpcf7cf_visible_groups\" value=\"[]\" \/><input type=\"hidden\" name=\"_wpcf7cf_repeaters\" value=\"[]\" \/><input type=\"hidden\" name=\"_wpcf7cf_steps\" value=\"{}\" \/><input type=\"hidden\" name=\"_wpcf7cf_options\" value=\"{&quot;form_id&quot;:2372,&quot;conditions&quot;:[],&quot;settings&quot;:{&quot;animation&quot;:&quot;yes&quot;,&quot;animation_intime&quot;:200,&quot;animation_outtime&quot;:200,&quot;conditions_ui&quot;:&quot;normal&quot;,&quot;notice_dismissed&quot;:false,&quot;notice_dismissed_rollback-cf7-5.8.2&quot;:true,&quot;notice_dismissed_rollback-cf7-5.9.8&quot;:true,&quot;notice_dismissed_rollback-cf7-6.0.3&quot;:true,&quot;notice_dismissed_rollback-cf7-6.0.5&quot;:true,&quot;notice_dismissed_rollback-cf7-6.0.6&quot;:true}}\" \/>\n<\/fieldset>\n<p><label> Vorname & Nachname<br \/>\n<span class=\"wpcf7-form-control-wrap\" data-name=\"namen\"><input size=\"100\" maxlength=\"400\" class=\"wpcf7-form-control wpcf7-text\" aria-invalid=\"false\" value=\"\" type=\"text\" name=\"namen\" \/><\/span> <\/label>\n<\/p>\n<p><label> E-Mail<br \/>\n<span class=\"wpcf7-form-control-wrap\" data-name=\"email\"><input size=\"100\" maxlength=\"400\" class=\"wpcf7-form-control wpcf7-email wpcf7-validates-as-required wpcf7-text wpcf7-validates-as-email\" aria-required=\"true\" aria-invalid=\"false\" value=\"\" type=\"email\" name=\"email\" \/><\/span> <\/label>\n<\/p>\n<p><label> Frage<br \/>\n<span class=\"wpcf7-form-control-wrap\" data-name=\"frage\"><input size=\"100\" maxlength=\"400\" class=\"wpcf7-form-control wpcf7-text wpcf7-validates-as-required\" aria-required=\"true\" aria-invalid=\"false\" value=\"\" type=\"text\" name=\"frage\" \/><\/span> <\/label>\n<\/p>\n<p><span class=\"wpcf7-form-control-wrap\" data-name=\"quiz\"><label><span class=\"wpcf7-quiz-label\">Wie hei\u00dft die Hauptstadt Frankreichs?<\/span> <input size=\"40\" class=\"wpcf7-form-control wpcf7-quiz\" autocomplete=\"off\" aria-required=\"true\" aria-invalid=\"false\" type=\"text\" name=\"quiz\" \/><\/label><input type=\"hidden\" name=\"_wpcf7_quiz_answer_quiz\" value=\"6f5b421d424091a19e2beb00a487ae4a\" \/><\/span><br \/>\n<input class=\"wpcf7-form-control wpcf7-submit has-spinner\" type=\"submit\" value=\"Frage absenden\" \/>\n<\/p><div class=\"wpcf7-response-output\" aria-hidden=\"true\"><\/div>\n<\/form>\n<\/div>\n<\/div>\n<\/div><\/div>\n\n<div style=\"height:50px\" aria-hidden=\"true\" class=\"wp-block-spacer no-mobile\"><\/div>\n\n<div data-aos-delay=\"1000\" data-aos-duration=\"1500\" data-aos-once=\"true\" data-aos=\"fade-up\" class=\"wp-block-group has-global-color-6-background-color has-background\"><div class=\"wp-block-group__inner-container is-layout-constrained wp-block-group-is-layout-constrained\">\n<h2 class=\"wp-block-heading\">\u0648\u0646\u062d\u0646 \u0633\u0639\u062f\u0627\u0621 \u0644\u0644\u0645\u0633\u0627\u0639\u062f\u0629!<\/h2>\n\n\n\n<p>\u0628\u0639\u062f \u0645\u0646\u0627\u0642\u0634\u0627\u062a \u0645\u0633\u062a\u0641\u064a\u0636\u0629 \u060c \u0633\u0646\u0639\u0645\u0644 \u0645\u0639\u0643 \u0639\u0644\u0649 <strong>\u0645\u0641\u0647\u0648\u0645 \u0641\u0631\u062f\u064a<\/strong> \u060c <strong>\u0645\u0635\u0645\u0645 \u0639\u0644\u0649 \u0627\u0644\u0646\u062d\u0648 \u0627\u0644\u0623\u0645\u062b\u0644 \u0644\u062a\u0644\u0628\u064a\u0629 \u0627\u062d\u062a\u064a\u0627\u062c\u0627\u062a\u0643<\/strong> .<\/p>\n\n\n\n<p>\u0644\u0627 \u064a\u0645\u0643\u0646 \u0627\u0644\u0627\u0633\u062a\u063a\u0646\u0627\u0621 <strong>\u0639\u0646 \u0627\u0644\u0627\u062c\u062a\u0645\u0627\u0639 \u0627\u0644\u0634\u062e\u0635\u064a \u0644\u0644\u062a\u0639\u0631\u0641 \u0639\u0644\u0649 \u0628\u0639\u0636\u0646\u0627 \u0627\u0644\u0628\u0639\u0636<\/strong> \u0641\u064a\u0645\u0627 \u064a\u062a\u0639\u0644\u0642 \u0628\u0631\u0639\u0627\u064a\u0629 \u0627\u0644\u0645\u0631\u0636\u0649 \u0627\u0644\u062e\u0627\u0631\u062c\u064a\u064a\u0646. \u0644\u0627 \u062a\u062a\u0631\u062f\u062f \u0641\u064a \u062a\u0631\u062a\u064a\u0628 \u0645\u062d\u0627\u062f\u062b\u0629 \u0645\u0639\u0646\u0627!<\/p>\n\n\n\n<div class=\"wp-block-buttons is-layout-flex wp-block-buttons-is-layout-flex\">\n<div class=\"wp-block-button has-custom-width wp-block-button__width-100\"><a class=\"wp-block-button__link wp-element-button\" href=\"04316473730\" style=\"border-radius:0px\" target=\"_blank\" rel=\"noreferrer noopener\">\u2192 \u0627\u062a\u0635\u0627\u0644<\/a><\/div>\n\n\n\n<div class=\"wp-block-button has-custom-width wp-block-button__width-100\"><a class=\"wp-block-button__link wp-element-button\" href=\"https:\/\/www.bthuus.de\/ar\/%d8%a7%d8%aa%d8%b5%d8%a7%d9%84\/#formular\" style=\"border-radius:0px\">\u0646\u0645\u0648\u0630\u062c \u0627\u0644\u0627\u062a\u0635\u0627\u0644<\/a><\/div>\n\n\n\n<div class=\"wp-block-button has-custom-width wp-block-button__width-100\"><a class=\"wp-block-button__link wp-element-button\" href=\"mailto:info@bthuus.de\" style=\"border-radius:0px\" target=\"_blank\" rel=\"noreferrer noopener\">\u2192 \u0627\u0643\u062a\u0628 \u0628\u0631\u064a\u062f\u064b\u0627 \u0625\u0644\u0643\u062a\u0631\u0648\u0646\u064a\u064b\u0627<\/a><\/div>\n<\/div>\n<\/div><\/div>\n","protected":false},"excerpt":{"rendered":"<p>\u064a\u0633\u0623\u0644\u061f \u0647\u0644 \u0644\u062f\u064a\u0643 \u0627\u0644\u0645\u0632\u064a\u062f \u0645\u0646 \u0627\u0644\u0623\u0633\u0626\u0644\u0629 \u0644\u0646\u0627\u061f \u062b\u0645 \u0623\u0631\u0633\u0644\u0647\u0627 \u0628\u0628\u0633\u0627\u0637\u0629 \u0648\u0633\u0647\u0648\u0644\u0629 \u0628\u0627\u0633\u062a\u062e\u062f\u0627\u0645 \u0627\u0644\u0646\u0645\u0648\u0630\u062c \u0627\u0644\u062a\u0627\u0644\u064a. \u0633\u0646\u062d\u0627\u0648\u0644 \u0627\u0644\u0625\u062c\u0627\u0628\u0629 \u0639\u0644\u0649 \u0633\u0624\u0627\u0644\u0643 \u0639\u0644\u0649 \u0627\u0644\u0641\u0648\u0631.<\/p>\n","protected":false},"author":1,"featured_media":0,"parent":1762,"menu_order":0,"comment_status":"closed","ping_status":"closed","template":"","meta":{"iawp_total_views":0,"footnotes":""},"class_list":{"0":"post-2046","1":"page","2":"type-page","3":"status-publish","5":"infinite-scroll-item"},"jetpack_sharing_enabled":true,"_links":{"self":[{"href":"https:\/\/www.bthuus.de\/ar\/wp-json\/wp\/v2\/pages\/2046","targetHints":{"allow":["GET"]}}],"collection":[{"href":"https:\/\/www.bthuus.de\/ar\/wp-json\/wp\/v2\/pages"}],"about":[{"href":"https:\/\/www.bthuus.de\/ar\/wp-json\/wp\/v2\/types\/page"}],"author":[{"embeddable":true,"href":"https:\/\/www.bthuus.de\/ar\/wp-json\/wp\/v2\/users\/1"}],"replies":[{"embeddable":true,"href":"https:\/\/www.bthuus.de\/ar\/wp-json\/wp\/v2\/comments?post=2046"}],"version-history":[{"count":1,"href":"https:\/\/www.bthuus.de\/ar\/wp-json\/wp\/v2\/pages\/2046\/revisions"}],"predecessor-version":[{"id":3113,"href":"https:\/\/www.bthuus.de\/ar\/wp-json\/wp\/v2\/pages\/2046\/revisions\/3113"}],"up":[{"embeddable":true,"href":"https:\/\/www.bthuus.de\/ar\/wp-json\/wp\/v2\/pages\/1762"}],"wp:attachment":[{"href":"https:\/\/www.bthuus.de\/ar\/wp-json\/wp\/v2\/media?parent=2046"}],"curies":[{"name":"wp","href":"https:\/\/api.w.org\/{rel}","templated":true}]}}