{"id":1962,"date":"2022-11-04T14:00:00","date_gmt":"2022-11-04T13:00:00","guid":{"rendered":"https:\/\/www.bthuus.de\/%d9%88%d8%b8%d8%a7%d8%a6%d9%81\/"},"modified":"2023-07-11T12:04:59","modified_gmt":"2023-07-11T10:04:59","slug":"%d9%88%d8%b8%d8%a7%d8%a6%d9%81","status":"publish","type":"page","link":"https:\/\/www.bthuus.de\/ar\/%d9%88%d8%b8%d8%a7%d8%a6%d9%81\/","title":{"rendered":"\u0648\u0638\u0627\u0626\u0641"},"content":{"rendered":"\n<div class=\"wp-block-group no-padding has-global-color-4-background-color has-background\"><div class=\"wp-block-group__inner-container is-layout-constrained wp-block-group-is-layout-constrained\">\n<h1 class=\"wp-block-heading\">Bliev \u0625\u0644\u0649 Huus \u064a\u0628\u062d\u062b \u0639\u0646 \u0645\u0648\u0638\u0641\u064a\u0646 \u0631\u0627\u0626\u0639\u064a\u0646!<\/h1>\n\n\n\n<div style=\"height:25px\" aria-hidden=\"true\" class=\"wp-block-spacer\"><\/div>\n\n\n\n<p>\u0647\u0644 \u0644\u062f\u064a\u0643 \u0645\u0624\u0647\u0644 \u0645\u062a\u0639\u0644\u0642 \u0628\u0627\u0644\u0645\u0648\u0636\u0648\u0639\u061f \u0644\u0627 \u0645\u0634\u0643\u0644\u0629. \u0646\u062d\u0646 \u0641\u0631\u064a\u0642 \u0645\u062a\u0646\u0648\u0639 \u0628\u062e\u0644\u0641\u064a\u0627\u062a \u0645\u062e\u062a\u0644\u0641\u0629. \u0644\u0627 \u062a\u062a\u0631\u062f\u062f \u0641\u064a \u0627\u0644\u0627\u062a\u0635\u0627\u0644 \u0628\u0646\u0627.<\/p>\n\n\n\n<h3 class=\"wp-block-heading has-global-color-1-color has-text-color\">\u0623\u0647\u0645 \u0627\u0644\u0623\u0634\u064a\u0627\u0621 \u0628\u0627\u062e\u062a\u0635\u0627\u0631:<\/h3>\n\n\n\n<div style=\"height:25px\" aria-hidden=\"true\" class=\"wp-block-spacer\"><\/div>\n\n\n\n<div class=\"wp-block-columns is-layout-flex wp-container-core-columns-is-layout-9d6595d7 wp-block-columns-is-layout-flex\">\n<div class=\"wp-block-column kachel has-global-color-6-background-color has-background is-layout-flow wp-block-column-is-layout-flow\" data-aos=\"fade-right\" data-aos-duration=\"500\" data-aos-once=\"true\">\n<h4 class=\"wp-block-heading has-global-color-1-color has-text-color\">1. \u0627\u0644\u062f\u0641\u0639 \u0639\u0644\u0649 \u0623\u0633\u0627\u0633 \u0627\u0644\u062a\u0639\u0631\u0641\u0629<\/h4>\n\n\n\n<p>\u0646\u0648\u0644\u064a \u0623\u0647\u0645\u064a\u0629 \u0643\u0628\u064a\u0631\u0629 \u0644\u0645\u0643\u0627\u0641\u0623\u0629 \u0645\u0648\u0638\u0641\u064a\u0646\u0627 \u0648\u0641\u0642\u064b\u0627 \u0644\u0627\u062a\u0641\u0627\u0642\u064a\u0629 \u0627\u0644\u0645\u0641\u0627\u0648\u0636\u0629 \u0627\u0644\u062c\u0645\u0627\u0639\u064a\u0629.<\/p>\n<\/div>\n\n\n\n<div class=\"wp-block-column kachel has-global-color-6-background-color has-background is-layout-flow wp-block-column-is-layout-flow\" data-aos=\"fade-left\" data-aos-delay=\"500\" data-aos-duration=\"500\" data-aos-once=\"true\">\n<h4 class=\"wp-block-heading has-global-color-1-color has-text-color\">2. \u0627\u0644\u0633\u064a\u0627\u0631\u0629 \u0630\u0627\u062a \u0627\u0644\u0627\u0633\u062a\u062e\u062f\u0627\u0645 \u0627\u0644\u062e\u0627\u0635 \u0641\u064a \u0627\u0644\u0623\u0639\u0644\u0649<\/h4>\n\n\n\n<p>\u0645\u0646 \u0627\u0644\u0645\u0646\u0632\u0644 \u0625\u0644\u0649 \u0627\u0644\u0634\u0631\u0643\u0629 \u060c \u0628\u062d\u064a\u062b \u064a\u0645\u0643\u0646\u0643 \u0627\u0644\u0645\u062a\u0627\u0628\u0639\u0629 \u0645\u0646 \u0647\u0646\u0627\u0643 \u0628\u0627\u0644\u0633\u064a\u0627\u0631\u0629. \u063a\u0627\u0644\u0628\u064b\u0627 \u0645\u0627 \u062a\u0643\u0648\u0646 \u0627\u0644\u0637\u0631\u064a\u0642\u0629 \u0627\u0644\u0623\u0642\u0635\u0631 \u0647\u064a \u0627\u0644\u0637\u0631\u064a\u0642\u0629 \u0627\u0644\u0623\u0641\u0636\u0644 &#8211; \u0644\u0644\u062c\u0645\u064a\u0639. \u0647\u0630\u0627 \u0647\u0648 \u0627\u0644\u0633\u0628\u0628 \u0641\u064a \u0623\u0646\u0647 \u064a\u0645\u0643\u0646 \u0644\u0645\u0648\u0638\u0641\u064a\u0646\u0627 \u0639\u0627\u062f\u0629 \u0623\u062e\u0630 \u0633\u064a\u0627\u0631\u0629 \u0627\u0644\u0634\u0631\u0643\u0629 \u0645\u0639\u0647\u0645 \u0625\u0644\u0649 \u0627\u0644\u0645\u0646\u0632\u0644 \u0641\u064a \u0637\u0631\u064a\u0642\u0647\u0645 \u0625\u0644\u0649 \u0627\u0644\u0639\u0645\u0644. \u062a\u0637\u0628\u0642 \u0642\u0627\u0639\u062f\u0629 1\u066a (\u0644\u0644\u0633\u064a\u0627\u0631\u0627\u062a \u0627\u0644\u0643\u0647\u0631\u0628\u0627\u0626\u064a\u0629 0.25\u066a)<\/p>\n<\/div>\n<\/div>\n\n\n\n<div class=\"wp-block-columns is-layout-flex wp-container-core-columns-is-layout-9d6595d7 wp-block-columns-is-layout-flex\">\n<div class=\"wp-block-column kachel has-global-color-6-background-color has-background is-layout-flow wp-block-column-is-layout-flow\" data-aos=\"fade-right\" data-aos-duration=\"500\" data-aos-once=\"true\">\n<h4 class=\"wp-block-heading has-global-color-1-color has-text-color\">3. \u0627\u0644\u0623\u0637\u0641\u0627\u0644 \u0645\u0642\u062f\u0633\u0648\u0646 \u0628\u0627\u0644\u0646\u0633\u0628\u0629 \u0644\u0646\u0627 \/ \u0627\u0644\u062a\u0648\u0627\u0641\u0642 \u0628\u064a\u0646 \u0627\u0644\u0639\u0645\u0644 \u0648\u0627\u0644\u0623\u0633\u0631\u0629<\/h4>\n\n\n\n<p>\u0641\u064a \u062e\u062f\u0645\u0629 \u0631\u0639\u0627\u064a\u0629 \u0627\u0644\u0645\u0631\u0636\u0649 \u0627\u0644\u062e\u0627\u0631\u062c\u064a\u064a\u0646 \u060c \u064a\u0633\u0639\u062f\u0646\u0627 \u0623\u0646 \u064a\u0643\u0648\u0646 \u0644\u062f\u064a\u0643 \u0623\u0637\u0641\u0627\u0644 \u0648\u0646\u0633\u0639\u0649 \u062c\u0627\u0647\u062f\u064a\u0646 \u0644\u062a\u0643\u064a\u064a\u0641 \u0633\u0627\u0639\u0627\u062a \u0639\u0645\u0644\u0643 \u0628\u0645\u0631\u0648\u0646\u0629 \u0645\u0639 \u0638\u0631\u0648\u0641 \u0639\u0627\u0626\u0644\u062a\u0643.<\/p>\n<\/div>\n\n\n\n<div class=\"wp-block-column kachel has-global-color-6-background-color has-background is-layout-flow wp-block-column-is-layout-flow\" data-aos=\"fade-left\" data-aos-duration=\"500\" data-aos-once=\"true\">\n<h4 class=\"wp-block-heading has-global-color-1-color has-text-color\" style=\"text-transform:none\">4. \u0644\u0627 \u062a\u0648\u062c\u062f \u062e\u062f\u0645\u0627\u062a \u0645\u0632\u062f\u0648\u062c\u0629<\/h4>\n\n\n\n<p>\u0646\u062d\u0646 \u0646\u0639\u0644\u0645 \u0643\u0645 \u0647\u0648 \u0645\u0631\u0647\u0642 \u0627\u0644\u0648\u0627\u062c\u0628 \u0627\u0644\u0645\u0632\u062f\u0648\u062c. \u0644\u0630\u0644\u0643 \u0646\u062d\u0627\u0648\u0644 \u062a\u062c\u0646\u0628 \u0627\u0644\u0627\u0632\u062f\u0648\u0627\u062c\u064a\u0629 \u0642\u062f\u0631 \u0627\u0644\u0625\u0645\u0643\u0627\u0646 \u0645\u0646 \u0623\u062c\u0644 \u062a\u0645\u0643\u064a\u0646 \u0645\u0648\u0638\u0641\u064a\u0646\u0627 \u0645\u0646 \u062a\u062d\u0642\u064a\u0642 \u062a\u0648\u0627\u0632\u0646 \u062c\u064a\u062f \u0628\u064a\u0646 \u0627\u0644\u0639\u0645\u0644 \u0648\u0627\u0644\u062d\u064a\u0627\u0629. \u0648\u0645\u0639 \u0630\u0644\u0643 \u060c \u0645\u0646 \u0627\u0644\u0645\u0639\u0631\u0648\u0641 \u0623\u0646 \u0627\u0644\u0627\u0633\u062a\u062b\u0646\u0627\u0621\u0627\u062a \u062a\u0624\u0643\u062f \u0627\u0644\u0642\u0627\u0639\u062f\u0629 \u060c \u0648\u0641\u064a \u062d\u0627\u0644\u0627\u062a \u0646\u0627\u062f\u0631\u0629 \u0642\u062f \u064a\u0643\u0648\u0646 \u0647\u0646\u0627\u0643 \u0648\u0627\u062c\u0628 \u0645\u0632\u062f\u0648\u062c.<\/p>\n<\/div>\n<\/div>\n\n\n\n<div class=\"wp-block-columns is-layout-flex wp-container-core-columns-is-layout-9d6595d7 wp-block-columns-is-layout-flex\">\n<div class=\"wp-block-column kachel has-global-color-6-background-color has-background is-layout-flow wp-block-column-is-layout-flow\" data-aos=\"fade-right\" data-aos-duration=\"500\" data-aos-once=\"true\">\n<h4 class=\"wp-block-heading has-global-color-1-color has-text-color\">5. \u0627\u0644\u062a\u062f\u0631\u064a\u0628 \u0627\u0644\u062c\u064a\u062f \u0648\u0641\u0631\u0635 \u0627\u0644\u062a\u0639\u0644\u064a\u0645 \u0627\u0644\u0625\u0636\u0627\u0641\u064a<\/h4>\n\n\n\n<p>\u0641\u064a \u062e\u062f\u0645\u0629 \u0627\u0644\u062a\u0645\u0631\u064a\u0636 \u0644\u0644\u0645\u0631\u0636\u0649 \u0627\u0644\u062e\u0627\u0631\u062c\u064a\u064a\u0646 \u060c \u0646\u0642\u062f\u0645 \u0645\u062c\u0645\u0648\u0639\u0629 \u0648\u0627\u0633\u0639\u0629 \u0645\u0646 \u0641\u0631\u0635 \u0627\u0644\u062a\u062f\u0631\u064a\u0628 \u0627\u0644\u0625\u0636\u0627\u0641\u064a\u0629. \u0648\u0647\u064a \u062a\u0634\u0645\u0644 \u0627\u0644\u062a\u062f\u0631\u064a\u0628 \u0639\u0644\u0649 \u0627\u0644\u0631\u0639\u0627\u064a\u0629 \u0627\u0644\u062a\u0644\u0637\u064a\u0641\u064a\u0629 \u0648\u062e\u0637\u0629 \u0627\u0644\u062a\u062f\u0631\u064a\u0628 \u0627\u0644\u0633\u0646\u0648\u064a\u0629 \u0648\u062f\u0648\u0631\u0627\u062a \u0627\u0644\u0625\u0633\u0639\u0627\u0641\u0627\u062a \u0627\u0644\u0623\u0648\u0644\u064a\u0629 \u0627\u0644\u0634\u0627\u0626\u0639\u0629 \u0645\u0639 \u0627\u0644\u062a\u062f\u0631\u064a\u0628\u0627\u062a \u0627\u0644\u0639\u0645\u0644\u064a\u0629. \u0628\u0627\u0644\u0625\u0636\u0627\u0641\u0629 \u0625\u0644\u0649 \u0630\u0644\u0643 \u060c \u0646\u0642\u062f\u0645 \u0623\u064a\u0636\u064b\u0627 \u062f\u0648\u0631\u0627\u062a \u062a\u062f\u0631\u064a\u0628\u064a\u0629 \u0639\u0628\u0631 \u0627\u0644\u0625\u0646\u062a\u0631\u0646\u062a \u064a\u0645\u0643\u0646 \u0625\u0643\u0645\u0627\u0644\u0647\u0627 \u0628\u0633\u0647\u0648\u0644\u0629 \u0645\u0646 \u0627\u0644\u0645\u0646\u0632\u0644.<\/p>\n<\/div>\n\n\n\n<div class=\"wp-block-column kachel has-global-color-6-background-color has-background is-layout-flow wp-block-column-is-layout-flow\" data-aos=\"fade-left\" data-aos-duration=\"500\" data-aos-once=\"true\">\n<h4 class=\"wp-block-heading has-global-color-1-color has-text-color\" style=\"text-transform:none\">6. \u0645\u0647\u0627\u0631\u0627\u062a \u0627\u062c\u062a\u0645\u0627\u0639\u064a\u0629 \u0639\u0627\u0644\u064a\u0629 \u060c \u062a\u0639\u0627\u0648\u0646 \u062a\u0642\u062f\u064a\u0631\u064a \u060c \u0627\u062a\u0635\u0627\u0644 \u0645\u0641\u062a\u0648\u062d<\/h4>\n\n\n\n<p>\u0646\u062d\u0646 \u0646\u0631\u0643\u0632 \u0639\u0644\u0649 \u0627\u0644\u062a\u0648\u0627\u0635\u0644 \u0627\u0644\u0645\u0641\u062a\u0648\u062d \u0648\u0627\u0644\u0645\u0647\u0627\u0631\u0627\u062a \u0627\u0644\u0627\u062c\u062a\u0645\u0627\u0639\u064a\u0629 \u0627\u0644\u0639\u0627\u0644\u064a\u0629 \u0648\u0627\u0644\u062a\u0639\u0627\u0648\u0646 \u0627\u0644\u062a\u0642\u062f\u064a\u0631\u064a. \u0646\u0648\u0644\u064a \u0623\u0647\u0645\u064a\u0629 \u0643\u0628\u064a\u0631\u0629 \u0644\u0648\u062c\u0648\u062f \u0623\u0630\u0646 \u0645\u0641\u062a\u0648\u062d\u0629 \u0644\u0644\u0645\u0634\u0627\u0643\u0644 \u0648\u062a\u0639\u0632\u064a\u0632 \u0627\u0644\u062a\u0648\u0627\u0635\u0644 \u0627\u0644\u062a\u0642\u062f\u064a\u0631\u064a \u0641\u064a \u062c\u0645\u064a\u0639 \u0623\u0646\u062d\u0627\u0621 \u0627\u0644\u0641\u0631\u064a\u0642.<\/p>\n<\/div>\n<\/div>\n\n\n\n<div class=\"wp-block-columns is-layout-flex wp-container-core-columns-is-layout-9d6595d7 wp-block-columns-is-layout-flex\">\n<div class=\"wp-block-column kachel has-global-color-6-background-color has-background is-layout-flow wp-block-column-is-layout-flow\" data-aos=\"fade-right\" data-aos-duration=\"500\" data-aos-once=\"true\">\n<h4 class=\"wp-block-heading has-global-color-1-color has-text-color\">7. \u0631\u0648\u062d \u0627\u0644\u0641\u0631\u064a\u0642 \u0627\u0644\u0642\u0648\u064a\u0629<\/h4>\n\n\n\n<p>\u0647\u0646\u0627\u0643 \u0634\u0639\u0648\u0631 \u0642\u0648\u064a \u0628\u0627\u0644\u0639\u0645\u0644 \u0627\u0644\u062c\u0645\u0627\u0639\u064a \u0641\u064a \u0641\u0631\u064a\u0642\u0646\u0627. \u0639\u0644\u0649 \u0633\u0628\u064a\u0644 \u0627\u0644\u0645\u062b\u0627\u0644 \u060c \u0646\u062d\u062a\u0641\u0644 \u0628\u0648\u062f\u064a\u0639 \u0632\u0645\u064a\u0644 \u0642\u062f\u064a\u0645 \u064a\u062a\u0642\u0627\u0639\u062f \u0645\u0639\u064b\u0627 \u0648\u064a\u062f\u0639\u0645 \u0628\u0639\u0636\u0646\u0627 \u0627\u0644\u0628\u0639\u0636 \u0645\u0646 \u062e\u0644\u0627\u0644 \u0645\u0644\u0621 \u0627\u0644\u0645\u0646\u0627\u0648\u0628\u0627\u062a \u0623\u0648 \u062a\u0628\u062f\u064a\u0644\u0647\u0627. \u0646\u062d\u0646 \u0623\u064a\u0636\u064b\u0627 \u0646\u0623\u062e\u0630 \u0648\u0642\u062a\u064b\u0627 \u0643\u0627\u0641\u064a\u064b\u0627 \u0644\u0644\u062a\u062f\u0631\u064a\u0628 \u0627\u0644\u0634\u0627\u0645\u0644 \u0644\u0644\u0645\u0648\u0638\u0641\u064a\u0646 \u0627\u0644\u062c\u062f\u062f \u0641\u064a \u0627\u0644\u0641\u0631\u064a\u0642 \u0645\u0646 \u0623\u062c\u0644 \u0636\u0645\u0627\u0646 \u0628\u062f\u0627\u064a\u0629 \u0633\u0644\u0633\u0629.<\/p>\n<\/div>\n\n\n\n<div class=\"wp-block-column kachel has-global-color-6-background-color has-background is-layout-flow wp-block-column-is-layout-flow\" data-aos=\"fade-left\" data-aos-duration=\"500\" data-aos-once=\"true\">\n<h4 class=\"wp-block-heading has-global-color-1-color has-text-color\">8. \u0646\u062d\u0646 \u0646\u062a\u062f\u0631\u0628!<\/h4>\n\n\n\n<p>\u0628\u0627\u0644\u062a\u0639\u0627\u0648\u0646 \u0645\u0639 \u0627\u0644\u0645\u062f\u0627\u0631\u0633 \u0627\u0644\u0634\u0631\u064a\u0643\u0629 \u060c \u0646\u0642\u062f\u0645 \u062a\u062f\u0631\u064a\u0628\u064b\u0627 \u0639\u0627\u0645\u064b\u0627 \u0631\u0627\u0633\u062e\u064b\u0627 \u0639\u0644\u0649 \u0627\u0644\u062a\u0645\u0631\u064a\u0636 \u0644\u0646\u0635\u0628\u062d \u0645\u062a\u062e\u0635\u0635\u064a\u0646 \u0641\u064a \u0627\u0644\u062a\u0645\u0631\u064a\u0636. \u064a\u062f\u0639\u0645 \u0627\u0644\u0645\u062f\u0631\u0628\u0648\u0646 \u0627\u0644\u0639\u0645\u0644\u064a\u0648\u0646 \u0627\u0644\u0645\u062a\u0641\u0627\u0646\u0648\u0646 \u0644\u062f\u064a\u0646\u0627 \u0627\u0644\u0645\u062a\u062f\u0631\u0628\u064a\u0646 \u062e\u0644\u0627\u0644 \u0645\u0631\u0627\u062d\u0644 \u0627\u0644\u062a\u062f\u0631\u064a\u0628 \u0627\u0644\u0639\u0645\u0644\u064a \u0648\u064a\u0636\u0645\u0646\u0648\u0646 \u0627\u0644\u062f\u0639\u0645 \u0627\u0644\u0645\u0647\u0646\u064a \u0641\u064a \u0637\u0631\u064a\u0642\u0647\u0645 \u0625\u0644\u0649 \u0627\u0644\u0625\u0643\u0645\u0627\u0644 \u0627\u0644\u0646\u0627\u062c\u062d. \u0645\u0639\u0646\u0627 \u062a\u062a\u0627\u062d \u0644\u0643 \u0627\u0644\u0641\u0631\u0635\u0629 \u0644\u0625\u0643\u0645\u0627\u0644 \u062a\u062f\u0631\u064a\u0628 \u0642\u0648\u064a \u0641\u064a \u0628\u064a\u0626\u0629 \u062f\u0627\u0639\u0645\u0629 \u0648\u0645\u0648\u062c\u0647\u0629 \u0646\u062d\u0648 \u0627\u0644\u0641\u0631\u064a\u0642.<\/p>\n<\/div>\n<\/div>\n<\/div><\/div>\n\n<div class=\"wp-block-group no-padding has-global-color-4-background-color has-background\"><div class=\"wp-block-group__inner-container is-layout-constrained wp-block-group-is-layout-constrained\">\n<h2 class=\"wp-block-heading\">\u0644\u062f\u064a\u0646\u0627 \u062d\u0627\u0644\u064a\u064b\u0627 \u0627\u0644\u0648\u0638\u0627\u0626\u0641 \u0627\u0644\u062a\u0627\u0644\u064a\u0629 \u0645\u0641\u062a\u0648\u062d\u0629:<\/h2>\n\n\n\n<div class=\"wp-block-query is-layout-flow wp-block-query-is-layout-flow\">\n<div class=\"wp-block-group has-global-color-6-background-color has-background\"><div class=\"wp-block-group__inner-container is-layout-flow wp-block-group-is-layout-flow\"><ul class=\"is-flex-container columns-2 wp-block-post-template is-layout-flow wp-block-post-template-is-layout-flow\"><li class=\"wp-block-post post-3250 stellenangebote type-stellenangebote status-publish hentry infinite-scroll-item\">\n<h2 class=\"wp-block-post-title\"><a href=\"https:\/\/www.bthuus.de\/ar\/stellenangebote\/%d8%a3%d8%ae%d8%b5%d8%a7%d8%a6%d9%8a-%d8%aa%d9%85%d8%b1%d9%8a%d8%b6-%d9%85-%d9%88-%d8%af-2\/\" target=\"_self\" >\u0623\u062e\u0635\u0627\u0626\u064a \u062a\u0645\u0631\u064a\u0636 (\u0645 \/ \u0648 \/ \u062f)<\/a><\/h2>\n\n\n\n<div class=\"wp-block-post-excerpt\"><p class=\"wp-block-post-excerpt__excerpt\">\u0633\u0646\u0643\u0648\u0646 \u0633\u0639\u062f\u0627\u0621 \u0625\u0630\u0627 \u0643\u0646\u062a \u0645\u0647\u062a\u0645\u064b\u0627 \u0628\u062f\u0639\u0645 \u0641\u0631\u064a\u0642\u0646\u0627 \u0627\u0644\u0631\u0627\u0626\u0639 \u0643\u0623\u062e\u0635\u0627\u0626\u064a \u062a\u0645\u0631\u064a\u0636 (\u0645 \/ \u0648 \/ \u062f). \u062a\u0642\u062f\u0645 \u0639\u0628\u0631 \u0627\u0644\u0625\u0646\u062a\u0631\u0646\u062a \u0623\u0648 \u0639\u0628\u0631 \u0627\u0644\u0628\u0631\u064a\u062f \u0627\u0644\u0625\u0644\u0643\u062a\u0631\u0648\u0646\u064a \u0623\u0648 \u0639\u0628\u0631 \u0627\u0644\u0647\u0627\u062a\u0641.<\/p><p class=\"wp-block-post-excerpt__more-text\"><a class=\"wp-block-post-excerpt__more-link\" href=\"https:\/\/www.bthuus.de\/ar\/stellenangebote\/%d8%a3%d8%ae%d8%b5%d8%a7%d8%a6%d9%8a-%d8%aa%d9%85%d8%b1%d9%8a%d8%b6-%d9%85-%d9%88-%d8%af-2\/\">\u2192 <strong>\u0627\u0643\u062a\u0634\u0641 \u0627\u0644\u0645\u0632\u064a\u062f \u0648\u062a\u0642\u062f\u0645 \u0639\u0628\u0631 \u0627\u0644\u0625\u0646\u062a\u0631\u0646\u062a<\/strong><\/a><\/p><\/div>\n<\/li><li class=\"wp-block-post post-2994 stellenangebote type-stellenangebote status-publish hentry infinite-scroll-item\">\n<h2 class=\"wp-block-post-title\"><a href=\"https:\/\/www.bthuus.de\/ar\/stellenangebote\/%d9%85%d8%b3%d8%a7%d8%b9%d8%af-%d8%aa%d9%85%d8%b1%d9%8a%d8%b6-%d9%85-%d9%88-%d8%af-2\/\" target=\"_self\" >\u0645\u0633\u0627\u0639\u062f \u062a\u0645\u0631\u064a\u0636 (\u0645 \/ \u0648 \/ \u062f)<\/a><\/h2>\n\n\n\n<div class=\"wp-block-post-excerpt\"><p class=\"wp-block-post-excerpt__excerpt\">\u0639\u0646\u0646\u0627 Unser ambulantes Pflegeteam Bliev to Huus gibt es seit mittlerweile fast 30 Jahren in Kiel. In dieser Zeit haben wir bereits sehr viel wertvolle Erfahrungen im Umgang mit unseren Kunden \u2013 aber auch im Umgang untereinander im Team \u2013 sammeln k\u00f6nnen. Uns liegt sehr viel an einem verst\u00e4ndnisvollen Umgang auf Augenh\u00f6he und wir w\u00fcrden<\/p><p class=\"wp-block-post-excerpt__more-text\"><a class=\"wp-block-post-excerpt__more-link\" href=\"https:\/\/www.bthuus.de\/ar\/stellenangebote\/%d9%85%d8%b3%d8%a7%d8%b9%d8%af-%d8%aa%d9%85%d8%b1%d9%8a%d8%b6-%d9%85-%d9%88-%d8%af-2\/\">\u2192 <strong>\u0627\u0643\u062a\u0634\u0641 \u0627\u0644\u0645\u0632\u064a\u062f \u0648\u062a\u0642\u062f\u0645 \u0639\u0628\u0631 \u0627\u0644\u0625\u0646\u062a\u0631\u0646\u062a<\/strong><\/a><\/p><\/div>\n<\/li><li class=\"wp-block-post post-2606 stellenangebote type-stellenangebote status-publish hentry infinite-scroll-item\">\n<h2 class=\"wp-block-post-title\"><a href=\"https:\/\/www.bthuus.de\/ar\/stellenangebote\/%d9%85%d8%b3%d8%a7%d8%b9%d8%af-%d8%aa%d9%85%d8%b1%d9%8a%d8%b6-%d9%85-%d9%88-%d8%af\/\" target=\"_self\" >\u0645\u0633\u0627\u0639\u062f \u062a\u0645\u0631\u064a\u0636 (\u0645 \/ \u0648 \/ \u062f)<\/a><\/h2>\n\n\n\n<div class=\"wp-block-post-excerpt\"><p class=\"wp-block-post-excerpt__excerpt\">\u0639\u0646\u0646\u0627 \u064a\u0639\u0645\u0644 \u0641\u0631\u064a\u0642 \u0631\u0639\u0627\u064a\u0629 \u0627\u0644\u0645\u0631\u0636\u0649 \u0627\u0644\u062e\u0627\u0631\u062c\u064a\u064a\u0646 \u0644\u062f\u064a\u0646\u0627 \u0645\u0646 Bliev to Huus \u0641\u064a \u0643\u064a\u0644 \u0648\u0628\u0631\u064a\u062f\u0646\u0628\u064a\u0643 \u0645\u0646\u0630 28 \u0639\u0627\u0645\u064b\u0627 \u062d\u062a\u0649 \u0627\u0644\u0622\u0646. \u0641\u064a \u0647\u0630\u0647 \u0627\u0644\u0633\u0646\u0648\u0627\u062a \u0627\u0644\u0640 28 \u060c \u062a\u0645\u0643\u0646\u0627 \u0628\u0627\u0644\u0641\u0639\u0644 \u0645\u0646 \u0627\u0643\u062a\u0633\u0627\u0628 \u0627\u0644\u0643\u062b\u064a\u0631 \u0645\u0646 \u0627\u0644\u062e\u0628\u0631\u0629 \u0627\u0644\u0642\u064a\u0645\u0629 \u0641\u064a \u0627\u0644\u062a\u0639\u0627\u0645\u0644 \u0645\u0639 \u0639\u0645\u0644\u0627\u0626\u0646\u0627 &#8211; \u0648\u0644\u0643\u0646 \u0623\u064a\u0636\u064b\u0627 \u0641\u064a \u0627\u0644\u062a\u0639\u0627\u0645\u0644 \u0645\u0639 \u0628\u0639\u0636\u0646\u0627 \u0627\u0644\u0628\u0639\u0636 \u0641\u064a \u0627\u0644\u0641\u0631\u064a\u0642. \u064a\u0639\u062f \u0641\u0647\u0645 \u0627\u0644\u0639\u0644\u0627\u062c \u0639\u0644\u0649 \u0645\u0633\u062a\u0648\u0649 \u0627\u0644\u0639\u064a\u0646 \u0623\u0645\u0631\u064b\u0627 \u0645\u0647\u0645\u064b\u0627<\/p><p class=\"wp-block-post-excerpt__more-text\"><a class=\"wp-block-post-excerpt__more-link\" href=\"https:\/\/www.bthuus.de\/ar\/stellenangebote\/%d9%85%d8%b3%d8%a7%d8%b9%d8%af-%d8%aa%d9%85%d8%b1%d9%8a%d8%b6-%d9%85-%d9%88-%d8%af\/\">\u2192 <strong>\u0627\u0643\u062a\u0634\u0641 \u0627\u0644\u0645\u0632\u064a\u062f \u0648\u062a\u0642\u062f\u0645 \u0639\u0628\u0631 \u0627\u0644\u0625\u0646\u062a\u0631\u0646\u062a<\/strong><\/a><\/p><\/div>\n<\/li><\/ul><\/div><\/div>\n<\/div>\n<\/div><\/div>\n","protected":false},"excerpt":{"rendered":"<p>Bliev \u0625\u0644\u0649 Huus \u064a\u0628\u062d\u062b \u0639\u0646 \u0645\u0648\u0638\u0641\u064a\u0646 \u0631\u0627\u0626\u0639\u064a\u0646! \u0647\u0644 \u0644\u062f\u064a\u0643 \u0645\u0624\u0647\u0644 \u0645\u062a\u0639\u0644\u0642 \u0628\u0627\u0644\u0645\u0648\u0636\u0648\u0639\u061f \u0644\u0627 \u0645\u0634\u0643\u0644\u0629. \u0646\u062d\u0646 \u0641\u0631\u064a\u0642 \u0645\u062a\u0646\u0648\u0639 \u0628\u062e\u0644\u0641\u064a\u0627\u062a \u0645\u062e\u062a\u0644\u0641\u0629. \u0644\u0627 \u062a\u062a\u0631\u062f\u062f \u0641\u064a \u0627\u0644\u0627\u062a\u0635\u0627\u0644 \u0628\u0646\u0627. \u0623\u0647\u0645 \u0627\u0644\u0623\u0634\u064a\u0627\u0621 \u0628\u0627\u062e\u062a\u0635\u0627\u0631: 1. \u0627\u0644\u062f\u0641\u0639 \u0639\u0644\u0649 \u0623\u0633\u0627\u0633 \u0627\u0644\u062a\u0639\u0631\u0641\u0629 \u0646\u0648\u0644\u064a \u0623\u0647\u0645\u064a\u0629 \u0643\u0628\u064a\u0631\u0629 \u0644\u0645\u0643\u0627\u0641\u0623\u0629 \u0645\u0648\u0638\u0641\u064a\u0646\u0627 \u0648\u0641\u0642\u064b\u0627 \u0644\u0627\u062a\u0641\u0627\u0642\u064a\u0629 \u0627\u0644\u0645\u0641\u0627\u0648\u0636\u0629 \u0627\u0644\u062c\u0645\u0627\u0639\u064a\u0629. 2. \u0627\u0644\u0633\u064a\u0627\u0631\u0629 \u0630\u0627\u062a \u0627\u0644\u0627\u0633\u062a\u062e\u062f\u0627\u0645 \u0627\u0644\u062e\u0627\u0635 \u0641\u064a \u0627\u0644\u0623\u0639\u0644\u0649 \u0645\u0646 \u0627\u0644\u0645\u0646\u0632\u0644 \u0625\u0644\u0649 \u0627\u0644\u0634\u0631\u0643\u0629 \u060c \u0628\u062d\u064a\u062b \u064a\u0645\u0643\u0646\u0643 &#8230; <\/p>\n<p class=\"read-more-container\"><a title=\"\u0648\u0638\u0627\u0626\u0641\" class=\"read-more button\" href=\"https:\/\/www.bthuus.de\/ar\/%d9%88%d8%b8%d8%a7%d8%a6%d9%81\/#more-1962\" aria-label=\"Read more about \u0648\u0638\u0627\u0626\u0641\">\u0625\u0642\u0631\u0623 \u0627\u0644\u0645\u0632\u064a\u062f<\/a><\/p>\n","protected":false},"author":1,"featured_media":0,"parent":0,"menu_order":0,"comment_status":"closed","ping_status":"closed","template":"","meta":{"iawp_total_views":4,"footnotes":""},"class_list":{"0":"post-1962","1":"page","2":"type-page","3":"status-publish","5":"infinite-scroll-item"},"jetpack_sharing_enabled":true,"_links":{"self":[{"href":"https:\/\/www.bthuus.de\/ar\/wp-json\/wp\/v2\/pages\/1962","targetHints":{"allow":["GET"]}}],"collection":[{"href":"https:\/\/www.bthuus.de\/ar\/wp-json\/wp\/v2\/pages"}],"about":[{"href":"https:\/\/www.bthuus.de\/ar\/wp-json\/wp\/v2\/types\/page"}],"author":[{"embeddable":true,"href":"https:\/\/www.bthuus.de\/ar\/wp-json\/wp\/v2\/users\/1"}],"replies":[{"embeddable":true,"href":"https:\/\/www.bthuus.de\/ar\/wp-json\/wp\/v2\/comments?post=1962"}],"version-history":[{"count":0,"href":"https:\/\/www.bthuus.de\/ar\/wp-json\/wp\/v2\/pages\/1962\/revisions"}],"wp:attachment":[{"href":"https:\/\/www.bthuus.de\/ar\/wp-json\/wp\/v2\/media?parent=1962"}],"curies":[{"name":"wp","href":"https:\/\/api.w.org\/{rel}","templated":true}]}}